{"id":3153,"date":"2021-08-15T10:03:11","date_gmt":"2021-08-15T10:03:11","guid":{"rendered":"https:\/\/skrina.si\/?post_type=product&#038;p=3153"},"modified":"2026-04-14T21:55:51","modified_gmt":"2026-04-14T19:55:51","slug":"zeleni-jurij","status":"publish","type":"product","link":"https:\/\/skrina.si\/en\/product\/zeleni-jurij\/","title":{"rendered":"Zeleni Jurij"},"content":{"rendered":"","protected":false},"excerpt":{"rendered":"<h5>Zna\u010dilna slovenska zelena maska je <strong><em>Zeleni Jurij.<\/em><\/strong> Ta tipi\u010dna obredna maska, ki je neko\u010d poosebljala bo\u017eanstvo pomladi.<\/h5>\n<h5>Navadno v Zelenega Jurija maskirajo <strong><em>de\u010dka<\/em><\/strong> tako da ga od nog do glave ovijejo s tratami, nato pa za le te zataknejo nalomljene zelene vejice.<\/h5>\n<h5>Tudi kapa je spletena iz zelenja. Najbolj zna\u010dilno je danes praznovanje Zelenega Jurija v <strong><em>Beli Krajini<\/em><\/strong>. Jurja\u0161i hodijo od hi\u0161e do hi\u0161e in pred hi\u0161nimi vrati zapojo <strong><em>kolednico.<\/em><\/strong><\/h5>\n<h5>Gospodinja nato odtrga od Zelenega Jurija vejico in jo zatakne za sre\u010do za streho, jurija\u0161em pa da jajca, katere potem, ko obhodijo vas, scvrejo.<\/h5>\n<h6><em>Lastnosti:<\/em><\/h6>\n<ul>\n<li>\n<h6><em>Naslov dela: Zeleni Jurij<\/em><\/h6>\n<\/li>\n<li>\n<h6><em>Tehnika: jedkanica<\/em><\/h6>\n<\/li>\n<li>\n<h6><em>Zunanja dimenzija mape: 27 x 19 cm<\/em><\/h6>\n<\/li>\n<li>\n<h6><em>Omejena naklada 30\/100<\/em><\/h6>\n<\/li>\n<li>\n<h6><em>Zunanja dimenzija okvirja: 24 x 30 cm<\/em><\/h6>\n<\/li>\n<li>\n<h6><em>Omejena naklada 1\/100<\/em><\/h6>\n<\/li>\n<li>\n<h6><em>Vsa dela so podpisana, o\u0161tevil\u010dena in imajo vodni \u017eig avtorja<\/em><\/h6>\n<\/li>\n<\/ul>\n<h6><\/h6>\n","protected":false},"featured_media":11029,"template":"","meta":{"_monsterinsights_skip_tracking":false,"_monsterinsights_sitenote_active":false,"_monsterinsights_sitenote_note":"","_monsterinsights_sitenote_category":0},"product_cat":[103,142],"product_tag":[149,145,146,150],"aioseo_notices":[],"yoast_head":"<!-- This site is optimized with the Yoast SEO plugin v22.1 - https:\/\/yoast.com\/wordpress\/plugins\/seo\/ -->\n<title>Zeleni Jurij - Etnogalerija Skrina<\/title>\n<meta name=\"description\" content=\"Karel Zelenko - Zeleni Jurij (grafika v okvirju). Ta tipi\u010dna obredna maska, ki je neko\u010d poosebljala bo\u017eanstvo pomladi.\" \/>\n<meta name=\"robots\" content=\"index, follow, max-snippet:-1, max-image-preview:large, max-video-preview:-1\" \/>\n<link rel=\"canonical\" href=\"https:\/\/skrina.si\/en\/product\/zeleni-jurij\/\" \/>\n<meta property=\"og:locale\" content=\"en_GB\" \/>\n<meta property=\"og:locale:alternate\" content=\"sl_SI\" \/>\n<meta property=\"og:type\" content=\"article\" \/>\n<meta property=\"og:title\" content=\"Zeleni Jurij\" \/>\n<meta property=\"og:description\" content=\"Karel Zelenko - Zeleni Jurij (grafika v okvirju). Ta tipi\u010dna obredna maska, ki je neko\u010d poosebljala bo\u017eanstvo pomladi.\" \/>\n<meta property=\"og:url\" content=\"https:\/\/skrina.si\/en\/product\/zeleni-jurij\/\" \/>\n<meta property=\"og:site_name\" content=\"Etnogalerija Skrina\" \/>\n<meta property=\"article:modified_time\" content=\"2026-04-14T19:55:51+00:00\" \/>\n<meta property=\"og:image\" content=\"https:\/\/skrina.si\/wp-content\/uploads\/2021\/08\/Karel-Zelenko-Zeleni-Jurij-tradicionalne-slovenske-maske-Slovenija-Etno-galerija-Skrina.jpg\" \/>\n\t<meta property=\"og:image:width\" content=\"2000\" \/>\n\t<meta property=\"og:image:height\" content=\"1500\" \/>\n\t<meta property=\"og:image:type\" content=\"image\/jpeg\" \/>\n<meta name=\"twitter:card\" content=\"summary_large_image\" \/>\n<meta name=\"twitter:label1\" content=\"Estimated reading time\" \/>\n\t<meta name=\"twitter:data1\" content=\"1 minute\" \/>\n<script type=\"application\/ld+json\" class=\"yoast-schema-graph\">{\"@context\":\"https:\/\/schema.org\",\"@graph\":[{\"@type\":\"WebPage\",\"@id\":\"https:\/\/skrina.si\/en\/product\/zeleni-jurij\/\",\"url\":\"https:\/\/skrina.si\/en\/product\/zeleni-jurij\/\",\"name\":\"[:sl]Zeleni Jurij[:] - Etnogalerija Skrina\",\"isPartOf\":{\"@id\":\"https:\/\/skrina.si\/en\/#website\"},\"datePublished\":\"2021-08-15T10:03:11+00:00\",\"dateModified\":\"2026-04-14T19:55:51+00:00\",\"description\":\"Karel Zelenko - Zeleni Jurij (grafika v okvirju). Ta tipi\u010dna obredna maska, ki je neko\u010d poosebljala bo\u017eanstvo pomladi.\",\"breadcrumb\":{\"@id\":\"https:\/\/skrina.si\/en\/product\/zeleni-jurij\/#breadcrumb\"},\"inLanguage\":\"en-GB\",\"potentialAction\":[{\"@type\":\"ReadAction\",\"target\":[\"https:\/\/skrina.si\/en\/product\/zeleni-jurij\/\"]}]},{\"@type\":\"BreadcrumbList\",\"@id\":\"https:\/\/skrina.si\/en\/product\/zeleni-jurij\/#breadcrumb\",\"itemListElement\":[{\"@type\":\"ListItem\",\"position\":1,\"name\":\"Home\",\"item\":\"https:\/\/skrina.si\/en\/\"},{\"@type\":\"ListItem\",\"position\":2,\"name\":\"Shop\",\"item\":\"https:\/\/skrina.si\/shop\/\"},{\"@type\":\"ListItem\",\"position\":3,\"name\":\"Zeleni Jurij\"}]},{\"@type\":\"WebSite\",\"@id\":\"https:\/\/skrina.si\/en\/#website\",\"url\":\"https:\/\/skrina.si\/en\/\",\"name\":\"Etnogalerija Skrina\",\"description\":\"Tradicija s posluhom\",\"potentialAction\":[{\"@type\":\"SearchAction\",\"target\":{\"@type\":\"EntryPoint\",\"urlTemplate\":\"https:\/\/skrina.si\/en\/?s={search_term_string}\"},\"query-input\":\"required name=search_term_string\"}],\"inLanguage\":\"en-GB\"}]}<\/script>\n<!-- \/ Yoast SEO plugin. -->","yoast_head_json":{"title":"Zeleni Jurij - Etnogalerija Skrina","description":"Karel Zelenko - Zeleni Jurij (grafika v okvirju). Ta tipi\u010dna obredna maska, ki je neko\u010d poosebljala bo\u017eanstvo pomladi.","robots":{"index":"index","follow":"follow","max-snippet":"max-snippet:-1","max-image-preview":"max-image-preview:large","max-video-preview":"max-video-preview:-1"},"canonical":"https:\/\/skrina.si\/en\/product\/zeleni-jurij\/","og_locale":"en_GB","og_type":"article","og_title":"[:sl]Zeleni Jurij[:] - Etnogalerija Skrina","og_description":"Karel Zelenko - Zeleni Jurij (grafika v okvirju). Ta tipi\u010dna obredna maska, ki je neko\u010d poosebljala bo\u017eanstvo pomladi.","og_url":"https:\/\/skrina.si\/en\/product\/zeleni-jurij\/","og_site_name":"Etnogalerija Skrina","article_modified_time":"2026-04-14T19:55:51+00:00","og_image":[{"width":2000,"height":1500,"url":"https:\/\/skrina.si\/wp-content\/uploads\/2021\/08\/Karel-Zelenko-Zeleni-Jurij-tradicionalne-slovenske-maske-Slovenija-Etno-galerija-Skrina.jpg","type":"image\/jpeg"}],"twitter_card":"summary_large_image","twitter_misc":{"Estimated reading time":"1 minute"},"schema":{"@context":"https:\/\/schema.org","@graph":[{"@type":"WebPage","@id":"https:\/\/skrina.si\/en\/product\/zeleni-jurij\/","url":"https:\/\/skrina.si\/en\/product\/zeleni-jurij\/","name":"[:sl]Zeleni Jurij[:] - Etnogalerija Skrina","isPartOf":{"@id":"https:\/\/skrina.si\/en\/#website"},"datePublished":"2021-08-15T10:03:11+00:00","dateModified":"2026-04-14T19:55:51+00:00","description":"Karel Zelenko - Zeleni Jurij (grafika v okvirju). Ta tipi\u010dna obredna maska, ki je neko\u010d poosebljala bo\u017eanstvo pomladi.","breadcrumb":{"@id":"https:\/\/skrina.si\/en\/product\/zeleni-jurij\/#breadcrumb"},"inLanguage":"en-GB","potentialAction":[{"@type":"ReadAction","target":["https:\/\/skrina.si\/en\/product\/zeleni-jurij\/"]}]},{"@type":"BreadcrumbList","@id":"https:\/\/skrina.si\/en\/product\/zeleni-jurij\/#breadcrumb","itemListElement":[{"@type":"ListItem","position":1,"name":"Home","item":"https:\/\/skrina.si\/en\/"},{"@type":"ListItem","position":2,"name":"Shop","item":"https:\/\/skrina.si\/shop\/"},{"@type":"ListItem","position":3,"name":"Zeleni Jurij"}]},{"@type":"WebSite","@id":"https:\/\/skrina.si\/en\/#website","url":"https:\/\/skrina.si\/en\/","name":"Etnogalerija Skrina","description":"Tradicija s posluhom","potentialAction":[{"@type":"SearchAction","target":{"@type":"EntryPoint","urlTemplate":"https:\/\/skrina.si\/en\/?s={search_term_string}"},"query-input":"required name=search_term_string"}],"inLanguage":"en-GB"}]}},"_links":{"self":[{"href":"https:\/\/skrina.si\/en\/wp-json\/wp\/v2\/product\/3153"}],"collection":[{"href":"https:\/\/skrina.si\/en\/wp-json\/wp\/v2\/product"}],"about":[{"href":"https:\/\/skrina.si\/en\/wp-json\/wp\/v2\/types\/product"}],"wp:featuredmedia":[{"embeddable":true,"href":"https:\/\/skrina.si\/en\/wp-json\/wp\/v2\/media\/11029"}],"wp:attachment":[{"href":"https:\/\/skrina.si\/en\/wp-json\/wp\/v2\/media?parent=3153"}],"wp:term":[{"taxonomy":"product_cat","embeddable":true,"href":"https:\/\/skrina.si\/en\/wp-json\/wp\/v2\/product_cat?post=3153"},{"taxonomy":"product_tag","embeddable":true,"href":"https:\/\/skrina.si\/en\/wp-json\/wp\/v2\/product_tag?post=3153"}],"curies":[{"name":"wp","href":"https:\/\/api.w.org\/{rel}","templated":true}]}}