{"id":3150,"date":"2021-08-15T10:01:46","date_gmt":"2021-08-15T10:01:46","guid":{"rendered":"https:\/\/skrina.si\/?post_type=product&#038;p=3150"},"modified":"2026-04-14T21:56:02","modified_gmt":"2026-04-14T19:56:02","slug":"prekmurski-pozvacin","status":"publish","type":"product","link":"https:\/\/skrina.si\/en\/product\/prekmurski-pozvacin\/","title":{"rendered":"Prekmurski pozva\u010din"},"content":{"rendered":"","protected":false},"excerpt":{"rendered":"<h5 style=\"text-align: justify;\">Teden dni pred <strong><em>gost\u00fcvanjem (\u017eenitovanjem)<\/em><\/strong> se v Prekmurju odpravi vabit svate <strong><em>\u201epozva\u010din\u201c,<\/em><\/strong> ki je maska obredne \u0161ege ob prehodu iz enega stanu v drugega.<\/h5>\n<h5 style=\"text-align: justify;\">Oble\u010den je v jahale hla\u010de in obut visoke \u0161kornje, katerih obod mu krasne kragulj\u010dki, ki ob poskakovanju pozvanjajo.<\/h5>\n<h5 style=\"text-align: justify;\">Pokrivalo je visoko, oblepljeno s pavjim, fazanjim ali petelinjim perjem ter okra\u0161eno s \u0161tevilnimi barvnimi trakovi, ki vise preko krajcev in mu zakrivajo obraz. V rokah ima palico, v\u010dasih s sekirico na koncu, ovito z je\u017eevo ko\u017eo, ki slu\u017ei kot oro\u017eje in ima po ljudskem verovanju mo\u010d, da <strong><em>odganja nesre\u010do.<\/em><\/strong><\/h5>\n<h6><em>Lastnosti:<\/em><\/h6>\n<ul>\n<li>\n<h6><em>Naslov dela: Prekmurski pozva\u010din<\/em><\/h6>\n<\/li>\n<li>\n<h6><em>Tehnika: jedkanica<\/em><\/h6>\n<\/li>\n<li>\n<h6><em>Zunanja dimenzija mape: 27 x 19 cm<\/em><\/h6>\n<\/li>\n<li>\n<h6><em>Omejena naklada 62\/100<\/em><\/h6>\n<\/li>\n<li>\n<h6><em>Zunanja dimenzija okvirja: 24 x 30 cm<\/em><\/h6>\n<\/li>\n<li>\n<h6><em>Omejena naklada 39\/100<\/em><\/h6>\n<\/li>\n<li>\n<h6><em>Vsa dela so podpisana, o\u0161tevil\u010dena in imajo vodni \u017eig avtorja<\/em><\/h6>\n<\/li>\n<\/ul>\n","protected":false},"featured_media":11033,"template":"","meta":{"_monsterinsights_skip_tracking":false,"_monsterinsights_sitenote_active":false,"_monsterinsights_sitenote_note":"","_monsterinsights_sitenote_category":0},"product_cat":[103,142],"product_tag":[145,147,80,95],"aioseo_notices":[],"yoast_head":"<!-- This site is optimized with the Yoast SEO plugin v22.1 - https:\/\/yoast.com\/wordpress\/plugins\/seo\/ -->\n<title>Prekmurski pozva\u010din - Etnogalerija Skrina<\/title>\n<meta name=\"description\" content=\"Karel Zelenko - maske Prekmurski pozva\u010din (grafika v okvirju). Oble\u010den je v jahale hla\u010de in obut visoke \u0161kornje, katerih obod mu krasne kragulj\u010dki.\" \/>\n<meta name=\"robots\" content=\"index, follow, max-snippet:-1, max-image-preview:large, max-video-preview:-1\" \/>\n<link rel=\"canonical\" href=\"https:\/\/skrina.si\/en\/product\/prekmurski-pozvacin\/\" \/>\n<meta property=\"og:locale\" content=\"en_GB\" \/>\n<meta property=\"og:locale:alternate\" content=\"sl_SI\" \/>\n<meta property=\"og:type\" content=\"article\" \/>\n<meta property=\"og:title\" content=\"Prekmurski pozva\u010din\" \/>\n<meta property=\"og:description\" content=\"Karel Zelenko - maske Prekmurski pozva\u010din (grafika v okvirju). Oble\u010den je v jahale hla\u010de in obut visoke \u0161kornje, katerih obod mu krasne kragulj\u010dki.\" \/>\n<meta property=\"og:url\" content=\"https:\/\/skrina.si\/en\/product\/prekmurski-pozvacin\/\" \/>\n<meta property=\"og:site_name\" content=\"Etnogalerija Skrina\" \/>\n<meta property=\"article:modified_time\" content=\"2026-04-14T19:56:02+00:00\" \/>\n<meta property=\"og:image\" content=\"https:\/\/skrina.si\/wp-content\/uploads\/2021\/08\/Etno-galerija-Skrina-tradicija-s-posluhom-maske-slovenskih-pokrajin-Karel-Zelenko-prekmurski-pozvacin.jpg\" \/>\n\t<meta property=\"og:image:width\" content=\"2000\" \/>\n\t<meta property=\"og:image:height\" content=\"1500\" \/>\n\t<meta property=\"og:image:type\" content=\"image\/jpeg\" \/>\n<meta name=\"twitter:card\" content=\"summary_large_image\" \/>\n<meta name=\"twitter:label1\" content=\"Estimated reading time\" \/>\n\t<meta name=\"twitter:data1\" content=\"1 minute\" \/>\n<script type=\"application\/ld+json\" class=\"yoast-schema-graph\">{\"@context\":\"https:\/\/schema.org\",\"@graph\":[{\"@type\":\"WebPage\",\"@id\":\"https:\/\/skrina.si\/en\/product\/prekmurski-pozvacin\/\",\"url\":\"https:\/\/skrina.si\/en\/product\/prekmurski-pozvacin\/\",\"name\":\"[:sl]Prekmurski pozva\u010din[:] - Etnogalerija Skrina\",\"isPartOf\":{\"@id\":\"https:\/\/skrina.si\/en\/#website\"},\"datePublished\":\"2021-08-15T10:01:46+00:00\",\"dateModified\":\"2026-04-14T19:56:02+00:00\",\"description\":\"Karel Zelenko - maske Prekmurski pozva\u010din (grafika v okvirju). Oble\u010den je v jahale hla\u010de in obut visoke \u0161kornje, katerih obod mu krasne kragulj\u010dki.\",\"breadcrumb\":{\"@id\":\"https:\/\/skrina.si\/en\/product\/prekmurski-pozvacin\/#breadcrumb\"},\"inLanguage\":\"en-GB\",\"potentialAction\":[{\"@type\":\"ReadAction\",\"target\":[\"https:\/\/skrina.si\/en\/product\/prekmurski-pozvacin\/\"]}]},{\"@type\":\"BreadcrumbList\",\"@id\":\"https:\/\/skrina.si\/en\/product\/prekmurski-pozvacin\/#breadcrumb\",\"itemListElement\":[{\"@type\":\"ListItem\",\"position\":1,\"name\":\"Home\",\"item\":\"https:\/\/skrina.si\/en\/\"},{\"@type\":\"ListItem\",\"position\":2,\"name\":\"Shop\",\"item\":\"https:\/\/skrina.si\/shop\/\"},{\"@type\":\"ListItem\",\"position\":3,\"name\":\"Prekmurski pozva\u010din\"}]},{\"@type\":\"WebSite\",\"@id\":\"https:\/\/skrina.si\/en\/#website\",\"url\":\"https:\/\/skrina.si\/en\/\",\"name\":\"Etnogalerija Skrina\",\"description\":\"Tradicija s posluhom\",\"potentialAction\":[{\"@type\":\"SearchAction\",\"target\":{\"@type\":\"EntryPoint\",\"urlTemplate\":\"https:\/\/skrina.si\/en\/?s={search_term_string}\"},\"query-input\":\"required name=search_term_string\"}],\"inLanguage\":\"en-GB\"}]}<\/script>\n<!-- \/ Yoast SEO plugin. -->","yoast_head_json":{"title":"Prekmurski pozva\u010din - Etnogalerija Skrina","description":"Karel Zelenko - maske Prekmurski pozva\u010din (grafika v okvirju). Oble\u010den je v jahale hla\u010de in obut visoke \u0161kornje, katerih obod mu krasne kragulj\u010dki.","robots":{"index":"index","follow":"follow","max-snippet":"max-snippet:-1","max-image-preview":"max-image-preview:large","max-video-preview":"max-video-preview:-1"},"canonical":"https:\/\/skrina.si\/en\/product\/prekmurski-pozvacin\/","og_locale":"en_GB","og_type":"article","og_title":"[:sl]Prekmurski pozva\u010din[:] - Etnogalerija Skrina","og_description":"Karel Zelenko - maske Prekmurski pozva\u010din (grafika v okvirju). Oble\u010den je v jahale hla\u010de in obut visoke \u0161kornje, katerih obod mu krasne kragulj\u010dki.","og_url":"https:\/\/skrina.si\/en\/product\/prekmurski-pozvacin\/","og_site_name":"Etnogalerija Skrina","article_modified_time":"2026-04-14T19:56:02+00:00","og_image":[{"width":2000,"height":1500,"url":"https:\/\/skrina.si\/wp-content\/uploads\/2021\/08\/Etno-galerija-Skrina-tradicija-s-posluhom-maske-slovenskih-pokrajin-Karel-Zelenko-prekmurski-pozvacin.jpg","type":"image\/jpeg"}],"twitter_card":"summary_large_image","twitter_misc":{"Estimated reading time":"1 minute"},"schema":{"@context":"https:\/\/schema.org","@graph":[{"@type":"WebPage","@id":"https:\/\/skrina.si\/en\/product\/prekmurski-pozvacin\/","url":"https:\/\/skrina.si\/en\/product\/prekmurski-pozvacin\/","name":"[:sl]Prekmurski pozva\u010din[:] - Etnogalerija Skrina","isPartOf":{"@id":"https:\/\/skrina.si\/en\/#website"},"datePublished":"2021-08-15T10:01:46+00:00","dateModified":"2026-04-14T19:56:02+00:00","description":"Karel Zelenko - maske Prekmurski pozva\u010din (grafika v okvirju). Oble\u010den je v jahale hla\u010de in obut visoke \u0161kornje, katerih obod mu krasne kragulj\u010dki.","breadcrumb":{"@id":"https:\/\/skrina.si\/en\/product\/prekmurski-pozvacin\/#breadcrumb"},"inLanguage":"en-GB","potentialAction":[{"@type":"ReadAction","target":["https:\/\/skrina.si\/en\/product\/prekmurski-pozvacin\/"]}]},{"@type":"BreadcrumbList","@id":"https:\/\/skrina.si\/en\/product\/prekmurski-pozvacin\/#breadcrumb","itemListElement":[{"@type":"ListItem","position":1,"name":"Home","item":"https:\/\/skrina.si\/en\/"},{"@type":"ListItem","position":2,"name":"Shop","item":"https:\/\/skrina.si\/shop\/"},{"@type":"ListItem","position":3,"name":"Prekmurski pozva\u010din"}]},{"@type":"WebSite","@id":"https:\/\/skrina.si\/en\/#website","url":"https:\/\/skrina.si\/en\/","name":"Etnogalerija Skrina","description":"Tradicija s posluhom","potentialAction":[{"@type":"SearchAction","target":{"@type":"EntryPoint","urlTemplate":"https:\/\/skrina.si\/en\/?s={search_term_string}"},"query-input":"required name=search_term_string"}],"inLanguage":"en-GB"}]}},"_links":{"self":[{"href":"https:\/\/skrina.si\/en\/wp-json\/wp\/v2\/product\/3150"}],"collection":[{"href":"https:\/\/skrina.si\/en\/wp-json\/wp\/v2\/product"}],"about":[{"href":"https:\/\/skrina.si\/en\/wp-json\/wp\/v2\/types\/product"}],"wp:featuredmedia":[{"embeddable":true,"href":"https:\/\/skrina.si\/en\/wp-json\/wp\/v2\/media\/11033"}],"wp:attachment":[{"href":"https:\/\/skrina.si\/en\/wp-json\/wp\/v2\/media?parent=3150"}],"wp:term":[{"taxonomy":"product_cat","embeddable":true,"href":"https:\/\/skrina.si\/en\/wp-json\/wp\/v2\/product_cat?post=3150"},{"taxonomy":"product_tag","embeddable":true,"href":"https:\/\/skrina.si\/en\/wp-json\/wp\/v2\/product_tag?post=3150"}],"curies":[{"name":"wp","href":"https:\/\/api.w.org\/{rel}","templated":true}]}}