{"id":3146,"date":"2021-08-15T09:57:29","date_gmt":"2021-08-15T09:57:29","guid":{"rendered":"https:\/\/skrina.si\/?post_type=product&#038;p=3146"},"modified":"2026-04-14T21:56:29","modified_gmt":"2026-04-14T19:56:29","slug":"cerkljanski-pust","status":"publish","type":"product","link":"https:\/\/skrina.si\/en\/product\/cerkljanski-pust\/","title":{"rendered":"Cerkljanski pust"},"content":{"rendered":"","protected":false},"excerpt":{"rendered":"<h5 style=\"text-align: justify;\">Osrednje like <strong><em>cerkljanske lavfarije<\/em><\/strong> predstavljajo: Pust (divji mo\u017e), ta tirjasta, ta star in ta stara ter ta mr\u0161lanast.<\/h5>\n<h5 style=\"text-align: justify;\">Edinstveni v Sloveniji so po svojih <strong><em>lesenih maskah, oziroma lesenih larfah.<\/em><\/strong> Osrednji lik je \u0161e lamant, ki pa edini od 23 likov ne nosi lesene larfe, temve\u010d mu obraz zakriva tele\u010dja ko\u017ea, na glavi ima roge, oble\u010den pa je v ko\u017euh in dr\u017ei v rokah vile. Pustna maska kljub \u010dekanom, ki mole iz ustnih kotov deluje prijazno. Obleko ima po\u0161ito z mahom in se v te\u017ekih hla\u010dah okorno premika. Tudi majhni rogovi so pokriti z mahom. V rokah dr\u017ei mlad smrekov vrh, ki ga po izvr\u0161eni smrtni kazni na pustni torek prevzame te smrekov.<\/h5>\n<h5 style=\"text-align: justify;\">Lavfarji nato Pusta odpeljejo na neznan kraj in nih\u010de ne sme z njim.<\/h5>\n<h6><em>Lastnosti:<\/em><\/h6>\n<ul>\n<li>\n<h6><em>Naslov dela: Cerkljanski pust<\/em><\/h6>\n<\/li>\n<li>\n<h6><em>Tehnika: jedkanica<\/em><\/h6>\n<\/li>\n<li>\n<h6><em>Zunanja dimenzija mape: 27 x 19 cm<\/em><\/h6>\n<\/li>\n<li>\n<h6><em>Omejena naklada 29\/100<\/em><\/h6>\n<\/li>\n<li>\n<h6><em>Zunanja dimenzija okvirja: 24 x 30 cm<\/em><\/h6>\n<\/li>\n<li>\n<h6><em>Omejena naklada 38\/100<\/em><\/h6>\n<\/li>\n<\/ul>\n<h6><em>Vsa dela so podpisana, o\u0161tevil\u010dena in imajo vodni \u017eig avtorja<\/em><\/h6>\n","protected":false},"featured_media":4367,"template":"","meta":{"_monsterinsights_skip_tracking":false,"_monsterinsights_sitenote_active":false,"_monsterinsights_sitenote_note":"","_monsterinsights_sitenote_category":0},"product_cat":[103,142],"product_tag":[144,145,146,95],"aioseo_notices":[],"yoast_head":"<!-- This site is optimized with the Yoast SEO plugin v22.1 - https:\/\/yoast.com\/wordpress\/plugins\/seo\/ -->\n<title>Cerkljanski pust - Etnogalerija Skrina<\/title>\n<meta name=\"description\" content=\"Karel Zelenko - maske Cerkljanski pust (grafika v okvirju). Osrednje like cerkljanske lavfarije predstavljajo: Pust, ta tirjasta, ta star in ta stara ter ta mr\u0161lanast.\" \/>\n<meta name=\"robots\" content=\"index, follow, max-snippet:-1, max-image-preview:large, max-video-preview:-1\" \/>\n<link rel=\"canonical\" href=\"https:\/\/skrina.si\/en\/product\/cerkljanski-pust\/\" \/>\n<meta property=\"og:locale\" content=\"en_GB\" \/>\n<meta property=\"og:locale:alternate\" content=\"sl_SI\" \/>\n<meta property=\"og:type\" content=\"article\" \/>\n<meta property=\"og:title\" content=\"Cerkljanski pust\" \/>\n<meta property=\"og:description\" content=\"Karel Zelenko - maske Cerkljanski pust (grafika v okvirju). Osrednje like cerkljanske lavfarije predstavljajo: Pust, ta tirjasta, ta star in ta stara ter ta mr\u0161lanast.\" \/>\n<meta property=\"og:url\" content=\"https:\/\/skrina.si\/en\/product\/cerkljanski-pust\/\" \/>\n<meta property=\"og:site_name\" content=\"Etnogalerija Skrina\" \/>\n<meta property=\"article:modified_time\" content=\"2026-04-14T19:56:29+00:00\" \/>\n<meta property=\"og:image\" content=\"https:\/\/skrina.si\/wp-content\/uploads\/2021\/06\/Karel-Zelenko_Maske_Cerkljanski-pust.jpg\" \/>\n\t<meta property=\"og:image:width\" content=\"2000\" \/>\n\t<meta property=\"og:image:height\" content=\"1500\" \/>\n\t<meta property=\"og:image:type\" content=\"image\/jpeg\" \/>\n<meta name=\"twitter:card\" content=\"summary_large_image\" \/>\n<meta name=\"twitter:label1\" content=\"Estimated reading time\" \/>\n\t<meta name=\"twitter:data1\" content=\"1 minute\" \/>\n<script type=\"application\/ld+json\" class=\"yoast-schema-graph\">{\"@context\":\"https:\/\/schema.org\",\"@graph\":[{\"@type\":\"WebPage\",\"@id\":\"https:\/\/skrina.si\/en\/product\/cerkljanski-pust\/\",\"url\":\"https:\/\/skrina.si\/en\/product\/cerkljanski-pust\/\",\"name\":\"[:sl]Cerkljanski pust[:] - Etnogalerija Skrina\",\"isPartOf\":{\"@id\":\"https:\/\/skrina.si\/en\/#website\"},\"datePublished\":\"2021-08-15T09:57:29+00:00\",\"dateModified\":\"2026-04-14T19:56:29+00:00\",\"description\":\"Karel Zelenko - maske Cerkljanski pust (grafika v okvirju). Osrednje like cerkljanske lavfarije predstavljajo: Pust, ta tirjasta, ta star in ta stara ter ta mr\u0161lanast.\",\"breadcrumb\":{\"@id\":\"https:\/\/skrina.si\/en\/product\/cerkljanski-pust\/#breadcrumb\"},\"inLanguage\":\"en-GB\",\"potentialAction\":[{\"@type\":\"ReadAction\",\"target\":[\"https:\/\/skrina.si\/en\/product\/cerkljanski-pust\/\"]}]},{\"@type\":\"BreadcrumbList\",\"@id\":\"https:\/\/skrina.si\/en\/product\/cerkljanski-pust\/#breadcrumb\",\"itemListElement\":[{\"@type\":\"ListItem\",\"position\":1,\"name\":\"Home\",\"item\":\"https:\/\/skrina.si\/en\/\"},{\"@type\":\"ListItem\",\"position\":2,\"name\":\"Shop\",\"item\":\"https:\/\/skrina.si\/shop\/\"},{\"@type\":\"ListItem\",\"position\":3,\"name\":\"Cerkljanski pust\"}]},{\"@type\":\"WebSite\",\"@id\":\"https:\/\/skrina.si\/en\/#website\",\"url\":\"https:\/\/skrina.si\/en\/\",\"name\":\"Etnogalerija Skrina\",\"description\":\"Tradicija s posluhom\",\"potentialAction\":[{\"@type\":\"SearchAction\",\"target\":{\"@type\":\"EntryPoint\",\"urlTemplate\":\"https:\/\/skrina.si\/en\/?s={search_term_string}\"},\"query-input\":\"required name=search_term_string\"}],\"inLanguage\":\"en-GB\"}]}<\/script>\n<!-- \/ Yoast SEO plugin. -->","yoast_head_json":{"title":"Cerkljanski pust - Etnogalerija Skrina","description":"Karel Zelenko - maske Cerkljanski pust (grafika v okvirju). Osrednje like cerkljanske lavfarije predstavljajo: Pust, ta tirjasta, ta star in ta stara ter ta mr\u0161lanast.","robots":{"index":"index","follow":"follow","max-snippet":"max-snippet:-1","max-image-preview":"max-image-preview:large","max-video-preview":"max-video-preview:-1"},"canonical":"https:\/\/skrina.si\/en\/product\/cerkljanski-pust\/","og_locale":"en_GB","og_type":"article","og_title":"[:sl]Cerkljanski pust[:] - Etnogalerija Skrina","og_description":"Karel Zelenko - maske Cerkljanski pust (grafika v okvirju). Osrednje like cerkljanske lavfarije predstavljajo: Pust, ta tirjasta, ta star in ta stara ter ta mr\u0161lanast.","og_url":"https:\/\/skrina.si\/en\/product\/cerkljanski-pust\/","og_site_name":"Etnogalerija Skrina","article_modified_time":"2026-04-14T19:56:29+00:00","og_image":[{"width":2000,"height":1500,"url":"https:\/\/skrina.si\/wp-content\/uploads\/2021\/06\/Karel-Zelenko_Maske_Cerkljanski-pust.jpg","type":"image\/jpeg"}],"twitter_card":"summary_large_image","twitter_misc":{"Estimated reading time":"1 minute"},"schema":{"@context":"https:\/\/schema.org","@graph":[{"@type":"WebPage","@id":"https:\/\/skrina.si\/en\/product\/cerkljanski-pust\/","url":"https:\/\/skrina.si\/en\/product\/cerkljanski-pust\/","name":"[:sl]Cerkljanski pust[:] - Etnogalerija Skrina","isPartOf":{"@id":"https:\/\/skrina.si\/en\/#website"},"datePublished":"2021-08-15T09:57:29+00:00","dateModified":"2026-04-14T19:56:29+00:00","description":"Karel Zelenko - maske Cerkljanski pust (grafika v okvirju). Osrednje like cerkljanske lavfarije predstavljajo: Pust, ta tirjasta, ta star in ta stara ter ta mr\u0161lanast.","breadcrumb":{"@id":"https:\/\/skrina.si\/en\/product\/cerkljanski-pust\/#breadcrumb"},"inLanguage":"en-GB","potentialAction":[{"@type":"ReadAction","target":["https:\/\/skrina.si\/en\/product\/cerkljanski-pust\/"]}]},{"@type":"BreadcrumbList","@id":"https:\/\/skrina.si\/en\/product\/cerkljanski-pust\/#breadcrumb","itemListElement":[{"@type":"ListItem","position":1,"name":"Home","item":"https:\/\/skrina.si\/en\/"},{"@type":"ListItem","position":2,"name":"Shop","item":"https:\/\/skrina.si\/shop\/"},{"@type":"ListItem","position":3,"name":"Cerkljanski pust"}]},{"@type":"WebSite","@id":"https:\/\/skrina.si\/en\/#website","url":"https:\/\/skrina.si\/en\/","name":"Etnogalerija Skrina","description":"Tradicija s posluhom","potentialAction":[{"@type":"SearchAction","target":{"@type":"EntryPoint","urlTemplate":"https:\/\/skrina.si\/en\/?s={search_term_string}"},"query-input":"required name=search_term_string"}],"inLanguage":"en-GB"}]}},"_links":{"self":[{"href":"https:\/\/skrina.si\/en\/wp-json\/wp\/v2\/product\/3146"}],"collection":[{"href":"https:\/\/skrina.si\/en\/wp-json\/wp\/v2\/product"}],"about":[{"href":"https:\/\/skrina.si\/en\/wp-json\/wp\/v2\/types\/product"}],"wp:featuredmedia":[{"embeddable":true,"href":"https:\/\/skrina.si\/en\/wp-json\/wp\/v2\/media\/4367"}],"wp:attachment":[{"href":"https:\/\/skrina.si\/en\/wp-json\/wp\/v2\/media?parent=3146"}],"wp:term":[{"taxonomy":"product_cat","embeddable":true,"href":"https:\/\/skrina.si\/en\/wp-json\/wp\/v2\/product_cat?post=3146"},{"taxonomy":"product_tag","embeddable":true,"href":"https:\/\/skrina.si\/en\/wp-json\/wp\/v2\/product_tag?post=3146"}],"curies":[{"name":"wp","href":"https:\/\/api.w.org\/{rel}","templated":true}]}}