{"id":2990,"date":"2021-06-02T16:21:21","date_gmt":"2021-06-02T16:21:21","guid":{"rendered":"https:\/\/skrina.si\/?post_type=product&#038;p=2990"},"modified":"2024-05-02T17:39:29","modified_gmt":"2024-05-02T15:39:29","slug":"sopek-6","status":"publish","type":"product","link":"https:\/\/skrina.si\/en\/product\/sopek-6\/","title":{"rendered":"\u0160opek"},"content":{"rendered":"","protected":false},"excerpt":{"rendered":"<h5>Umetnik Rok Zelenko se udejstvuje kot slikar, keramik in grafik. Po kon\u010dani Akademiji za likovno umetnost v Ljubljani je njegov dom postal Gro\u017enjan.<\/h5>\n<h5>Malo mestece v Istri je vir njegovih inspiracij, kjer s svojimi slikami bele\u017ei zgodovinsko-etnografsko dogajanje. Njegove slike zaznamuje barvitost in figuralika. Zna\u010dilno umirjenim istrskim ambientom dodaja pripovedni\u0161tvo figur. Njegov \u010drtno barvni slog pa pride do izraza pri keramiki, kjer so prikazani predvsem fantazijski liki.<\/h5>\n<h6><em>Podrobnosti:<\/em><\/h6>\n<ul>\n<li>\n<h6><em>Medaljon 21 x 21 cm<\/em><\/h6>\n<\/li>\n<li>\n<h6><em>Material: Keramika<\/em><\/h6>\n<\/li>\n<li>\n<h6><em>V darilni embala\u017ei<\/em><\/h6>\n<\/li>\n<li>\n<h6><em>Oblikovano z ljubeznijo do detajlov<\/em><\/h6>\n<\/li>\n<li>\n<h6><strong><em>RO\u010cNO DELO<\/em><\/strong><\/h6>\n<\/li>\n<\/ul>\n","protected":false},"featured_media":4016,"template":"","meta":{"_monsterinsights_skip_tracking":false,"_monsterinsights_sitenote_active":false,"_monsterinsights_sitenote_note":"","_monsterinsights_sitenote_category":0},"product_cat":[39,118],"product_tag":[151],"aioseo_notices":[],"yoast_head":"<!-- This site is optimized with the Yoast SEO plugin v22.1 - https:\/\/yoast.com\/wordpress\/plugins\/seo\/ -->\n<title>\u0160opek - Etnogalerija Skrina<\/title>\n<meta name=\"description\" content=\"Rok Zelenko - medaljon v okvirju \u0161opek. Gro\u017enjan v Istri je vir njegovih inspiracij, kjer s svojimi slikami bele\u017ei zgodovinsko-etnografsko dogajanje.\" \/>\n<meta name=\"robots\" content=\"index, follow, max-snippet:-1, max-image-preview:large, max-video-preview:-1\" \/>\n<link rel=\"canonical\" href=\"https:\/\/skrina.si\/en\/product\/sopek-6\/\" \/>\n<meta property=\"og:locale\" content=\"en_GB\" \/>\n<meta property=\"og:locale:alternate\" content=\"sl_SI\" \/>\n<meta property=\"og:type\" content=\"article\" \/>\n<meta property=\"og:title\" content=\"\u0160opek\" \/>\n<meta property=\"og:description\" content=\"Rok Zelenko - medaljon v okvirju \u0161opek. Gro\u017enjan v Istri je vir njegovih inspiracij, kjer s svojimi slikami bele\u017ei zgodovinsko-etnografsko dogajanje.\" \/>\n<meta property=\"og:url\" content=\"https:\/\/skrina.si\/en\/product\/sopek-6\/\" \/>\n<meta property=\"og:site_name\" content=\"Etnogalerija Skrina\" \/>\n<meta property=\"article:modified_time\" content=\"2024-05-02T15:39:29+00:00\" \/>\n<meta property=\"og:image\" content=\"https:\/\/skrina.si\/wp-content\/uploads\/2021\/06\/Rok-Zelenko-medaljon-sopek-1.jpg\" \/>\n\t<meta property=\"og:image:width\" content=\"2000\" \/>\n\t<meta property=\"og:image:height\" content=\"1500\" \/>\n\t<meta property=\"og:image:type\" content=\"image\/jpeg\" \/>\n<meta name=\"twitter:card\" content=\"summary_large_image\" \/>\n<meta name=\"twitter:label1\" content=\"Estimated reading time\" \/>\n\t<meta name=\"twitter:data1\" content=\"1 minute\" \/>\n<script type=\"application\/ld+json\" class=\"yoast-schema-graph\">{\"@context\":\"https:\/\/schema.org\",\"@graph\":[{\"@type\":\"WebPage\",\"@id\":\"https:\/\/skrina.si\/en\/product\/sopek-6\/\",\"url\":\"https:\/\/skrina.si\/en\/product\/sopek-6\/\",\"name\":\"[:en]\u0160opek[:sl]\u0160opek[:] - Etnogalerija Skrina\",\"isPartOf\":{\"@id\":\"https:\/\/skrina.si\/en\/#website\"},\"datePublished\":\"2021-06-02T16:21:21+00:00\",\"dateModified\":\"2024-05-02T15:39:29+00:00\",\"description\":\"Rok Zelenko - medaljon v okvirju \u0161opek. Gro\u017enjan v Istri je vir njegovih inspiracij, kjer s svojimi slikami bele\u017ei zgodovinsko-etnografsko dogajanje.\",\"breadcrumb\":{\"@id\":\"https:\/\/skrina.si\/en\/product\/sopek-6\/#breadcrumb\"},\"inLanguage\":\"en-GB\",\"potentialAction\":[{\"@type\":\"ReadAction\",\"target\":[\"https:\/\/skrina.si\/en\/product\/sopek-6\/\"]}]},{\"@type\":\"BreadcrumbList\",\"@id\":\"https:\/\/skrina.si\/en\/product\/sopek-6\/#breadcrumb\",\"itemListElement\":[{\"@type\":\"ListItem\",\"position\":1,\"name\":\"Home\",\"item\":\"https:\/\/skrina.si\/en\/\"},{\"@type\":\"ListItem\",\"position\":2,\"name\":\"Shop\",\"item\":\"https:\/\/skrina.si\/shop\/\"},{\"@type\":\"ListItem\",\"position\":3,\"name\":\"\u0160opek\"}]},{\"@type\":\"WebSite\",\"@id\":\"https:\/\/skrina.si\/en\/#website\",\"url\":\"https:\/\/skrina.si\/en\/\",\"name\":\"Etnogalerija Skrina\",\"description\":\"Tradicija s posluhom\",\"potentialAction\":[{\"@type\":\"SearchAction\",\"target\":{\"@type\":\"EntryPoint\",\"urlTemplate\":\"https:\/\/skrina.si\/en\/?s={search_term_string}\"},\"query-input\":\"required name=search_term_string\"}],\"inLanguage\":\"en-GB\"}]}<\/script>\n<!-- \/ Yoast SEO plugin. -->","yoast_head_json":{"title":"\u0160opek - Etnogalerija Skrina","description":"Rok Zelenko - medaljon v okvirju \u0161opek. Gro\u017enjan v Istri je vir njegovih inspiracij, kjer s svojimi slikami bele\u017ei zgodovinsko-etnografsko dogajanje.","robots":{"index":"index","follow":"follow","max-snippet":"max-snippet:-1","max-image-preview":"max-image-preview:large","max-video-preview":"max-video-preview:-1"},"canonical":"https:\/\/skrina.si\/en\/product\/sopek-6\/","og_locale":"en_GB","og_type":"article","og_title":"[:en]\u0160opek[:sl]\u0160opek[:] - Etnogalerija Skrina","og_description":"Rok Zelenko - medaljon v okvirju \u0161opek. Gro\u017enjan v Istri je vir njegovih inspiracij, kjer s svojimi slikami bele\u017ei zgodovinsko-etnografsko dogajanje.","og_url":"https:\/\/skrina.si\/en\/product\/sopek-6\/","og_site_name":"Etnogalerija Skrina","article_modified_time":"2024-05-02T15:39:29+00:00","og_image":[{"width":2000,"height":1500,"url":"https:\/\/skrina.si\/wp-content\/uploads\/2021\/06\/Rok-Zelenko-medaljon-sopek-1.jpg","type":"image\/jpeg"}],"twitter_card":"summary_large_image","twitter_misc":{"Estimated reading time":"1 minute"},"schema":{"@context":"https:\/\/schema.org","@graph":[{"@type":"WebPage","@id":"https:\/\/skrina.si\/en\/product\/sopek-6\/","url":"https:\/\/skrina.si\/en\/product\/sopek-6\/","name":"[:en]\u0160opek[:sl]\u0160opek[:] - Etnogalerija Skrina","isPartOf":{"@id":"https:\/\/skrina.si\/en\/#website"},"datePublished":"2021-06-02T16:21:21+00:00","dateModified":"2024-05-02T15:39:29+00:00","description":"Rok Zelenko - medaljon v okvirju \u0161opek. Gro\u017enjan v Istri je vir njegovih inspiracij, kjer s svojimi slikami bele\u017ei zgodovinsko-etnografsko dogajanje.","breadcrumb":{"@id":"https:\/\/skrina.si\/en\/product\/sopek-6\/#breadcrumb"},"inLanguage":"en-GB","potentialAction":[{"@type":"ReadAction","target":["https:\/\/skrina.si\/en\/product\/sopek-6\/"]}]},{"@type":"BreadcrumbList","@id":"https:\/\/skrina.si\/en\/product\/sopek-6\/#breadcrumb","itemListElement":[{"@type":"ListItem","position":1,"name":"Home","item":"https:\/\/skrina.si\/en\/"},{"@type":"ListItem","position":2,"name":"Shop","item":"https:\/\/skrina.si\/shop\/"},{"@type":"ListItem","position":3,"name":"\u0160opek"}]},{"@type":"WebSite","@id":"https:\/\/skrina.si\/en\/#website","url":"https:\/\/skrina.si\/en\/","name":"Etnogalerija Skrina","description":"Tradicija s posluhom","potentialAction":[{"@type":"SearchAction","target":{"@type":"EntryPoint","urlTemplate":"https:\/\/skrina.si\/en\/?s={search_term_string}"},"query-input":"required name=search_term_string"}],"inLanguage":"en-GB"}]}},"_links":{"self":[{"href":"https:\/\/skrina.si\/en\/wp-json\/wp\/v2\/product\/2990"}],"collection":[{"href":"https:\/\/skrina.si\/en\/wp-json\/wp\/v2\/product"}],"about":[{"href":"https:\/\/skrina.si\/en\/wp-json\/wp\/v2\/types\/product"}],"wp:featuredmedia":[{"embeddable":true,"href":"https:\/\/skrina.si\/en\/wp-json\/wp\/v2\/media\/4016"}],"wp:attachment":[{"href":"https:\/\/skrina.si\/en\/wp-json\/wp\/v2\/media?parent=2990"}],"wp:term":[{"taxonomy":"product_cat","embeddable":true,"href":"https:\/\/skrina.si\/en\/wp-json\/wp\/v2\/product_cat?post=2990"},{"taxonomy":"product_tag","embeddable":true,"href":"https:\/\/skrina.si\/en\/wp-json\/wp\/v2\/product_tag?post=2990"}],"curies":[{"name":"wp","href":"https:\/\/api.w.org\/{rel}","templated":true}]}}