{"id":2757,"date":"2021-05-11T16:51:17","date_gmt":"2021-05-11T16:51:17","guid":{"rendered":"https:\/\/skrina.si\/?post_type=product&#038;p=2757"},"modified":"2024-04-17T20:26:05","modified_gmt":"2024-04-17T18:26:05","slug":"modri-angel","status":"publish","type":"product","link":"https:\/\/skrina.si\/en\/product\/modri-angel\/","title":{"rendered":"Modri angel"},"content":{"rendered":"","protected":false},"excerpt":{"rendered":"<h5>Angel je sila, nevidno bitje, katerega lahko vidijo otroci, ljudje \u010distega srca, umetniki in vizionarji, pa ne vsi \u2013 <em><strong>samo izbranci.<\/strong><\/em><\/h5>\n<h5>Akademska slikarka\u00a0<em>Ella Svilan \u2013 Svalin<\/em><strong>a<\/strong> nam s svojimi angeli prina\u0161a veselje, toplino, varnost in iskrenost. V njeni umetnosti je le drobna lo\u010dnica med tem, kar je vzvi\u0161eno, in tem, kar je vsakdanje.<\/h5>\n<h5>Ponuja nam tak\u0161ne like, ki nas pritegnejo, navdu\u0161ijo in motivirajo, da verjamemo v\u00a0<em><strong> lepoto in prijaznost sveta.<\/strong><\/em><\/h5>\n<h6><em>Lastnosti:<\/em><\/h6>\n<ul>\n<li>\n<h6><em>Naslov dela: Angel<\/em><\/h6>\n<\/li>\n<li>\n<h6><em>Tehnika: giclee<\/em><\/h6>\n<\/li>\n<li>\n<h6><em>Zunanja dimenzija: 19 x 24 cm<\/em><\/h6>\n<\/li>\n<li>\n<h6><em>Vsa dela so podpisana<\/em><\/h6>\n<\/li>\n<li>\n<h6><em>Odli\u010dna izbira za vse okuse, starostne skupine in razli\u010dne prilo\u017enosti<\/em><\/h6>\n<\/li>\n<\/ul>\n","protected":false},"featured_media":9201,"template":"","meta":{"_monsterinsights_skip_tracking":false,"_monsterinsights_sitenote_active":false,"_monsterinsights_sitenote_note":"","_monsterinsights_sitenote_category":0},"product_cat":[99,66],"product_tag":[],"aioseo_notices":[],"yoast_head":"<!-- This site is optimized with the Yoast SEO plugin v22.1 - https:\/\/yoast.com\/wordpress\/plugins\/seo\/ -->\n<title>Modri angel - Etnogalerija Skrina<\/title>\n<meta name=\"robots\" content=\"index, follow, max-snippet:-1, max-image-preview:large, max-video-preview:-1\" \/>\n<link rel=\"canonical\" href=\"https:\/\/skrina.si\/en\/product\/modri-angel\/\" \/>\n<meta property=\"og:locale\" content=\"en_GB\" \/>\n<meta property=\"og:locale:alternate\" content=\"sl_SI\" \/>\n<meta property=\"og:type\" content=\"article\" \/>\n<meta property=\"og:title\" content=\"Modri angel\" \/>\n<meta property=\"og:description\" content=\"Angel je sila, nevidno bitje, katerega lahko vidijo otroci, ljudje \u010distega srca, umetniki in vizionarji, pa ne vsi \u2013 samo izbranci. Akademska slikarka\u00a0Ella Svilan \u2013 Svalina nam s svojimi angeli prina\u0161a veselje, toplino, varnost in iskrenost. V njeni umetnosti je le drobna lo\u010dnica med tem, kar je vzvi\u0161eno, in tem, kar je vsakdanje. Ponuja nam tak\u0161ne like, ki nas pritegnejo, navdu\u0161ijo in motivirajo, da verjamemo v\u00a0 lepoto in prijaznost sveta. Lastnosti:    Naslov dela: Angel    Tehnika: giclee    Zunanja dimenzija: 19 x 24 cm    Vsa dela so podpisana    Odli\u010dna izbira za vse okuse, starostne skupine in razli\u010dne prilo\u017enosti\" \/>\n<meta property=\"og:url\" content=\"https:\/\/skrina.si\/en\/product\/modri-angel\/\" \/>\n<meta property=\"og:site_name\" content=\"Etnogalerija Skrina\" \/>\n<meta property=\"article:modified_time\" content=\"2024-04-17T18:26:05+00:00\" \/>\n<meta property=\"og:image\" content=\"https:\/\/skrina.si\/wp-content\/uploads\/2021\/05\/Ella-Svilan-Svalina-angelel-fantek-mornar-blond-oblak-dekor.jpg\" \/>\n\t<meta property=\"og:image:width\" content=\"2000\" \/>\n\t<meta property=\"og:image:height\" content=\"1500\" \/>\n\t<meta property=\"og:image:type\" content=\"image\/jpeg\" \/>\n<meta name=\"twitter:card\" content=\"summary_large_image\" \/>\n<meta name=\"twitter:label1\" content=\"Estimated reading time\" \/>\n\t<meta name=\"twitter:data1\" content=\"1 minute\" \/>\n<script type=\"application\/ld+json\" class=\"yoast-schema-graph\">{\"@context\":\"https:\/\/schema.org\",\"@graph\":[{\"@type\":\"WebPage\",\"@id\":\"https:\/\/skrina.si\/en\/product\/modri-angel\/\",\"url\":\"https:\/\/skrina.si\/en\/product\/modri-angel\/\",\"name\":\"[:en]Modri angel[:sl]Modri angel[:] - Etnogalerija Skrina\",\"isPartOf\":{\"@id\":\"https:\/\/skrina.si\/en\/#website\"},\"datePublished\":\"2021-05-11T16:51:17+00:00\",\"dateModified\":\"2024-04-17T18:26:05+00:00\",\"breadcrumb\":{\"@id\":\"https:\/\/skrina.si\/en\/product\/modri-angel\/#breadcrumb\"},\"inLanguage\":\"en-GB\",\"potentialAction\":[{\"@type\":\"ReadAction\",\"target\":[\"https:\/\/skrina.si\/en\/product\/modri-angel\/\"]}]},{\"@type\":\"BreadcrumbList\",\"@id\":\"https:\/\/skrina.si\/en\/product\/modri-angel\/#breadcrumb\",\"itemListElement\":[{\"@type\":\"ListItem\",\"position\":1,\"name\":\"Home\",\"item\":\"https:\/\/skrina.si\/en\/\"},{\"@type\":\"ListItem\",\"position\":2,\"name\":\"Shop\",\"item\":\"https:\/\/skrina.si\/shop\/\"},{\"@type\":\"ListItem\",\"position\":3,\"name\":\"Modri angel\"}]},{\"@type\":\"WebSite\",\"@id\":\"https:\/\/skrina.si\/en\/#website\",\"url\":\"https:\/\/skrina.si\/en\/\",\"name\":\"Etnogalerija Skrina\",\"description\":\"Tradicija s posluhom\",\"potentialAction\":[{\"@type\":\"SearchAction\",\"target\":{\"@type\":\"EntryPoint\",\"urlTemplate\":\"https:\/\/skrina.si\/en\/?s={search_term_string}\"},\"query-input\":\"required name=search_term_string\"}],\"inLanguage\":\"en-GB\"}]}<\/script>\n<!-- \/ Yoast SEO plugin. -->","yoast_head_json":{"title":"Modri angel - Etnogalerija Skrina","robots":{"index":"index","follow":"follow","max-snippet":"max-snippet:-1","max-image-preview":"max-image-preview:large","max-video-preview":"max-video-preview:-1"},"canonical":"https:\/\/skrina.si\/en\/product\/modri-angel\/","og_locale":"en_GB","og_type":"article","og_title":"[:en]Modri angel[:sl]Modri angel[:] - Etnogalerija Skrina","og_description":"[:en]Angel je sila, nevidno bitje, katerega lahko vidijo otroci, ljudje \u010distega srca, umetniki in vizionarji, pa ne vsi \u2013 samo izbranci. Akademska slikarka\u00a0Ella Svilan \u2013 Svalina nam s svojimi angeli prina\u0161a veselje, toplino, varnost in iskrenost. V njeni umetnosti je le drobna lo\u010dnica med tem, kar je vzvi\u0161eno, in tem, kar je vsakdanje. Ponuja nam tak\u0161ne like, ki nas pritegnejo, navdu\u0161ijo in motivirajo, da verjamemo v\u00a0 lepoto in prijaznost sveta. Lastnosti:    Naslov dela: Angel    Tehnika: giclee    Zunanja dimenzija: 19 x 24 cm    Vsa dela so podpisana    Odli\u010dna izbira za vse okuse, starostne skupine in razli\u010dne prilo\u017enosti  [:sl]Angel je sila, nevidno bitje, katerega lahko vidijo otroci, ljudje \u010distega srca, umetniki in vizionarji, pa ne vsi \u2013 samo izbranci. Akademska slikarka\u00a0Ella Svilan \u2013 Svalina nam s svojimi angeli prina\u0161a veselje, toplino, varnost in iskrenost. V njeni umetnosti je le drobna lo\u010dnica med tem, kar je vzvi\u0161eno, in tem, kar je vsakdanje. Ponuja nam tak\u0161ne like, ki nas pritegnejo, navdu\u0161ijo in motivirajo, da verjamemo v\u00a0 lepoto in prijaznost sveta. Lastnosti:    Naslov dela: Angel    Tehnika: giclee    Zunanja dimenzija: 19 x 24 cm    Vsa dela so podpisana    Odli\u010dna izbira za vse okuse, starostne skupine in razli\u010dne prilo\u017enosti  [:]","og_url":"https:\/\/skrina.si\/en\/product\/modri-angel\/","og_site_name":"Etnogalerija Skrina","article_modified_time":"2024-04-17T18:26:05+00:00","og_image":[{"width":2000,"height":1500,"url":"https:\/\/skrina.si\/wp-content\/uploads\/2021\/05\/Ella-Svilan-Svalina-angelel-fantek-mornar-blond-oblak-dekor.jpg","type":"image\/jpeg"}],"twitter_card":"summary_large_image","twitter_misc":{"Estimated reading time":"1 minute"},"schema":{"@context":"https:\/\/schema.org","@graph":[{"@type":"WebPage","@id":"https:\/\/skrina.si\/en\/product\/modri-angel\/","url":"https:\/\/skrina.si\/en\/product\/modri-angel\/","name":"[:en]Modri angel[:sl]Modri angel[:] - Etnogalerija Skrina","isPartOf":{"@id":"https:\/\/skrina.si\/en\/#website"},"datePublished":"2021-05-11T16:51:17+00:00","dateModified":"2024-04-17T18:26:05+00:00","breadcrumb":{"@id":"https:\/\/skrina.si\/en\/product\/modri-angel\/#breadcrumb"},"inLanguage":"en-GB","potentialAction":[{"@type":"ReadAction","target":["https:\/\/skrina.si\/en\/product\/modri-angel\/"]}]},{"@type":"BreadcrumbList","@id":"https:\/\/skrina.si\/en\/product\/modri-angel\/#breadcrumb","itemListElement":[{"@type":"ListItem","position":1,"name":"Home","item":"https:\/\/skrina.si\/en\/"},{"@type":"ListItem","position":2,"name":"Shop","item":"https:\/\/skrina.si\/shop\/"},{"@type":"ListItem","position":3,"name":"Modri angel"}]},{"@type":"WebSite","@id":"https:\/\/skrina.si\/en\/#website","url":"https:\/\/skrina.si\/en\/","name":"Etnogalerija Skrina","description":"Tradicija s posluhom","potentialAction":[{"@type":"SearchAction","target":{"@type":"EntryPoint","urlTemplate":"https:\/\/skrina.si\/en\/?s={search_term_string}"},"query-input":"required name=search_term_string"}],"inLanguage":"en-GB"}]}},"_links":{"self":[{"href":"https:\/\/skrina.si\/en\/wp-json\/wp\/v2\/product\/2757"}],"collection":[{"href":"https:\/\/skrina.si\/en\/wp-json\/wp\/v2\/product"}],"about":[{"href":"https:\/\/skrina.si\/en\/wp-json\/wp\/v2\/types\/product"}],"wp:featuredmedia":[{"embeddable":true,"href":"https:\/\/skrina.si\/en\/wp-json\/wp\/v2\/media\/9201"}],"wp:attachment":[{"href":"https:\/\/skrina.si\/en\/wp-json\/wp\/v2\/media?parent=2757"}],"wp:term":[{"taxonomy":"product_cat","embeddable":true,"href":"https:\/\/skrina.si\/en\/wp-json\/wp\/v2\/product_cat?post=2757"},{"taxonomy":"product_tag","embeddable":true,"href":"https:\/\/skrina.si\/en\/wp-json\/wp\/v2\/product_tag?post=2757"}],"curies":[{"name":"wp","href":"https:\/\/api.w.org\/{rel}","templated":true}]}}