{"id":2644,"date":"2022-03-03T15:35:51","date_gmt":"2022-03-03T15:35:51","guid":{"rendered":"https:\/\/skrina.si\/?post_type=product&#038;p=2644"},"modified":"2022-05-07T09:30:24","modified_gmt":"2022-05-07T09:30:24","slug":"mocvirski-tulipan","status":"publish","type":"product","link":"https:\/\/skrina.si\/en\/product\/mocvirski-tulipan\/","title":{"rendered":"Mo\u010dvirski tulipan"},"content":{"rendered":"","protected":false},"excerpt":{"rendered":"<h5><strong><em>Mo\u010dvirski tulipan ali logarica, <\/em><\/strong>je v Sloveniji <strong><em>zavarovana <\/em><\/strong>domorodna rastlinska vrsta \u017ee leta od 1949, ko je bilo v uredbi o varstvu naravne dedi\u0161\u010dine zapisano:\u00a0 \u00bbNe smejo se trgati, ruvati, prodajati, ponujati v nakup in izva\u017eati\u2026\u00ab,\u00a0 kr\u0161itelje pa je \u010dakala globa do 25.000 din in v huj\u0161ih primerih celo prisilno delo brez odvzema prostosti.<br \/>\nSprva se je kazen nana\u0161ala le na posamezne rastline, danes pa je zavarovan tudi njihov \u017eivljenjski prostor, ki se okrutno kr\u010di zaradi\u00a0 izsu\u0161evanja mokri\u0161\u010d, gnojenja in zgodnje ko\u0161nje travnikov.<br \/>\nNa ljudi naredi vtis z velikim, pove\u0161enim cvetom vinsko rde\u010de barve in vzorcem, ki spominja na \u0161ahovnico.<br \/>\nNa Hrva\u0161kem jo zato imenujejo kockarica, na angle\u0161ko govore\u010dih obmo\u010djih pa jo zaradi strupenih alkaloidov imenujejo \u00a0widow&#8217;s veil (vdovina tan\u010dica).<br \/>\nMo\u010dvirski tulipan najdemo v mnogih slovenskih ob\u010dinskih grbih: Brezovici, Dobrovniku, Trnovski vas in Trzinu.<\/h5>\n<h6><em>Podrobnosti:<\/em><\/h6>\n<ul>\n<li>\n<h6>Velikost: vi\u0161ina 13 cm, \u0161irina 7 cm<\/h6>\n<\/li>\n<li>\n<h6>Material: Keramika<\/h6>\n<\/li>\n<li>\n<h6>V darilni vre\u010dki s prilo\u017eenim certifikatom<\/h6>\n<\/li>\n<li>\n<h6>Oblikovano z ljubeznijo do detajlov<\/h6>\n<\/li>\n<\/ul>\n","protected":false},"featured_media":8091,"template":"","meta":{"_monsterinsights_skip_tracking":false,"_monsterinsights_sitenote_active":false,"_monsterinsights_sitenote_note":"","_monsterinsights_sitenote_category":0},"product_cat":[103,686],"product_tag":[151,47,41],"aioseo_notices":[],"yoast_head":"<!-- This site is optimized with the Yoast SEO plugin v22.1 - https:\/\/yoast.com\/wordpress\/plugins\/seo\/ -->\n<title>Mo\u010dvirski tulipan - Etnogalerija Skrina<\/title>\n<meta name=\"description\" content=\"Mo\u010dvirski tulipan ali logarica na ljudi naredi vtis z velikim, pove\u0161enim cvetom vinsko rde\u010de barve in vzorcem, ki spominja na \u0161ahovnico.\" \/>\n<meta name=\"robots\" content=\"index, follow, max-snippet:-1, max-image-preview:large, max-video-preview:-1\" \/>\n<link rel=\"canonical\" href=\"https:\/\/skrina.si\/en\/product\/mocvirski-tulipan\/\" \/>\n<meta property=\"og:locale\" content=\"en_GB\" \/>\n<meta property=\"og:locale:alternate\" content=\"sl_SI\" \/>\n<meta property=\"og:type\" content=\"article\" \/>\n<meta property=\"og:title\" content=\"Mo\u010dvirski tulipan - Etnogalerija Skrina\" \/>\n<meta property=\"og:description\" content=\"Mo\u010dvirski tulipan ali logarica na ljudi naredi vtis z velikim, pove\u0161enim cvetom vinsko rde\u010de barve in vzorcem, ki spominja na \u0161ahovnico.\" \/>\n<meta property=\"og:url\" content=\"https:\/\/skrina.si\/en\/product\/mocvirski-tulipan\/\" \/>\n<meta property=\"og:site_name\" content=\"Etnogalerija Skrina\" \/>\n<meta property=\"article:modified_time\" content=\"2022-05-07T09:30:24+00:00\" \/>\n<meta property=\"og:image\" content=\"https:\/\/skrina.si\/wp-content\/uploads\/2021\/03\/Rozne-vile-mocvirski-tulipan-dekor-Slovenske-cvetlice-roze-Tradicija-s-posluhom-Etno-galerija-Skrina.jpg\" \/>\n\t<meta property=\"og:image:width\" content=\"1619\" \/>\n\t<meta property=\"og:image:height\" content=\"1213\" \/>\n\t<meta property=\"og:image:type\" content=\"image\/jpeg\" \/>\n<meta name=\"twitter:card\" content=\"summary_large_image\" \/>\n<script type=\"application\/ld+json\" class=\"yoast-schema-graph\">{\"@context\":\"https:\/\/schema.org\",\"@graph\":[{\"@type\":\"WebPage\",\"@id\":\"https:\/\/skrina.si\/en\/product\/mocvirski-tulipan\/\",\"url\":\"https:\/\/skrina.si\/en\/product\/mocvirski-tulipan\/\",\"name\":\"Mo\u010dvirski tulipan - Etnogalerija Skrina\",\"isPartOf\":{\"@id\":\"https:\/\/skrina.si\/en\/#website\"},\"datePublished\":\"2022-03-03T15:35:51+00:00\",\"dateModified\":\"2022-05-07T09:30:24+00:00\",\"description\":\"Mo\u010dvirski tulipan ali logarica na ljudi naredi vtis z velikim, pove\u0161enim cvetom vinsko rde\u010de barve in vzorcem, ki spominja na \u0161ahovnico.\",\"breadcrumb\":{\"@id\":\"https:\/\/skrina.si\/en\/product\/mocvirski-tulipan\/#breadcrumb\"},\"inLanguage\":\"en-GB\",\"potentialAction\":[{\"@type\":\"ReadAction\",\"target\":[\"https:\/\/skrina.si\/en\/product\/mocvirski-tulipan\/\"]}]},{\"@type\":\"BreadcrumbList\",\"@id\":\"https:\/\/skrina.si\/en\/product\/mocvirski-tulipan\/#breadcrumb\",\"itemListElement\":[{\"@type\":\"ListItem\",\"position\":1,\"name\":\"Home\",\"item\":\"https:\/\/skrina.si\/en\/\"},{\"@type\":\"ListItem\",\"position\":2,\"name\":\"Shop\",\"item\":\"https:\/\/skrina.si\/shop\/\"},{\"@type\":\"ListItem\",\"position\":3,\"name\":\"Mo\u010dvirski tulipan\"}]},{\"@type\":\"WebSite\",\"@id\":\"https:\/\/skrina.si\/en\/#website\",\"url\":\"https:\/\/skrina.si\/en\/\",\"name\":\"Etnogalerija Skrina\",\"description\":\"Tradicija s posluhom\",\"potentialAction\":[{\"@type\":\"SearchAction\",\"target\":{\"@type\":\"EntryPoint\",\"urlTemplate\":\"https:\/\/skrina.si\/en\/?s={search_term_string}\"},\"query-input\":\"required name=search_term_string\"}],\"inLanguage\":\"en-GB\"}]}<\/script>\n<!-- \/ Yoast SEO plugin. -->","yoast_head_json":{"title":"Mo\u010dvirski tulipan - Etnogalerija Skrina","description":"Mo\u010dvirski tulipan ali logarica na ljudi naredi vtis z velikim, pove\u0161enim cvetom vinsko rde\u010de barve in vzorcem, ki spominja na \u0161ahovnico.","robots":{"index":"index","follow":"follow","max-snippet":"max-snippet:-1","max-image-preview":"max-image-preview:large","max-video-preview":"max-video-preview:-1"},"canonical":"https:\/\/skrina.si\/en\/product\/mocvirski-tulipan\/","og_locale":"en_GB","og_type":"article","og_title":"Mo\u010dvirski tulipan - Etnogalerija Skrina","og_description":"Mo\u010dvirski tulipan ali logarica na ljudi naredi vtis z velikim, pove\u0161enim cvetom vinsko rde\u010de barve in vzorcem, ki spominja na \u0161ahovnico.","og_url":"https:\/\/skrina.si\/en\/product\/mocvirski-tulipan\/","og_site_name":"Etnogalerija Skrina","article_modified_time":"2022-05-07T09:30:24+00:00","og_image":[{"width":1619,"height":1213,"url":"https:\/\/skrina.si\/wp-content\/uploads\/2021\/03\/Rozne-vile-mocvirski-tulipan-dekor-Slovenske-cvetlice-roze-Tradicija-s-posluhom-Etno-galerija-Skrina.jpg","type":"image\/jpeg"}],"twitter_card":"summary_large_image","schema":{"@context":"https:\/\/schema.org","@graph":[{"@type":"WebPage","@id":"https:\/\/skrina.si\/en\/product\/mocvirski-tulipan\/","url":"https:\/\/skrina.si\/en\/product\/mocvirski-tulipan\/","name":"Mo\u010dvirski tulipan - Etnogalerija Skrina","isPartOf":{"@id":"https:\/\/skrina.si\/en\/#website"},"datePublished":"2022-03-03T15:35:51+00:00","dateModified":"2022-05-07T09:30:24+00:00","description":"Mo\u010dvirski tulipan ali logarica na ljudi naredi vtis z velikim, pove\u0161enim cvetom vinsko rde\u010de barve in vzorcem, ki spominja na \u0161ahovnico.","breadcrumb":{"@id":"https:\/\/skrina.si\/en\/product\/mocvirski-tulipan\/#breadcrumb"},"inLanguage":"en-GB","potentialAction":[{"@type":"ReadAction","target":["https:\/\/skrina.si\/en\/product\/mocvirski-tulipan\/"]}]},{"@type":"BreadcrumbList","@id":"https:\/\/skrina.si\/en\/product\/mocvirski-tulipan\/#breadcrumb","itemListElement":[{"@type":"ListItem","position":1,"name":"Home","item":"https:\/\/skrina.si\/en\/"},{"@type":"ListItem","position":2,"name":"Shop","item":"https:\/\/skrina.si\/shop\/"},{"@type":"ListItem","position":3,"name":"Mo\u010dvirski tulipan"}]},{"@type":"WebSite","@id":"https:\/\/skrina.si\/en\/#website","url":"https:\/\/skrina.si\/en\/","name":"Etnogalerija Skrina","description":"Tradicija s posluhom","potentialAction":[{"@type":"SearchAction","target":{"@type":"EntryPoint","urlTemplate":"https:\/\/skrina.si\/en\/?s={search_term_string}"},"query-input":"required name=search_term_string"}],"inLanguage":"en-GB"}]}},"_links":{"self":[{"href":"https:\/\/skrina.si\/en\/wp-json\/wp\/v2\/product\/2644"}],"collection":[{"href":"https:\/\/skrina.si\/en\/wp-json\/wp\/v2\/product"}],"about":[{"href":"https:\/\/skrina.si\/en\/wp-json\/wp\/v2\/types\/product"}],"wp:featuredmedia":[{"embeddable":true,"href":"https:\/\/skrina.si\/en\/wp-json\/wp\/v2\/media\/8091"}],"wp:attachment":[{"href":"https:\/\/skrina.si\/en\/wp-json\/wp\/v2\/media?parent=2644"}],"wp:term":[{"taxonomy":"product_cat","embeddable":true,"href":"https:\/\/skrina.si\/en\/wp-json\/wp\/v2\/product_cat?post=2644"},{"taxonomy":"product_tag","embeddable":true,"href":"https:\/\/skrina.si\/en\/wp-json\/wp\/v2\/product_tag?post=2644"}],"curies":[{"name":"wp","href":"https:\/\/api.w.org\/{rel}","templated":true}]}}