{"id":2641,"date":"2022-03-03T16:00:24","date_gmt":"2022-03-03T16:00:24","guid":{"rendered":"https:\/\/skrina.si\/?post_type=product&#038;p=2641"},"modified":"2022-05-07T08:52:31","modified_gmt":"2022-05-07T08:52:31","slug":"nagelj","status":"publish","type":"product","link":"https:\/\/skrina.si\/en\/product\/nagelj\/","title":{"rendered":"Nagelj"},"content":{"rendered":"","protected":false},"excerpt":{"rendered":"<h5><strong><em>Nagelj<\/em><\/strong> je cvetlica, ki je bila v evropski kulturi mogo\u010de bolj kot druge \u017ertev modnih muh, cvet, ki je bil v nekaterih obdobjih izrazito priljubljen, v drugih pa skoraj nerazumljivo zanemarjen.<br \/>\nV Sloveniji uspeva \u0161tirinajst samoniklih vrst, najbolj priljubljen pa je <strong><em>Gorenjski nagelj<\/em><\/strong>, ki ima ne\u017ene, odporne in \u010dudovite cvetove, prijetnega in intenzivnega vonja. Gospodinje so \u010dasih med seboj tekmovale, katera bo imela lep\u0161e in bolj bujno cveto\u010de nageljne na okenskih policah in balkonih.<br \/>\n\u017de od nekdaj nageljnu pripisujemo simbolne pomene. Najpogostej\u0161i so ljubezen in naklonjenost (temnej\u0161i rde\u010di), \u010distost in sre\u010do (beli), hvale\u017enost (ro\u017enati) ter \u010dast in slavo (\u017eivorde\u010di). V vseh socialisti\u010dnih dr\u017eavah polpretekle zgodovine je bil \u017eivorde\u010di nagelj prva ro\u017ea delavskega razreda in simbol revolucije, v zahodnih de\u017eelah pa je \u0161e danes cvet ve\u010dine socialdemokratskih in drugih levi\u010darskih strank.<br \/>\nPonekod se je nagelj uveljavil tudi kot simbol poroke, zlasti ro\u017enati nagelj, ki je izraz ljubezni in medsebojne naklonjenosti.<\/h5>\n<h6><em>Podrobnosti:<\/em><\/h6>\n<ul>\n<li>\n<h6>Velikost: vi\u0161ina 12 cm, \u0161irina 6 cm<\/h6>\n<\/li>\n<li>\n<h6>Material: Keramika<\/h6>\n<\/li>\n<li>\n<h6>V darilni vre\u010dki s prilo\u017eenim certifikatom<\/h6>\n<\/li>\n<li>\n<h6>Oblikovano z ljubeznijo do detajlov<\/h6>\n<\/li>\n<li>\n<h6>Idealno darilo za ljubitelje ro\u017e in obo\u017eevalce nageljev<\/h6>\n<\/li>\n<\/ul>\n","protected":false},"featured_media":8084,"template":"","meta":{"_monsterinsights_skip_tracking":false,"_monsterinsights_sitenote_active":false,"_monsterinsights_sitenote_note":"","_monsterinsights_sitenote_category":0},"product_cat":[103,686],"product_tag":[46,41],"aioseo_notices":[],"yoast_head":"<!-- This site is optimized with the Yoast SEO plugin v22.1 - https:\/\/yoast.com\/wordpress\/plugins\/seo\/ -->\n<title>Nagelj - Etnogalerija Skrina<\/title>\n<meta name=\"description\" content=\"\u017de od nekdaj nageljnu pripisujemo simbolne pomene. Najpogostej\u0161i so ljubezen in naklonjenost, \u010distost in sre\u010do, hvale\u017enost ter \u010dast in slavo.\" \/>\n<meta name=\"robots\" content=\"index, follow, max-snippet:-1, max-image-preview:large, max-video-preview:-1\" \/>\n<link rel=\"canonical\" href=\"https:\/\/skrina.si\/en\/product\/nagelj\/\" \/>\n<meta property=\"og:locale\" content=\"en_GB\" \/>\n<meta property=\"og:locale:alternate\" content=\"sl_SI\" \/>\n<meta property=\"og:type\" content=\"article\" \/>\n<meta property=\"og:title\" content=\"Nagelj - Etnogalerija Skrina\" \/>\n<meta property=\"og:description\" content=\"\u017de od nekdaj nageljnu pripisujemo simbolne pomene. Najpogostej\u0161i so ljubezen in naklonjenost, \u010distost in sre\u010do, hvale\u017enost ter \u010dast in slavo.\" \/>\n<meta property=\"og:url\" content=\"https:\/\/skrina.si\/en\/product\/nagelj\/\" \/>\n<meta property=\"og:site_name\" content=\"Etnogalerija Skrina\" \/>\n<meta property=\"article:modified_time\" content=\"2022-05-07T08:52:31+00:00\" \/>\n<meta property=\"og:image\" content=\"https:\/\/skrina.si\/wp-content\/uploads\/2021\/03\/Rozne-vile-nagelj-dekor-Slovenske-cvetlice-roze-Tradicija-s-posluhom-Etno-galerija-Skrina.jpg\" \/>\n\t<meta property=\"og:image:width\" content=\"1619\" \/>\n\t<meta property=\"og:image:height\" content=\"1213\" \/>\n\t<meta property=\"og:image:type\" content=\"image\/jpeg\" \/>\n<meta name=\"twitter:card\" content=\"summary_large_image\" \/>\n<script type=\"application\/ld+json\" class=\"yoast-schema-graph\">{\"@context\":\"https:\/\/schema.org\",\"@graph\":[{\"@type\":\"WebPage\",\"@id\":\"https:\/\/skrina.si\/en\/product\/nagelj\/\",\"url\":\"https:\/\/skrina.si\/en\/product\/nagelj\/\",\"name\":\"Nagelj - Etnogalerija Skrina\",\"isPartOf\":{\"@id\":\"https:\/\/skrina.si\/en\/#website\"},\"datePublished\":\"2022-03-03T16:00:24+00:00\",\"dateModified\":\"2022-05-07T08:52:31+00:00\",\"description\":\"\u017de od nekdaj nageljnu pripisujemo simbolne pomene. Najpogostej\u0161i so ljubezen in naklonjenost, \u010distost in sre\u010do, hvale\u017enost ter \u010dast in slavo.\",\"breadcrumb\":{\"@id\":\"https:\/\/skrina.si\/en\/product\/nagelj\/#breadcrumb\"},\"inLanguage\":\"en-GB\",\"potentialAction\":[{\"@type\":\"ReadAction\",\"target\":[\"https:\/\/skrina.si\/en\/product\/nagelj\/\"]}]},{\"@type\":\"BreadcrumbList\",\"@id\":\"https:\/\/skrina.si\/en\/product\/nagelj\/#breadcrumb\",\"itemListElement\":[{\"@type\":\"ListItem\",\"position\":1,\"name\":\"Home\",\"item\":\"https:\/\/skrina.si\/en\/\"},{\"@type\":\"ListItem\",\"position\":2,\"name\":\"Shop\",\"item\":\"https:\/\/skrina.si\/shop\/\"},{\"@type\":\"ListItem\",\"position\":3,\"name\":\"Nagelj\"}]},{\"@type\":\"WebSite\",\"@id\":\"https:\/\/skrina.si\/en\/#website\",\"url\":\"https:\/\/skrina.si\/en\/\",\"name\":\"Etnogalerija Skrina\",\"description\":\"Tradicija s posluhom\",\"potentialAction\":[{\"@type\":\"SearchAction\",\"target\":{\"@type\":\"EntryPoint\",\"urlTemplate\":\"https:\/\/skrina.si\/en\/?s={search_term_string}\"},\"query-input\":\"required name=search_term_string\"}],\"inLanguage\":\"en-GB\"}]}<\/script>\n<!-- \/ Yoast SEO plugin. -->","yoast_head_json":{"title":"Nagelj - Etnogalerija Skrina","description":"\u017de od nekdaj nageljnu pripisujemo simbolne pomene. Najpogostej\u0161i so ljubezen in naklonjenost, \u010distost in sre\u010do, hvale\u017enost ter \u010dast in slavo.","robots":{"index":"index","follow":"follow","max-snippet":"max-snippet:-1","max-image-preview":"max-image-preview:large","max-video-preview":"max-video-preview:-1"},"canonical":"https:\/\/skrina.si\/en\/product\/nagelj\/","og_locale":"en_GB","og_type":"article","og_title":"Nagelj - Etnogalerija Skrina","og_description":"\u017de od nekdaj nageljnu pripisujemo simbolne pomene. Najpogostej\u0161i so ljubezen in naklonjenost, \u010distost in sre\u010do, hvale\u017enost ter \u010dast in slavo.","og_url":"https:\/\/skrina.si\/en\/product\/nagelj\/","og_site_name":"Etnogalerija Skrina","article_modified_time":"2022-05-07T08:52:31+00:00","og_image":[{"width":1619,"height":1213,"url":"https:\/\/skrina.si\/wp-content\/uploads\/2021\/03\/Rozne-vile-nagelj-dekor-Slovenske-cvetlice-roze-Tradicija-s-posluhom-Etno-galerija-Skrina.jpg","type":"image\/jpeg"}],"twitter_card":"summary_large_image","schema":{"@context":"https:\/\/schema.org","@graph":[{"@type":"WebPage","@id":"https:\/\/skrina.si\/en\/product\/nagelj\/","url":"https:\/\/skrina.si\/en\/product\/nagelj\/","name":"Nagelj - Etnogalerija Skrina","isPartOf":{"@id":"https:\/\/skrina.si\/en\/#website"},"datePublished":"2022-03-03T16:00:24+00:00","dateModified":"2022-05-07T08:52:31+00:00","description":"\u017de od nekdaj nageljnu pripisujemo simbolne pomene. Najpogostej\u0161i so ljubezen in naklonjenost, \u010distost in sre\u010do, hvale\u017enost ter \u010dast in slavo.","breadcrumb":{"@id":"https:\/\/skrina.si\/en\/product\/nagelj\/#breadcrumb"},"inLanguage":"en-GB","potentialAction":[{"@type":"ReadAction","target":["https:\/\/skrina.si\/en\/product\/nagelj\/"]}]},{"@type":"BreadcrumbList","@id":"https:\/\/skrina.si\/en\/product\/nagelj\/#breadcrumb","itemListElement":[{"@type":"ListItem","position":1,"name":"Home","item":"https:\/\/skrina.si\/en\/"},{"@type":"ListItem","position":2,"name":"Shop","item":"https:\/\/skrina.si\/shop\/"},{"@type":"ListItem","position":3,"name":"Nagelj"}]},{"@type":"WebSite","@id":"https:\/\/skrina.si\/en\/#website","url":"https:\/\/skrina.si\/en\/","name":"Etnogalerija Skrina","description":"Tradicija s posluhom","potentialAction":[{"@type":"SearchAction","target":{"@type":"EntryPoint","urlTemplate":"https:\/\/skrina.si\/en\/?s={search_term_string}"},"query-input":"required name=search_term_string"}],"inLanguage":"en-GB"}]}},"_links":{"self":[{"href":"https:\/\/skrina.si\/en\/wp-json\/wp\/v2\/product\/2641"}],"collection":[{"href":"https:\/\/skrina.si\/en\/wp-json\/wp\/v2\/product"}],"about":[{"href":"https:\/\/skrina.si\/en\/wp-json\/wp\/v2\/types\/product"}],"wp:featuredmedia":[{"embeddable":true,"href":"https:\/\/skrina.si\/en\/wp-json\/wp\/v2\/media\/8084"}],"wp:attachment":[{"href":"https:\/\/skrina.si\/en\/wp-json\/wp\/v2\/media?parent=2641"}],"wp:term":[{"taxonomy":"product_cat","embeddable":true,"href":"https:\/\/skrina.si\/en\/wp-json\/wp\/v2\/product_cat?post=2641"},{"taxonomy":"product_tag","embeddable":true,"href":"https:\/\/skrina.si\/en\/wp-json\/wp\/v2\/product_tag?post=2641"}],"curies":[{"name":"wp","href":"https:\/\/api.w.org\/{rel}","templated":true}]}}