{"id":17273,"date":"2024-09-21T00:20:48","date_gmt":"2024-09-20T22:20:48","guid":{"rendered":"https:\/\/skrina.si\/en\/?post_type=product&#038;p=17273"},"modified":"2024-09-21T00:35:14","modified_gmt":"2024-09-20T22:35:14","slug":"diy-bouquet-2","status":"publish","type":"product","link":"https:\/\/skrina.si\/en\/product\/diy-bouquet-2\/","title":{"rendered":"DIY BOUQUET"},"content":{"rendered":"","protected":false},"excerpt":{"rendered":"<h5 style=\"text-align: justify;\">In the <strong><em>Ribnica Valley<\/em><\/strong>, handicraft knowledge has been passed down from generation to generation for several centuries. At first, it was simple products made with saws, axes, and knives, but later the crafts became more and more complex. Usually, a single household or even a single village is confined to a single craft \u2013 making sieves, spoons, toothpicks, etc.<br \/>\nOver time, the term <strong><em>\u201cdry wooden ware\u201d<\/em><\/strong> came to be used for all these crafts, and is still known in much of Europe today, with which the craftsmen of Ribnica have been involved since <strong><em>1492<\/em><\/strong>\u00a0when the Austrian Emperor <strong><em>Frederick III<\/em><\/strong> gave them the right to trade.<br \/>\n<em>You can create a cute bouquet from miniature dry wooden ware items, which will have a touch of the past and the present in it.<\/em><\/h5>\n","protected":false},"featured_media":17242,"template":"","meta":{"_monsterinsights_skip_tracking":false,"_monsterinsights_sitenote_active":false,"_monsterinsights_sitenote_note":"","_monsterinsights_sitenote_category":0},"product_cat":[3206,1623],"product_tag":[],"aioseo_notices":[],"yoast_head":"<!-- This site is optimized with the Yoast SEO plugin v22.1 - https:\/\/yoast.com\/wordpress\/plugins\/seo\/ -->\n<title>DIY BOUQUET - Etnogalerija Skrina<\/title>\n<meta name=\"robots\" content=\"index, follow, max-snippet:-1, max-image-preview:large, max-video-preview:-1\" \/>\n<link rel=\"canonical\" href=\"https:\/\/skrina.si\/en\/product\/diy-bouquet-2\/\" \/>\n<meta property=\"og:locale\" content=\"en_GB\" \/>\n<meta property=\"og:locale:alternate\" content=\"sl_SI\" \/>\n<meta property=\"og:type\" content=\"article\" \/>\n<meta property=\"og:title\" content=\"DIY BOUQUET\" \/>\n<meta property=\"og:description\" content=\"In the Ribnica Valley, handicraft knowledge has been passed down from generation to generation for several centuries. At first, it was simple products made with saws, axes, and knives, but later the crafts became more and more complex. Usually, a single household or even a single village is confined to a single craft \u2013 making sieves, spoons, toothpicks, etc. Over time, the term \u201cdry wooden ware\u201d came to be used for all these crafts, and is still known in much of Europe today, with which the craftsmen of Ribnica have been involved since 1492\u00a0when the Austrian Emperor Frederick III gave them the right to trade. You can create a cute bouquet from miniature dry wooden ware items, which will have a touch of the past and the present in it.\" \/>\n<meta property=\"og:url\" content=\"https:\/\/skrina.si\/en\/product\/diy-bouquet-2\/\" \/>\n<meta property=\"og:site_name\" content=\"Etnogalerija Skrina\" \/>\n<meta property=\"article:modified_time\" content=\"2024-09-20T22:35:14+00:00\" \/>\n<meta property=\"og:image\" content=\"https:\/\/skrina.si\/wp-content\/uploads\/2024\/09\/SOPEK-NASLOVNA-ANG3.jpg\" \/>\n\t<meta property=\"og:image:width\" content=\"2000\" \/>\n\t<meta property=\"og:image:height\" content=\"1500\" \/>\n\t<meta property=\"og:image:type\" content=\"image\/jpeg\" \/>\n<meta name=\"twitter:card\" content=\"summary_large_image\" \/>\n<meta name=\"twitter:label1\" content=\"Estimated reading time\" \/>\n\t<meta name=\"twitter:data1\" content=\"1 minute\" \/>\n<script type=\"application\/ld+json\" class=\"yoast-schema-graph\">{\"@context\":\"https:\/\/schema.org\",\"@graph\":[{\"@type\":\"WebPage\",\"@id\":\"https:\/\/skrina.si\/en\/product\/diy-bouquet-2\/\",\"url\":\"https:\/\/skrina.si\/en\/product\/diy-bouquet-2\/\",\"name\":\"[:en]DIY BOUQUET[:sl]SUHOROBARSKI \u0160OPEK[:] - Etnogalerija Skrina\",\"isPartOf\":{\"@id\":\"https:\/\/skrina.si\/en\/#website\"},\"datePublished\":\"2024-09-20T22:20:48+00:00\",\"dateModified\":\"2024-09-20T22:35:14+00:00\",\"breadcrumb\":{\"@id\":\"https:\/\/skrina.si\/en\/product\/diy-bouquet-2\/#breadcrumb\"},\"inLanguage\":\"en-GB\",\"potentialAction\":[{\"@type\":\"ReadAction\",\"target\":[\"https:\/\/skrina.si\/en\/product\/diy-bouquet-2\/\"]}]},{\"@type\":\"BreadcrumbList\",\"@id\":\"https:\/\/skrina.si\/en\/product\/diy-bouquet-2\/#breadcrumb\",\"itemListElement\":[{\"@type\":\"ListItem\",\"position\":1,\"name\":\"Home\",\"item\":\"https:\/\/skrina.si\/en\/\"},{\"@type\":\"ListItem\",\"position\":2,\"name\":\"Shop\",\"item\":\"https:\/\/skrina.si\/shop\/\"},{\"@type\":\"ListItem\",\"position\":3,\"name\":\"DIY BOUQUET\"}]},{\"@type\":\"WebSite\",\"@id\":\"https:\/\/skrina.si\/en\/#website\",\"url\":\"https:\/\/skrina.si\/en\/\",\"name\":\"Etnogalerija Skrina\",\"description\":\"Tradicija s posluhom\",\"potentialAction\":[{\"@type\":\"SearchAction\",\"target\":{\"@type\":\"EntryPoint\",\"urlTemplate\":\"https:\/\/skrina.si\/en\/?s={search_term_string}\"},\"query-input\":\"required name=search_term_string\"}],\"inLanguage\":\"en-GB\"}]}<\/script>\n<!-- \/ Yoast SEO plugin. -->","yoast_head_json":{"title":"DIY BOUQUET - Etnogalerija Skrina","robots":{"index":"index","follow":"follow","max-snippet":"max-snippet:-1","max-image-preview":"max-image-preview:large","max-video-preview":"max-video-preview:-1"},"canonical":"https:\/\/skrina.si\/en\/product\/diy-bouquet-2\/","og_locale":"en_GB","og_type":"article","og_title":"[:en]DIY BOUQUET[:sl]SUHOROBARSKI \u0160OPEK[:] - Etnogalerija Skrina","og_description":"[:en]In the Ribnica Valley, handicraft knowledge has been passed down from generation to generation for several centuries. At first, it was simple products made with saws, axes, and knives, but later the crafts became more and more complex. Usually, a single household or even a single village is confined to a single craft \u2013 making sieves, spoons, toothpicks, etc. Over time, the term \u201cdry wooden ware\u201d came to be used for all these crafts, and is still known in much of Europe today, with which the craftsmen of Ribnica have been involved since 1492\u00a0when the Austrian Emperor Frederick III gave them the right to trade. You can create a cute bouquet from miniature dry wooden ware items, which will have a touch of the past and the present in it.[:sl]V Ribni\u0161ki dolini prehaja rokodelsko znanje iz roda v rod \u017ee ve\u010d stoletij. Sprva je \u0161lo za preproste izdelke, narejene z \u017eagami, sekirami in no\u017ei, kasneje pa za vedno bolj kompleksne obrti. Obi\u010dajno se je ena doma\u010dija, ali celo posamezna vas omejila le na eno obrt \u2013 na izdelovanje re\u0161et, \u0161kafov, \u017elic, zobotrebcev\u2026 S \u010dasoma se je za vse te obrti uveljavil izraz \u00bbSuha roba\u00ab in vse do dana\u0161njih dni ga pozna tudi velik del Evrope, s katero ribni\u0161ki rokodelci sodelujejo \u017ee od leta 1492, ko jim je dal avstrijski cesar Friderik III pravico prostega trgovanja s suho robo. Iz miniaturnih predmetov suhe robe lahko ustvarite simpati\u010den suhorobarski \u0161opek, ki bo imel v sebi pridih preteklosti in sedanjosti.[:]","og_url":"https:\/\/skrina.si\/en\/product\/diy-bouquet-2\/","og_site_name":"Etnogalerija Skrina","article_modified_time":"2024-09-20T22:35:14+00:00","og_image":[{"width":2000,"height":1500,"url":"https:\/\/skrina.si\/wp-content\/uploads\/2024\/09\/SOPEK-NASLOVNA-ANG3.jpg","type":"image\/jpeg"}],"twitter_card":"summary_large_image","twitter_misc":{"Estimated reading time":"1 minute"},"schema":{"@context":"https:\/\/schema.org","@graph":[{"@type":"WebPage","@id":"https:\/\/skrina.si\/en\/product\/diy-bouquet-2\/","url":"https:\/\/skrina.si\/en\/product\/diy-bouquet-2\/","name":"[:en]DIY BOUQUET[:sl]SUHOROBARSKI \u0160OPEK[:] - Etnogalerija Skrina","isPartOf":{"@id":"https:\/\/skrina.si\/en\/#website"},"datePublished":"2024-09-20T22:20:48+00:00","dateModified":"2024-09-20T22:35:14+00:00","breadcrumb":{"@id":"https:\/\/skrina.si\/en\/product\/diy-bouquet-2\/#breadcrumb"},"inLanguage":"en-GB","potentialAction":[{"@type":"ReadAction","target":["https:\/\/skrina.si\/en\/product\/diy-bouquet-2\/"]}]},{"@type":"BreadcrumbList","@id":"https:\/\/skrina.si\/en\/product\/diy-bouquet-2\/#breadcrumb","itemListElement":[{"@type":"ListItem","position":1,"name":"Home","item":"https:\/\/skrina.si\/en\/"},{"@type":"ListItem","position":2,"name":"Shop","item":"https:\/\/skrina.si\/shop\/"},{"@type":"ListItem","position":3,"name":"DIY BOUQUET"}]},{"@type":"WebSite","@id":"https:\/\/skrina.si\/en\/#website","url":"https:\/\/skrina.si\/en\/","name":"Etnogalerija Skrina","description":"Tradicija s posluhom","potentialAction":[{"@type":"SearchAction","target":{"@type":"EntryPoint","urlTemplate":"https:\/\/skrina.si\/en\/?s={search_term_string}"},"query-input":"required name=search_term_string"}],"inLanguage":"en-GB"}]}},"_links":{"self":[{"href":"https:\/\/skrina.si\/en\/wp-json\/wp\/v2\/product\/17273"}],"collection":[{"href":"https:\/\/skrina.si\/en\/wp-json\/wp\/v2\/product"}],"about":[{"href":"https:\/\/skrina.si\/en\/wp-json\/wp\/v2\/types\/product"}],"wp:featuredmedia":[{"embeddable":true,"href":"https:\/\/skrina.si\/en\/wp-json\/wp\/v2\/media\/17242"}],"wp:attachment":[{"href":"https:\/\/skrina.si\/en\/wp-json\/wp\/v2\/media?parent=17273"}],"wp:term":[{"taxonomy":"product_cat","embeddable":true,"href":"https:\/\/skrina.si\/en\/wp-json\/wp\/v2\/product_cat?post=17273"},{"taxonomy":"product_tag","embeddable":true,"href":"https:\/\/skrina.si\/en\/wp-json\/wp\/v2\/product_tag?post=17273"}],"curies":[{"name":"wp","href":"https:\/\/api.w.org\/{rel}","templated":true}]}}