{"id":17260,"date":"2024-09-20T22:53:17","date_gmt":"2024-09-20T20:53:17","guid":{"rendered":"https:\/\/skrina.si\/en\/?post_type=product&#038;p=17260"},"modified":"2024-09-20T23:28:02","modified_gmt":"2024-09-20T21:28:02","slug":"scurkov-skedenj-cockroach-barn","status":"publish","type":"product","link":"https:\/\/skrina.si\/en\/product\/scurkov-skedenj-cockroach-barn\/","title":{"rendered":"\u201c\u0160\u010cURKOV SKEDENJ\u201d (COCKROACH BARN)"},"content":{"rendered":"","protected":false},"excerpt":{"rendered":"<h5 style=\"text-align: justify;\">Looking far into the past can teach and inspire us, especially in the field of folk traditions.<br \/>\nAt the SKRINA Ethno Gallery, we are trying to keep it alive, which is why we have prepared a toy <em><strong>\u201c\u0160\u010durkov skedenj\u201d<\/strong><\/em> (a cockroach barn) for you, which the children made themselves in a rural setting.<br \/>\nDuring the grazing season, they passed the time by making various toys, most often out of linden and oak wood.<br \/>\nOne of these is the cockroach barn puzzle, which is made of six boards carved in different ways and assembled in the shape of a stick flower. If the toy is taken apart, it is difficult to put it back together.<br \/>\nAlthough our taste has changed in many ways in recent decades, the cockroach barn is still an interesting didactic toy and proof that people&#8217;s lives in earlier times were richer than we imagine today.<\/h5>\n","protected":false},"featured_media":17236,"template":"","meta":{"_monsterinsights_skip_tracking":false,"_monsterinsights_sitenote_active":false,"_monsterinsights_sitenote_note":"","_monsterinsights_sitenote_category":0},"product_cat":[3206,1623],"product_tag":[],"aioseo_notices":[],"yoast_head":"<!-- This site is optimized with the Yoast SEO plugin v22.1 - https:\/\/yoast.com\/wordpress\/plugins\/seo\/ -->\n<title>\u201c\u0160\u010cURKOV SKEDENJ\u201d (COCKROACH BARN) - Etnogalerija Skrina<\/title>\n<meta name=\"robots\" content=\"index, follow, max-snippet:-1, max-image-preview:large, max-video-preview:-1\" \/>\n<link rel=\"canonical\" href=\"https:\/\/skrina.si\/en\/product\/scurkov-skedenj-cockroach-barn\/\" \/>\n<meta property=\"og:locale\" content=\"en_GB\" \/>\n<meta property=\"og:locale:alternate\" content=\"sl_SI\" \/>\n<meta property=\"og:type\" content=\"article\" \/>\n<meta property=\"og:title\" content=\"\u201c\u0160\u010cURKOV SKEDENJ\u201d (COCKROACH BARN)\" \/>\n<meta property=\"og:description\" content=\"Looking far into the past can teach and inspire us, especially in the field of folk traditions. At the SKRINA Ethno Gallery, we are trying to keep it alive, which is why we have prepared a toy \u201c\u0160\u010durkov skedenj\u201d (a cockroach barn) for you, which the children made themselves in a rural setting. During the grazing season, they passed the time by making various toys, most often out of linden and oak wood. One of these is the cockroach barn puzzle, which is made of six boards carved in different ways and assembled in the shape of a stick flower. If the toy is taken apart, it is difficult to put it back together. Although our taste has changed in many ways in recent decades, the cockroach barn is still an interesting didactic toy and proof that people&#039;s lives in earlier times were richer than we imagine today.\" \/>\n<meta property=\"og:url\" content=\"https:\/\/skrina.si\/en\/product\/scurkov-skedenj-cockroach-barn\/\" \/>\n<meta property=\"og:site_name\" content=\"Etnogalerija Skrina\" \/>\n<meta property=\"article:modified_time\" content=\"2024-09-20T21:28:02+00:00\" \/>\n<meta property=\"og:image\" content=\"https:\/\/skrina.si\/wp-content\/uploads\/2024\/09\/SCURKOV-SKEDENJ-1.jpg\" \/>\n\t<meta property=\"og:image:width\" content=\"2000\" \/>\n\t<meta property=\"og:image:height\" content=\"1500\" \/>\n\t<meta property=\"og:image:type\" content=\"image\/jpeg\" \/>\n<meta name=\"twitter:card\" content=\"summary_large_image\" \/>\n<meta name=\"twitter:label1\" content=\"Estimated reading time\" \/>\n\t<meta name=\"twitter:data1\" content=\"1 minute\" \/>\n<script type=\"application\/ld+json\" class=\"yoast-schema-graph\">{\"@context\":\"https:\/\/schema.org\",\"@graph\":[{\"@type\":\"WebPage\",\"@id\":\"https:\/\/skrina.si\/en\/product\/scurkov-skedenj-cockroach-barn\/\",\"url\":\"https:\/\/skrina.si\/en\/product\/scurkov-skedenj-cockroach-barn\/\",\"name\":\"[:en]\u201c\u0160\u010cURKOV SKEDENJ\u201d (COCKROACH BARN)[:sl]SUHOROBARSKI \u0160OPEK[:] - Etnogalerija Skrina\",\"isPartOf\":{\"@id\":\"https:\/\/skrina.si\/en\/#website\"},\"datePublished\":\"2024-09-20T20:53:17+00:00\",\"dateModified\":\"2024-09-20T21:28:02+00:00\",\"breadcrumb\":{\"@id\":\"https:\/\/skrina.si\/en\/product\/scurkov-skedenj-cockroach-barn\/#breadcrumb\"},\"inLanguage\":\"en-GB\",\"potentialAction\":[{\"@type\":\"ReadAction\",\"target\":[\"https:\/\/skrina.si\/en\/product\/scurkov-skedenj-cockroach-barn\/\"]}]},{\"@type\":\"BreadcrumbList\",\"@id\":\"https:\/\/skrina.si\/en\/product\/scurkov-skedenj-cockroach-barn\/#breadcrumb\",\"itemListElement\":[{\"@type\":\"ListItem\",\"position\":1,\"name\":\"Home\",\"item\":\"https:\/\/skrina.si\/en\/\"},{\"@type\":\"ListItem\",\"position\":2,\"name\":\"Shop\",\"item\":\"https:\/\/skrina.si\/shop\/\"},{\"@type\":\"ListItem\",\"position\":3,\"name\":\"\u201c\u0160\u010cURKOV SKEDENJ\u201d (COCKROACH BARN)\"}]},{\"@type\":\"WebSite\",\"@id\":\"https:\/\/skrina.si\/en\/#website\",\"url\":\"https:\/\/skrina.si\/en\/\",\"name\":\"Etnogalerija Skrina\",\"description\":\"Tradicija s posluhom\",\"potentialAction\":[{\"@type\":\"SearchAction\",\"target\":{\"@type\":\"EntryPoint\",\"urlTemplate\":\"https:\/\/skrina.si\/en\/?s={search_term_string}\"},\"query-input\":\"required name=search_term_string\"}],\"inLanguage\":\"en-GB\"}]}<\/script>\n<!-- \/ Yoast SEO plugin. -->","yoast_head_json":{"title":"\u201c\u0160\u010cURKOV SKEDENJ\u201d (COCKROACH BARN) - Etnogalerija Skrina","robots":{"index":"index","follow":"follow","max-snippet":"max-snippet:-1","max-image-preview":"max-image-preview:large","max-video-preview":"max-video-preview:-1"},"canonical":"https:\/\/skrina.si\/en\/product\/scurkov-skedenj-cockroach-barn\/","og_locale":"en_GB","og_type":"article","og_title":"[:en]\u201c\u0160\u010cURKOV SKEDENJ\u201d (COCKROACH BARN)[:sl]SUHOROBARSKI \u0160OPEK[:] - Etnogalerija Skrina","og_description":"[:en]Looking far into the past can teach and inspire us, especially in the field of folk traditions. At the SKRINA Ethno Gallery, we are trying to keep it alive, which is why we have prepared a toy \u201c\u0160\u010durkov skedenj\u201d (a cockroach barn) for you, which the children made themselves in a rural setting. During the grazing season, they passed the time by making various toys, most often out of linden and oak wood. One of these is the cockroach barn puzzle, which is made of six boards carved in different ways and assembled in the shape of a stick flower. If the toy is taken apart, it is difficult to put it back together. Although our taste has changed in many ways in recent decades, the cockroach barn is still an interesting didactic toy and proof that people's lives in earlier times were richer than we imagine today.[:sl]V Ribni\u0161ki dolini prehaja rokodelsko znanje iz roda v rod \u017ee ve\u010d stoletij. Sprva je \u0161lo za preproste izdelke, narejene z \u017eagami, sekirami in no\u017ei, kasneje pa za vedno bolj kompleksne obrti. Obi\u010dajno se je ena doma\u010dija, ali celo posamezna vas omejila le na eno obrt \u2013 na izdelovanje re\u0161et, \u0161kafov, \u017elic, zobotrebcev\u2026 S \u010dasoma se je za vse te obrti uveljavil izraz \u00bbSuha roba\u00ab in vse do dana\u0161njih dni ga pozna tudi velik del Evrope, s katero ribni\u0161ki rokodelci sodelujejo \u017ee od leta 1492, ko jim je dal avstrijski cesar Friderik III pravico prostega trgovanja s suho robo. Iz miniaturnih predmetov suhe robe lahko ustvarite simpati\u010den suhorobarski \u0161opek, ki bo imel v sebi pridih preteklosti in sedanjosti.[:]","og_url":"https:\/\/skrina.si\/en\/product\/scurkov-skedenj-cockroach-barn\/","og_site_name":"Etnogalerija Skrina","article_modified_time":"2024-09-20T21:28:02+00:00","og_image":[{"width":2000,"height":1500,"url":"https:\/\/skrina.si\/wp-content\/uploads\/2024\/09\/SCURKOV-SKEDENJ-1.jpg","type":"image\/jpeg"}],"twitter_card":"summary_large_image","twitter_misc":{"Estimated reading time":"1 minute"},"schema":{"@context":"https:\/\/schema.org","@graph":[{"@type":"WebPage","@id":"https:\/\/skrina.si\/en\/product\/scurkov-skedenj-cockroach-barn\/","url":"https:\/\/skrina.si\/en\/product\/scurkov-skedenj-cockroach-barn\/","name":"[:en]\u201c\u0160\u010cURKOV SKEDENJ\u201d (COCKROACH BARN)[:sl]SUHOROBARSKI \u0160OPEK[:] - Etnogalerija Skrina","isPartOf":{"@id":"https:\/\/skrina.si\/en\/#website"},"datePublished":"2024-09-20T20:53:17+00:00","dateModified":"2024-09-20T21:28:02+00:00","breadcrumb":{"@id":"https:\/\/skrina.si\/en\/product\/scurkov-skedenj-cockroach-barn\/#breadcrumb"},"inLanguage":"en-GB","potentialAction":[{"@type":"ReadAction","target":["https:\/\/skrina.si\/en\/product\/scurkov-skedenj-cockroach-barn\/"]}]},{"@type":"BreadcrumbList","@id":"https:\/\/skrina.si\/en\/product\/scurkov-skedenj-cockroach-barn\/#breadcrumb","itemListElement":[{"@type":"ListItem","position":1,"name":"Home","item":"https:\/\/skrina.si\/en\/"},{"@type":"ListItem","position":2,"name":"Shop","item":"https:\/\/skrina.si\/shop\/"},{"@type":"ListItem","position":3,"name":"\u201c\u0160\u010cURKOV SKEDENJ\u201d (COCKROACH BARN)"}]},{"@type":"WebSite","@id":"https:\/\/skrina.si\/en\/#website","url":"https:\/\/skrina.si\/en\/","name":"Etnogalerija Skrina","description":"Tradicija s posluhom","potentialAction":[{"@type":"SearchAction","target":{"@type":"EntryPoint","urlTemplate":"https:\/\/skrina.si\/en\/?s={search_term_string}"},"query-input":"required name=search_term_string"}],"inLanguage":"en-GB"}]}},"_links":{"self":[{"href":"https:\/\/skrina.si\/en\/wp-json\/wp\/v2\/product\/17260"}],"collection":[{"href":"https:\/\/skrina.si\/en\/wp-json\/wp\/v2\/product"}],"about":[{"href":"https:\/\/skrina.si\/en\/wp-json\/wp\/v2\/types\/product"}],"wp:featuredmedia":[{"embeddable":true,"href":"https:\/\/skrina.si\/en\/wp-json\/wp\/v2\/media\/17236"}],"wp:attachment":[{"href":"https:\/\/skrina.si\/en\/wp-json\/wp\/v2\/media?parent=17260"}],"wp:term":[{"taxonomy":"product_cat","embeddable":true,"href":"https:\/\/skrina.si\/en\/wp-json\/wp\/v2\/product_cat?post=17260"},{"taxonomy":"product_tag","embeddable":true,"href":"https:\/\/skrina.si\/en\/wp-json\/wp\/v2\/product_tag?post=17260"}],"curies":[{"name":"wp","href":"https:\/\/api.w.org\/{rel}","templated":true}]}}