{"id":17259,"date":"2024-09-20T22:37:26","date_gmt":"2024-09-20T20:37:26","guid":{"rendered":"https:\/\/skrina.si\/en\/?post_type=product&#038;p=17259"},"modified":"2024-09-20T22:43:55","modified_gmt":"2024-09-20T20:43:55","slug":"pastirska-soncna-ura","status":"publish","type":"product","link":"https:\/\/skrina.si\/en\/product\/pastirska-soncna-ura\/","title":{"rendered":"SHEPHERD SUNDIAL"},"content":{"rendered":"","protected":false},"excerpt":{"rendered":"<h5 style=\"text-align: justify;\">Clarity, ingenuity, and a sense of observation are the qualities that a shepherd on <strong><em>Velika Planina<\/em><\/strong> must have had when he made (and used) a wooden pocket sundial.<br \/>\nFrom wood, he carved a palm-sized wooden board in the shape of a crescent moon. On it, he burnt notches in a semicircle to represent clocks and drilled 13 holes.<br \/>\nInto the middle hole he stuck a tiny stick, which casts a shadow in the sun along the board. Every <strong><em>14 days<\/em><\/strong> he stuck the stick in a different hole to set the time.<br \/>\nHe marked the morning time with <strong><em>Arabic<\/em><\/strong> numerals and the afternoon time with <strong><em>Roman.<br \/>\n<\/em><\/strong>Sundials were made and used until the Second World War.<\/h5>\n","protected":false},"featured_media":3095,"template":"","meta":{"_monsterinsights_skip_tracking":false,"_monsterinsights_sitenote_active":false,"_monsterinsights_sitenote_note":"","_monsterinsights_sitenote_category":0},"product_cat":[196,103],"product_tag":[],"aioseo_notices":[],"yoast_head":"<!-- This site is optimized with the Yoast SEO plugin v22.1 - https:\/\/yoast.com\/wordpress\/plugins\/seo\/ -->\n<title>SHEPHERD SUNDIAL - Etnogalerija Skrina<\/title>\n<meta name=\"robots\" content=\"index, follow, max-snippet:-1, max-image-preview:large, max-video-preview:-1\" \/>\n<link rel=\"canonical\" href=\"https:\/\/skrina.si\/en\/product\/pastirska-soncna-ura\/\" \/>\n<meta property=\"og:locale\" content=\"en_GB\" \/>\n<meta property=\"og:locale:alternate\" content=\"sl_SI\" \/>\n<meta property=\"og:type\" content=\"article\" \/>\n<meta property=\"og:title\" content=\"SHEPHERD SUNDIAL\" \/>\n<meta property=\"og:description\" content=\"Clarity, ingenuity, and a sense of observation are the qualities that a shepherd on Velika Planina must have had when he made (and used) a wooden pocket sundial. From wood, he carved a palm-sized wooden board in the shape of a crescent moon. On it, he burnt notches in a semicircle to represent clocks and drilled 13 holes. Into the middle hole he stuck a tiny stick, which casts a shadow in the sun along the board. Every 14 days he stuck the stick in a different hole to set the time. He marked the morning time with Arabic numerals and the afternoon time with Roman. Sundials were made and used until the Second World War.\" \/>\n<meta property=\"og:url\" content=\"https:\/\/skrina.si\/en\/product\/pastirska-soncna-ura\/\" \/>\n<meta property=\"og:site_name\" content=\"Etnogalerija Skrina\" \/>\n<meta property=\"article:modified_time\" content=\"2024-09-20T20:43:55+00:00\" \/>\n<meta property=\"og:image\" content=\"https:\/\/skrina.si\/wp-content\/uploads\/2021\/06\/Pastirska-soncna-ura.jpg\" \/>\n\t<meta property=\"og:image:width\" content=\"2000\" \/>\n\t<meta property=\"og:image:height\" content=\"1500\" \/>\n\t<meta property=\"og:image:type\" content=\"image\/jpeg\" \/>\n<meta name=\"twitter:card\" content=\"summary_large_image\" \/>\n<meta name=\"twitter:label1\" content=\"Estimated reading time\" \/>\n\t<meta name=\"twitter:data1\" content=\"1 minute\" \/>\n<script type=\"application\/ld+json\" class=\"yoast-schema-graph\">{\"@context\":\"https:\/\/schema.org\",\"@graph\":[{\"@type\":\"WebPage\",\"@id\":\"https:\/\/skrina.si\/en\/product\/pastirska-soncna-ura\/\",\"url\":\"https:\/\/skrina.si\/en\/product\/pastirska-soncna-ura\/\",\"name\":\"[:en]SHEPHERD SUNDIAL[:sl]PASTIRSKA SON\u010cNA URA[:] - Etnogalerija Skrina\",\"isPartOf\":{\"@id\":\"https:\/\/skrina.si\/en\/#website\"},\"datePublished\":\"2024-09-20T20:37:26+00:00\",\"dateModified\":\"2024-09-20T20:43:55+00:00\",\"breadcrumb\":{\"@id\":\"https:\/\/skrina.si\/en\/product\/pastirska-soncna-ura\/#breadcrumb\"},\"inLanguage\":\"en-GB\",\"potentialAction\":[{\"@type\":\"ReadAction\",\"target\":[\"https:\/\/skrina.si\/en\/product\/pastirska-soncna-ura\/\"]}]},{\"@type\":\"BreadcrumbList\",\"@id\":\"https:\/\/skrina.si\/en\/product\/pastirska-soncna-ura\/#breadcrumb\",\"itemListElement\":[{\"@type\":\"ListItem\",\"position\":1,\"name\":\"Home\",\"item\":\"https:\/\/skrina.si\/en\/\"},{\"@type\":\"ListItem\",\"position\":2,\"name\":\"Shop\",\"item\":\"https:\/\/skrina.si\/shop\/\"},{\"@type\":\"ListItem\",\"position\":3,\"name\":\"PASTIRSKA SON\u010cNA URA\"}]},{\"@type\":\"WebSite\",\"@id\":\"https:\/\/skrina.si\/en\/#website\",\"url\":\"https:\/\/skrina.si\/en\/\",\"name\":\"Etnogalerija Skrina\",\"description\":\"Tradicija s posluhom\",\"potentialAction\":[{\"@type\":\"SearchAction\",\"target\":{\"@type\":\"EntryPoint\",\"urlTemplate\":\"https:\/\/skrina.si\/en\/?s={search_term_string}\"},\"query-input\":\"required name=search_term_string\"}],\"inLanguage\":\"en-GB\"}]}<\/script>\n<!-- \/ Yoast SEO plugin. -->","yoast_head_json":{"title":"SHEPHERD SUNDIAL - Etnogalerija Skrina","robots":{"index":"index","follow":"follow","max-snippet":"max-snippet:-1","max-image-preview":"max-image-preview:large","max-video-preview":"max-video-preview:-1"},"canonical":"https:\/\/skrina.si\/en\/product\/pastirska-soncna-ura\/","og_locale":"en_GB","og_type":"article","og_title":"[:en]SHEPHERD SUNDIAL[:sl]PASTIRSKA SON\u010cNA URA[:] - Etnogalerija Skrina","og_description":"[:en]Clarity, ingenuity, and a sense of observation are the qualities that a shepherd on Velika Planina must have had when he made (and used) a wooden pocket sundial. From wood, he carved a palm-sized wooden board in the shape of a crescent moon. On it, he burnt notches in a semicircle to represent clocks and drilled 13 holes. Into the middle hole he stuck a tiny stick, which casts a shadow in the sun along the board. Every 14 days he stuck the stick in a different hole to set the time. He marked the morning time with Arabic numerals and the afternoon time with Roman. Sundials were made and used until the Second World War.[:sl]Bistrost, iznajdljivost in \u010dut za opazovanje so lastnosti, ki so jih moral imeti pastir na\u00a0 Veliki planini, ko je\u00a0 izdelal (in uporabljal) leseno \u017eepno son\u010dno uro. Iz lesa je izrezljal za dlan veliko leseno de\u0161\u010dico v obliki polmeseca. \u00a0Nanjo je v polkrogu v\u017egal zareze, ki so pomenile ure in izvrtal 13 lukenj. V srednjo luknjo je zataknil lahko pali\u010dico, ki v soncu me\u010de senco, po de\u0161\u010dici. Vsakih 14 dni je zatikal pali\u010dico v drugo luknjo in tako dolo\u010dal \u010das. Dopoldanski \u010das je ozna\u010dil z arabskimi, popoldanski pa rimskimi \u0161tevilkami. Son\u010dne ure so izdelovali in uporabljali do druge svetovne vojne.[:]","og_url":"https:\/\/skrina.si\/en\/product\/pastirska-soncna-ura\/","og_site_name":"Etnogalerija Skrina","article_modified_time":"2024-09-20T20:43:55+00:00","og_image":[{"width":2000,"height":1500,"url":"https:\/\/skrina.si\/wp-content\/uploads\/2021\/06\/Pastirska-soncna-ura.jpg","type":"image\/jpeg"}],"twitter_card":"summary_large_image","twitter_misc":{"Estimated reading time":"1 minute"},"schema":{"@context":"https:\/\/schema.org","@graph":[{"@type":"WebPage","@id":"https:\/\/skrina.si\/en\/product\/pastirska-soncna-ura\/","url":"https:\/\/skrina.si\/en\/product\/pastirska-soncna-ura\/","name":"[:en]SHEPHERD SUNDIAL[:sl]PASTIRSKA SON\u010cNA URA[:] - Etnogalerija Skrina","isPartOf":{"@id":"https:\/\/skrina.si\/en\/#website"},"datePublished":"2024-09-20T20:37:26+00:00","dateModified":"2024-09-20T20:43:55+00:00","breadcrumb":{"@id":"https:\/\/skrina.si\/en\/product\/pastirska-soncna-ura\/#breadcrumb"},"inLanguage":"en-GB","potentialAction":[{"@type":"ReadAction","target":["https:\/\/skrina.si\/en\/product\/pastirska-soncna-ura\/"]}]},{"@type":"BreadcrumbList","@id":"https:\/\/skrina.si\/en\/product\/pastirska-soncna-ura\/#breadcrumb","itemListElement":[{"@type":"ListItem","position":1,"name":"Home","item":"https:\/\/skrina.si\/en\/"},{"@type":"ListItem","position":2,"name":"Shop","item":"https:\/\/skrina.si\/shop\/"},{"@type":"ListItem","position":3,"name":"PASTIRSKA SON\u010cNA URA"}]},{"@type":"WebSite","@id":"https:\/\/skrina.si\/en\/#website","url":"https:\/\/skrina.si\/en\/","name":"Etnogalerija Skrina","description":"Tradicija s posluhom","potentialAction":[{"@type":"SearchAction","target":{"@type":"EntryPoint","urlTemplate":"https:\/\/skrina.si\/en\/?s={search_term_string}"},"query-input":"required name=search_term_string"}],"inLanguage":"en-GB"}]}},"_links":{"self":[{"href":"https:\/\/skrina.si\/en\/wp-json\/wp\/v2\/product\/17259"}],"collection":[{"href":"https:\/\/skrina.si\/en\/wp-json\/wp\/v2\/product"}],"about":[{"href":"https:\/\/skrina.si\/en\/wp-json\/wp\/v2\/types\/product"}],"wp:featuredmedia":[{"embeddable":true,"href":"https:\/\/skrina.si\/en\/wp-json\/wp\/v2\/media\/3095"}],"wp:attachment":[{"href":"https:\/\/skrina.si\/en\/wp-json\/wp\/v2\/media?parent=17259"}],"wp:term":[{"taxonomy":"product_cat","embeddable":true,"href":"https:\/\/skrina.si\/en\/wp-json\/wp\/v2\/product_cat?post=17259"},{"taxonomy":"product_tag","embeddable":true,"href":"https:\/\/skrina.si\/en\/wp-json\/wp\/v2\/product_tag?post=17259"}],"curies":[{"name":"wp","href":"https:\/\/api.w.org\/{rel}","templated":true}]}}