{"id":17257,"date":"2024-09-20T22:27:22","date_gmt":"2024-09-20T20:27:22","guid":{"rendered":"https:\/\/skrina.si\/en\/?post_type=product&#038;p=17257"},"modified":"2024-09-20T22:33:18","modified_gmt":"2024-09-20T20:33:18","slug":"konjicek-gugalnik","status":"publish","type":"product","link":"https:\/\/skrina.si\/en\/product\/konjicek-gugalnik\/","title":{"rendered":"KONJI\u010cEK GUGALNIK"},"content":{"rendered":"","protected":false},"excerpt":{"rendered":"<h5 style=\"text-align: justify;\">The first toys in Slovenia were made of wood, as wood was a natural and easily accessible material. In the 19th century, wooden rocking horses were very popular &#8211; the only difference was whether they were home-made or bought. In the countryside, they mostly made them themselves, as the ones in the store were very expensive.<br \/>\nAt the beginning of the 20th century however, they became a mass-produced item as evidenced by an advertisement in one of the Ljubljana newspapers of the time: &#8220;Beautiful, durable rocking horses, various sizes for sale. I make them to order.&#8221;<br \/>\nDue to the healthy natural material, wooden toys are more and more desirable, especially in ecologically conscious families.<br \/>\nIn the SKRINA Etnogalerie, we have developed an <strong><em>assembled rocking horse<\/em><\/strong> for you, which is easy to transport and also <strong><em>suitable for sending by mail.<\/em><\/strong><\/h5>\n","protected":false},"featured_media":17220,"template":"","meta":{"_monsterinsights_skip_tracking":false,"_monsterinsights_sitenote_active":false,"_monsterinsights_sitenote_note":"","_monsterinsights_sitenote_category":0},"product_cat":[196,103],"product_tag":[],"aioseo_notices":[],"yoast_head":"<!-- This site is optimized with the Yoast SEO plugin v22.1 - https:\/\/yoast.com\/wordpress\/plugins\/seo\/ -->\n<title>KONJI\u010cEK GUGALNIK - Etnogalerija Skrina<\/title>\n<meta name=\"robots\" content=\"index, follow, max-snippet:-1, max-image-preview:large, max-video-preview:-1\" \/>\n<link rel=\"canonical\" href=\"https:\/\/skrina.si\/en\/product\/konjicek-gugalnik\/\" \/>\n<meta property=\"og:locale\" content=\"en_GB\" \/>\n<meta property=\"og:locale:alternate\" content=\"sl_SI\" \/>\n<meta property=\"og:type\" content=\"article\" \/>\n<meta property=\"og:title\" content=\"KONJI\u010cEK GUGALNIK\" \/>\n<meta property=\"og:description\" content=\"The first toys in Slovenia were made of wood, as wood was a natural and easily accessible material. In the 19th century, wooden rocking horses were very popular - the only difference was whether they were home-made or bought. In the countryside, they mostly made them themselves, as the ones in the store were very expensive. At the beginning of the 20th century however, they became a mass-produced item as evidenced by an advertisement in one of the Ljubljana newspapers of the time: &quot;Beautiful, durable rocking horses, various sizes for sale. I make them to order.&quot; Due to the healthy natural material, wooden toys are more and more desirable, especially in ecologically conscious families. In the SKRINA Etnogalerie, we have developed an assembled rocking horse for you, which is easy to transport and also suitable for sending by mail.\" \/>\n<meta property=\"og:url\" content=\"https:\/\/skrina.si\/en\/product\/konjicek-gugalnik\/\" \/>\n<meta property=\"og:site_name\" content=\"Etnogalerija Skrina\" \/>\n<meta property=\"article:modified_time\" content=\"2024-09-20T20:33:18+00:00\" \/>\n<meta property=\"og:image\" content=\"https:\/\/skrina.si\/wp-content\/uploads\/2024\/09\/KONJICEK-GUGALNIK-SESTAVLJEN.jpg\" \/>\n\t<meta property=\"og:image:width\" content=\"2000\" \/>\n\t<meta property=\"og:image:height\" content=\"1500\" \/>\n\t<meta property=\"og:image:type\" content=\"image\/jpeg\" \/>\n<meta name=\"twitter:card\" content=\"summary_large_image\" \/>\n<meta name=\"twitter:label1\" content=\"Estimated reading time\" \/>\n\t<meta name=\"twitter:data1\" content=\"1 minute\" \/>\n<script type=\"application\/ld+json\" class=\"yoast-schema-graph\">{\"@context\":\"https:\/\/schema.org\",\"@graph\":[{\"@type\":\"WebPage\",\"@id\":\"https:\/\/skrina.si\/en\/product\/konjicek-gugalnik\/\",\"url\":\"https:\/\/skrina.si\/en\/product\/konjicek-gugalnik\/\",\"name\":\"[:en]KONJI\u010cEK GUGALNIK[:sl]KONJI\u010cEK GUGALNIK[:] - Etnogalerija Skrina\",\"isPartOf\":{\"@id\":\"https:\/\/skrina.si\/en\/#website\"},\"datePublished\":\"2024-09-20T20:27:22+00:00\",\"dateModified\":\"2024-09-20T20:33:18+00:00\",\"breadcrumb\":{\"@id\":\"https:\/\/skrina.si\/en\/product\/konjicek-gugalnik\/#breadcrumb\"},\"inLanguage\":\"en-GB\",\"potentialAction\":[{\"@type\":\"ReadAction\",\"target\":[\"https:\/\/skrina.si\/en\/product\/konjicek-gugalnik\/\"]}]},{\"@type\":\"BreadcrumbList\",\"@id\":\"https:\/\/skrina.si\/en\/product\/konjicek-gugalnik\/#breadcrumb\",\"itemListElement\":[{\"@type\":\"ListItem\",\"position\":1,\"name\":\"Home\",\"item\":\"https:\/\/skrina.si\/en\/\"},{\"@type\":\"ListItem\",\"position\":2,\"name\":\"Shop\",\"item\":\"https:\/\/skrina.si\/shop\/\"},{\"@type\":\"ListItem\",\"position\":3,\"name\":\"KONJI\u010cEK GUGALNIK\"}]},{\"@type\":\"WebSite\",\"@id\":\"https:\/\/skrina.si\/en\/#website\",\"url\":\"https:\/\/skrina.si\/en\/\",\"name\":\"Etnogalerija Skrina\",\"description\":\"Tradicija s posluhom\",\"potentialAction\":[{\"@type\":\"SearchAction\",\"target\":{\"@type\":\"EntryPoint\",\"urlTemplate\":\"https:\/\/skrina.si\/en\/?s={search_term_string}\"},\"query-input\":\"required name=search_term_string\"}],\"inLanguage\":\"en-GB\"}]}<\/script>\n<!-- \/ Yoast SEO plugin. -->","yoast_head_json":{"title":"KONJI\u010cEK GUGALNIK - Etnogalerija Skrina","robots":{"index":"index","follow":"follow","max-snippet":"max-snippet:-1","max-image-preview":"max-image-preview:large","max-video-preview":"max-video-preview:-1"},"canonical":"https:\/\/skrina.si\/en\/product\/konjicek-gugalnik\/","og_locale":"en_GB","og_type":"article","og_title":"[:en]KONJI\u010cEK GUGALNIK[:sl]KONJI\u010cEK GUGALNIK[:] - Etnogalerija Skrina","og_description":"[:en]The first toys in Slovenia were made of wood, as wood was a natural and easily accessible material. In the 19th century, wooden rocking horses were very popular - the only difference was whether they were home-made or bought. In the countryside, they mostly made them themselves, as the ones in the store were very expensive. At the beginning of the 20th century however, they became a mass-produced item as evidenced by an advertisement in one of the Ljubljana newspapers of the time: \"Beautiful, durable rocking horses, various sizes for sale. I make them to order.\" Due to the healthy natural material, wooden toys are more and more desirable, especially in ecologically conscious families. In the SKRINA Etnogalerie, we have developed an assembled rocking horse for you, which is easy to transport and also suitable for sending by mail.[:sl]Prve igra\u010de na Slovenskem so bile narejene iz lesa, saj je bil les naraven in lahko dostopen material. V 19.stoletju so bili zelo priljubljeni leseni gugalni konji\u010dki - edina razlika je bila v tem, ali so bili izdelani doma ali kupljeni. Na pode\u017eelju so si jih ve\u010dinoma naredili sami, saj so bili tisti v trgovini zelo dragi. Sredi tridesetih let 20. stoletja pa je ta igra\u010da postala pa so jih \u00a0za\u010deli mno\u017ei\u010dno izdelovati, o \u010demer pri\u010da tudi oglas v enem od tedanjih ljubljanskih \u010dasopisov: \u00bbLepe, trpe\u017ene gugalne konji\u010dke, razne velikosti prodam. Iste izdelujem po naro\u010dilu.\u00ab Lesene igra\u010de so prav zaradi zdravega naravnega materiala, spet vedno bolj za\u017eelene, predvsem v ekolo\u0161ko ozave\u0161\u010denih dru\u017einah. V Etno galeriji SKRINA smo za vas razvili sestavljiv konji\u010dek gugalnik, ki je enostaven za transport in primeren tudi za po\u0161iljanje po po\u0161ti.[:]","og_url":"https:\/\/skrina.si\/en\/product\/konjicek-gugalnik\/","og_site_name":"Etnogalerija Skrina","article_modified_time":"2024-09-20T20:33:18+00:00","og_image":[{"width":2000,"height":1500,"url":"https:\/\/skrina.si\/wp-content\/uploads\/2024\/09\/KONJICEK-GUGALNIK-SESTAVLJEN.jpg","type":"image\/jpeg"}],"twitter_card":"summary_large_image","twitter_misc":{"Estimated reading time":"1 minute"},"schema":{"@context":"https:\/\/schema.org","@graph":[{"@type":"WebPage","@id":"https:\/\/skrina.si\/en\/product\/konjicek-gugalnik\/","url":"https:\/\/skrina.si\/en\/product\/konjicek-gugalnik\/","name":"[:en]KONJI\u010cEK GUGALNIK[:sl]KONJI\u010cEK GUGALNIK[:] - Etnogalerija Skrina","isPartOf":{"@id":"https:\/\/skrina.si\/en\/#website"},"datePublished":"2024-09-20T20:27:22+00:00","dateModified":"2024-09-20T20:33:18+00:00","breadcrumb":{"@id":"https:\/\/skrina.si\/en\/product\/konjicek-gugalnik\/#breadcrumb"},"inLanguage":"en-GB","potentialAction":[{"@type":"ReadAction","target":["https:\/\/skrina.si\/en\/product\/konjicek-gugalnik\/"]}]},{"@type":"BreadcrumbList","@id":"https:\/\/skrina.si\/en\/product\/konjicek-gugalnik\/#breadcrumb","itemListElement":[{"@type":"ListItem","position":1,"name":"Home","item":"https:\/\/skrina.si\/en\/"},{"@type":"ListItem","position":2,"name":"Shop","item":"https:\/\/skrina.si\/shop\/"},{"@type":"ListItem","position":3,"name":"KONJI\u010cEK GUGALNIK"}]},{"@type":"WebSite","@id":"https:\/\/skrina.si\/en\/#website","url":"https:\/\/skrina.si\/en\/","name":"Etnogalerija Skrina","description":"Tradicija s posluhom","potentialAction":[{"@type":"SearchAction","target":{"@type":"EntryPoint","urlTemplate":"https:\/\/skrina.si\/en\/?s={search_term_string}"},"query-input":"required name=search_term_string"}],"inLanguage":"en-GB"}]}},"_links":{"self":[{"href":"https:\/\/skrina.si\/en\/wp-json\/wp\/v2\/product\/17257"}],"collection":[{"href":"https:\/\/skrina.si\/en\/wp-json\/wp\/v2\/product"}],"about":[{"href":"https:\/\/skrina.si\/en\/wp-json\/wp\/v2\/types\/product"}],"wp:featuredmedia":[{"embeddable":true,"href":"https:\/\/skrina.si\/en\/wp-json\/wp\/v2\/media\/17220"}],"wp:attachment":[{"href":"https:\/\/skrina.si\/en\/wp-json\/wp\/v2\/media?parent=17257"}],"wp:term":[{"taxonomy":"product_cat","embeddable":true,"href":"https:\/\/skrina.si\/en\/wp-json\/wp\/v2\/product_cat?post=17257"},{"taxonomy":"product_tag","embeddable":true,"href":"https:\/\/skrina.si\/en\/wp-json\/wp\/v2\/product_tag?post=17257"}],"curies":[{"name":"wp","href":"https:\/\/api.w.org\/{rel}","templated":true}]}}