{"id":17035,"date":"2024-09-01T23:23:29","date_gmt":"2024-09-01T21:23:29","guid":{"rendered":"https:\/\/skrina.si\/en\/?post_type=product&#038;p=17035"},"modified":"2024-09-01T23:31:25","modified_gmt":"2024-09-01T21:31:25","slug":"istra-rossa-2","status":"publish","type":"product","link":"https:\/\/skrina.si\/en\/product\/istra-rossa-2\/","title":{"rendered":"Istra Rossa"},"content":{"rendered":"","protected":false},"excerpt":{"rendered":"<h5 style=\"text-align: justify;\">The artist <strong><em>Rok Zelenko<\/em><\/strong> works as a painter, ceramicist, and graphic artist. After graduating from the Academy of Fine Arts in Ljubljana, his home became <strong><em>Gro\u017enjan.<br \/>\n<\/em><\/strong>A small town in Istria with its softness, colors, and rich fauna and flora is his source of inspiration.<br \/>\nThe natural inventory (fish, birds, sea) is complemented by motifs from the <strong><em>ethnological heritage<\/em><\/strong> (masks, carnival) and fantasy characters that radiate playfulness and pure primal joy.<br \/>\nHis line-colour style is evident in his ceramics, which are mainly epic fantasy characters.<\/h5>\n<h6>Details:<\/h6>\n<ul>\n<li>\n<h6>Title of work: Masks under the stars by Istra Rossa<\/h6>\n<\/li>\n<li>\n<h6>Technique: oil<\/h6>\n<\/li>\n<li>\n<h6>External dimension: 70 x 50 cm<\/h6>\n<\/li>\n<\/ul>\n","protected":false},"featured_media":15010,"template":"","meta":{"_monsterinsights_skip_tracking":false,"_monsterinsights_sitenote_active":false,"_monsterinsights_sitenote_note":"","_monsterinsights_sitenote_category":0},"product_cat":[1554,1155],"product_tag":[],"aioseo_notices":[],"yoast_head":"<!-- This site is optimized with the Yoast SEO plugin v22.1 - https:\/\/yoast.com\/wordpress\/plugins\/seo\/ -->\n<title>Istra Rossa - Etnogalerija Skrina<\/title>\n<meta name=\"robots\" content=\"index, follow, max-snippet:-1, max-image-preview:large, max-video-preview:-1\" \/>\n<link rel=\"canonical\" href=\"https:\/\/skrina.si\/en\/product\/istra-rossa-2\/\" \/>\n<meta property=\"og:locale\" content=\"en_GB\" \/>\n<meta property=\"og:locale:alternate\" content=\"sl_SI\" \/>\n<meta property=\"og:type\" content=\"article\" \/>\n<meta property=\"og:title\" content=\"Istra Rossa\" \/>\n<meta property=\"og:description\" content=\"The artist Rok Zelenko works as a painter, ceramicist, and graphic artist. After graduating from the Academy of Fine Arts in Ljubljana, his home became Gro\u017enjan. A small town in Istria with its softness, colors, and rich fauna and flora is his source of inspiration. The natural inventory (fish, birds, sea) is complemented by motifs from the ethnological heritage (masks, carnival) and fantasy characters that radiate playfulness and pure primal joy. His line-colour style is evident in his ceramics, which are mainly epic fantasy characters. Details:    Title of work: Masks under the stars by Istra Rossa    Technique: oil    External dimension: 70 x 50 cm\" \/>\n<meta property=\"og:url\" content=\"https:\/\/skrina.si\/en\/product\/istra-rossa-2\/\" \/>\n<meta property=\"og:site_name\" content=\"Etnogalerija Skrina\" \/>\n<meta property=\"article:modified_time\" content=\"2024-09-01T21:31:25+00:00\" \/>\n<meta property=\"og:image\" content=\"https:\/\/skrina.si\/wp-content\/uploads\/2021\/07\/ROK-ZELENKO-ISTRA-ROSSA.jpg\" \/>\n\t<meta property=\"og:image:width\" content=\"2000\" \/>\n\t<meta property=\"og:image:height\" content=\"1500\" \/>\n\t<meta property=\"og:image:type\" content=\"image\/jpeg\" \/>\n<meta name=\"twitter:card\" content=\"summary_large_image\" \/>\n<meta name=\"twitter:label1\" content=\"Estimated reading time\" \/>\n\t<meta name=\"twitter:data1\" content=\"1 minute\" \/>\n<script type=\"application\/ld+json\" class=\"yoast-schema-graph\">{\"@context\":\"https:\/\/schema.org\",\"@graph\":[{\"@type\":\"WebPage\",\"@id\":\"https:\/\/skrina.si\/en\/product\/istra-rossa-2\/\",\"url\":\"https:\/\/skrina.si\/en\/product\/istra-rossa-2\/\",\"name\":\"[:en]Istra Rossa[:sl]Istra Rossa[:] - Etnogalerija Skrina\",\"isPartOf\":{\"@id\":\"https:\/\/skrina.si\/en\/#website\"},\"datePublished\":\"2024-09-01T21:23:29+00:00\",\"dateModified\":\"2024-09-01T21:31:25+00:00\",\"breadcrumb\":{\"@id\":\"https:\/\/skrina.si\/en\/product\/istra-rossa-2\/#breadcrumb\"},\"inLanguage\":\"en-GB\",\"potentialAction\":[{\"@type\":\"ReadAction\",\"target\":[\"https:\/\/skrina.si\/en\/product\/istra-rossa-2\/\"]}]},{\"@type\":\"BreadcrumbList\",\"@id\":\"https:\/\/skrina.si\/en\/product\/istra-rossa-2\/#breadcrumb\",\"itemListElement\":[{\"@type\":\"ListItem\",\"position\":1,\"name\":\"Home\",\"item\":\"https:\/\/skrina.si\/en\/\"},{\"@type\":\"ListItem\",\"position\":2,\"name\":\"Shop\",\"item\":\"https:\/\/skrina.si\/shop\/\"},{\"@type\":\"ListItem\",\"position\":3,\"name\":\"Istra Rossa\"}]},{\"@type\":\"WebSite\",\"@id\":\"https:\/\/skrina.si\/en\/#website\",\"url\":\"https:\/\/skrina.si\/en\/\",\"name\":\"Etnogalerija Skrina\",\"description\":\"Tradicija s posluhom\",\"potentialAction\":[{\"@type\":\"SearchAction\",\"target\":{\"@type\":\"EntryPoint\",\"urlTemplate\":\"https:\/\/skrina.si\/en\/?s={search_term_string}\"},\"query-input\":\"required name=search_term_string\"}],\"inLanguage\":\"en-GB\"}]}<\/script>\n<!-- \/ Yoast SEO plugin. -->","yoast_head_json":{"title":"Istra Rossa - Etnogalerija Skrina","robots":{"index":"index","follow":"follow","max-snippet":"max-snippet:-1","max-image-preview":"max-image-preview:large","max-video-preview":"max-video-preview:-1"},"canonical":"https:\/\/skrina.si\/en\/product\/istra-rossa-2\/","og_locale":"en_GB","og_type":"article","og_title":"[:en]Istra Rossa[:sl]Istra Rossa[:] - Etnogalerija Skrina","og_description":"[:en]The artist Rok Zelenko works as a painter, ceramicist, and graphic artist. After graduating from the Academy of Fine Arts in Ljubljana, his home became Gro\u017enjan. A small town in Istria with its softness, colors, and rich fauna and flora is his source of inspiration. The natural inventory (fish, birds, sea) is complemented by motifs from the ethnological heritage (masks, carnival) and fantasy characters that radiate playfulness and pure primal joy. His line-colour style is evident in his ceramics, which are mainly epic fantasy characters. Details:    Title of work: Masks under the stars by Istra Rossa    Technique: oil    External dimension: 70 x 50 cm  [:sl]Umetnik Rok Zelenko se udejstvuje kot slikar, keramik in grafik. Po kon\u010dani Akademiji za likovno umetnost v Ljubljani je njegov dom postal Gro\u017enjan. Malo mestece v Istri je s svojo mehkobo, barvami in bogato favno in floro\u00a0 njegov vir inspiracij. Naravni inventar (ribe, ptice, morje) dopolnjujejo motivi iz etnolo\u0161ke dedi\u0161\u010dine (maske, pustovanje) in fantazijski liki, ki iz\u017earevajo igrivost in \u010disto prvinsko radost. Lastnosti:    Naslov dela: Istra Rossa    Tehnika: olje    Zunanja dimenzija: 70 x 50 cm  [:]","og_url":"https:\/\/skrina.si\/en\/product\/istra-rossa-2\/","og_site_name":"Etnogalerija Skrina","article_modified_time":"2024-09-01T21:31:25+00:00","og_image":[{"width":2000,"height":1500,"url":"https:\/\/skrina.si\/wp-content\/uploads\/2021\/07\/ROK-ZELENKO-ISTRA-ROSSA.jpg","type":"image\/jpeg"}],"twitter_card":"summary_large_image","twitter_misc":{"Estimated reading time":"1 minute"},"schema":{"@context":"https:\/\/schema.org","@graph":[{"@type":"WebPage","@id":"https:\/\/skrina.si\/en\/product\/istra-rossa-2\/","url":"https:\/\/skrina.si\/en\/product\/istra-rossa-2\/","name":"[:en]Istra Rossa[:sl]Istra Rossa[:] - Etnogalerija Skrina","isPartOf":{"@id":"https:\/\/skrina.si\/en\/#website"},"datePublished":"2024-09-01T21:23:29+00:00","dateModified":"2024-09-01T21:31:25+00:00","breadcrumb":{"@id":"https:\/\/skrina.si\/en\/product\/istra-rossa-2\/#breadcrumb"},"inLanguage":"en-GB","potentialAction":[{"@type":"ReadAction","target":["https:\/\/skrina.si\/en\/product\/istra-rossa-2\/"]}]},{"@type":"BreadcrumbList","@id":"https:\/\/skrina.si\/en\/product\/istra-rossa-2\/#breadcrumb","itemListElement":[{"@type":"ListItem","position":1,"name":"Home","item":"https:\/\/skrina.si\/en\/"},{"@type":"ListItem","position":2,"name":"Shop","item":"https:\/\/skrina.si\/shop\/"},{"@type":"ListItem","position":3,"name":"Istra Rossa"}]},{"@type":"WebSite","@id":"https:\/\/skrina.si\/en\/#website","url":"https:\/\/skrina.si\/en\/","name":"Etnogalerija Skrina","description":"Tradicija s posluhom","potentialAction":[{"@type":"SearchAction","target":{"@type":"EntryPoint","urlTemplate":"https:\/\/skrina.si\/en\/?s={search_term_string}"},"query-input":"required name=search_term_string"}],"inLanguage":"en-GB"}]}},"_links":{"self":[{"href":"https:\/\/skrina.si\/en\/wp-json\/wp\/v2\/product\/17035"}],"collection":[{"href":"https:\/\/skrina.si\/en\/wp-json\/wp\/v2\/product"}],"about":[{"href":"https:\/\/skrina.si\/en\/wp-json\/wp\/v2\/types\/product"}],"wp:featuredmedia":[{"embeddable":true,"href":"https:\/\/skrina.si\/en\/wp-json\/wp\/v2\/media\/15010"}],"wp:attachment":[{"href":"https:\/\/skrina.si\/en\/wp-json\/wp\/v2\/media?parent=17035"}],"wp:term":[{"taxonomy":"product_cat","embeddable":true,"href":"https:\/\/skrina.si\/en\/wp-json\/wp\/v2\/product_cat?post=17035"},{"taxonomy":"product_tag","embeddable":true,"href":"https:\/\/skrina.si\/en\/wp-json\/wp\/v2\/product_tag?post=17035"}],"curies":[{"name":"wp","href":"https:\/\/api.w.org\/{rel}","templated":true}]}}