{"id":16989,"date":"2024-09-01T13:02:37","date_gmt":"2024-09-01T11:02:37","guid":{"rendered":"https:\/\/skrina.si\/sl\/?post_type=product&#038;p=16989"},"modified":"2024-09-01T15:38:09","modified_gmt":"2024-09-01T13:38:09","slug":"runner","status":"publish","type":"product","link":"https:\/\/skrina.si\/en\/product\/runner\/","title":{"rendered":"Runner"},"content":{"rendered":"","protected":false},"excerpt":{"rendered":"<h5><em><strong>Guillermo Forchino<\/strong> <\/em>is a world-renowned sculptor. His humorous figures illustrate professions, hobbies, human habits, and vices in a witty and sometimes sarcastic way.<\/h5>\n<h5>The characters of his heroes express humor, have a soul, and belong to the category of so-called <em><strong>character gifts, <\/strong><\/em>so be original and give a sculpture of <strong><em>Forchino&#8217;s \u00bbRunner\u00ab <\/em><\/strong>to a marathon runner.<\/h5>\n<h6>Details:<\/h6>\n<ul>\n<li>\n<h6>Runner<\/h6>\n<\/li>\n<li>\n<h6>Product dimensions: 15 x 35 cm<\/h6>\n<\/li>\n<li>\n<h6>Material: Ceramic<\/h6>\n<\/li>\n<li>\n<h6>Certificate<\/h6>\n<\/li>\n<li>\n<h6>Packed in a cardboard box, wrapped in \u201cForchino Neus\u201d newspaper<\/h6>\n<\/li>\n<\/ul>\n","protected":false},"featured_media":11899,"template":"","meta":{"_monsterinsights_skip_tracking":false,"_monsterinsights_sitenote_active":false,"_monsterinsights_sitenote_note":"","_monsterinsights_sitenote_category":0},"product_cat":[1113,1119],"product_tag":[1570],"aioseo_notices":[],"yoast_head":"<!-- This site is optimized with the Yoast SEO plugin v22.1 - https:\/\/yoast.com\/wordpress\/plugins\/seo\/ -->\n<title>Runner - Etnogalerija Skrina<\/title>\n<meta name=\"robots\" content=\"index, follow, max-snippet:-1, max-image-preview:large, max-video-preview:-1\" \/>\n<link rel=\"canonical\" href=\"https:\/\/skrina.si\/en\/product\/runner\/\" \/>\n<meta property=\"og:locale\" content=\"en_GB\" \/>\n<meta property=\"og:locale:alternate\" content=\"sl_SI\" \/>\n<meta property=\"og:type\" content=\"article\" \/>\n<meta property=\"og:title\" content=\"Runner\" \/>\n<meta property=\"og:description\" content=\"Guillermo Forchino is a world-renowned sculptor. His humorous figures illustrate professions, hobbies, human habits, and vices in a witty and sometimes sarcastic way. The characters of his heroes express humor, have a soul, and belong to the category of so-called character gifts, so be original and give a sculpture of Forchino&#039;s \u00bbRunner\u00ab to a marathon runner. Details:    Runner    Product dimensions: 15 x 35 cm    Material: Ceramic    Certificate    Packed in a cardboard box, wrapped in \u201cForchino Neus\u201d newspaper\" \/>\n<meta property=\"og:url\" content=\"https:\/\/skrina.si\/en\/product\/runner\/\" \/>\n<meta property=\"og:site_name\" content=\"Etnogalerija Skrina\" \/>\n<meta property=\"article:modified_time\" content=\"2024-09-01T13:38:09+00:00\" \/>\n<meta property=\"og:image\" content=\"https:\/\/skrina.si\/wp-content\/uploads\/2022\/08\/Guillermo-Forchino-the-runner-Maratonec-skulpture-karikature.jpg\" \/>\n\t<meta property=\"og:image:width\" content=\"2000\" \/>\n\t<meta property=\"og:image:height\" content=\"1500\" \/>\n\t<meta property=\"og:image:type\" content=\"image\/jpeg\" \/>\n<meta name=\"twitter:card\" content=\"summary_large_image\" \/>\n<meta name=\"twitter:label1\" content=\"Estimated reading time\" \/>\n\t<meta name=\"twitter:data1\" content=\"1 minute\" \/>\n<script type=\"application\/ld+json\" class=\"yoast-schema-graph\">{\"@context\":\"https:\/\/schema.org\",\"@graph\":[{\"@type\":\"WebPage\",\"@id\":\"https:\/\/skrina.si\/en\/product\/runner\/\",\"url\":\"https:\/\/skrina.si\/en\/product\/runner\/\",\"name\":\"[:en]Runner[:sl]Maratonec (Kopija)[:] - Etnogalerija Skrina\",\"isPartOf\":{\"@id\":\"https:\/\/skrina.si\/en\/#website\"},\"datePublished\":\"2024-09-01T11:02:37+00:00\",\"dateModified\":\"2024-09-01T13:38:09+00:00\",\"breadcrumb\":{\"@id\":\"https:\/\/skrina.si\/en\/product\/runner\/#breadcrumb\"},\"inLanguage\":\"en-GB\",\"potentialAction\":[{\"@type\":\"ReadAction\",\"target\":[\"https:\/\/skrina.si\/en\/product\/runner\/\"]}]},{\"@type\":\"BreadcrumbList\",\"@id\":\"https:\/\/skrina.si\/en\/product\/runner\/#breadcrumb\",\"itemListElement\":[{\"@type\":\"ListItem\",\"position\":1,\"name\":\"Home\",\"item\":\"https:\/\/skrina.si\/en\/\"},{\"@type\":\"ListItem\",\"position\":2,\"name\":\"Shop\",\"item\":\"https:\/\/skrina.si\/shop\/\"},{\"@type\":\"ListItem\",\"position\":3,\"name\":\"Runner\"}]},{\"@type\":\"WebSite\",\"@id\":\"https:\/\/skrina.si\/en\/#website\",\"url\":\"https:\/\/skrina.si\/en\/\",\"name\":\"Etnogalerija Skrina\",\"description\":\"Tradicija s posluhom\",\"potentialAction\":[{\"@type\":\"SearchAction\",\"target\":{\"@type\":\"EntryPoint\",\"urlTemplate\":\"https:\/\/skrina.si\/en\/?s={search_term_string}\"},\"query-input\":\"required name=search_term_string\"}],\"inLanguage\":\"en-GB\"}]}<\/script>\n<!-- \/ Yoast SEO plugin. -->","yoast_head_json":{"title":"Runner - Etnogalerija Skrina","robots":{"index":"index","follow":"follow","max-snippet":"max-snippet:-1","max-image-preview":"max-image-preview:large","max-video-preview":"max-video-preview:-1"},"canonical":"https:\/\/skrina.si\/en\/product\/runner\/","og_locale":"en_GB","og_type":"article","og_title":"[:en]Runner[:sl]Maratonec (Kopija)[:] - Etnogalerija Skrina","og_description":"[:en]Guillermo Forchino is a world-renowned sculptor. His humorous figures illustrate professions, hobbies, human habits, and vices in a witty and sometimes sarcastic way. The characters of his heroes express humor, have a soul, and belong to the category of so-called character gifts, so be original and give a sculpture of Forchino's \u00bbRunner\u00ab to a marathon runner. Details:    Runner    Product dimensions: 15 x 35 cm    Material: Ceramic    Certificate    Packed in a cardboard box, wrapped in \u201cForchino Neus\u201d newspaper  [:sl]Guillermo Forchino\u00a0je svetovno uveljavljen kipar. Njegove hudomu\u0161ne figure na duhovit in v\u010dasih sarkasti\u010den na\u010din ponazarjajo poklice, hobije, \u010dlove\u0161ke navade in razvade. Karakterji njegovih junakov izra\u017eajo humor, imajo du\u0161o in spadajo v kategorijo tako imenovanih karakternih daril, zato bodite izvirni in podarite maratonca ljubitelju teka. Podrobnosti:    Naslov: Maratonec    Mere izdelka: 15 x 35 cm    Material: keramika    CERTIFIKAT    Embalirano v kartonski \u0161katli, zaviti v \u010dasopis \u00bbForchino Neus\u00ab  [:]","og_url":"https:\/\/skrina.si\/en\/product\/runner\/","og_site_name":"Etnogalerija Skrina","article_modified_time":"2024-09-01T13:38:09+00:00","og_image":[{"width":2000,"height":1500,"url":"https:\/\/skrina.si\/wp-content\/uploads\/2022\/08\/Guillermo-Forchino-the-runner-Maratonec-skulpture-karikature.jpg","type":"image\/jpeg"}],"twitter_card":"summary_large_image","twitter_misc":{"Estimated reading time":"1 minute"},"schema":{"@context":"https:\/\/schema.org","@graph":[{"@type":"WebPage","@id":"https:\/\/skrina.si\/en\/product\/runner\/","url":"https:\/\/skrina.si\/en\/product\/runner\/","name":"[:en]Runner[:sl]Maratonec (Kopija)[:] - Etnogalerija Skrina","isPartOf":{"@id":"https:\/\/skrina.si\/en\/#website"},"datePublished":"2024-09-01T11:02:37+00:00","dateModified":"2024-09-01T13:38:09+00:00","breadcrumb":{"@id":"https:\/\/skrina.si\/en\/product\/runner\/#breadcrumb"},"inLanguage":"en-GB","potentialAction":[{"@type":"ReadAction","target":["https:\/\/skrina.si\/en\/product\/runner\/"]}]},{"@type":"BreadcrumbList","@id":"https:\/\/skrina.si\/en\/product\/runner\/#breadcrumb","itemListElement":[{"@type":"ListItem","position":1,"name":"Home","item":"https:\/\/skrina.si\/en\/"},{"@type":"ListItem","position":2,"name":"Shop","item":"https:\/\/skrina.si\/shop\/"},{"@type":"ListItem","position":3,"name":"Runner"}]},{"@type":"WebSite","@id":"https:\/\/skrina.si\/en\/#website","url":"https:\/\/skrina.si\/en\/","name":"Etnogalerija Skrina","description":"Tradicija s posluhom","potentialAction":[{"@type":"SearchAction","target":{"@type":"EntryPoint","urlTemplate":"https:\/\/skrina.si\/en\/?s={search_term_string}"},"query-input":"required name=search_term_string"}],"inLanguage":"en-GB"}]}},"_links":{"self":[{"href":"https:\/\/skrina.si\/en\/wp-json\/wp\/v2\/product\/16989"}],"collection":[{"href":"https:\/\/skrina.si\/en\/wp-json\/wp\/v2\/product"}],"about":[{"href":"https:\/\/skrina.si\/en\/wp-json\/wp\/v2\/types\/product"}],"wp:featuredmedia":[{"embeddable":true,"href":"https:\/\/skrina.si\/en\/wp-json\/wp\/v2\/media\/11899"}],"wp:attachment":[{"href":"https:\/\/skrina.si\/en\/wp-json\/wp\/v2\/media?parent=16989"}],"wp:term":[{"taxonomy":"product_cat","embeddable":true,"href":"https:\/\/skrina.si\/en\/wp-json\/wp\/v2\/product_cat?post=16989"},{"taxonomy":"product_tag","embeddable":true,"href":"https:\/\/skrina.si\/en\/wp-json\/wp\/v2\/product_tag?post=16989"}],"curies":[{"name":"wp","href":"https:\/\/api.w.org\/{rel}","templated":true}]}}