{"id":15722,"date":"2024-05-02T09:53:56","date_gmt":"2024-05-02T07:53:56","guid":{"rendered":"https:\/\/skrina.si\/en\/?post_type=product&#038;p=15722"},"modified":"2024-05-02T19:46:54","modified_gmt":"2024-05-02T17:46:54","slug":"kurent-4","status":"publish","type":"product","link":"https:\/\/skrina.si\/en\/product\/kurent-4\/","title":{"rendered":"Kurent"},"content":{"rendered":"","protected":false},"excerpt":{"rendered":"<h5>Umetnik Rok Zelenko se udejstvuje kot slikar, keramik in grafik. Po kon\u010dani Akademiji za likovno umetnost v Ljubljani je njegov dom postal Gro\u017enjan.<br \/>\nMalo mestece v Istri je vir njegovih inspiracij, kjer s svojimi slikami bele\u017ei zgodovinsko-etnografsko dogajanje.<br \/>\nNjegov kurent je povzet po\u00a0<strong><em>slovenskem ljudskem izro\u010dilu<\/em><\/strong>, in podobno kot \u00bbkorant\u00ab s Ptujskega polja oble\u010den v ko\u017euh.<br \/>\nNa glavi ima kapo narejeno iz ov\u010dje ko\u017ee z rde\u010de obrobljenimi odprtinami za o\u010di, usta in nos.<br \/>\nIz ust visi kurentu dolg rde\u010d jezik, pod nosom ima mogo\u010dne brke, v rokah pa nosi je\u017eevko.<\/h5>\n<h6><em>Podrobnosti:<\/em><\/h6>\n<ul>\n<li>\n<h6><em>Medaljon: 27 x 27 cm<\/em><\/h6>\n<\/li>\n<li>\n<h6><em>Material: Keramika<\/em><\/h6>\n<\/li>\n<li>\n<h6><em>V darilni embala\u017ei<\/em><\/h6>\n<\/li>\n<li>\n<h6><em>Oblikovano z ljubeznijo do detajlov<\/em><\/h6>\n<\/li>\n<li>\n<h6><strong><em>RO\u010cNO DELO<\/em><\/strong><\/h6>\n<\/li>\n<\/ul>\n","protected":false},"featured_media":11228,"template":"","meta":{"_monsterinsights_skip_tracking":false,"_monsterinsights_sitenote_active":false,"_monsterinsights_sitenote_note":"","_monsterinsights_sitenote_category":0},"product_cat":[39,118],"product_tag":[],"aioseo_notices":[],"yoast_head":"<!-- This site is optimized with the Yoast SEO plugin v22.1 - https:\/\/yoast.com\/wordpress\/plugins\/seo\/ -->\n<title>Kurent - Etnogalerija Skrina<\/title>\n<meta name=\"description\" content=\"Rok Zelenko - medaljon v okvirju figura. Zna\u010dilno umirjenim istrskim ambientom dodaja pripovedni\u0161tvo figur.\" \/>\n<meta name=\"robots\" content=\"index, follow, max-snippet:-1, max-image-preview:large, max-video-preview:-1\" \/>\n<link rel=\"canonical\" href=\"https:\/\/skrina.si\/en\/product\/kurent-4\/\" \/>\n<meta property=\"og:locale\" content=\"en_GB\" \/>\n<meta property=\"og:locale:alternate\" content=\"sl_SI\" \/>\n<meta property=\"og:type\" content=\"article\" \/>\n<meta property=\"og:title\" content=\"Kurent\" \/>\n<meta property=\"og:description\" content=\"Rok Zelenko - medaljon v okvirju figura. Zna\u010dilno umirjenim istrskim ambientom dodaja pripovedni\u0161tvo figur.\" \/>\n<meta property=\"og:url\" content=\"https:\/\/skrina.si\/en\/product\/kurent-4\/\" \/>\n<meta property=\"og:site_name\" content=\"Etnogalerija Skrina\" \/>\n<meta property=\"article:modified_time\" content=\"2024-05-02T17:46:54+00:00\" \/>\n<meta property=\"og:image\" content=\"https:\/\/skrina.si\/wp-content\/uploads\/2021\/08\/Rok-Zelenko-Medaljon-Kurent-Etno-galerija-Skrina.jpg\" \/>\n\t<meta property=\"og:image:width\" content=\"2000\" \/>\n\t<meta property=\"og:image:height\" content=\"1500\" \/>\n\t<meta property=\"og:image:type\" content=\"image\/jpeg\" \/>\n<meta name=\"twitter:card\" content=\"summary_large_image\" \/>\n<meta name=\"twitter:label1\" content=\"Estimated reading time\" \/>\n\t<meta name=\"twitter:data1\" content=\"1 minute\" \/>\n<script type=\"application\/ld+json\" class=\"yoast-schema-graph\">{\"@context\":\"https:\/\/schema.org\",\"@graph\":[{\"@type\":\"WebPage\",\"@id\":\"https:\/\/skrina.si\/en\/product\/kurent-4\/\",\"url\":\"https:\/\/skrina.si\/en\/product\/kurent-4\/\",\"name\":\"[:sl]Kurent[:] - Etnogalerija Skrina\",\"isPartOf\":{\"@id\":\"https:\/\/skrina.si\/en\/#website\"},\"datePublished\":\"2024-05-02T07:53:56+00:00\",\"dateModified\":\"2024-05-02T17:46:54+00:00\",\"description\":\"[:en]Rok Zelenko - medaljon v okvirju figura. Zna\u010dilno umirjenim istrskim ambientom dodaja pripovedni\u0161tvo figur.[:]\",\"breadcrumb\":{\"@id\":\"https:\/\/skrina.si\/en\/product\/kurent-4\/#breadcrumb\"},\"inLanguage\":\"en-GB\",\"potentialAction\":[{\"@type\":\"ReadAction\",\"target\":[\"https:\/\/skrina.si\/en\/product\/kurent-4\/\"]}]},{\"@type\":\"BreadcrumbList\",\"@id\":\"https:\/\/skrina.si\/en\/product\/kurent-4\/#breadcrumb\",\"itemListElement\":[{\"@type\":\"ListItem\",\"position\":1,\"name\":\"Home\",\"item\":\"https:\/\/skrina.si\/en\/\"},{\"@type\":\"ListItem\",\"position\":2,\"name\":\"Shop\",\"item\":\"https:\/\/skrina.si\/shop\/\"},{\"@type\":\"ListItem\",\"position\":3,\"name\":\"Kurent\"}]},{\"@type\":\"WebSite\",\"@id\":\"https:\/\/skrina.si\/en\/#website\",\"url\":\"https:\/\/skrina.si\/en\/\",\"name\":\"Etnogalerija Skrina\",\"description\":\"Tradicija s posluhom\",\"potentialAction\":[{\"@type\":\"SearchAction\",\"target\":{\"@type\":\"EntryPoint\",\"urlTemplate\":\"https:\/\/skrina.si\/en\/?s={search_term_string}\"},\"query-input\":\"required name=search_term_string\"}],\"inLanguage\":\"en-GB\"}]}<\/script>\n<!-- \/ Yoast SEO plugin. -->","yoast_head_json":{"title":"Kurent - Etnogalerija Skrina","description":"[:en]Rok Zelenko - medaljon v okvirju figura. Zna\u010dilno umirjenim istrskim ambientom dodaja pripovedni\u0161tvo figur.[:]","robots":{"index":"index","follow":"follow","max-snippet":"max-snippet:-1","max-image-preview":"max-image-preview:large","max-video-preview":"max-video-preview:-1"},"canonical":"https:\/\/skrina.si\/en\/product\/kurent-4\/","og_locale":"en_GB","og_type":"article","og_title":"[:sl]Kurent[:] - Etnogalerija Skrina","og_description":"[:en]Rok Zelenko - medaljon v okvirju figura. Zna\u010dilno umirjenim istrskim ambientom dodaja pripovedni\u0161tvo figur.[:]","og_url":"https:\/\/skrina.si\/en\/product\/kurent-4\/","og_site_name":"Etnogalerija Skrina","article_modified_time":"2024-05-02T17:46:54+00:00","og_image":[{"width":2000,"height":1500,"url":"https:\/\/skrina.si\/wp-content\/uploads\/2021\/08\/Rok-Zelenko-Medaljon-Kurent-Etno-galerija-Skrina.jpg","type":"image\/jpeg"}],"twitter_card":"summary_large_image","twitter_misc":{"Estimated reading time":"1 minute"},"schema":{"@context":"https:\/\/schema.org","@graph":[{"@type":"WebPage","@id":"https:\/\/skrina.si\/en\/product\/kurent-4\/","url":"https:\/\/skrina.si\/en\/product\/kurent-4\/","name":"[:sl]Kurent[:] - Etnogalerija Skrina","isPartOf":{"@id":"https:\/\/skrina.si\/en\/#website"},"datePublished":"2024-05-02T07:53:56+00:00","dateModified":"2024-05-02T17:46:54+00:00","description":"[:en]Rok Zelenko - medaljon v okvirju figura. Zna\u010dilno umirjenim istrskim ambientom dodaja pripovedni\u0161tvo figur.[:]","breadcrumb":{"@id":"https:\/\/skrina.si\/en\/product\/kurent-4\/#breadcrumb"},"inLanguage":"en-GB","potentialAction":[{"@type":"ReadAction","target":["https:\/\/skrina.si\/en\/product\/kurent-4\/"]}]},{"@type":"BreadcrumbList","@id":"https:\/\/skrina.si\/en\/product\/kurent-4\/#breadcrumb","itemListElement":[{"@type":"ListItem","position":1,"name":"Home","item":"https:\/\/skrina.si\/en\/"},{"@type":"ListItem","position":2,"name":"Shop","item":"https:\/\/skrina.si\/shop\/"},{"@type":"ListItem","position":3,"name":"Kurent"}]},{"@type":"WebSite","@id":"https:\/\/skrina.si\/en\/#website","url":"https:\/\/skrina.si\/en\/","name":"Etnogalerija Skrina","description":"Tradicija s posluhom","potentialAction":[{"@type":"SearchAction","target":{"@type":"EntryPoint","urlTemplate":"https:\/\/skrina.si\/en\/?s={search_term_string}"},"query-input":"required name=search_term_string"}],"inLanguage":"en-GB"}]}},"_links":{"self":[{"href":"https:\/\/skrina.si\/en\/wp-json\/wp\/v2\/product\/15722"}],"collection":[{"href":"https:\/\/skrina.si\/en\/wp-json\/wp\/v2\/product"}],"about":[{"href":"https:\/\/skrina.si\/en\/wp-json\/wp\/v2\/types\/product"}],"wp:featuredmedia":[{"embeddable":true,"href":"https:\/\/skrina.si\/en\/wp-json\/wp\/v2\/media\/11228"}],"wp:attachment":[{"href":"https:\/\/skrina.si\/en\/wp-json\/wp\/v2\/media?parent=15722"}],"wp:term":[{"taxonomy":"product_cat","embeddable":true,"href":"https:\/\/skrina.si\/en\/wp-json\/wp\/v2\/product_cat?post=15722"},{"taxonomy":"product_tag","embeddable":true,"href":"https:\/\/skrina.si\/en\/wp-json\/wp\/v2\/product_tag?post=15722"}],"curies":[{"name":"wp","href":"https:\/\/api.w.org\/{rel}","templated":true}]}}