{"id":15512,"date":"2024-04-28T11:52:55","date_gmt":"2024-04-28T09:52:55","guid":{"rendered":"https:\/\/skrina.si\/en\/?post_type=product&#038;p=15512"},"modified":"2024-04-28T12:32:56","modified_gmt":"2024-04-28T10:32:56","slug":"tree-of-life","status":"publish","type":"product","link":"https:\/\/skrina.si\/en\/product\/tree-of-life\/","title":{"rendered":"Tree of Life"},"content":{"rendered":"","protected":false},"excerpt":{"rendered":"<h5 style=\"text-align: justify;\">The symbolism of the Tree of Life has a long history and is present in many cultures.<br \/>\nIt can be a metaphor for identity, as all trees are unique, or for personal growth as unique experiences shape us and strengthen our individuality.<br \/>\n<strong><em>Klimt&#8217;s Tree of Life<\/em><\/strong> encourages the viewer to think: maybe the artist tried to depict the biblical tree of knowledge, maybe he had infinity in mind, as the branches meet and intertwine, creating a veritable labyrinth of leaves.<br \/>\nThe picture can also be viewed symbolically as a new beginning, positive energy, health, and a bright future.<br \/>\nConsidering everything written, it is clear that the Tree of Life does not only have an aesthetic value but behind it hides a whole network of different meanings.<\/h5>\n<h6><strong>Details:<\/strong><\/h6>\n<ul>\n<li>\n<h6><strong>Material: Hand-painted porcelain with luxurious real gold decoration<\/strong><\/h6>\n<\/li>\n<li>\n<h6><strong>Pendant size: 6 x 4 x 1 cm<\/strong><\/h6>\n<\/li>\n<li>\n<h6><strong>The length of the textile rope is 58 cm<\/strong><\/h6>\n<\/li>\n<li>\n<h6><strong>In gift packaging<\/strong><\/h6>\n<\/li>\n<li>\n<h6><strong>Designed with love for details<\/strong><\/h6>\n<\/li>\n<li>\n<h6><strong>Elegant, timeless design<\/strong><\/h6>\n<\/li>\n<li>\n<h6><strong>An ideal gift for lovers of Klimt and the classics<\/strong><\/h6>\n<\/li>\n<\/ul>\n<ul>\n<li>\n<h6><\/h6>\n<\/li>\n<\/ul>\n","protected":false},"featured_media":5850,"template":"","meta":{"_monsterinsights_skip_tracking":false,"_monsterinsights_sitenote_active":false,"_monsterinsights_sitenote_note":"","_monsterinsights_sitenote_category":0},"product_cat":[1049,1055,1059],"product_tag":[],"aioseo_notices":[],"yoast_head":"<!-- This site is optimized with the Yoast SEO plugin v22.1 - https:\/\/yoast.com\/wordpress\/plugins\/seo\/ -->\n<title>Tree of Life - Etnogalerija Skrina<\/title>\n<meta name=\"description\" content=\"Gustav Klimt - Drevo \u017eivljenja. Obojestranski obesek je narejen iz visoko kakovostnega porcelana. Okra\u0161en je s pravimi zlatimi listi\u010di in s kristalom Swarovski\u00ae.\" \/>\n<meta name=\"robots\" content=\"index, follow, max-snippet:-1, max-image-preview:large, max-video-preview:-1\" \/>\n<link rel=\"canonical\" href=\"https:\/\/skrina.si\/en\/product\/tree-of-life\/\" \/>\n<meta property=\"og:locale\" content=\"en_GB\" \/>\n<meta property=\"og:locale:alternate\" content=\"sl_SI\" \/>\n<meta property=\"og:type\" content=\"article\" \/>\n<meta property=\"og:title\" content=\"Tree of Life\" \/>\n<meta property=\"og:description\" content=\"Gustav Klimt - Drevo \u017eivljenja. Obojestranski obesek je narejen iz visoko kakovostnega porcelana. Okra\u0161en je s pravimi zlatimi listi\u010di in s kristalom Swarovski\u00ae.\" \/>\n<meta property=\"og:url\" content=\"https:\/\/skrina.si\/en\/product\/tree-of-life\/\" \/>\n<meta property=\"og:site_name\" content=\"Etnogalerija Skrina\" \/>\n<meta property=\"article:modified_time\" content=\"2024-04-28T10:32:56+00:00\" \/>\n<meta property=\"og:image\" content=\"https:\/\/skrina.si\/wp-content\/uploads\/2021\/09\/66999061.jpg\" \/>\n\t<meta property=\"og:image:width\" content=\"2000\" \/>\n\t<meta property=\"og:image:height\" content=\"1500\" \/>\n\t<meta property=\"og:image:type\" content=\"image\/jpeg\" \/>\n<meta name=\"twitter:card\" content=\"summary_large_image\" \/>\n<meta name=\"twitter:label1\" content=\"Estimated reading time\" \/>\n\t<meta name=\"twitter:data1\" content=\"1 minute\" \/>\n<script type=\"application\/ld+json\" class=\"yoast-schema-graph\">{\"@context\":\"https:\/\/schema.org\",\"@graph\":[{\"@type\":\"WebPage\",\"@id\":\"https:\/\/skrina.si\/en\/product\/tree-of-life\/\",\"url\":\"https:\/\/skrina.si\/en\/product\/tree-of-life\/\",\"name\":\"[:en]Tree of Life[:sl]Drevo \u017eivljenja[:] - Etnogalerija Skrina\",\"isPartOf\":{\"@id\":\"https:\/\/skrina.si\/en\/#website\"},\"datePublished\":\"2024-04-28T09:52:55+00:00\",\"dateModified\":\"2024-04-28T10:32:56+00:00\",\"description\":\"[:sl]Gustav Klimt - Drevo \u017eivljenja. Obojestranski obesek je narejen iz visoko kakovostnega porcelana. Okra\u0161en je s pravimi zlatimi listi\u010di in s kristalom Swarovski\u00ae.[:]\",\"breadcrumb\":{\"@id\":\"https:\/\/skrina.si\/en\/product\/tree-of-life\/#breadcrumb\"},\"inLanguage\":\"en-GB\",\"potentialAction\":[{\"@type\":\"ReadAction\",\"target\":[\"https:\/\/skrina.si\/en\/product\/tree-of-life\/\"]}]},{\"@type\":\"BreadcrumbList\",\"@id\":\"https:\/\/skrina.si\/en\/product\/tree-of-life\/#breadcrumb\",\"itemListElement\":[{\"@type\":\"ListItem\",\"position\":1,\"name\":\"Home\",\"item\":\"https:\/\/skrina.si\/en\/\"},{\"@type\":\"ListItem\",\"position\":2,\"name\":\"Shop\",\"item\":\"https:\/\/skrina.si\/shop\/\"},{\"@type\":\"ListItem\",\"position\":3,\"name\":\"Tree of Life\"}]},{\"@type\":\"WebSite\",\"@id\":\"https:\/\/skrina.si\/en\/#website\",\"url\":\"https:\/\/skrina.si\/en\/\",\"name\":\"Etnogalerija Skrina\",\"description\":\"Tradicija s posluhom\",\"potentialAction\":[{\"@type\":\"SearchAction\",\"target\":{\"@type\":\"EntryPoint\",\"urlTemplate\":\"https:\/\/skrina.si\/en\/?s={search_term_string}\"},\"query-input\":\"required name=search_term_string\"}],\"inLanguage\":\"en-GB\"}]}<\/script>\n<!-- \/ Yoast SEO plugin. -->","yoast_head_json":{"title":"Tree of Life - Etnogalerija Skrina","description":"[:sl]Gustav Klimt - Drevo \u017eivljenja. Obojestranski obesek je narejen iz visoko kakovostnega porcelana. Okra\u0161en je s pravimi zlatimi listi\u010di in s kristalom Swarovski\u00ae.[:]","robots":{"index":"index","follow":"follow","max-snippet":"max-snippet:-1","max-image-preview":"max-image-preview:large","max-video-preview":"max-video-preview:-1"},"canonical":"https:\/\/skrina.si\/en\/product\/tree-of-life\/","og_locale":"en_GB","og_type":"article","og_title":"[:en]Tree of Life[:sl]Drevo \u017eivljenja[:] - Etnogalerija Skrina","og_description":"[:sl]Gustav Klimt - Drevo \u017eivljenja. Obojestranski obesek je narejen iz visoko kakovostnega porcelana. Okra\u0161en je s pravimi zlatimi listi\u010di in s kristalom Swarovski\u00ae.[:]","og_url":"https:\/\/skrina.si\/en\/product\/tree-of-life\/","og_site_name":"Etnogalerija Skrina","article_modified_time":"2024-04-28T10:32:56+00:00","og_image":[{"width":2000,"height":1500,"url":"https:\/\/skrina.si\/wp-content\/uploads\/2021\/09\/66999061.jpg","type":"image\/jpeg"}],"twitter_card":"summary_large_image","twitter_misc":{"Estimated reading time":"1 minute"},"schema":{"@context":"https:\/\/schema.org","@graph":[{"@type":"WebPage","@id":"https:\/\/skrina.si\/en\/product\/tree-of-life\/","url":"https:\/\/skrina.si\/en\/product\/tree-of-life\/","name":"[:en]Tree of Life[:sl]Drevo \u017eivljenja[:] - Etnogalerija Skrina","isPartOf":{"@id":"https:\/\/skrina.si\/en\/#website"},"datePublished":"2024-04-28T09:52:55+00:00","dateModified":"2024-04-28T10:32:56+00:00","description":"[:sl]Gustav Klimt - Drevo \u017eivljenja. Obojestranski obesek je narejen iz visoko kakovostnega porcelana. Okra\u0161en je s pravimi zlatimi listi\u010di in s kristalom Swarovski\u00ae.[:]","breadcrumb":{"@id":"https:\/\/skrina.si\/en\/product\/tree-of-life\/#breadcrumb"},"inLanguage":"en-GB","potentialAction":[{"@type":"ReadAction","target":["https:\/\/skrina.si\/en\/product\/tree-of-life\/"]}]},{"@type":"BreadcrumbList","@id":"https:\/\/skrina.si\/en\/product\/tree-of-life\/#breadcrumb","itemListElement":[{"@type":"ListItem","position":1,"name":"Home","item":"https:\/\/skrina.si\/en\/"},{"@type":"ListItem","position":2,"name":"Shop","item":"https:\/\/skrina.si\/shop\/"},{"@type":"ListItem","position":3,"name":"Tree of Life"}]},{"@type":"WebSite","@id":"https:\/\/skrina.si\/en\/#website","url":"https:\/\/skrina.si\/en\/","name":"Etnogalerija Skrina","description":"Tradicija s posluhom","potentialAction":[{"@type":"SearchAction","target":{"@type":"EntryPoint","urlTemplate":"https:\/\/skrina.si\/en\/?s={search_term_string}"},"query-input":"required name=search_term_string"}],"inLanguage":"en-GB"}]}},"_links":{"self":[{"href":"https:\/\/skrina.si\/en\/wp-json\/wp\/v2\/product\/15512"}],"collection":[{"href":"https:\/\/skrina.si\/en\/wp-json\/wp\/v2\/product"}],"about":[{"href":"https:\/\/skrina.si\/en\/wp-json\/wp\/v2\/types\/product"}],"wp:featuredmedia":[{"embeddable":true,"href":"https:\/\/skrina.si\/en\/wp-json\/wp\/v2\/media\/5850"}],"wp:attachment":[{"href":"https:\/\/skrina.si\/en\/wp-json\/wp\/v2\/media?parent=15512"}],"wp:term":[{"taxonomy":"product_cat","embeddable":true,"href":"https:\/\/skrina.si\/en\/wp-json\/wp\/v2\/product_cat?post=15512"},{"taxonomy":"product_tag","embeddable":true,"href":"https:\/\/skrina.si\/en\/wp-json\/wp\/v2\/product_tag?post=15512"}],"curies":[{"name":"wp","href":"https:\/\/api.w.org\/{rel}","templated":true}]}}