{"id":15311,"date":"2024-04-24T20:09:14","date_gmt":"2024-04-24T18:09:14","guid":{"rendered":"https:\/\/skrina.si\/en\/?post_type=product&#038;p=15311"},"modified":"2024-04-24T20:14:17","modified_gmt":"2024-04-24T18:14:17","slug":"small-sculpture","status":"publish","type":"product","link":"https:\/\/skrina.si\/en\/product\/small-sculpture\/","title":{"rendered":"Small sculpture"},"content":{"rendered":"","protected":false},"excerpt":{"rendered":"<h5>Slovenia is to this day intertwined with many\u00a0<strong><em>national costumes<\/em><\/strong>, which vary greatly from one province to another and in some places have their local characteristics.<br \/>\nFolk costumes are also associated with many customs that have led individuals to dress festively to express their local identity.<br \/>\nTo evoke memories of days gone by, of ancient customs and traditions, we have prepared\u00a0<strong><em>unique ceramic sculptures<\/em><\/strong>\u00a0for you in the SKRINA Ethno Gallery.<\/h5>\n<h5>Details:<\/h5>\n<ul>\n<li>\n<h6>Sculpture<\/h6>\n<\/li>\n<li>\n<h6>Size: 17 x 17 cm<\/h6>\n<\/li>\n<li>\n<h6>Material: Ceramic<\/h6>\n<\/li>\n<li>\n<h6>Packed in a gift box<\/h6>\n<\/li>\n<li>\n<h6>Designed with a love for detail<\/h6>\n<\/li>\n<li>\n<h6>The ideal gift for lovers of folklore and folk traditions<\/h6>\n<\/li>\n<li>\n<h6>Hand-made<\/h6>\n<\/li>\n<\/ul>\n","protected":false},"featured_media":14497,"template":"","meta":{"_monsterinsights_skip_tracking":false,"_monsterinsights_sitenote_active":false,"_monsterinsights_sitenote_note":"","_monsterinsights_sitenote_category":0},"product_cat":[1623,1033],"product_tag":[1356],"aioseo_notices":[],"yoast_head":"<!-- This site is optimized with the Yoast SEO plugin v22.1 - https:\/\/yoast.com\/wordpress\/plugins\/seo\/ -->\n<title>Small sculpture - Etnogalerija Skrina<\/title>\n<meta name=\"description\" content=\"Rok zelenko - stenski kro\u017enik narodna no\u0161a. Slike zaznamuje barvitost in figuralika. Zna\u010dilno umirjenim ambientom dodaja pripovedni\u0161tvo figur.\" \/>\n<meta name=\"robots\" content=\"index, follow, max-snippet:-1, max-image-preview:large, max-video-preview:-1\" \/>\n<link rel=\"canonical\" href=\"https:\/\/skrina.si\/en\/product\/small-sculpture\/\" \/>\n<meta property=\"og:locale\" content=\"en_GB\" \/>\n<meta property=\"og:locale:alternate\" content=\"sl_SI\" \/>\n<meta property=\"og:type\" content=\"article\" \/>\n<meta property=\"og:title\" content=\"Small sculpture\" \/>\n<meta property=\"og:description\" content=\"Rok zelenko - stenski kro\u017enik narodna no\u0161a. Slike zaznamuje barvitost in figuralika. Zna\u010dilno umirjenim ambientom dodaja pripovedni\u0161tvo figur.\" \/>\n<meta property=\"og:url\" content=\"https:\/\/skrina.si\/en\/product\/small-sculpture\/\" \/>\n<meta property=\"og:site_name\" content=\"Etnogalerija Skrina\" \/>\n<meta property=\"article:modified_time\" content=\"2024-04-24T18:14:17+00:00\" \/>\n<meta property=\"og:image\" content=\"https:\/\/skrina.si\/wp-content\/uploads\/2024\/03\/NOSA-KERAMIKA-PAR.jpg\" \/>\n\t<meta property=\"og:image:width\" content=\"1999\" \/>\n\t<meta property=\"og:image:height\" content=\"1500\" \/>\n\t<meta property=\"og:image:type\" content=\"image\/jpeg\" \/>\n<meta name=\"twitter:card\" content=\"summary_large_image\" \/>\n<meta name=\"twitter:label1\" content=\"Estimated reading time\" \/>\n\t<meta name=\"twitter:data1\" content=\"1 minute\" \/>\n<script type=\"application\/ld+json\" class=\"yoast-schema-graph\">{\"@context\":\"https:\/\/schema.org\",\"@graph\":[{\"@type\":\"WebPage\",\"@id\":\"https:\/\/skrina.si\/en\/product\/small-sculpture\/\",\"url\":\"https:\/\/skrina.si\/en\/product\/small-sculpture\/\",\"name\":\"[:en]Small sculpture[:sl]Skulptura velika[:] - Etnogalerija Skrina\",\"isPartOf\":{\"@id\":\"https:\/\/skrina.si\/en\/#website\"},\"datePublished\":\"2024-04-24T18:09:14+00:00\",\"dateModified\":\"2024-04-24T18:14:17+00:00\",\"description\":\"[:sl]Rok zelenko - stenski kro\u017enik narodna no\u0161a. Slike zaznamuje barvitost in figuralika. Zna\u010dilno umirjenim ambientom dodaja pripovedni\u0161tvo figur.[:]\",\"breadcrumb\":{\"@id\":\"https:\/\/skrina.si\/en\/product\/small-sculpture\/#breadcrumb\"},\"inLanguage\":\"en-GB\",\"potentialAction\":[{\"@type\":\"ReadAction\",\"target\":[\"https:\/\/skrina.si\/en\/product\/small-sculpture\/\"]}]},{\"@type\":\"BreadcrumbList\",\"@id\":\"https:\/\/skrina.si\/en\/product\/small-sculpture\/#breadcrumb\",\"itemListElement\":[{\"@type\":\"ListItem\",\"position\":1,\"name\":\"Home\",\"item\":\"https:\/\/skrina.si\/en\/\"},{\"@type\":\"ListItem\",\"position\":2,\"name\":\"Shop\",\"item\":\"https:\/\/skrina.si\/shop\/\"},{\"@type\":\"ListItem\",\"position\":3,\"name\":\"Small sculpture\"}]},{\"@type\":\"WebSite\",\"@id\":\"https:\/\/skrina.si\/en\/#website\",\"url\":\"https:\/\/skrina.si\/en\/\",\"name\":\"Etnogalerija Skrina\",\"description\":\"Tradicija s posluhom\",\"potentialAction\":[{\"@type\":\"SearchAction\",\"target\":{\"@type\":\"EntryPoint\",\"urlTemplate\":\"https:\/\/skrina.si\/en\/?s={search_term_string}\"},\"query-input\":\"required name=search_term_string\"}],\"inLanguage\":\"en-GB\"}]}<\/script>\n<!-- \/ Yoast SEO plugin. -->","yoast_head_json":{"title":"Small sculpture - Etnogalerija Skrina","description":"[:sl]Rok zelenko - stenski kro\u017enik narodna no\u0161a. Slike zaznamuje barvitost in figuralika. Zna\u010dilno umirjenim ambientom dodaja pripovedni\u0161tvo figur.[:]","robots":{"index":"index","follow":"follow","max-snippet":"max-snippet:-1","max-image-preview":"max-image-preview:large","max-video-preview":"max-video-preview:-1"},"canonical":"https:\/\/skrina.si\/en\/product\/small-sculpture\/","og_locale":"en_GB","og_type":"article","og_title":"[:en]Small sculpture[:sl]Skulptura velika[:] - Etnogalerija Skrina","og_description":"[:sl]Rok zelenko - stenski kro\u017enik narodna no\u0161a. Slike zaznamuje barvitost in figuralika. Zna\u010dilno umirjenim ambientom dodaja pripovedni\u0161tvo figur.[:]","og_url":"https:\/\/skrina.si\/en\/product\/small-sculpture\/","og_site_name":"Etnogalerija Skrina","article_modified_time":"2024-04-24T18:14:17+00:00","og_image":[{"width":1999,"height":1500,"url":"https:\/\/skrina.si\/wp-content\/uploads\/2024\/03\/NOSA-KERAMIKA-PAR.jpg","type":"image\/jpeg"}],"twitter_card":"summary_large_image","twitter_misc":{"Estimated reading time":"1 minute"},"schema":{"@context":"https:\/\/schema.org","@graph":[{"@type":"WebPage","@id":"https:\/\/skrina.si\/en\/product\/small-sculpture\/","url":"https:\/\/skrina.si\/en\/product\/small-sculpture\/","name":"[:en]Small sculpture[:sl]Skulptura velika[:] - Etnogalerija Skrina","isPartOf":{"@id":"https:\/\/skrina.si\/en\/#website"},"datePublished":"2024-04-24T18:09:14+00:00","dateModified":"2024-04-24T18:14:17+00:00","description":"[:sl]Rok zelenko - stenski kro\u017enik narodna no\u0161a. Slike zaznamuje barvitost in figuralika. Zna\u010dilno umirjenim ambientom dodaja pripovedni\u0161tvo figur.[:]","breadcrumb":{"@id":"https:\/\/skrina.si\/en\/product\/small-sculpture\/#breadcrumb"},"inLanguage":"en-GB","potentialAction":[{"@type":"ReadAction","target":["https:\/\/skrina.si\/en\/product\/small-sculpture\/"]}]},{"@type":"BreadcrumbList","@id":"https:\/\/skrina.si\/en\/product\/small-sculpture\/#breadcrumb","itemListElement":[{"@type":"ListItem","position":1,"name":"Home","item":"https:\/\/skrina.si\/en\/"},{"@type":"ListItem","position":2,"name":"Shop","item":"https:\/\/skrina.si\/shop\/"},{"@type":"ListItem","position":3,"name":"Small sculpture"}]},{"@type":"WebSite","@id":"https:\/\/skrina.si\/en\/#website","url":"https:\/\/skrina.si\/en\/","name":"Etnogalerija Skrina","description":"Tradicija s posluhom","potentialAction":[{"@type":"SearchAction","target":{"@type":"EntryPoint","urlTemplate":"https:\/\/skrina.si\/en\/?s={search_term_string}"},"query-input":"required name=search_term_string"}],"inLanguage":"en-GB"}]}},"_links":{"self":[{"href":"https:\/\/skrina.si\/en\/wp-json\/wp\/v2\/product\/15311"}],"collection":[{"href":"https:\/\/skrina.si\/en\/wp-json\/wp\/v2\/product"}],"about":[{"href":"https:\/\/skrina.si\/en\/wp-json\/wp\/v2\/types\/product"}],"wp:featuredmedia":[{"embeddable":true,"href":"https:\/\/skrina.si\/en\/wp-json\/wp\/v2\/media\/14497"}],"wp:attachment":[{"href":"https:\/\/skrina.si\/en\/wp-json\/wp\/v2\/media?parent=15311"}],"wp:term":[{"taxonomy":"product_cat","embeddable":true,"href":"https:\/\/skrina.si\/en\/wp-json\/wp\/v2\/product_cat?post=15311"},{"taxonomy":"product_tag","embeddable":true,"href":"https:\/\/skrina.si\/en\/wp-json\/wp\/v2\/product_tag?post=15311"}],"curies":[{"name":"wp","href":"https:\/\/api.w.org\/{rel}","templated":true}]}}