{"id":15293,"date":"2024-04-19T19:21:39","date_gmt":"2024-04-19T17:21:39","guid":{"rendered":"https:\/\/skrina.si\/sl\/?post_type=product&#038;p=15293"},"modified":"2024-04-19T19:29:41","modified_gmt":"2024-04-19T17:29:41","slug":"motifs-from-the-village-tavern","status":"publish","type":"product","link":"https:\/\/skrina.si\/en\/product\/motifs-from-the-village-tavern\/","title":{"rendered":"Motifs from the village tavern"},"content":{"rendered":"","protected":false},"excerpt":{"rendered":"<h6><em>Oh, you ugly, drunker, I have to work alone all day,<br \/>\n<\/em><em>you don&#8217;t come home before nightfall when you fall asleep.<\/em><\/h6>\n<h5 style=\"text-align: justify;\">Scenes from the <strong><em>village tavern,<\/em><\/strong> where the guests and the owners were chatting over a glass of good wine, play an important role in the motifs of the beehive panels. Painters painted pleasant hours of drinking and rejoicing in the tavern, as well as less pleasant ones, such as:<br \/>\n<em>Wives drag husbands away from playing cards,<br \/>\n<\/em><em>A wife comes for her husband,<br \/>\n<\/em><em>The wife drags her husband out of the tavern,<br \/>\n<\/em><em>Drinkers without money are thrown out of the tavern<br \/>\n<\/em><em>Boys fight over a girl.<br \/>\n<\/em>The beehive panels painted in this way, full of humor and satire, are a treasure trove of emotion, mentality, imagination, and creativity.<\/h5>\n<h6><em>Details:<\/em><\/h6>\n<ul>\n<li>\n<h6><em> Beehive panel<\/em><\/h6>\n<\/li>\n<li>\n<h6><em> Product dimensions: 400 x 200 x 200 mm<\/em><\/h6>\n<\/li>\n<li>\n<h6><em> Packed in a cardboard box: 410 x 230 x 50 mm<\/em><\/h6>\n<\/li>\n<li>\n<h6><em> Motives: Motifs from the village tavern<\/em><\/h6>\n<\/li>\n<li>\n<h6><em> Material: pine wood<\/em><\/h6>\n<\/li>\n<li>\n<h6><em> HAND-PAINTED<\/em><\/h6>\n<\/li>\n<li>\n<h6><em>we only use\u00a0 wood intended\u00a0 for mandatory cutting<\/em><\/h6>\n<\/li>\n<\/ul>\n","protected":false},"featured_media":13829,"template":"","meta":{"_monsterinsights_skip_tracking":false,"_monsterinsights_sitenote_active":false,"_monsterinsights_sitenote_note":"","_monsterinsights_sitenote_category":0},"product_cat":[1758,1376],"product_tag":[1356],"aioseo_notices":[],"yoast_head":"<!-- This site is optimized with the Yoast SEO plugin v22.1 - https:\/\/yoast.com\/wordpress\/plugins\/seo\/ -->\n<title>Motifs from the village tavern - Etnogalerija Skrina<\/title>\n<meta name=\"robots\" content=\"index, follow, max-snippet:-1, max-image-preview:large, max-video-preview:-1\" \/>\n<link rel=\"canonical\" href=\"https:\/\/skrina.si\/en\/product\/motifs-from-the-village-tavern\/\" \/>\n<meta property=\"og:locale\" content=\"en_GB\" \/>\n<meta property=\"og:locale:alternate\" content=\"sl_SI\" \/>\n<meta property=\"og:type\" content=\"article\" \/>\n<meta property=\"og:title\" content=\"Motifs from the village tavern\" \/>\n<meta property=\"og:description\" content=\"Oh, you ugly, drunker, I have to work alone all day, you don&#039;t come home before nightfall when you fall asleep. Scenes from the village tavern, where the guests and the owners were chatting over a glass of good wine, play an important role in the motifs of the beehive panels. Painters painted pleasant hours of drinking and rejoicing in the tavern, as well as less pleasant ones, such as: Wives drag husbands away from playing cards, A wife comes for her husband, The wife drags her husband out of the tavern, Drinkers without money are thrown out of the tavern Boys fight over a girl. The beehive panels painted in this way, full of humor and satire, are a treasure trove of emotion, mentality, imagination, and creativity. Details:     Beehive panel     Product dimensions: 400 x 200 x 200 mm     Packed in a cardboard box: 410 x 230 x 50 mm     Motives: Motifs from the village tavern     Material: pine wood     HAND-PAINTED    we only use\u00a0 wood intended\u00a0 for mandatory cutting\" \/>\n<meta property=\"og:url\" content=\"https:\/\/skrina.si\/en\/product\/motifs-from-the-village-tavern\/\" \/>\n<meta property=\"og:site_name\" content=\"Etnogalerija Skrina\" \/>\n<meta property=\"article:modified_time\" content=\"2024-04-19T17:29:41+00:00\" \/>\n<meta property=\"og:image\" content=\"https:\/\/skrina.si\/wp-content\/uploads\/2024\/02\/Panjska-koncnica-Zena-vlece-moza-iz-gostilne-1.jpg\" \/>\n\t<meta property=\"og:image:width\" content=\"2000\" \/>\n\t<meta property=\"og:image:height\" content=\"1500\" \/>\n\t<meta property=\"og:image:type\" content=\"image\/jpeg\" \/>\n<meta name=\"twitter:card\" content=\"summary_large_image\" \/>\n<meta name=\"twitter:label1\" content=\"Estimated reading time\" \/>\n\t<meta name=\"twitter:data1\" content=\"1 minute\" \/>\n<script type=\"application\/ld+json\" class=\"yoast-schema-graph\">{\"@context\":\"https:\/\/schema.org\",\"@graph\":[{\"@type\":\"WebPage\",\"@id\":\"https:\/\/skrina.si\/en\/product\/motifs-from-the-village-tavern\/\",\"url\":\"https:\/\/skrina.si\/en\/product\/motifs-from-the-village-tavern\/\",\"name\":\"[:en]Motifs from the village tavern[:sl]Motivi iz va\u0161ke kr\u010dme (Kopija)[:] - Etnogalerija Skrina\",\"isPartOf\":{\"@id\":\"https:\/\/skrina.si\/en\/#website\"},\"datePublished\":\"2024-04-19T17:21:39+00:00\",\"dateModified\":\"2024-04-19T17:29:41+00:00\",\"breadcrumb\":{\"@id\":\"https:\/\/skrina.si\/en\/product\/motifs-from-the-village-tavern\/#breadcrumb\"},\"inLanguage\":\"en-GB\",\"potentialAction\":[{\"@type\":\"ReadAction\",\"target\":[\"https:\/\/skrina.si\/en\/product\/motifs-from-the-village-tavern\/\"]}]},{\"@type\":\"BreadcrumbList\",\"@id\":\"https:\/\/skrina.si\/en\/product\/motifs-from-the-village-tavern\/#breadcrumb\",\"itemListElement\":[{\"@type\":\"ListItem\",\"position\":1,\"name\":\"Home\",\"item\":\"https:\/\/skrina.si\/en\/\"},{\"@type\":\"ListItem\",\"position\":2,\"name\":\"Shop\",\"item\":\"https:\/\/skrina.si\/shop\/\"},{\"@type\":\"ListItem\",\"position\":3,\"name\":\"Motifs from the village tavern\"}]},{\"@type\":\"WebSite\",\"@id\":\"https:\/\/skrina.si\/en\/#website\",\"url\":\"https:\/\/skrina.si\/en\/\",\"name\":\"Etnogalerija Skrina\",\"description\":\"Tradicija s posluhom\",\"potentialAction\":[{\"@type\":\"SearchAction\",\"target\":{\"@type\":\"EntryPoint\",\"urlTemplate\":\"https:\/\/skrina.si\/en\/?s={search_term_string}\"},\"query-input\":\"required name=search_term_string\"}],\"inLanguage\":\"en-GB\"}]}<\/script>\n<!-- \/ Yoast SEO plugin. -->","yoast_head_json":{"title":"Motifs from the village tavern - Etnogalerija Skrina","robots":{"index":"index","follow":"follow","max-snippet":"max-snippet:-1","max-image-preview":"max-image-preview:large","max-video-preview":"max-video-preview:-1"},"canonical":"https:\/\/skrina.si\/en\/product\/motifs-from-the-village-tavern\/","og_locale":"en_GB","og_type":"article","og_title":"[:en]Motifs from the village tavern[:sl]Motivi iz va\u0161ke kr\u010dme (Kopija)[:] - Etnogalerija Skrina","og_description":"[:en]Oh, you ugly, drunker, I have to work alone all day, you don't come home before nightfall when you fall asleep. Scenes from the village tavern, where the guests and the owners were chatting over a glass of good wine, play an important role in the motifs of the beehive panels. Painters painted pleasant hours of drinking and rejoicing in the tavern, as well as less pleasant ones, such as: Wives drag husbands away from playing cards, A wife comes for her husband, The wife drags her husband out of the tavern, Drinkers without money are thrown out of the tavern Boys fight over a girl. The beehive panels painted in this way, full of humor and satire, are a treasure trove of emotion, mentality, imagination, and creativity. Details:     Beehive panel     Product dimensions: 400 x 200 x 200 mm     Packed in a cardboard box: 410 x 230 x 50 mm     Motives: Motifs from the village tavern     Material: pine wood     HAND-PAINTED    we only use\u00a0 wood intended\u00a0 for mandatory cutting  [:sl]Oj, ti mrha grda, pijana, cel dan moram delat sama, ni\u010d poprej te ni domov, kot zve\u010der, da b' le\u017eat \u0161ov. Prizori iz va\u0161ke kr\u010dme, kjer so o\u010danci in gospodarji mo\u017eevali ob kozarcu dobrega vina, imajo v motiviki panjskih kon\u010dnic pomembno mesto. Slikarji so risali prijetne urice popivanja in veselja\u010denja v gostilni, pa tudi manj prijetne, kot so: \u017deni vle\u010deta mo\u017ea od kartanja, Pride \u017eena po mo\u017ea, \u017dena vle\u010de mo\u017ea iz\u00a0 gostilne, Pivce brez denarja me\u010dejo iz gostilne, Fanta se pretepata zaradi dekleta. Tako poslikane panjske kon\u010dnice, polne \u0161egavih domislic in satire so zakladnica \u010dustvovanja, miselnosti, domi\u0161ljije in ustvarjalnosti. Podrobnosti:   Panjska kon\u010dnica  Mere izdelka: 400 x 200 x 200 mm  Embalirano v kartonski \u0161katli: 410 x 230 x 50 mm  Motivi iz va\u0161ke kr\u010dme  Material: smreka  RO\u010cNO SLIKANO  enostavna za po\u0161iljanje po po\u0161ti [:]","og_url":"https:\/\/skrina.si\/en\/product\/motifs-from-the-village-tavern\/","og_site_name":"Etnogalerija Skrina","article_modified_time":"2024-04-19T17:29:41+00:00","og_image":[{"width":2000,"height":1500,"url":"https:\/\/skrina.si\/wp-content\/uploads\/2024\/02\/Panjska-koncnica-Zena-vlece-moza-iz-gostilne-1.jpg","type":"image\/jpeg"}],"twitter_card":"summary_large_image","twitter_misc":{"Estimated reading time":"1 minute"},"schema":{"@context":"https:\/\/schema.org","@graph":[{"@type":"WebPage","@id":"https:\/\/skrina.si\/en\/product\/motifs-from-the-village-tavern\/","url":"https:\/\/skrina.si\/en\/product\/motifs-from-the-village-tavern\/","name":"[:en]Motifs from the village tavern[:sl]Motivi iz va\u0161ke kr\u010dme (Kopija)[:] - Etnogalerija Skrina","isPartOf":{"@id":"https:\/\/skrina.si\/en\/#website"},"datePublished":"2024-04-19T17:21:39+00:00","dateModified":"2024-04-19T17:29:41+00:00","breadcrumb":{"@id":"https:\/\/skrina.si\/en\/product\/motifs-from-the-village-tavern\/#breadcrumb"},"inLanguage":"en-GB","potentialAction":[{"@type":"ReadAction","target":["https:\/\/skrina.si\/en\/product\/motifs-from-the-village-tavern\/"]}]},{"@type":"BreadcrumbList","@id":"https:\/\/skrina.si\/en\/product\/motifs-from-the-village-tavern\/#breadcrumb","itemListElement":[{"@type":"ListItem","position":1,"name":"Home","item":"https:\/\/skrina.si\/en\/"},{"@type":"ListItem","position":2,"name":"Shop","item":"https:\/\/skrina.si\/shop\/"},{"@type":"ListItem","position":3,"name":"Motifs from the village tavern"}]},{"@type":"WebSite","@id":"https:\/\/skrina.si\/en\/#website","url":"https:\/\/skrina.si\/en\/","name":"Etnogalerija Skrina","description":"Tradicija s posluhom","potentialAction":[{"@type":"SearchAction","target":{"@type":"EntryPoint","urlTemplate":"https:\/\/skrina.si\/en\/?s={search_term_string}"},"query-input":"required name=search_term_string"}],"inLanguage":"en-GB"}]}},"_links":{"self":[{"href":"https:\/\/skrina.si\/en\/wp-json\/wp\/v2\/product\/15293"}],"collection":[{"href":"https:\/\/skrina.si\/en\/wp-json\/wp\/v2\/product"}],"about":[{"href":"https:\/\/skrina.si\/en\/wp-json\/wp\/v2\/types\/product"}],"wp:featuredmedia":[{"embeddable":true,"href":"https:\/\/skrina.si\/en\/wp-json\/wp\/v2\/media\/13829"}],"wp:attachment":[{"href":"https:\/\/skrina.si\/en\/wp-json\/wp\/v2\/media?parent=15293"}],"wp:term":[{"taxonomy":"product_cat","embeddable":true,"href":"https:\/\/skrina.si\/en\/wp-json\/wp\/v2\/product_cat?post=15293"},{"taxonomy":"product_tag","embeddable":true,"href":"https:\/\/skrina.si\/en\/wp-json\/wp\/v2\/product_tag?post=15293"}],"curies":[{"name":"wp","href":"https:\/\/api.w.org\/{rel}","templated":true}]}}