{"id":15290,"date":"2024-04-19T19:08:40","date_gmt":"2024-04-19T17:08:40","guid":{"rendered":"https:\/\/skrina.si\/en\/?post_type=product&#038;p=15290"},"modified":"2024-04-19T19:58:23","modified_gmt":"2024-04-19T17:58:23","slug":"hunting-and-animal-motifs","status":"publish","type":"product","link":"https:\/\/skrina.si\/en\/product\/hunting-and-animal-motifs\/","title":{"rendered":"Hunting and animal motifs"},"content":{"rendered":"","protected":false},"excerpt":{"rendered":"<h5 style=\"text-align: justify;\">Beehive panels with <strong><em>hunting and animal motifs<\/em><\/strong> illustrate hunters&#8217; peculiarities and weaknesses, good and bad habits and, above all, the tendency to exaggerate, which has been preserved to this day in the phrase: &#8220;<strong><em>That&#8217;s a hunter&#8217;s one&#8221;<\/em><\/strong>, which we often use.<br \/>\nThe hunters are drawn in various awkward positions; when they fit into a trap, when they are chased by various animals, and when the animals shave the hunter.<br \/>\nThe funeral of the hunter and the joy of the animals in the face of the hunter&#8217;s death are shown humorously.<br \/>\nThemes in which animals play a human role are also common:<br \/>\n<em>A deer shoots a hunter,<br \/>\n<\/em><em>A rabbit takes a rabbit in a wheelbarrow,<br \/>\n<\/em><em>An ox drives a chariot.<br \/>\n<\/em>Beehive panels with hunting and animal anecdotes, even today (centuries after their creation), bring us a smile and enthusiasm for the originality and imagination of our ancestors.<\/h5>\n<h6><em>Details:<\/em><\/h6>\n<ul>\n<li>\n<h6><em> Beehive panel<\/em><\/h6>\n<\/li>\n<li>\n<h6><em> Product dimensions: 400 x 200 x 200 mm<\/em><\/h6>\n<\/li>\n<li>\n<h6><em> Packed in a cardboard box: 410 x 230 x 50 mm<\/em><\/h6>\n<\/li>\n<li>\n<h6><em> Motives: Hunting and animal motifs<\/em><\/h6>\n<\/li>\n<li>\n<h6><em> Material: pine wood<\/em><\/h6>\n<\/li>\n<li>\n<h6><em> HAND-PAINTED<\/em><\/h6>\n<\/li>\n<li>\n<h6><em>we only use\u00a0 wood intended\u00a0 for mandatory cutting<\/em><\/h6>\n<\/li>\n<\/ul>\n","protected":false},"featured_media":13513,"template":"","meta":{"_monsterinsights_skip_tracking":false,"_monsterinsights_sitenote_active":false,"_monsterinsights_sitenote_note":"","_monsterinsights_sitenote_category":0},"product_cat":[1758,1376],"product_tag":[1356],"aioseo_notices":[],"yoast_head":"<!-- This site is optimized with the Yoast SEO plugin v22.1 - https:\/\/yoast.com\/wordpress\/plugins\/seo\/ -->\n<title>Hunting and animal motifs - Etnogalerija Skrina<\/title>\n<meta name=\"robots\" content=\"index, follow, max-snippet:-1, max-image-preview:large, max-video-preview:-1\" \/>\n<link rel=\"canonical\" href=\"https:\/\/skrina.si\/en\/product\/hunting-and-animal-motifs\/\" \/>\n<meta property=\"og:locale\" content=\"en_GB\" \/>\n<meta property=\"og:locale:alternate\" content=\"sl_SI\" \/>\n<meta property=\"og:type\" content=\"article\" \/>\n<meta property=\"og:title\" content=\"Hunting and animal motifs\" \/>\n<meta property=\"og:description\" content=\"Beehive panels with hunting and animal motifs illustrate hunters&#039; peculiarities and weaknesses, good and bad habits and, above all, the tendency to exaggerate, which has been preserved to this day in the phrase: &quot;That&#039;s a hunter&#039;s one&quot;, which we often use. The hunters are drawn in various awkward positions; when they fit into a trap, when they are chased by various animals, and when the animals shave the hunter. The funeral of the hunter and the joy of the animals in the face of the hunter&#039;s death are shown humorously. Themes in which animals play a human role are also common: A deer shoots a hunter, A rabbit takes a rabbit in a wheelbarrow, An ox drives a chariot. Beehive panels with hunting and animal anecdotes, even today (centuries after their creation), bring us a smile and enthusiasm for the originality and imagination of our ancestors. Details:     Beehive panel     Product dimensions: 400 x 200 x 200 mm     Packed in a cardboard box: 410 x 230 x 50 mm     Motives: Hunting and animal motifs     Material: pine wood     HAND-PAINTED    we only use\u00a0 wood intended\u00a0 for mandatory cutting\" \/>\n<meta property=\"og:url\" content=\"https:\/\/skrina.si\/en\/product\/hunting-and-animal-motifs\/\" \/>\n<meta property=\"og:site_name\" content=\"Etnogalerija Skrina\" \/>\n<meta property=\"article:modified_time\" content=\"2024-04-19T17:58:23+00:00\" \/>\n<meta property=\"og:image\" content=\"https:\/\/skrina.si\/wp-content\/uploads\/2024\/02\/Panjska-koncnica-Pogreb-lovca-1.jpg\" \/>\n\t<meta property=\"og:image:width\" content=\"2000\" \/>\n\t<meta property=\"og:image:height\" content=\"1500\" \/>\n\t<meta property=\"og:image:type\" content=\"image\/jpeg\" \/>\n<meta name=\"twitter:card\" content=\"summary_large_image\" \/>\n<meta name=\"twitter:label1\" content=\"Estimated reading time\" \/>\n\t<meta name=\"twitter:data1\" content=\"1 minute\" \/>\n<script type=\"application\/ld+json\" class=\"yoast-schema-graph\">{\"@context\":\"https:\/\/schema.org\",\"@graph\":[{\"@type\":\"WebPage\",\"@id\":\"https:\/\/skrina.si\/en\/product\/hunting-and-animal-motifs\/\",\"url\":\"https:\/\/skrina.si\/en\/product\/hunting-and-animal-motifs\/\",\"name\":\"[:en]Hunting and animal motifs[:sl]Lovski in \u017eivalski motivi[:] - Etnogalerija Skrina\",\"isPartOf\":{\"@id\":\"https:\/\/skrina.si\/en\/#website\"},\"datePublished\":\"2024-04-19T17:08:40+00:00\",\"dateModified\":\"2024-04-19T17:58:23+00:00\",\"breadcrumb\":{\"@id\":\"https:\/\/skrina.si\/en\/product\/hunting-and-animal-motifs\/#breadcrumb\"},\"inLanguage\":\"en-GB\",\"potentialAction\":[{\"@type\":\"ReadAction\",\"target\":[\"https:\/\/skrina.si\/en\/product\/hunting-and-animal-motifs\/\"]}]},{\"@type\":\"BreadcrumbList\",\"@id\":\"https:\/\/skrina.si\/en\/product\/hunting-and-animal-motifs\/#breadcrumb\",\"itemListElement\":[{\"@type\":\"ListItem\",\"position\":1,\"name\":\"Home\",\"item\":\"https:\/\/skrina.si\/en\/\"},{\"@type\":\"ListItem\",\"position\":2,\"name\":\"Shop\",\"item\":\"https:\/\/skrina.si\/shop\/\"},{\"@type\":\"ListItem\",\"position\":3,\"name\":\"Hunting and animal motifs\"}]},{\"@type\":\"WebSite\",\"@id\":\"https:\/\/skrina.si\/en\/#website\",\"url\":\"https:\/\/skrina.si\/en\/\",\"name\":\"Etnogalerija Skrina\",\"description\":\"Tradicija s posluhom\",\"potentialAction\":[{\"@type\":\"SearchAction\",\"target\":{\"@type\":\"EntryPoint\",\"urlTemplate\":\"https:\/\/skrina.si\/en\/?s={search_term_string}\"},\"query-input\":\"required name=search_term_string\"}],\"inLanguage\":\"en-GB\"}]}<\/script>\n<!-- \/ Yoast SEO plugin. -->","yoast_head_json":{"title":"Hunting and animal motifs - Etnogalerija Skrina","robots":{"index":"index","follow":"follow","max-snippet":"max-snippet:-1","max-image-preview":"max-image-preview:large","max-video-preview":"max-video-preview:-1"},"canonical":"https:\/\/skrina.si\/en\/product\/hunting-and-animal-motifs\/","og_locale":"en_GB","og_type":"article","og_title":"[:en]Hunting and animal motifs[:sl]Lovski in \u017eivalski motivi[:] - Etnogalerija Skrina","og_description":"[:en]Beehive panels with hunting and animal motifs illustrate hunters' peculiarities and weaknesses, good and bad habits and, above all, the tendency to exaggerate, which has been preserved to this day in the phrase: \"That's a hunter's one\", which we often use. The hunters are drawn in various awkward positions; when they fit into a trap, when they are chased by various animals, and when the animals shave the hunter. The funeral of the hunter and the joy of the animals in the face of the hunter's death are shown humorously. Themes in which animals play a human role are also common: A deer shoots a hunter, A rabbit takes a rabbit in a wheelbarrow, An ox drives a chariot. Beehive panels with hunting and animal anecdotes, even today (centuries after their creation), bring us a smile and enthusiasm for the originality and imagination of our ancestors. Details:     Beehive panel     Product dimensions: 400 x 200 x 200 mm     Packed in a cardboard box: 410 x 230 x 50 mm     Motives: Hunting and animal motifs     Material: pine wood     HAND-PAINTED    we only use\u00a0 wood intended\u00a0 for mandatory cutting  [:sl]Satiri\u010dna ost se je dotaknila tudi lovcev in njihove nagnjenosti k pretiravanju, ki jo vse do dana\u0161njih dni ponazarja rek: \u00bbTa je pa lovska\u00ab. Lovci so narisani v raznih neprijetnih polo\u017eajih; ko se ujemajo v past, ko jih preganjajo razne \u017eivali, ko \u017eivali brijejo lovca. Na hudomu\u0161en na\u010din je prikazan predvsem \u00a0Pogreb lovca \u00a0in veselje \u017eivali spri\u010do lov\u010deve smrti. Pogosta je tudi tematika v katerih igrajo \u017eivali \u010dlove\u0161ko vlogo: Jelen strelja lovca, Zajec pelje zajca v samokolnici, Vol pelje ko\u010dijo. Panjske kon\u010dnice z lovskimi in \u017eivalskimi anekdotami, nam \u0161e danes (stoletja po njihovem nastanku), privabijo nasmeh in navdu\u0161enje nad izvirnostjo in domiselnostjo\u00a0 preprostega \u010dloveka. Podrobnosti:   Panjska kon\u010dnica  Mere izdelka: 400 x 200 x 200 mm  Embalirano v kartonski \u0161katli: 410 x 230 x 50 mm  Motivi: lovski in \u017eivalski  Material: smreka  RO\u010cNO SLIKANO  enostavna za po\u0161iljanje po po\u0161ti [:]","og_url":"https:\/\/skrina.si\/en\/product\/hunting-and-animal-motifs\/","og_site_name":"Etnogalerija Skrina","article_modified_time":"2024-04-19T17:58:23+00:00","og_image":[{"width":2000,"height":1500,"url":"https:\/\/skrina.si\/wp-content\/uploads\/2024\/02\/Panjska-koncnica-Pogreb-lovca-1.jpg","type":"image\/jpeg"}],"twitter_card":"summary_large_image","twitter_misc":{"Estimated reading time":"1 minute"},"schema":{"@context":"https:\/\/schema.org","@graph":[{"@type":"WebPage","@id":"https:\/\/skrina.si\/en\/product\/hunting-and-animal-motifs\/","url":"https:\/\/skrina.si\/en\/product\/hunting-and-animal-motifs\/","name":"[:en]Hunting and animal motifs[:sl]Lovski in \u017eivalski motivi[:] - Etnogalerija Skrina","isPartOf":{"@id":"https:\/\/skrina.si\/en\/#website"},"datePublished":"2024-04-19T17:08:40+00:00","dateModified":"2024-04-19T17:58:23+00:00","breadcrumb":{"@id":"https:\/\/skrina.si\/en\/product\/hunting-and-animal-motifs\/#breadcrumb"},"inLanguage":"en-GB","potentialAction":[{"@type":"ReadAction","target":["https:\/\/skrina.si\/en\/product\/hunting-and-animal-motifs\/"]}]},{"@type":"BreadcrumbList","@id":"https:\/\/skrina.si\/en\/product\/hunting-and-animal-motifs\/#breadcrumb","itemListElement":[{"@type":"ListItem","position":1,"name":"Home","item":"https:\/\/skrina.si\/en\/"},{"@type":"ListItem","position":2,"name":"Shop","item":"https:\/\/skrina.si\/shop\/"},{"@type":"ListItem","position":3,"name":"Hunting and animal motifs"}]},{"@type":"WebSite","@id":"https:\/\/skrina.si\/en\/#website","url":"https:\/\/skrina.si\/en\/","name":"Etnogalerija Skrina","description":"Tradicija s posluhom","potentialAction":[{"@type":"SearchAction","target":{"@type":"EntryPoint","urlTemplate":"https:\/\/skrina.si\/en\/?s={search_term_string}"},"query-input":"required name=search_term_string"}],"inLanguage":"en-GB"}]}},"_links":{"self":[{"href":"https:\/\/skrina.si\/en\/wp-json\/wp\/v2\/product\/15290"}],"collection":[{"href":"https:\/\/skrina.si\/en\/wp-json\/wp\/v2\/product"}],"about":[{"href":"https:\/\/skrina.si\/en\/wp-json\/wp\/v2\/types\/product"}],"wp:featuredmedia":[{"embeddable":true,"href":"https:\/\/skrina.si\/en\/wp-json\/wp\/v2\/media\/13513"}],"wp:attachment":[{"href":"https:\/\/skrina.si\/en\/wp-json\/wp\/v2\/media?parent=15290"}],"wp:term":[{"taxonomy":"product_cat","embeddable":true,"href":"https:\/\/skrina.si\/en\/wp-json\/wp\/v2\/product_cat?post=15290"},{"taxonomy":"product_tag","embeddable":true,"href":"https:\/\/skrina.si\/en\/wp-json\/wp\/v2\/product_tag?post=15290"}],"curies":[{"name":"wp","href":"https:\/\/api.w.org\/{rel}","templated":true}]}}