{"id":15286,"date":"2024-04-19T17:29:29","date_gmt":"2024-04-19T15:29:29","guid":{"rendered":"https:\/\/skrina.si\/sl\/?post_type=product&#038;p=15286"},"modified":"2024-04-19T17:41:58","modified_gmt":"2024-04-19T15:41:58","slug":"humorous-and-ironic-motifs","status":"publish","type":"product","link":"https:\/\/skrina.si\/en\/product\/humorous-and-ironic-motifs\/","title":{"rendered":"Humorous and ironic motifs"},"content":{"rendered":"","protected":false},"excerpt":{"rendered":"<h6><em>I tell you, <\/em><em>that when two neighbors,<br \/>\n<\/em><em>sue each other for an emptiness,<br \/>\n<\/em><em>it makes a smart person laugh.<\/em><\/h6>\n<h5>Motifs on beehive panels repeatedly <strong><em>make fun of individual professions<\/em><\/strong>, and often in a satirical way illustrate human weaknesses.<br \/>\nLet us name just a few that comment on our lives playfully and humorously and illustrate human peculiarities and weaknesses:<br \/>\n<em>The farmers are suing for the cow, and a lawyer is milking it,<br \/>\n<\/em><em>Boy catches girls by pants,<br \/>\n<\/em><em>The devil sharpens a woman&#8217;s tongue,<br \/>\n<\/em><em>Women make soup out of pants,<br \/>\n<\/em><em>A Turk is getting married.<br \/>\n<\/em>Motifs that make fun of professions bring us, even today (centuries after their creation) a smile and enthusiasm for the originality and ingenuity of a simple person.<\/h5>\n<h6><em>Details:<\/em><\/h6>\n<ul>\n<li>\n<h6><em> Beehive panel<\/em><\/h6>\n<\/li>\n<li>\n<h6><em> Product dimensions: 400 x 200 x 200 mm<\/em><\/h6>\n<\/li>\n<li>\n<h6><em> Packed in a cardboard box: 410 x 230 x 50 mm<\/em><\/h6>\n<\/li>\n<li>\n<h6><em> Motives: <\/em><em>Humorous and ironic motifs<\/em><\/h6>\n<\/li>\n<li>\n<h6><em> Material: pine wood<\/em><\/h6>\n<\/li>\n<li>\n<h6><em> HAND-PAINTED<\/em><\/h6>\n<\/li>\n<li>\n<h6><em>we only use\u00a0 wood intended\u00a0 for mandatory cutting<\/em><\/h6>\n<\/li>\n<\/ul>\n","protected":false},"featured_media":13500,"template":"","meta":{"_monsterinsights_skip_tracking":false,"_monsterinsights_sitenote_active":false,"_monsterinsights_sitenote_note":"","_monsterinsights_sitenote_category":0},"product_cat":[1758,1376],"product_tag":[1356],"aioseo_notices":[],"yoast_head":"<!-- This site is optimized with the Yoast SEO plugin v22.1 - https:\/\/yoast.com\/wordpress\/plugins\/seo\/ -->\n<title>Humorous and ironic motifs - Etnogalerija Skrina<\/title>\n<meta name=\"robots\" content=\"index, follow, max-snippet:-1, max-image-preview:large, max-video-preview:-1\" \/>\n<link rel=\"canonical\" href=\"https:\/\/skrina.si\/en\/product\/humorous-and-ironic-motifs\/\" \/>\n<meta property=\"og:locale\" content=\"en_GB\" \/>\n<meta property=\"og:locale:alternate\" content=\"sl_SI\" \/>\n<meta property=\"og:type\" content=\"article\" \/>\n<meta property=\"og:title\" content=\"Humorous and ironic motifs\" \/>\n<meta property=\"og:description\" content=\"I tell you, that when two neighbors, sue each other for an emptiness, it makes a smart person laugh. Motifs on beehive panels repeatedly make fun of individual professions, and often in a satirical way illustrate human weaknesses. Let us name just a few that comment on our lives playfully and humorously and illustrate human peculiarities and weaknesses: The farmers are suing for the cow, and a lawyer is milking it, Boy catches girls by pants, The devil sharpens a woman&#039;s tongue, Women make soup out of pants, A Turk is getting married. Motifs that make fun of professions bring us, even today (centuries after their creation) a smile and enthusiasm for the originality and ingenuity of a simple person. Details:     Beehive panel     Product dimensions: 400 x 200 x 200 mm     Packed in a cardboard box: 410 x 230 x 50 mm     Motives: Humorous and ironic motifs     Material: pine wood     HAND-PAINTED    we only use\u00a0 wood intended\u00a0 for mandatory cutting\" \/>\n<meta property=\"og:url\" content=\"https:\/\/skrina.si\/en\/product\/humorous-and-ironic-motifs\/\" \/>\n<meta property=\"og:site_name\" content=\"Etnogalerija Skrina\" \/>\n<meta property=\"article:modified_time\" content=\"2024-04-19T15:41:58+00:00\" \/>\n<meta property=\"og:image\" content=\"https:\/\/skrina.si\/wp-content\/uploads\/2024\/02\/Panjska-koncnica-Kmeta-se-tozujeta-za-kravo-doktor-pa-jo-molze-1.jpg\" \/>\n\t<meta property=\"og:image:width\" content=\"2000\" \/>\n\t<meta property=\"og:image:height\" content=\"1500\" \/>\n\t<meta property=\"og:image:type\" content=\"image\/jpeg\" \/>\n<meta name=\"twitter:card\" content=\"summary_large_image\" \/>\n<meta name=\"twitter:label1\" content=\"Estimated reading time\" \/>\n\t<meta name=\"twitter:data1\" content=\"1 minute\" \/>\n<script type=\"application\/ld+json\" class=\"yoast-schema-graph\">{\"@context\":\"https:\/\/schema.org\",\"@graph\":[{\"@type\":\"WebPage\",\"@id\":\"https:\/\/skrina.si\/en\/product\/humorous-and-ironic-motifs\/\",\"url\":\"https:\/\/skrina.si\/en\/product\/humorous-and-ironic-motifs\/\",\"name\":\"[:en]Humorous and ironic motifs[:sl]Hudomu\u0161ni in ironi\u010dni motivi (Kopija)[:] - Etnogalerija Skrina\",\"isPartOf\":{\"@id\":\"https:\/\/skrina.si\/en\/#website\"},\"datePublished\":\"2024-04-19T15:29:29+00:00\",\"dateModified\":\"2024-04-19T15:41:58+00:00\",\"breadcrumb\":{\"@id\":\"https:\/\/skrina.si\/en\/product\/humorous-and-ironic-motifs\/#breadcrumb\"},\"inLanguage\":\"en-GB\",\"potentialAction\":[{\"@type\":\"ReadAction\",\"target\":[\"https:\/\/skrina.si\/en\/product\/humorous-and-ironic-motifs\/\"]}]},{\"@type\":\"BreadcrumbList\",\"@id\":\"https:\/\/skrina.si\/en\/product\/humorous-and-ironic-motifs\/#breadcrumb\",\"itemListElement\":[{\"@type\":\"ListItem\",\"position\":1,\"name\":\"Home\",\"item\":\"https:\/\/skrina.si\/en\/\"},{\"@type\":\"ListItem\",\"position\":2,\"name\":\"Shop\",\"item\":\"https:\/\/skrina.si\/shop\/\"},{\"@type\":\"ListItem\",\"position\":3,\"name\":\"Humorous and ironic motifs\"}]},{\"@type\":\"WebSite\",\"@id\":\"https:\/\/skrina.si\/en\/#website\",\"url\":\"https:\/\/skrina.si\/en\/\",\"name\":\"Etnogalerija Skrina\",\"description\":\"Tradicija s posluhom\",\"potentialAction\":[{\"@type\":\"SearchAction\",\"target\":{\"@type\":\"EntryPoint\",\"urlTemplate\":\"https:\/\/skrina.si\/en\/?s={search_term_string}\"},\"query-input\":\"required name=search_term_string\"}],\"inLanguage\":\"en-GB\"}]}<\/script>\n<!-- \/ Yoast SEO plugin. -->","yoast_head_json":{"title":"Humorous and ironic motifs - Etnogalerija Skrina","robots":{"index":"index","follow":"follow","max-snippet":"max-snippet:-1","max-image-preview":"max-image-preview:large","max-video-preview":"max-video-preview:-1"},"canonical":"https:\/\/skrina.si\/en\/product\/humorous-and-ironic-motifs\/","og_locale":"en_GB","og_type":"article","og_title":"[:en]Humorous and ironic motifs[:sl]Hudomu\u0161ni in ironi\u010dni motivi (Kopija)[:] - Etnogalerija Skrina","og_description":"[:en]I tell you, that when two neighbors, sue each other for an emptiness, it makes a smart person laugh. Motifs on beehive panels repeatedly make fun of individual professions, and often in a satirical way illustrate human weaknesses. Let us name just a few that comment on our lives playfully and humorously and illustrate human peculiarities and weaknesses: The farmers are suing for the cow, and a lawyer is milking it, Boy catches girls by pants, The devil sharpens a woman's tongue, Women make soup out of pants, A Turk is getting married. Motifs that make fun of professions bring us, even today (centuries after their creation) a smile and enthusiasm for the originality and ingenuity of a simple person. Details:     Beehive panel     Product dimensions: 400 x 200 x 200 mm     Packed in a cardboard box: 410 x 230 x 50 mm     Motives: Humorous and ironic motifs     Material: pine wood     HAND-PAINTED    we only use\u00a0 wood intended\u00a0 for mandatory cutting  [:sl]Povem vam, kadar dva soseda, bolezen \"pravdarska\" razjeda, se to\u017eita za prazen meh, da pametnemu gre na smeh. Motivi na panskih kon\u010dnicah velikokrat sme\u0161ijo posamezne poklice, pogosto pa ilustrirajo \u010dlove\u0161ke slabosti. Naj na\u0161tejemo samo nekatere, ki na igriv in hudomu\u0161en na\u010din komentirajo na\u0161a \u017eivljenja in \u00a0ilustrirajo \u010dlove\u0161ke posebnosti in slabosti: Kmeta se \"to\u017eujeta\" za kravo, doktor pa jo molze, Fant lovi dekleta na hla\u010de, Hudi\u010d brusi babi jezik, \u017denske kuhajo juho iz hla\u010d, Turek se \u017eeni Panjske kon\u010dnice, ki sme\u0161ijo poklice, nam \u0161e danes (stoletja po njihovem nastanku), privabijo nasmeh in navdu\u0161enje nad izvirnostjo in domiselnostjo\u00a0 preprostega \u010dloveka. Podrobnosti:    Panjska kon\u010dnica    Mere izdelka: 400 x 200 x 200 mm    Embalirano v kartonski \u0161katli: 410 x 230 x 50 mm    Motivi: hudomu\u0161ni in ironi\u010dni motivi    Material: smreka    RO\u010cNO SLIKANO    enostavna za po\u0161iljanje po po\u0161ti  [:]","og_url":"https:\/\/skrina.si\/en\/product\/humorous-and-ironic-motifs\/","og_site_name":"Etnogalerija Skrina","article_modified_time":"2024-04-19T15:41:58+00:00","og_image":[{"width":2000,"height":1500,"url":"https:\/\/skrina.si\/wp-content\/uploads\/2024\/02\/Panjska-koncnica-Kmeta-se-tozujeta-za-kravo-doktor-pa-jo-molze-1.jpg","type":"image\/jpeg"}],"twitter_card":"summary_large_image","twitter_misc":{"Estimated reading time":"1 minute"},"schema":{"@context":"https:\/\/schema.org","@graph":[{"@type":"WebPage","@id":"https:\/\/skrina.si\/en\/product\/humorous-and-ironic-motifs\/","url":"https:\/\/skrina.si\/en\/product\/humorous-and-ironic-motifs\/","name":"[:en]Humorous and ironic motifs[:sl]Hudomu\u0161ni in ironi\u010dni motivi (Kopija)[:] - Etnogalerija Skrina","isPartOf":{"@id":"https:\/\/skrina.si\/en\/#website"},"datePublished":"2024-04-19T15:29:29+00:00","dateModified":"2024-04-19T15:41:58+00:00","breadcrumb":{"@id":"https:\/\/skrina.si\/en\/product\/humorous-and-ironic-motifs\/#breadcrumb"},"inLanguage":"en-GB","potentialAction":[{"@type":"ReadAction","target":["https:\/\/skrina.si\/en\/product\/humorous-and-ironic-motifs\/"]}]},{"@type":"BreadcrumbList","@id":"https:\/\/skrina.si\/en\/product\/humorous-and-ironic-motifs\/#breadcrumb","itemListElement":[{"@type":"ListItem","position":1,"name":"Home","item":"https:\/\/skrina.si\/en\/"},{"@type":"ListItem","position":2,"name":"Shop","item":"https:\/\/skrina.si\/shop\/"},{"@type":"ListItem","position":3,"name":"Humorous and ironic motifs"}]},{"@type":"WebSite","@id":"https:\/\/skrina.si\/en\/#website","url":"https:\/\/skrina.si\/en\/","name":"Etnogalerija Skrina","description":"Tradicija s posluhom","potentialAction":[{"@type":"SearchAction","target":{"@type":"EntryPoint","urlTemplate":"https:\/\/skrina.si\/en\/?s={search_term_string}"},"query-input":"required name=search_term_string"}],"inLanguage":"en-GB"}]}},"_links":{"self":[{"href":"https:\/\/skrina.si\/en\/wp-json\/wp\/v2\/product\/15286"}],"collection":[{"href":"https:\/\/skrina.si\/en\/wp-json\/wp\/v2\/product"}],"about":[{"href":"https:\/\/skrina.si\/en\/wp-json\/wp\/v2\/types\/product"}],"wp:featuredmedia":[{"embeddable":true,"href":"https:\/\/skrina.si\/en\/wp-json\/wp\/v2\/media\/13500"}],"wp:attachment":[{"href":"https:\/\/skrina.si\/en\/wp-json\/wp\/v2\/media?parent=15286"}],"wp:term":[{"taxonomy":"product_cat","embeddable":true,"href":"https:\/\/skrina.si\/en\/wp-json\/wp\/v2\/product_cat?post=15286"},{"taxonomy":"product_tag","embeddable":true,"href":"https:\/\/skrina.si\/en\/wp-json\/wp\/v2\/product_tag?post=15286"}],"curies":[{"name":"wp","href":"https:\/\/api.w.org\/{rel}","templated":true}]}}