{"id":15283,"date":"2024-04-19T16:16:06","date_gmt":"2024-04-19T14:16:06","guid":{"rendered":"https:\/\/skrina.si\/en\/?post_type=product&#038;p=15283"},"modified":"2024-04-19T16:16:36","modified_gmt":"2024-04-19T14:16:36","slug":"motif-from-married-life","status":"publish","type":"product","link":"https:\/\/skrina.si\/en\/product\/motif-from-married-life\/","title":{"rendered":"Motif from married life"},"content":{"rendered":"","protected":false},"excerpt":{"rendered":"<h6>Come on girls, before the dance is over.<\/h6>\n<h6>Wives and ladies, all who know how to spin their legs well.<\/h6>\n<h5>Beehive panels with motifs from married life, in a <strong><em>playful and naughty<\/em><\/strong>, and often in a satirical way, comment on the pleasant and sometimes less pleasant moments of married life:<br \/>\n<em>Pigeons,<br \/>\n<\/em><em>The husband carries the wife on the cross,<br \/>\n<\/em><em>A Turk is getting married,<br \/>\n<\/em><em>A man in a cage&#8230;and we could go on and on.<br \/>\n<\/em>The small painted boards that once delighted Slovenian villages are modest, as their authors were modest, but today they reveal to us all the richness and beauty of <strong><em>folk tradition.<\/em><\/strong><\/h5>\n<h6><em>Details:<\/em><\/h6>\n<ul>\n<li>\n<h6><em> Beehive panel<\/em><\/h6>\n<\/li>\n<li>\n<h6><em> Product dimensions: 400 x 200 x 200 mm<\/em><\/h6>\n<\/li>\n<li>\n<h6><em> Packed in a cardboard box: 410 x 230 x 50 mm<\/em><\/h6>\n<\/li>\n<li>\n<h6><em> Motives: Motif from married life<\/em><\/h6>\n<\/li>\n<li>\n<h6><em> Material: pine wood<\/em><\/h6>\n<\/li>\n<li>\n<h6><em> HAND-PAINTED <\/em><\/h6>\n<\/li>\n<li>\n<h6><em> we only use wood intended for mandatory cutting<\/em><\/h6>\n<\/li>\n<\/ul>\n<p>&nbsp;<\/p>\n","protected":false},"featured_media":5534,"template":"","meta":{"_monsterinsights_skip_tracking":false,"_monsterinsights_sitenote_active":false,"_monsterinsights_sitenote_note":"","_monsterinsights_sitenote_category":0},"product_cat":[1758,1376],"product_tag":[1356],"aioseo_notices":[],"yoast_head":"<!-- This site is optimized with the Yoast SEO plugin v22.1 - https:\/\/yoast.com\/wordpress\/plugins\/seo\/ -->\n<title>Motif from married life - Etnogalerija Skrina<\/title>\n<meta name=\"robots\" content=\"index, follow, max-snippet:-1, max-image-preview:large, max-video-preview:-1\" \/>\n<link rel=\"canonical\" href=\"https:\/\/skrina.si\/en\/product\/motif-from-married-life\/\" \/>\n<meta property=\"og:locale\" content=\"en_GB\" \/>\n<meta property=\"og:locale:alternate\" content=\"sl_SI\" \/>\n<meta property=\"og:type\" content=\"article\" \/>\n<meta property=\"og:title\" content=\"Motif from married life\" \/>\n<meta property=\"og:description\" content=\"Come on girls, before the dance is over. Wives and ladies, all who know how to spin their legs well. Beehive panels with motifs from married life, in a playful and naughty, and often in a satirical way, comment on the pleasant and sometimes less pleasant moments of married life: Pigeons, The husband carries the wife on the cross, A Turk is getting married, A man in a cage...and we could go on and on. The small painted boards that once delighted Slovenian villages are modest, as their authors were modest, but today they reveal to us all the richness and beauty of folk tradition. Details:     Beehive panel     Product dimensions: 400 x 200 x 200 mm     Packed in a cardboard box: 410 x 230 x 50 mm     Motives: Motif from married life     Material: pine wood     HAND-PAINTED     we only use wood intended for mandatory cutting   &nbsp;\" \/>\n<meta property=\"og:url\" content=\"https:\/\/skrina.si\/en\/product\/motif-from-married-life\/\" \/>\n<meta property=\"og:site_name\" content=\"Etnogalerija Skrina\" \/>\n<meta property=\"article:modified_time\" content=\"2024-04-19T14:16:36+00:00\" \/>\n<meta property=\"og:image\" content=\"https:\/\/skrina.si\/wp-content\/uploads\/2021\/09\/Panjske-koncnice-V_12_1.jpg\" \/>\n\t<meta property=\"og:image:width\" content=\"2000\" \/>\n\t<meta property=\"og:image:height\" content=\"1500\" \/>\n\t<meta property=\"og:image:type\" content=\"image\/jpeg\" \/>\n<meta name=\"twitter:card\" content=\"summary_large_image\" \/>\n<meta name=\"twitter:label1\" content=\"Estimated reading time\" \/>\n\t<meta name=\"twitter:data1\" content=\"1 minute\" \/>\n<script type=\"application\/ld+json\" class=\"yoast-schema-graph\">{\"@context\":\"https:\/\/schema.org\",\"@graph\":[{\"@type\":\"WebPage\",\"@id\":\"https:\/\/skrina.si\/en\/product\/motif-from-married-life\/\",\"url\":\"https:\/\/skrina.si\/en\/product\/motif-from-married-life\/\",\"name\":\"[:en]Motif from married life[:sl]Motivi iz zakonskega \u017eivljenja[:] - Etnogalerija Skrina\",\"isPartOf\":{\"@id\":\"https:\/\/skrina.si\/en\/#website\"},\"datePublished\":\"2024-04-19T14:16:06+00:00\",\"dateModified\":\"2024-04-19T14:16:36+00:00\",\"breadcrumb\":{\"@id\":\"https:\/\/skrina.si\/en\/product\/motif-from-married-life\/#breadcrumb\"},\"inLanguage\":\"en-GB\",\"potentialAction\":[{\"@type\":\"ReadAction\",\"target\":[\"https:\/\/skrina.si\/en\/product\/motif-from-married-life\/\"]}]},{\"@type\":\"BreadcrumbList\",\"@id\":\"https:\/\/skrina.si\/en\/product\/motif-from-married-life\/#breadcrumb\",\"itemListElement\":[{\"@type\":\"ListItem\",\"position\":1,\"name\":\"Home\",\"item\":\"https:\/\/skrina.si\/en\/\"},{\"@type\":\"ListItem\",\"position\":2,\"name\":\"Shop\",\"item\":\"https:\/\/skrina.si\/shop\/\"},{\"@type\":\"ListItem\",\"position\":3,\"name\":\"Motif from married life\"}]},{\"@type\":\"WebSite\",\"@id\":\"https:\/\/skrina.si\/en\/#website\",\"url\":\"https:\/\/skrina.si\/en\/\",\"name\":\"Etnogalerija Skrina\",\"description\":\"Tradicija s posluhom\",\"potentialAction\":[{\"@type\":\"SearchAction\",\"target\":{\"@type\":\"EntryPoint\",\"urlTemplate\":\"https:\/\/skrina.si\/en\/?s={search_term_string}\"},\"query-input\":\"required name=search_term_string\"}],\"inLanguage\":\"en-GB\"}]}<\/script>\n<!-- \/ Yoast SEO plugin. -->","yoast_head_json":{"title":"Motif from married life - Etnogalerija Skrina","robots":{"index":"index","follow":"follow","max-snippet":"max-snippet:-1","max-image-preview":"max-image-preview:large","max-video-preview":"max-video-preview:-1"},"canonical":"https:\/\/skrina.si\/en\/product\/motif-from-married-life\/","og_locale":"en_GB","og_type":"article","og_title":"[:en]Motif from married life[:sl]Motivi iz zakonskega \u017eivljenja[:] - Etnogalerija Skrina","og_description":"[:en]Come on girls, before the dance is over. Wives and ladies, all who know how to spin their legs well. Beehive panels with motifs from married life, in a playful and naughty, and often in a satirical way, comment on the pleasant and sometimes less pleasant moments of married life: Pigeons, The husband carries the wife on the cross, A Turk is getting married, A man in a cage...and we could go on and on. The small painted boards that once delighted Slovenian villages are modest, as their authors were modest, but today they reveal to us all the richness and beauty of folk tradition. Details:     Beehive panel     Product dimensions: 400 x 200 x 200 mm     Packed in a cardboard box: 410 x 230 x 50 mm     Motives: Motif from married life     Material: pine wood     HAND-PAINTED     we only use wood intended for mandatory cutting   &nbsp;[:sl]Hajdi dekline, preden ples mine. \u017dene in tudi gospe, znajo prav li\u010dno vrteti noge. Panjske kon\u010dnice z motivi iz zakonskega \u017eivljenja, na igriv in hudomu\u0161en, velikokrat pa tudi na satiri\u010den na\u010din komentirajo prijetne in manj prijetne trenutke zakonskega stanu: Golob\u010dka Mo\u017e nosi \u017eeno na kri\u017eu, Turek se \u017eeni, Mo\u017e v kletki\u2026in \u0161e bi lahko na\u0161tevali. Majhne poslikane de\u0161\u010dice, ki so neko\u010d razveseljevale slovenske vasi, so skromne, kot so bili skromni njihovi avtorji, vendar so nam danes razodevajo vse bogastvo in lepote ljudskega izro\u010dila. Podrobnosti:   Panjska kon\u010dnica  Mere izdelka: 400 x 200 x 200 mm  Embalirano v kartonski \u0161katli: 410 x 230 x 50 mm  Motivi iz va\u0161ke kr\u010dme  Material: smreka  RO\u010cNO SLIKANO  enostavna za po\u0161iljanje po po\u0161ti [:]","og_url":"https:\/\/skrina.si\/en\/product\/motif-from-married-life\/","og_site_name":"Etnogalerija Skrina","article_modified_time":"2024-04-19T14:16:36+00:00","og_image":[{"width":2000,"height":1500,"url":"https:\/\/skrina.si\/wp-content\/uploads\/2021\/09\/Panjske-koncnice-V_12_1.jpg","type":"image\/jpeg"}],"twitter_card":"summary_large_image","twitter_misc":{"Estimated reading time":"1 minute"},"schema":{"@context":"https:\/\/schema.org","@graph":[{"@type":"WebPage","@id":"https:\/\/skrina.si\/en\/product\/motif-from-married-life\/","url":"https:\/\/skrina.si\/en\/product\/motif-from-married-life\/","name":"[:en]Motif from married life[:sl]Motivi iz zakonskega \u017eivljenja[:] - Etnogalerija Skrina","isPartOf":{"@id":"https:\/\/skrina.si\/en\/#website"},"datePublished":"2024-04-19T14:16:06+00:00","dateModified":"2024-04-19T14:16:36+00:00","breadcrumb":{"@id":"https:\/\/skrina.si\/en\/product\/motif-from-married-life\/#breadcrumb"},"inLanguage":"en-GB","potentialAction":[{"@type":"ReadAction","target":["https:\/\/skrina.si\/en\/product\/motif-from-married-life\/"]}]},{"@type":"BreadcrumbList","@id":"https:\/\/skrina.si\/en\/product\/motif-from-married-life\/#breadcrumb","itemListElement":[{"@type":"ListItem","position":1,"name":"Home","item":"https:\/\/skrina.si\/en\/"},{"@type":"ListItem","position":2,"name":"Shop","item":"https:\/\/skrina.si\/shop\/"},{"@type":"ListItem","position":3,"name":"Motif from married life"}]},{"@type":"WebSite","@id":"https:\/\/skrina.si\/en\/#website","url":"https:\/\/skrina.si\/en\/","name":"Etnogalerija Skrina","description":"Tradicija s posluhom","potentialAction":[{"@type":"SearchAction","target":{"@type":"EntryPoint","urlTemplate":"https:\/\/skrina.si\/en\/?s={search_term_string}"},"query-input":"required name=search_term_string"}],"inLanguage":"en-GB"}]}},"_links":{"self":[{"href":"https:\/\/skrina.si\/en\/wp-json\/wp\/v2\/product\/15283"}],"collection":[{"href":"https:\/\/skrina.si\/en\/wp-json\/wp\/v2\/product"}],"about":[{"href":"https:\/\/skrina.si\/en\/wp-json\/wp\/v2\/types\/product"}],"wp:featuredmedia":[{"embeddable":true,"href":"https:\/\/skrina.si\/en\/wp-json\/wp\/v2\/media\/5534"}],"wp:attachment":[{"href":"https:\/\/skrina.si\/en\/wp-json\/wp\/v2\/media?parent=15283"}],"wp:term":[{"taxonomy":"product_cat","embeddable":true,"href":"https:\/\/skrina.si\/en\/wp-json\/wp\/v2\/product_cat?post=15283"},{"taxonomy":"product_tag","embeddable":true,"href":"https:\/\/skrina.si\/en\/wp-json\/wp\/v2\/product_tag?post=15283"}],"curies":[{"name":"wp","href":"https:\/\/api.w.org\/{rel}","templated":true}]}}