{"id":15080,"date":"2024-04-15T18:44:09","date_gmt":"2024-04-15T16:44:09","guid":{"rendered":"https:\/\/skrina.si\/en\/?post_type=product&#038;p=15080"},"modified":"2024-05-04T12:10:38","modified_gmt":"2024-05-04T10:10:38","slug":"prucka-kraljicna-na-zrnu-graha","status":"publish","type":"product","link":"https:\/\/skrina.si\/en\/product\/prucka-kraljicna-na-zrnu-graha\/","title":{"rendered":"DIY The Princess on the Pea"},"content":{"rendered":"<h5><strong><em>Kralji\u010dna na zrnu graha (<\/em><em>Hans Christian Andersen)<\/em><\/strong><\/h5>\n<h5><em>\u00a0<\/em>Neko\u010d v davnih \u010dasih je \u017eivel\u00a0 kraljevi\u010d, ki se \u017eelel poro\u010diti s kralji\u010dno. Toda pozor, morala bi biti <strong>res<\/strong> prava kralji\u010dna. Potoval je po vsem svetu, a \u017eal nikjer ni na\u0161el take, kot si je \u017eelel. Kralji\u010den je bilo sicer dovolj, toda, na vsaki ga je nekaj zmotilo in ni se mu zdela dovolj prava kralji\u010dna. Zato je opustil potovanje in se ves nesre\u010den vrnil domov.<br \/>\nZgodilo se je, da je bila nekega ve\u010dera je stra\u0161na nevihta. Bliskalo se je, grmelo, in de\u017e je lil v potokih. Zdajci je potrkalo na grajska vrata in stari kralj je vstal in \u0161el odpirat. Zunaj pred vrati je stala\u00a0 kralji\u010dna. Ampak, o joj! Kak\u0161na je bila od neurja! Voda ji je tekla od las in obleke, tekla ji je v \u010devlje k prstom in pri petah spet ven. In vendar je trdila, da je prava kralji\u010dna.<br \/>\n\u00bbNo, to bomo \u0161e videli!\u00ab si je mislila stara kraljica, a dejala ni ni\u010d. \u0160la je v spalnico, zlo\u017eila vse \u017eimnice\u00a0 na tla in polo\u017eila na dno postelje zrno graha. Nato je na zrno polo\u017eila dvajset \u017eimnic, na \u017eimnice pa \u0161e dvajset pernic. Na tako pripravljeni postelji je kralji\u010dna prespala no\u010d in zjutraj so jo vpra\u0161ali, kako je spala. \u00bbOh stra\u0161no slabo!\u00ab je odgovorila kralji\u010dna. \u00bbSkoraj vso no\u010d nisem zatisnila o\u010di. Bog si ga vedi, kaj je bilo v postelji! Le\u017eala sem na ne\u010dem trdem, da sem vsa modrikasta po telesu. Grozno!\u00ab<br \/>\nTako so spoznali, da je prava kralji\u010dna, ker je skozi dvajset \u017eimnic in dvajset pernic za\u010dutila zrno graha. Tako ob\u010dutljiv ni mogel biti nih\u010de drug, kakor samo prava kralji\u010dna. Tedaj jo je kraljevi\u010d vzel za \u017eeno, zakaj vedel je, da ima pravo pravcato kralji\u010dno. Tisto zrno graha pa so dali v muzej umetnin, kjer je ga \u0161e danes lahko vidi\u0161, \u010de ga \u017ee ni kdo odnesel.<\/h5>\n<h5><\/h5>\n","protected":false},"excerpt":{"rendered":"<h5 style=\"text-align: justify;\">For the Japanese market, we made jointed step stools with the motifs of the <strong><em>world&#8217;s famous fairy tales.<\/em><\/strong><\/h5>\n<h5 style=\"text-align: justify;\">DIY stools encourage creativity and develop imagination, and they can be used as rehabilitation equipment.<\/h5>\n<h5 style=\"text-align: justify;\">The motif of the fairy tale <strong><em>&#8220;The Princess on the Pea&#8221;<\/em><\/strong> by Hans Christian Andersen is printed on the stool seat, and the buyer colors it by himself with the supplied colors.<\/h5>\n<h5 style=\"text-align: justify;\">DIY stools are creative gifts for children and are designed for fun and use by the whole family.<\/h5>\n<p><em>\u00a0<\/em><\/p>\n<h6><em>Details:<\/em><\/h6>\n<ul>\n<li>\n<h6>Jointed step stool &#8211; DIY<\/h6>\n<\/li>\n<li>\n<h6>Size: 400 x 200 x 200 mm<\/h6>\n<\/li>\n<li>\n<h6>Cardboard box: 410 x 230 x 50 mm<\/h6>\n<\/li>\n<li>\n<h6>Color: pink<\/h6>\n<\/li>\n<li>\n<h6>Motif: The Princes and the Pea<\/h6>\n<\/li>\n<li>\n<h6>Included: 4 basic non-toxic colors (water-based) and brush<\/h6>\n<\/li>\n<li>\n<h6>Material: MDF<\/h6>\n<\/li>\n<li>\n<h6>EN 71 CERTIFICATE<\/h6>\n<\/li>\n<li>\n<h6><strong><em>An ideal gift for the whole family (regardless of age and gender)<\/em><\/strong><\/h6>\n<\/li>\n<li>\n<h6>easy to send by post<\/h6>\n<\/li>\n<\/ul>\n","protected":false},"featured_media":3423,"template":"","meta":{"_monsterinsights_skip_tracking":false,"_monsterinsights_sitenote_active":false,"_monsterinsights_sitenote_note":"","_monsterinsights_sitenote_category":0},"product_cat":[1636,103],"product_tag":[1296],"aioseo_notices":[],"yoast_head":"<!-- This site is optimized with the Yoast SEO plugin v22.1 - https:\/\/yoast.com\/wordpress\/plugins\/seo\/ -->\n<title>DIY The Princess on the Pea - Kralji\u010dna na zrnu graha[:] - Etnogalerija Skrina<\/title>\n<meta name=\"description\" content=\"Lesena pru\u010dka - Kralji\u010dna na zrnu graha. Kupec zlo\u017eljivo pru\u010dko sam pobarva po prilo\u017eeni predlogi in s prilo\u017eenimi barvami.\" \/>\n<meta name=\"robots\" content=\"index, follow, max-snippet:-1, max-image-preview:large, max-video-preview:-1\" \/>\n<link rel=\"canonical\" href=\"https:\/\/skrina.si\/en\/product\/prucka-kraljicna-na-zrnu-graha\/\" \/>\n<meta property=\"og:locale\" content=\"en_GB\" \/>\n<meta property=\"og:locale:alternate\" content=\"sl_SI\" \/>\n<meta property=\"og:type\" content=\"article\" \/>\n<meta property=\"og:title\" content=\"DIY The Princess on the Pea\" \/>\n<meta property=\"og:description\" content=\"Lesena pru\u010dka - Kralji\u010dna na zrnu graha. Kupec zlo\u017eljivo pru\u010dko sam pobarva po prilo\u017eeni predlogi in s prilo\u017eenimi barvami.\" \/>\n<meta property=\"og:url\" content=\"https:\/\/skrina.si\/en\/product\/prucka-kraljicna-na-zrnu-graha\/\" \/>\n<meta property=\"og:site_name\" content=\"Etnogalerija Skrina\" \/>\n<meta property=\"article:modified_time\" content=\"2024-05-04T10:10:38+00:00\" \/>\n<meta property=\"og:image\" content=\"https:\/\/skrina.si\/wp-content\/uploads\/2021\/07\/Prucka-sestavljena-Kraljicna-na-zrnu-graha-princeska-pravljice.jpg\" \/>\n\t<meta property=\"og:image:width\" content=\"2000\" \/>\n\t<meta property=\"og:image:height\" content=\"1500\" \/>\n\t<meta property=\"og:image:type\" content=\"image\/jpeg\" \/>\n<meta name=\"twitter:card\" content=\"summary_large_image\" \/>\n<meta name=\"twitter:label1\" content=\"Estimated reading time\" \/>\n\t<meta name=\"twitter:data1\" content=\"2 minutes\" \/>\n<script type=\"application\/ld+json\" class=\"yoast-schema-graph\">{\"@context\":\"https:\/\/schema.org\",\"@graph\":[{\"@type\":\"WebPage\",\"@id\":\"https:\/\/skrina.si\/en\/product\/prucka-kraljicna-na-zrnu-graha\/\",\"url\":\"https:\/\/skrina.si\/en\/product\/prucka-kraljicna-na-zrnu-graha\/\",\"name\":\"[:en]DIY The Princess on the Pea[:sl]Pru\u010dka - Kralji\u010dna na zrnu graha[:] - Etnogalerija Skrina\",\"isPartOf\":{\"@id\":\"https:\/\/skrina.si\/en\/#website\"},\"datePublished\":\"2024-04-15T16:44:09+00:00\",\"dateModified\":\"2024-05-04T10:10:38+00:00\",\"description\":\"[:en]Lesena pru\u010dka - Kralji\u010dna na zrnu graha. Kupec zlo\u017eljivo pru\u010dko sam pobarva po prilo\u017eeni predlogi in s prilo\u017eenimi barvami.[:]\",\"breadcrumb\":{\"@id\":\"https:\/\/skrina.si\/en\/product\/prucka-kraljicna-na-zrnu-graha\/#breadcrumb\"},\"inLanguage\":\"en-GB\",\"potentialAction\":[{\"@type\":\"ReadAction\",\"target\":[\"https:\/\/skrina.si\/en\/product\/prucka-kraljicna-na-zrnu-graha\/\"]}]},{\"@type\":\"BreadcrumbList\",\"@id\":\"https:\/\/skrina.si\/en\/product\/prucka-kraljicna-na-zrnu-graha\/#breadcrumb\",\"itemListElement\":[{\"@type\":\"ListItem\",\"position\":1,\"name\":\"Home\",\"item\":\"https:\/\/skrina.si\/en\/\"},{\"@type\":\"ListItem\",\"position\":2,\"name\":\"Shop\",\"item\":\"https:\/\/skrina.si\/shop\/\"},{\"@type\":\"ListItem\",\"position\":3,\"name\":\"Pru\u010dka &#8211; Kralji\u010dna na zrnu graha\"}]},{\"@type\":\"WebSite\",\"@id\":\"https:\/\/skrina.si\/en\/#website\",\"url\":\"https:\/\/skrina.si\/en\/\",\"name\":\"Etnogalerija Skrina\",\"description\":\"Tradicija s posluhom\",\"potentialAction\":[{\"@type\":\"SearchAction\",\"target\":{\"@type\":\"EntryPoint\",\"urlTemplate\":\"https:\/\/skrina.si\/en\/?s={search_term_string}\"},\"query-input\":\"required name=search_term_string\"}],\"inLanguage\":\"en-GB\"}]}<\/script>\n<!-- \/ Yoast SEO plugin. -->","yoast_head_json":{"title":"DIY The Princess on the Pea - Kralji\u010dna na zrnu graha[:] - Etnogalerija Skrina","description":"[:en]Lesena pru\u010dka - Kralji\u010dna na zrnu graha. Kupec zlo\u017eljivo pru\u010dko sam pobarva po prilo\u017eeni predlogi in s prilo\u017eenimi barvami.[:]","robots":{"index":"index","follow":"follow","max-snippet":"max-snippet:-1","max-image-preview":"max-image-preview:large","max-video-preview":"max-video-preview:-1"},"canonical":"https:\/\/skrina.si\/en\/product\/prucka-kraljicna-na-zrnu-graha\/","og_locale":"en_GB","og_type":"article","og_title":"[:en]DIY The Princess on the Pea[:sl]Pru\u010dka - Kralji\u010dna na zrnu graha[:] - Etnogalerija Skrina","og_description":"[:en]Lesena pru\u010dka - Kralji\u010dna na zrnu graha. Kupec zlo\u017eljivo pru\u010dko sam pobarva po prilo\u017eeni predlogi in s prilo\u017eenimi barvami.[:]","og_url":"https:\/\/skrina.si\/en\/product\/prucka-kraljicna-na-zrnu-graha\/","og_site_name":"Etnogalerija Skrina","article_modified_time":"2024-05-04T10:10:38+00:00","og_image":[{"width":2000,"height":1500,"url":"https:\/\/skrina.si\/wp-content\/uploads\/2021\/07\/Prucka-sestavljena-Kraljicna-na-zrnu-graha-princeska-pravljice.jpg","type":"image\/jpeg"}],"twitter_card":"summary_large_image","twitter_misc":{"Estimated reading time":"2 minutes"},"schema":{"@context":"https:\/\/schema.org","@graph":[{"@type":"WebPage","@id":"https:\/\/skrina.si\/en\/product\/prucka-kraljicna-na-zrnu-graha\/","url":"https:\/\/skrina.si\/en\/product\/prucka-kraljicna-na-zrnu-graha\/","name":"[:en]DIY The Princess on the Pea[:sl]Pru\u010dka - Kralji\u010dna na zrnu graha[:] - Etnogalerija Skrina","isPartOf":{"@id":"https:\/\/skrina.si\/en\/#website"},"datePublished":"2024-04-15T16:44:09+00:00","dateModified":"2024-05-04T10:10:38+00:00","description":"[:en]Lesena pru\u010dka - Kralji\u010dna na zrnu graha. Kupec zlo\u017eljivo pru\u010dko sam pobarva po prilo\u017eeni predlogi in s prilo\u017eenimi barvami.[:]","breadcrumb":{"@id":"https:\/\/skrina.si\/en\/product\/prucka-kraljicna-na-zrnu-graha\/#breadcrumb"},"inLanguage":"en-GB","potentialAction":[{"@type":"ReadAction","target":["https:\/\/skrina.si\/en\/product\/prucka-kraljicna-na-zrnu-graha\/"]}]},{"@type":"BreadcrumbList","@id":"https:\/\/skrina.si\/en\/product\/prucka-kraljicna-na-zrnu-graha\/#breadcrumb","itemListElement":[{"@type":"ListItem","position":1,"name":"Home","item":"https:\/\/skrina.si\/en\/"},{"@type":"ListItem","position":2,"name":"Shop","item":"https:\/\/skrina.si\/shop\/"},{"@type":"ListItem","position":3,"name":"Pru\u010dka &#8211; Kralji\u010dna na zrnu graha"}]},{"@type":"WebSite","@id":"https:\/\/skrina.si\/en\/#website","url":"https:\/\/skrina.si\/en\/","name":"Etnogalerija Skrina","description":"Tradicija s posluhom","potentialAction":[{"@type":"SearchAction","target":{"@type":"EntryPoint","urlTemplate":"https:\/\/skrina.si\/en\/?s={search_term_string}"},"query-input":"required name=search_term_string"}],"inLanguage":"en-GB"}]}},"_links":{"self":[{"href":"https:\/\/skrina.si\/en\/wp-json\/wp\/v2\/product\/15080"}],"collection":[{"href":"https:\/\/skrina.si\/en\/wp-json\/wp\/v2\/product"}],"about":[{"href":"https:\/\/skrina.si\/en\/wp-json\/wp\/v2\/types\/product"}],"wp:featuredmedia":[{"embeddable":true,"href":"https:\/\/skrina.si\/en\/wp-json\/wp\/v2\/media\/3423"}],"wp:attachment":[{"href":"https:\/\/skrina.si\/en\/wp-json\/wp\/v2\/media?parent=15080"}],"wp:term":[{"taxonomy":"product_cat","embeddable":true,"href":"https:\/\/skrina.si\/en\/wp-json\/wp\/v2\/product_cat?post=15080"},{"taxonomy":"product_tag","embeddable":true,"href":"https:\/\/skrina.si\/en\/wp-json\/wp\/v2\/product_tag?post=15080"}],"curies":[{"name":"wp","href":"https:\/\/api.w.org\/{rel}","templated":true}]}}