{"id":15061,"date":"2024-04-15T12:29:03","date_gmt":"2024-04-15T10:29:03","guid":{"rendered":"https:\/\/skrina.si\/sl\/?post_type=product&#038;p=15061"},"modified":"2024-05-05T18:31:24","modified_gmt":"2024-05-05T16:31:24","slug":"i-like-chees","status":"publish","type":"product","link":"https:\/\/skrina.si\/en\/product\/i-like-chees\/","title":{"rendered":"I like cheese"},"content":{"rendered":"","protected":false},"excerpt":{"rendered":"<h5>Clay allows a wide range of creativity, from useful products to various decorative solutions.<br \/>\nThe designer <strong><em>Dubrovka \u0160orel<\/em><\/strong> combines both methods and tries to find a new, never-before-seen form for some useful objects (cups, trays, dishes, bowls).<br \/>\nThat is why her works have both a useful and an aesthetic character, and they are also characterized by top-quality ceramic technology and thoughtful content.<\/h5>\n<h6><em>Details:<\/em><\/h6>\n<ul>\n<li>\n<h6><em>Cower: 16 x 15 cm<\/em><\/h6>\n<\/li>\n<li>\n<h6><em>Plate diameter: 19 cm<\/em><\/h6>\n<\/li>\n<li>\n<h6><em>Spoon: 16 cm<\/em><\/h6>\n<\/li>\n<li>\n<h6><em>Volume: 0.35 l<\/em><\/h6>\n<\/li>\n<li>\n<h6><em>Material: Ceramics<\/em><\/h6>\n<\/li>\n<li>\n<h6><em>In gift packaging<\/em><\/h6>\n<\/li>\n<li>\n<h6><em>Designed with love for details<\/em><\/h6>\n<\/li>\n<li>\n<h6><em>An ideal gift for cat lovers<\/em><\/h6>\n<\/li>\n<li>\n<h6><strong><em>HANDWORK<\/em><\/strong><\/h6>\n<\/li>\n<\/ul>\n","protected":false},"featured_media":14937,"template":"","meta":{"_monsterinsights_skip_tracking":false,"_monsterinsights_sitenote_active":false,"_monsterinsights_sitenote_note":"","_monsterinsights_sitenote_category":0},"product_cat":[1049,1053],"product_tag":[293],"aioseo_notices":[],"yoast_head":"<!-- This site is optimized with the Yoast SEO plugin v22.1 - https:\/\/yoast.com\/wordpress\/plugins\/seo\/ -->\n<title>I like cheese - Etnogalerija Skrina<\/title>\n<meta name=\"description\" content=\"Dubrovka \u0160orel v vsakodnevnih predmetih zdru\u017euje uporabnost in estetiko z ro\u010dno oblikovanimi podobami ma\u010dk.\" \/>\n<meta name=\"robots\" content=\"index, follow, max-snippet:-1, max-image-preview:large, max-video-preview:-1\" \/>\n<link rel=\"canonical\" href=\"https:\/\/skrina.si\/en\/product\/i-like-chees\/\" \/>\n<meta property=\"og:locale\" content=\"en_GB\" \/>\n<meta property=\"og:locale:alternate\" content=\"sl_SI\" \/>\n<meta property=\"og:type\" content=\"article\" \/>\n<meta property=\"og:title\" content=\"I like cheese\" \/>\n<meta property=\"og:description\" content=\"Dubrovka \u0160orel v vsakodnevnih predmetih zdru\u017euje uporabnost in estetiko z ro\u010dno oblikovanimi podobami ma\u010dk.\" \/>\n<meta property=\"og:url\" content=\"https:\/\/skrina.si\/en\/product\/i-like-chees\/\" \/>\n<meta property=\"og:site_name\" content=\"Etnogalerija Skrina\" \/>\n<meta property=\"article:modified_time\" content=\"2024-05-05T16:31:24+00:00\" \/>\n<meta property=\"og:image\" content=\"https:\/\/skrina.si\/wp-content\/uploads\/2024\/03\/MACKE-SOREL-7.jpg\" \/>\n\t<meta property=\"og:image:width\" content=\"2000\" \/>\n\t<meta property=\"og:image:height\" content=\"1500\" \/>\n\t<meta property=\"og:image:type\" content=\"image\/jpeg\" \/>\n<meta name=\"twitter:card\" content=\"summary_large_image\" \/>\n<meta name=\"twitter:label1\" content=\"Estimated reading time\" \/>\n\t<meta name=\"twitter:data1\" content=\"1 minute\" \/>\n<script type=\"application\/ld+json\" class=\"yoast-schema-graph\">{\"@context\":\"https:\/\/schema.org\",\"@graph\":[{\"@type\":\"WebPage\",\"@id\":\"https:\/\/skrina.si\/en\/product\/i-like-chees\/\",\"url\":\"https:\/\/skrina.si\/en\/product\/i-like-chees\/\",\"name\":\"[:en]I like cheese[:sl]I like chees[:] - Etnogalerija Skrina\",\"isPartOf\":{\"@id\":\"https:\/\/skrina.si\/en\/#website\"},\"datePublished\":\"2024-04-15T10:29:03+00:00\",\"dateModified\":\"2024-05-05T16:31:24+00:00\",\"description\":\"[:sl]Dubrovka \u0160orel v vsakodnevnih predmetih zdru\u017euje uporabnost in estetiko z ro\u010dno oblikovanimi podobami ma\u010dk.[:]\",\"breadcrumb\":{\"@id\":\"https:\/\/skrina.si\/en\/product\/i-like-chees\/#breadcrumb\"},\"inLanguage\":\"en-GB\",\"potentialAction\":[{\"@type\":\"ReadAction\",\"target\":[\"https:\/\/skrina.si\/en\/product\/i-like-chees\/\"]}]},{\"@type\":\"BreadcrumbList\",\"@id\":\"https:\/\/skrina.si\/en\/product\/i-like-chees\/#breadcrumb\",\"itemListElement\":[{\"@type\":\"ListItem\",\"position\":1,\"name\":\"Home\",\"item\":\"https:\/\/skrina.si\/en\/\"},{\"@type\":\"ListItem\",\"position\":2,\"name\":\"Shop\",\"item\":\"https:\/\/skrina.si\/shop\/\"},{\"@type\":\"ListItem\",\"position\":3,\"name\":\"I like cheese\"}]},{\"@type\":\"WebSite\",\"@id\":\"https:\/\/skrina.si\/en\/#website\",\"url\":\"https:\/\/skrina.si\/en\/\",\"name\":\"Etnogalerija Skrina\",\"description\":\"Tradicija s posluhom\",\"potentialAction\":[{\"@type\":\"SearchAction\",\"target\":{\"@type\":\"EntryPoint\",\"urlTemplate\":\"https:\/\/skrina.si\/en\/?s={search_term_string}\"},\"query-input\":\"required name=search_term_string\"}],\"inLanguage\":\"en-GB\"}]}<\/script>\n<!-- \/ Yoast SEO plugin. -->","yoast_head_json":{"title":"I like cheese - Etnogalerija Skrina","description":"[:sl]Dubrovka \u0160orel v vsakodnevnih predmetih zdru\u017euje uporabnost in estetiko z ro\u010dno oblikovanimi podobami ma\u010dk.[:]","robots":{"index":"index","follow":"follow","max-snippet":"max-snippet:-1","max-image-preview":"max-image-preview:large","max-video-preview":"max-video-preview:-1"},"canonical":"https:\/\/skrina.si\/en\/product\/i-like-chees\/","og_locale":"en_GB","og_type":"article","og_title":"[:en]I like cheese[:sl]I like chees[:] - Etnogalerija Skrina","og_description":"[:sl]Dubrovka \u0160orel v vsakodnevnih predmetih zdru\u017euje uporabnost in estetiko z ro\u010dno oblikovanimi podobami ma\u010dk.[:]","og_url":"https:\/\/skrina.si\/en\/product\/i-like-chees\/","og_site_name":"Etnogalerija Skrina","article_modified_time":"2024-05-05T16:31:24+00:00","og_image":[{"width":2000,"height":1500,"url":"https:\/\/skrina.si\/wp-content\/uploads\/2024\/03\/MACKE-SOREL-7.jpg","type":"image\/jpeg"}],"twitter_card":"summary_large_image","twitter_misc":{"Estimated reading time":"1 minute"},"schema":{"@context":"https:\/\/schema.org","@graph":[{"@type":"WebPage","@id":"https:\/\/skrina.si\/en\/product\/i-like-chees\/","url":"https:\/\/skrina.si\/en\/product\/i-like-chees\/","name":"[:en]I like cheese[:sl]I like chees[:] - Etnogalerija Skrina","isPartOf":{"@id":"https:\/\/skrina.si\/en\/#website"},"datePublished":"2024-04-15T10:29:03+00:00","dateModified":"2024-05-05T16:31:24+00:00","description":"[:sl]Dubrovka \u0160orel v vsakodnevnih predmetih zdru\u017euje uporabnost in estetiko z ro\u010dno oblikovanimi podobami ma\u010dk.[:]","breadcrumb":{"@id":"https:\/\/skrina.si\/en\/product\/i-like-chees\/#breadcrumb"},"inLanguage":"en-GB","potentialAction":[{"@type":"ReadAction","target":["https:\/\/skrina.si\/en\/product\/i-like-chees\/"]}]},{"@type":"BreadcrumbList","@id":"https:\/\/skrina.si\/en\/product\/i-like-chees\/#breadcrumb","itemListElement":[{"@type":"ListItem","position":1,"name":"Home","item":"https:\/\/skrina.si\/en\/"},{"@type":"ListItem","position":2,"name":"Shop","item":"https:\/\/skrina.si\/shop\/"},{"@type":"ListItem","position":3,"name":"I like cheese"}]},{"@type":"WebSite","@id":"https:\/\/skrina.si\/en\/#website","url":"https:\/\/skrina.si\/en\/","name":"Etnogalerija Skrina","description":"Tradicija s posluhom","potentialAction":[{"@type":"SearchAction","target":{"@type":"EntryPoint","urlTemplate":"https:\/\/skrina.si\/en\/?s={search_term_string}"},"query-input":"required name=search_term_string"}],"inLanguage":"en-GB"}]}},"_links":{"self":[{"href":"https:\/\/skrina.si\/en\/wp-json\/wp\/v2\/product\/15061"}],"collection":[{"href":"https:\/\/skrina.si\/en\/wp-json\/wp\/v2\/product"}],"about":[{"href":"https:\/\/skrina.si\/en\/wp-json\/wp\/v2\/types\/product"}],"wp:featuredmedia":[{"embeddable":true,"href":"https:\/\/skrina.si\/en\/wp-json\/wp\/v2\/media\/14937"}],"wp:attachment":[{"href":"https:\/\/skrina.si\/en\/wp-json\/wp\/v2\/media?parent=15061"}],"wp:term":[{"taxonomy":"product_cat","embeddable":true,"href":"https:\/\/skrina.si\/en\/wp-json\/wp\/v2\/product_cat?post=15061"},{"taxonomy":"product_tag","embeddable":true,"href":"https:\/\/skrina.si\/en\/wp-json\/wp\/v2\/product_tag?post=15061"}],"curies":[{"name":"wp","href":"https:\/\/api.w.org\/{rel}","templated":true}]}}