{"id":14662,"date":"2024-04-10T10:23:54","date_gmt":"2024-04-10T08:23:54","guid":{"rendered":"https:\/\/skrina.si\/en\/?post_type=product&#038;p=14662"},"modified":"2024-04-10T17:53:55","modified_gmt":"2024-04-10T15:53:55","slug":"gorenjska-nosa-2","status":"publish","type":"product","link":"https:\/\/skrina.si\/en\/product\/gorenjska-nosa-2\/","title":{"rendered":"Kozjanska no\u0161a"},"content":{"rendered":"","protected":false},"excerpt":{"rendered":"<h5><strong><em>\u017denska kozjanska no\u0161a<\/em><\/strong> ima kar nekaj razli\u010dic, vsem pa je skupna do vratu zapeta bela srajca s \u0161iroko nabranimi rokavi, ki so v zapestjih stisnjeni z man\u0161eto. Oprijet \u017eivotec z globokim izrezom pod prsmi je razli\u010dnih barv. Nemalokrat je \u017eivo rde\u010d in se ujema z rde\u010dimi pletenimi nogavicami, ki jih v\u010dasih skrivajo do gle\u017enjev segajo\u010di \u010drni \u00bbpol \u0161kornji\u00ab. Ti so bolj izjema, kot pravilo, \u00a0pogostej\u0161i in bolj obi\u010dajni so \u010drni, nizki \u010devlji z zaponko.<br \/>\n\u0160iroko, mo\u010dno nabrano krilo in spodnje krilo pokriva temen predpasnik, preko katerega je opasan \u0161e kovinski pas (sklepanec) s trakom in pentljo.<br \/>\nTudi<strong><em> mo\u0161ka kozjanska no\u0161a<\/em><\/strong> ne gre brez bele srajce z ovratnikom in \u0161irokimi, v zapestju stisnjenimi rokavi. Prekriva jo kratek telovnik z v-izrezom, ki se zapenja s kovinskimi gumbi.<br \/>\nHla\u010de so praviloma dolge, temne in izdelane iz volnenega blaga.<br \/>\n<em>Opisane so zgolj nekatere zna\u010dilnosti kozjanske no\u0161e.<\/em><\/h5>\n<h6><em>Lastnosti:<\/em><\/h6>\n<ul>\n<li>\n<h6><em>Naslov dela: Narodna no\u0161a Kozjansko<\/em><\/h6>\n<\/li>\n<li>\n<h6><em>Tehnika: grafika<\/em><\/h6>\n<\/li>\n<li>\n<h6><em>Zunanja dimenzija: 35 x 48 cm<\/em><\/h6>\n<\/li>\n<li>\n<h6><em>Vse grafike so podpisane in o\u0161tevil\u010dene<\/em><\/h6>\n<\/li>\n<li>\n<h6><em>Omejena naklada 126\/200<\/em><\/h6>\n<\/li>\n<\/ul>\n<p><em>\u00a0<\/em><\/p>\n","protected":false},"featured_media":11263,"template":"","meta":{"_monsterinsights_skip_tracking":false,"_monsterinsights_sitenote_active":false,"_monsterinsights_sitenote_note":"","_monsterinsights_sitenote_category":0},"product_cat":[103,238],"product_tag":[726,728],"aioseo_notices":[],"yoast_head":"<!-- This site is optimized with the Yoast SEO plugin v22.1 - https:\/\/yoast.com\/wordpress\/plugins\/seo\/ -->\n<title>Kozjanska no\u0161a - Etnogalerija Skrina<\/title>\n<meta name=\"robots\" content=\"index, follow, max-snippet:-1, max-image-preview:large, max-video-preview:-1\" \/>\n<link rel=\"canonical\" href=\"https:\/\/skrina.si\/en\/product\/gorenjska-nosa-2\/\" \/>\n<meta property=\"og:locale\" content=\"en_GB\" \/>\n<meta property=\"og:locale:alternate\" content=\"sl_SI\" \/>\n<meta property=\"og:type\" content=\"article\" \/>\n<meta property=\"og:title\" content=\"Kozjanska no\u0161a\" \/>\n<meta property=\"og:description\" content=\"\u017denska kozjanska no\u0161a ima kar nekaj razli\u010dic, vsem pa je skupna do vratu zapeta bela srajca s \u0161iroko nabranimi rokavi, ki so v zapestjih stisnjeni z man\u0161eto. Oprijet \u017eivotec z globokim izrezom pod prsmi je razli\u010dnih barv. Nemalokrat je \u017eivo rde\u010d in se ujema z rde\u010dimi pletenimi nogavicami, ki jih v\u010dasih skrivajo do gle\u017enjev segajo\u010di \u010drni \u00bbpol \u0161kornji\u00ab. Ti so bolj izjema, kot pravilo, \u00a0pogostej\u0161i in bolj obi\u010dajni so \u010drni, nizki \u010devlji z zaponko. \u0160iroko, mo\u010dno nabrano krilo in spodnje krilo pokriva temen predpasnik, preko katerega je opasan \u0161e kovinski pas (sklepanec) s trakom in pentljo. Tudi mo\u0161ka kozjanska no\u0161a ne gre brez bele srajce z ovratnikom in \u0161irokimi, v zapestju stisnjenimi rokavi. Prekriva jo kratek telovnik z v-izrezom, ki se zapenja s kovinskimi gumbi. Hla\u010de so praviloma dolge, temne in izdelane iz volnenega blaga. Opisane so zgolj nekatere zna\u010dilnosti kozjanske no\u0161e. Lastnosti:    Naslov dela: Narodna no\u0161a Kozjansko    Tehnika: grafika    Zunanja dimenzija: 35 x 48 cm    Vse grafike so podpisane in o\u0161tevil\u010dene    Omejena naklada 126\/200   \u00a0\" \/>\n<meta property=\"og:url\" content=\"https:\/\/skrina.si\/en\/product\/gorenjska-nosa-2\/\" \/>\n<meta property=\"og:site_name\" content=\"Etnogalerija Skrina\" \/>\n<meta property=\"article:modified_time\" content=\"2024-04-10T15:53:55+00:00\" \/>\n<meta property=\"og:image\" content=\"https:\/\/skrina.si\/wp-content\/uploads\/2024\/04\/Gorenjska-nosa-skrina-Tradicija-s-posluhom-slovenska-ljudska-nosa.jpg\" \/>\n\t<meta property=\"og:image:width\" content=\"2000\" \/>\n\t<meta property=\"og:image:height\" content=\"1500\" \/>\n\t<meta property=\"og:image:type\" content=\"image\/jpeg\" \/>\n<meta name=\"twitter:card\" content=\"summary_large_image\" \/>\n<meta name=\"twitter:label1\" content=\"Estimated reading time\" \/>\n\t<meta name=\"twitter:data1\" content=\"1 minute\" \/>\n<script type=\"application\/ld+json\" class=\"yoast-schema-graph\">{\"@context\":\"https:\/\/schema.org\",\"@graph\":[{\"@type\":\"WebPage\",\"@id\":\"https:\/\/skrina.si\/en\/product\/gorenjska-nosa-2\/\",\"url\":\"https:\/\/skrina.si\/en\/product\/gorenjska-nosa-2\/\",\"name\":\"[:en]Kozjanska no\u0161a[:sl]Gorenjska no\u0161a[:] - Etnogalerija Skrina\",\"isPartOf\":{\"@id\":\"https:\/\/skrina.si\/en\/#website\"},\"datePublished\":\"2024-04-10T08:23:54+00:00\",\"dateModified\":\"2024-04-10T15:53:55+00:00\",\"breadcrumb\":{\"@id\":\"https:\/\/skrina.si\/en\/product\/gorenjska-nosa-2\/#breadcrumb\"},\"inLanguage\":\"en-GB\",\"potentialAction\":[{\"@type\":\"ReadAction\",\"target\":[\"https:\/\/skrina.si\/en\/product\/gorenjska-nosa-2\/\"]}]},{\"@type\":\"BreadcrumbList\",\"@id\":\"https:\/\/skrina.si\/en\/product\/gorenjska-nosa-2\/#breadcrumb\",\"itemListElement\":[{\"@type\":\"ListItem\",\"position\":1,\"name\":\"Home\",\"item\":\"https:\/\/skrina.si\/en\/\"},{\"@type\":\"ListItem\",\"position\":2,\"name\":\"Shop\",\"item\":\"https:\/\/skrina.si\/shop\/\"},{\"@type\":\"ListItem\",\"position\":3,\"name\":\"Gorenjska no\u0161a\"}]},{\"@type\":\"WebSite\",\"@id\":\"https:\/\/skrina.si\/en\/#website\",\"url\":\"https:\/\/skrina.si\/en\/\",\"name\":\"Etnogalerija Skrina\",\"description\":\"Tradicija s posluhom\",\"potentialAction\":[{\"@type\":\"SearchAction\",\"target\":{\"@type\":\"EntryPoint\",\"urlTemplate\":\"https:\/\/skrina.si\/en\/?s={search_term_string}\"},\"query-input\":\"required name=search_term_string\"}],\"inLanguage\":\"en-GB\"}]}<\/script>\n<!-- \/ Yoast SEO plugin. -->","yoast_head_json":{"title":"Kozjanska no\u0161a - Etnogalerija Skrina","robots":{"index":"index","follow":"follow","max-snippet":"max-snippet:-1","max-image-preview":"max-image-preview:large","max-video-preview":"max-video-preview:-1"},"canonical":"https:\/\/skrina.si\/en\/product\/gorenjska-nosa-2\/","og_locale":"en_GB","og_type":"article","og_title":"[:en]Kozjanska no\u0161a[:sl]Gorenjska no\u0161a[:] - Etnogalerija Skrina","og_description":"[:en]\u017denska kozjanska no\u0161a ima kar nekaj razli\u010dic, vsem pa je skupna do vratu zapeta bela srajca s \u0161iroko nabranimi rokavi, ki so v zapestjih stisnjeni z man\u0161eto. Oprijet \u017eivotec z globokim izrezom pod prsmi je razli\u010dnih barv. Nemalokrat je \u017eivo rde\u010d in se ujema z rde\u010dimi pletenimi nogavicami, ki jih v\u010dasih skrivajo do gle\u017enjev segajo\u010di \u010drni \u00bbpol \u0161kornji\u00ab. Ti so bolj izjema, kot pravilo, \u00a0pogostej\u0161i in bolj obi\u010dajni so \u010drni, nizki \u010devlji z zaponko. \u0160iroko, mo\u010dno nabrano krilo in spodnje krilo pokriva temen predpasnik, preko katerega je opasan \u0161e kovinski pas (sklepanec) s trakom in pentljo. Tudi mo\u0161ka kozjanska no\u0161a ne gre brez bele srajce z ovratnikom in \u0161irokimi, v zapestju stisnjenimi rokavi. Prekriva jo kratek telovnik z v-izrezom, ki se zapenja s kovinskimi gumbi. Hla\u010de so praviloma dolge, temne in izdelane iz volnenega blaga. Opisane so zgolj nekatere zna\u010dilnosti kozjanske no\u0161e. Lastnosti:    Naslov dela: Narodna no\u0161a Kozjansko    Tehnika: grafika    Zunanja dimenzija: 35 x 48 cm    Vse grafike so podpisane in o\u0161tevil\u010dene    Omejena naklada 126\/200   \u00a0[:sl]\u00bbPoka\u017eem se fantu v pisanem gvantu\u00ab Gorenjska \u017eenska no\u0161a ima precej notranjih razli\u010dic, osnovo pa sestavljajo bela platnena srajca, velika pisana ruta z resicami, ogrnjena okoli ramen in spredaj zataknjena za pas in do gle\u017enjev segajo\u010de krilo. V\u010dasih so dekleta pod krilom nosile eno ali ve\u010d nabranih spodnjih \"untar\", da so izgledale obilnej\u0161e in tako tudi bogatej\u0161e in bolj za\u017eelene. Ponekod so neporo\u010dena dekleta imela na glavi zavija\u010do, ve\u010dinoma pa je bilo naglavno pokrivalo pe\u010da ali avba. Mo\u0161ki imajo \u010dez belo srajco kratek ro\u017east telovnik s kovinskimi gumbi ali\u00a0 kratek suknji\u010d z reverji in dolgimi rokavi. Hla\u010de \"irharce\" se stikajo z visokimi, malo \u010dez kolena segajo\u010dimi \u0161kornji. Na glavi polhovka ali klobuk \u0161irokih krajcev. Velik rde\u010d in pisano obrobljen de\u017enik imenovan tudi Kranjska marela ali \u00bb\u017eidani parazol\u00ab. Opisane so zgolj nekatere zna\u010dilnosti gorenjske no\u0161e.  \u00a0Lastnosti:    Naslov dela: Gorenjska narodna no\u0161a    Tehnika: grafika    Zunanja dimenzija: 35 x 48 cm; 19 x 23 cm    Vse grafike so podpisane in o\u0161tevil\u010dene    Omejena naklada 126\/200  [:]","og_url":"https:\/\/skrina.si\/en\/product\/gorenjska-nosa-2\/","og_site_name":"Etnogalerija Skrina","article_modified_time":"2024-04-10T15:53:55+00:00","og_image":[{"width":2000,"height":1500,"url":"https:\/\/skrina.si\/wp-content\/uploads\/2024\/04\/Gorenjska-nosa-skrina-Tradicija-s-posluhom-slovenska-ljudska-nosa.jpg","type":"image\/jpeg"}],"twitter_card":"summary_large_image","twitter_misc":{"Estimated reading time":"1 minute"},"schema":{"@context":"https:\/\/schema.org","@graph":[{"@type":"WebPage","@id":"https:\/\/skrina.si\/en\/product\/gorenjska-nosa-2\/","url":"https:\/\/skrina.si\/en\/product\/gorenjska-nosa-2\/","name":"[:en]Kozjanska no\u0161a[:sl]Gorenjska no\u0161a[:] - Etnogalerija Skrina","isPartOf":{"@id":"https:\/\/skrina.si\/en\/#website"},"datePublished":"2024-04-10T08:23:54+00:00","dateModified":"2024-04-10T15:53:55+00:00","breadcrumb":{"@id":"https:\/\/skrina.si\/en\/product\/gorenjska-nosa-2\/#breadcrumb"},"inLanguage":"en-GB","potentialAction":[{"@type":"ReadAction","target":["https:\/\/skrina.si\/en\/product\/gorenjska-nosa-2\/"]}]},{"@type":"BreadcrumbList","@id":"https:\/\/skrina.si\/en\/product\/gorenjska-nosa-2\/#breadcrumb","itemListElement":[{"@type":"ListItem","position":1,"name":"Home","item":"https:\/\/skrina.si\/en\/"},{"@type":"ListItem","position":2,"name":"Shop","item":"https:\/\/skrina.si\/shop\/"},{"@type":"ListItem","position":3,"name":"Gorenjska no\u0161a"}]},{"@type":"WebSite","@id":"https:\/\/skrina.si\/en\/#website","url":"https:\/\/skrina.si\/en\/","name":"Etnogalerija Skrina","description":"Tradicija s posluhom","potentialAction":[{"@type":"SearchAction","target":{"@type":"EntryPoint","urlTemplate":"https:\/\/skrina.si\/en\/?s={search_term_string}"},"query-input":"required name=search_term_string"}],"inLanguage":"en-GB"}]}},"_links":{"self":[{"href":"https:\/\/skrina.si\/en\/wp-json\/wp\/v2\/product\/14662"}],"collection":[{"href":"https:\/\/skrina.si\/en\/wp-json\/wp\/v2\/product"}],"about":[{"href":"https:\/\/skrina.si\/en\/wp-json\/wp\/v2\/types\/product"}],"wp:featuredmedia":[{"embeddable":true,"href":"https:\/\/skrina.si\/en\/wp-json\/wp\/v2\/media\/11263"}],"wp:attachment":[{"href":"https:\/\/skrina.si\/en\/wp-json\/wp\/v2\/media?parent=14662"}],"wp:term":[{"taxonomy":"product_cat","embeddable":true,"href":"https:\/\/skrina.si\/en\/wp-json\/wp\/v2\/product_cat?post=14662"},{"taxonomy":"product_tag","embeddable":true,"href":"https:\/\/skrina.si\/en\/wp-json\/wp\/v2\/product_tag?post=14662"}],"curies":[{"name":"wp","href":"https:\/\/api.w.org\/{rel}","templated":true}]}}