{"id":14611,"date":"2024-04-08T18:21:28","date_gmt":"2024-04-08T16:21:28","guid":{"rendered":"https:\/\/skrina.si\/sl\/?post_type=product&#038;p=14611"},"modified":"2024-04-08T18:24:48","modified_gmt":"2024-04-08T16:24:48","slug":"vedno-elegantna-2","status":"publish","type":"product","link":"https:\/\/skrina.si\/en\/product\/vedno-elegantna-2\/","title":{"rendered":"Vedno elegantna"},"content":{"rendered":"","protected":false},"excerpt":{"rendered":"<h5>V\u00a0 SKRINI\u00a0 za vas pripravili <strong><em>MAJICE<\/em><\/strong> prepoznavnih slovenskih krajev, ki\u00a0 jih je za nas narisala svetovno uveljavljena akademska slikarka <strong><em>Ejti \u0160tih.<br \/>\n<\/em><\/strong>Slikarka Ejti \u0160tih,\u00a0 doma iz Bleda \u017ee vrsto let \u017eivi v Boliviji, kjer jo ume\u0161\u010dajo med najvidnej\u0161e umetnike. Je <strong><em>socialno anga\u017eirana umetnica<\/em><\/strong>, ki osvetljuje problematiko rev\u0161\u010dine, \u017eivljenja navadnih ljudi, globalizacije in podobnih aktualnih dru\u017ebenih tem.<br \/>\nNa svoj izviren, neponovljiv in nekonvencionalen\u00a0 na\u010din, zna\u010dilen samo in edino zanjo, <strong><em>igrivo in hudomu\u0161no<\/em><\/strong>, a vendar kriti\u010dno komentira na\u0161e <strong><em>navade in razvade.\u00a0<\/em><\/strong><\/h5>\n<h5>Prepoznavna je po \u017eivih barvah, zato se boste v majicah z motivi Ejti \u0160tih po\u010dutili mladostno in &#8220;\u0161ik&#8221;.<\/h5>\n","protected":false},"featured_media":14060,"template":"","meta":{"_monsterinsights_skip_tracking":false,"_monsterinsights_sitenote_active":false,"_monsterinsights_sitenote_note":"","_monsterinsights_sitenote_category":0},"product_cat":[103,203],"product_tag":[],"aioseo_notices":[],"yoast_head":"<!-- This site is optimized with the Yoast SEO plugin v22.1 - https:\/\/yoast.com\/wordpress\/plugins\/seo\/ -->\n<title>Vedno elegantna - Etnogalerija Skrina<\/title>\n<meta name=\"description\" content=\"Mo\u0161ka majica s kratkimi rokavi in potiskom. Sliko Postojnske jame je upodobila slovenska umetnica Ejti \u0160tih.\" \/>\n<meta name=\"robots\" content=\"index, follow, max-snippet:-1, max-image-preview:large, max-video-preview:-1\" \/>\n<link rel=\"canonical\" href=\"https:\/\/skrina.si\/en\/product\/vedno-elegantna-2\/\" \/>\n<meta property=\"og:locale\" content=\"en_GB\" \/>\n<meta property=\"og:locale:alternate\" content=\"sl_SI\" \/>\n<meta property=\"og:type\" content=\"article\" \/>\n<meta property=\"og:title\" content=\"Vedno elegantna\" \/>\n<meta property=\"og:description\" content=\"Mo\u0161ka majica s kratkimi rokavi in potiskom. Sliko Postojnske jame je upodobila slovenska umetnica Ejti \u0160tih.\" \/>\n<meta property=\"og:url\" content=\"https:\/\/skrina.si\/en\/product\/vedno-elegantna-2\/\" \/>\n<meta property=\"og:site_name\" content=\"Etnogalerija Skrina\" \/>\n<meta property=\"article:modified_time\" content=\"2024-04-08T16:24:48+00:00\" \/>\n<meta property=\"og:image\" content=\"https:\/\/skrina.si\/wp-content\/uploads\/2024\/03\/Damjana-majice_vrtnarka.jpg\" \/>\n\t<meta property=\"og:image:width\" content=\"2000\" \/>\n\t<meta property=\"og:image:height\" content=\"1500\" \/>\n\t<meta property=\"og:image:type\" content=\"image\/jpeg\" \/>\n<meta name=\"twitter:card\" content=\"summary_large_image\" \/>\n<meta name=\"twitter:label1\" content=\"Estimated reading time\" \/>\n\t<meta name=\"twitter:data1\" content=\"1 minute\" \/>\n<script type=\"application\/ld+json\" class=\"yoast-schema-graph\">{\"@context\":\"https:\/\/schema.org\",\"@graph\":[{\"@type\":\"WebPage\",\"@id\":\"https:\/\/skrina.si\/en\/product\/vedno-elegantna-2\/\",\"url\":\"https:\/\/skrina.si\/en\/product\/vedno-elegantna-2\/\",\"name\":\"[:sl]Vedno elegantna[:] - Etnogalerija Skrina\",\"isPartOf\":{\"@id\":\"https:\/\/skrina.si\/en\/#website\"},\"datePublished\":\"2024-04-08T16:21:28+00:00\",\"dateModified\":\"2024-04-08T16:24:48+00:00\",\"description\":\"[:sl]Mo\u0161ka majica s kratkimi rokavi in potiskom. Sliko Postojnske jame je upodobila slovenska umetnica Ejti \u0160tih.[:]\",\"breadcrumb\":{\"@id\":\"https:\/\/skrina.si\/en\/product\/vedno-elegantna-2\/#breadcrumb\"},\"inLanguage\":\"en-GB\",\"potentialAction\":[{\"@type\":\"ReadAction\",\"target\":[\"https:\/\/skrina.si\/en\/product\/vedno-elegantna-2\/\"]}]},{\"@type\":\"BreadcrumbList\",\"@id\":\"https:\/\/skrina.si\/en\/product\/vedno-elegantna-2\/#breadcrumb\",\"itemListElement\":[{\"@type\":\"ListItem\",\"position\":1,\"name\":\"Home\",\"item\":\"https:\/\/skrina.si\/en\/\"},{\"@type\":\"ListItem\",\"position\":2,\"name\":\"Shop\",\"item\":\"https:\/\/skrina.si\/shop\/\"},{\"@type\":\"ListItem\",\"position\":3,\"name\":\"Vedno elegantna\"}]},{\"@type\":\"WebSite\",\"@id\":\"https:\/\/skrina.si\/en\/#website\",\"url\":\"https:\/\/skrina.si\/en\/\",\"name\":\"Etnogalerija Skrina\",\"description\":\"Tradicija s posluhom\",\"potentialAction\":[{\"@type\":\"SearchAction\",\"target\":{\"@type\":\"EntryPoint\",\"urlTemplate\":\"https:\/\/skrina.si\/en\/?s={search_term_string}\"},\"query-input\":\"required name=search_term_string\"}],\"inLanguage\":\"en-GB\"}]}<\/script>\n<!-- \/ Yoast SEO plugin. -->","yoast_head_json":{"title":"Vedno elegantna - Etnogalerija Skrina","description":"[:sl]Mo\u0161ka majica s kratkimi rokavi in potiskom. Sliko Postojnske jame je upodobila slovenska umetnica Ejti \u0160tih.[:]","robots":{"index":"index","follow":"follow","max-snippet":"max-snippet:-1","max-image-preview":"max-image-preview:large","max-video-preview":"max-video-preview:-1"},"canonical":"https:\/\/skrina.si\/en\/product\/vedno-elegantna-2\/","og_locale":"en_GB","og_type":"article","og_title":"[:sl]Vedno elegantna[:] - Etnogalerija Skrina","og_description":"[:sl]Mo\u0161ka majica s kratkimi rokavi in potiskom. Sliko Postojnske jame je upodobila slovenska umetnica Ejti \u0160tih.[:]","og_url":"https:\/\/skrina.si\/en\/product\/vedno-elegantna-2\/","og_site_name":"Etnogalerija Skrina","article_modified_time":"2024-04-08T16:24:48+00:00","og_image":[{"width":2000,"height":1500,"url":"https:\/\/skrina.si\/wp-content\/uploads\/2024\/03\/Damjana-majice_vrtnarka.jpg","type":"image\/jpeg"}],"twitter_card":"summary_large_image","twitter_misc":{"Estimated reading time":"1 minute"},"schema":{"@context":"https:\/\/schema.org","@graph":[{"@type":"WebPage","@id":"https:\/\/skrina.si\/en\/product\/vedno-elegantna-2\/","url":"https:\/\/skrina.si\/en\/product\/vedno-elegantna-2\/","name":"[:sl]Vedno elegantna[:] - Etnogalerija Skrina","isPartOf":{"@id":"https:\/\/skrina.si\/en\/#website"},"datePublished":"2024-04-08T16:21:28+00:00","dateModified":"2024-04-08T16:24:48+00:00","description":"[:sl]Mo\u0161ka majica s kratkimi rokavi in potiskom. Sliko Postojnske jame je upodobila slovenska umetnica Ejti \u0160tih.[:]","breadcrumb":{"@id":"https:\/\/skrina.si\/en\/product\/vedno-elegantna-2\/#breadcrumb"},"inLanguage":"en-GB","potentialAction":[{"@type":"ReadAction","target":["https:\/\/skrina.si\/en\/product\/vedno-elegantna-2\/"]}]},{"@type":"BreadcrumbList","@id":"https:\/\/skrina.si\/en\/product\/vedno-elegantna-2\/#breadcrumb","itemListElement":[{"@type":"ListItem","position":1,"name":"Home","item":"https:\/\/skrina.si\/en\/"},{"@type":"ListItem","position":2,"name":"Shop","item":"https:\/\/skrina.si\/shop\/"},{"@type":"ListItem","position":3,"name":"Vedno elegantna"}]},{"@type":"WebSite","@id":"https:\/\/skrina.si\/en\/#website","url":"https:\/\/skrina.si\/en\/","name":"Etnogalerija Skrina","description":"Tradicija s posluhom","potentialAction":[{"@type":"SearchAction","target":{"@type":"EntryPoint","urlTemplate":"https:\/\/skrina.si\/en\/?s={search_term_string}"},"query-input":"required name=search_term_string"}],"inLanguage":"en-GB"}]}},"_links":{"self":[{"href":"https:\/\/skrina.si\/en\/wp-json\/wp\/v2\/product\/14611"}],"collection":[{"href":"https:\/\/skrina.si\/en\/wp-json\/wp\/v2\/product"}],"about":[{"href":"https:\/\/skrina.si\/en\/wp-json\/wp\/v2\/types\/product"}],"wp:featuredmedia":[{"embeddable":true,"href":"https:\/\/skrina.si\/en\/wp-json\/wp\/v2\/media\/14060"}],"wp:attachment":[{"href":"https:\/\/skrina.si\/en\/wp-json\/wp\/v2\/media?parent=14611"}],"wp:term":[{"taxonomy":"product_cat","embeddable":true,"href":"https:\/\/skrina.si\/en\/wp-json\/wp\/v2\/product_cat?post=14611"},{"taxonomy":"product_tag","embeddable":true,"href":"https:\/\/skrina.si\/en\/wp-json\/wp\/v2\/product_tag?post=14611"}],"curies":[{"name":"wp","href":"https:\/\/api.w.org\/{rel}","templated":true}]}}