{"id":14492,"date":"2024-03-27T19:51:24","date_gmt":"2024-03-27T18:51:24","guid":{"rendered":"https:\/\/skrina.si\/sl\/?post_type=product&#038;p=14492"},"modified":"2024-03-27T20:08:05","modified_gmt":"2024-03-27T19:08:05","slug":"skulptura-mala","status":"publish","type":"product","link":"https:\/\/skrina.si\/en\/product\/skulptura-mala\/","title":{"rendered":"Skulptura mala"},"content":{"rendered":"","protected":false},"excerpt":{"rendered":"<h5>Slovenija je \u0161e danes prepletena s \u0161tevilnimi narodnimi no\u0161ami, ki se po posameznih pokrajinah med seboj <strong><em>mo\u010dno razlikujejo<\/em><\/strong>, ponekod pa imajo tudi svoje krajevne zna\u010dilnosti.<br \/>\nNarodne no\u0161e so povezane tudi s \u0161tevilnimi <strong><em>obi\u010daji<\/em><\/strong>, zaradi katerih so se posamezniki prazni\u010dno obla\u010dili in tako izra\u017eali svojo lokalno identiteto.<\/h5>\n<h5>Da bi obudili spomine na pretekle dni, smo v Etno galeriji SKRINA za vas pripravili <strong><em>unikatne kerami\u010dne skulpture<\/em><\/strong> z motivi razli\u010dnih narodnih no\u0161.<\/h5>\n<h6><em>Lastnosti:<\/em><\/h6>\n<ul>\n<li>\n<h6><em>Narodna no\u0161a\u00a0<\/em><\/h6>\n<\/li>\n<li>\n<h6><i>Velikost:\u00a0 17 x 7 cm\u00a0<\/i><\/h6>\n<\/li>\n<li>\n<h6><em>Material: keramika<\/em><\/h6>\n<\/li>\n<li>\n<h6><em>Embalirano v \u00a0darilni embala\u017ei<\/em><\/h6>\n<\/li>\n<li>\n<h6><em>Oblikovano z ljubeznijo do detajlov<\/em><\/h6>\n<\/li>\n<li>\n<h6><em>Idealno darilo za ljubitelje folklore in ljudskega izro\u010dila<\/em><\/h6>\n<\/li>\n<\/ul>\n<ul>\n<li>\n<h6><strong><em>Ro\u010dno barvano<\/em><\/strong><\/h6>\n<\/li>\n<\/ul>\n","protected":false},"featured_media":14497,"template":"","meta":{"_monsterinsights_skip_tracking":false,"_monsterinsights_sitenote_active":false,"_monsterinsights_sitenote_note":"","_monsterinsights_sitenote_category":0},"product_cat":[103,236],"product_tag":[1544],"aioseo_notices":[],"yoast_head":"<!-- This site is optimized with the Yoast SEO plugin v22.1 - https:\/\/yoast.com\/wordpress\/plugins\/seo\/ -->\n<title>Skulptura mala - Etnogalerija Skrina<\/title>\n<meta name=\"description\" content=\"Rok zelenko - stenski kro\u017enik narodna no\u0161a. Slike zaznamuje barvitost in figuralika. Zna\u010dilno umirjenim ambientom dodaja pripovedni\u0161tvo figur.\" \/>\n<meta name=\"robots\" content=\"index, follow, max-snippet:-1, max-image-preview:large, max-video-preview:-1\" \/>\n<link rel=\"canonical\" href=\"https:\/\/skrina.si\/en\/product\/skulptura-mala\/\" \/>\n<meta property=\"og:locale\" content=\"en_GB\" \/>\n<meta property=\"og:locale:alternate\" content=\"sl_SI\" \/>\n<meta property=\"og:type\" content=\"article\" \/>\n<meta property=\"og:title\" content=\"Skulptura mala\" \/>\n<meta property=\"og:description\" content=\"Rok zelenko - stenski kro\u017enik narodna no\u0161a. Slike zaznamuje barvitost in figuralika. Zna\u010dilno umirjenim ambientom dodaja pripovedni\u0161tvo figur.\" \/>\n<meta property=\"og:url\" content=\"https:\/\/skrina.si\/en\/product\/skulptura-mala\/\" \/>\n<meta property=\"og:site_name\" content=\"Etnogalerija Skrina\" \/>\n<meta property=\"article:modified_time\" content=\"2024-03-27T19:08:05+00:00\" \/>\n<meta property=\"og:image\" content=\"https:\/\/skrina.si\/wp-content\/uploads\/2024\/03\/NOSA-KERAMIKA-PAR.jpg\" \/>\n\t<meta property=\"og:image:width\" content=\"1999\" \/>\n\t<meta property=\"og:image:height\" content=\"1500\" \/>\n\t<meta property=\"og:image:type\" content=\"image\/jpeg\" \/>\n<meta name=\"twitter:card\" content=\"summary_large_image\" \/>\n<meta name=\"twitter:label1\" content=\"Estimated reading time\" \/>\n\t<meta name=\"twitter:data1\" content=\"1 minute\" \/>\n<script type=\"application\/ld+json\" class=\"yoast-schema-graph\">{\"@context\":\"https:\/\/schema.org\",\"@graph\":[{\"@type\":\"WebPage\",\"@id\":\"https:\/\/skrina.si\/en\/product\/skulptura-mala\/\",\"url\":\"https:\/\/skrina.si\/en\/product\/skulptura-mala\/\",\"name\":\"[:sl]Skulptura mala[:] - Etnogalerija Skrina\",\"isPartOf\":{\"@id\":\"https:\/\/skrina.si\/en\/#website\"},\"datePublished\":\"2024-03-27T18:51:24+00:00\",\"dateModified\":\"2024-03-27T19:08:05+00:00\",\"description\":\"[:sl]Rok zelenko - stenski kro\u017enik narodna no\u0161a. Slike zaznamuje barvitost in figuralika. Zna\u010dilno umirjenim ambientom dodaja pripovedni\u0161tvo figur.[:]\",\"breadcrumb\":{\"@id\":\"https:\/\/skrina.si\/en\/product\/skulptura-mala\/#breadcrumb\"},\"inLanguage\":\"en-GB\",\"potentialAction\":[{\"@type\":\"ReadAction\",\"target\":[\"https:\/\/skrina.si\/en\/product\/skulptura-mala\/\"]}]},{\"@type\":\"BreadcrumbList\",\"@id\":\"https:\/\/skrina.si\/en\/product\/skulptura-mala\/#breadcrumb\",\"itemListElement\":[{\"@type\":\"ListItem\",\"position\":1,\"name\":\"Home\",\"item\":\"https:\/\/skrina.si\/en\/\"},{\"@type\":\"ListItem\",\"position\":2,\"name\":\"Shop\",\"item\":\"https:\/\/skrina.si\/shop\/\"},{\"@type\":\"ListItem\",\"position\":3,\"name\":\"Skulptura mala\"}]},{\"@type\":\"WebSite\",\"@id\":\"https:\/\/skrina.si\/en\/#website\",\"url\":\"https:\/\/skrina.si\/en\/\",\"name\":\"Etnogalerija Skrina\",\"description\":\"Tradicija s posluhom\",\"potentialAction\":[{\"@type\":\"SearchAction\",\"target\":{\"@type\":\"EntryPoint\",\"urlTemplate\":\"https:\/\/skrina.si\/en\/?s={search_term_string}\"},\"query-input\":\"required name=search_term_string\"}],\"inLanguage\":\"en-GB\"}]}<\/script>\n<!-- \/ Yoast SEO plugin. -->","yoast_head_json":{"title":"Skulptura mala - Etnogalerija Skrina","description":"[:sl]Rok zelenko - stenski kro\u017enik narodna no\u0161a. Slike zaznamuje barvitost in figuralika. Zna\u010dilno umirjenim ambientom dodaja pripovedni\u0161tvo figur.[:]","robots":{"index":"index","follow":"follow","max-snippet":"max-snippet:-1","max-image-preview":"max-image-preview:large","max-video-preview":"max-video-preview:-1"},"canonical":"https:\/\/skrina.si\/en\/product\/skulptura-mala\/","og_locale":"en_GB","og_type":"article","og_title":"[:sl]Skulptura mala[:] - Etnogalerija Skrina","og_description":"[:sl]Rok zelenko - stenski kro\u017enik narodna no\u0161a. Slike zaznamuje barvitost in figuralika. Zna\u010dilno umirjenim ambientom dodaja pripovedni\u0161tvo figur.[:]","og_url":"https:\/\/skrina.si\/en\/product\/skulptura-mala\/","og_site_name":"Etnogalerija Skrina","article_modified_time":"2024-03-27T19:08:05+00:00","og_image":[{"width":1999,"height":1500,"url":"https:\/\/skrina.si\/wp-content\/uploads\/2024\/03\/NOSA-KERAMIKA-PAR.jpg","type":"image\/jpeg"}],"twitter_card":"summary_large_image","twitter_misc":{"Estimated reading time":"1 minute"},"schema":{"@context":"https:\/\/schema.org","@graph":[{"@type":"WebPage","@id":"https:\/\/skrina.si\/en\/product\/skulptura-mala\/","url":"https:\/\/skrina.si\/en\/product\/skulptura-mala\/","name":"[:sl]Skulptura mala[:] - Etnogalerija Skrina","isPartOf":{"@id":"https:\/\/skrina.si\/en\/#website"},"datePublished":"2024-03-27T18:51:24+00:00","dateModified":"2024-03-27T19:08:05+00:00","description":"[:sl]Rok zelenko - stenski kro\u017enik narodna no\u0161a. Slike zaznamuje barvitost in figuralika. Zna\u010dilno umirjenim ambientom dodaja pripovedni\u0161tvo figur.[:]","breadcrumb":{"@id":"https:\/\/skrina.si\/en\/product\/skulptura-mala\/#breadcrumb"},"inLanguage":"en-GB","potentialAction":[{"@type":"ReadAction","target":["https:\/\/skrina.si\/en\/product\/skulptura-mala\/"]}]},{"@type":"BreadcrumbList","@id":"https:\/\/skrina.si\/en\/product\/skulptura-mala\/#breadcrumb","itemListElement":[{"@type":"ListItem","position":1,"name":"Home","item":"https:\/\/skrina.si\/en\/"},{"@type":"ListItem","position":2,"name":"Shop","item":"https:\/\/skrina.si\/shop\/"},{"@type":"ListItem","position":3,"name":"Skulptura mala"}]},{"@type":"WebSite","@id":"https:\/\/skrina.si\/en\/#website","url":"https:\/\/skrina.si\/en\/","name":"Etnogalerija Skrina","description":"Tradicija s posluhom","potentialAction":[{"@type":"SearchAction","target":{"@type":"EntryPoint","urlTemplate":"https:\/\/skrina.si\/en\/?s={search_term_string}"},"query-input":"required name=search_term_string"}],"inLanguage":"en-GB"}]}},"_links":{"self":[{"href":"https:\/\/skrina.si\/en\/wp-json\/wp\/v2\/product\/14492"}],"collection":[{"href":"https:\/\/skrina.si\/en\/wp-json\/wp\/v2\/product"}],"about":[{"href":"https:\/\/skrina.si\/en\/wp-json\/wp\/v2\/types\/product"}],"wp:featuredmedia":[{"embeddable":true,"href":"https:\/\/skrina.si\/en\/wp-json\/wp\/v2\/media\/14497"}],"wp:attachment":[{"href":"https:\/\/skrina.si\/en\/wp-json\/wp\/v2\/media?parent=14492"}],"wp:term":[{"taxonomy":"product_cat","embeddable":true,"href":"https:\/\/skrina.si\/en\/wp-json\/wp\/v2\/product_cat?post=14492"},{"taxonomy":"product_tag","embeddable":true,"href":"https:\/\/skrina.si\/en\/wp-json\/wp\/v2\/product_tag?post=14492"}],"curies":[{"name":"wp","href":"https:\/\/api.w.org\/{rel}","templated":true}]}}