{"id":14223,"date":"2024-03-21T23:40:16","date_gmt":"2024-03-21T22:40:16","guid":{"rendered":"https:\/\/skrina.si\/?post_type=product&#038;p=14223"},"modified":"2024-05-01T15:42:02","modified_gmt":"2024-05-01T13:42:02","slug":"modrooka","status":"publish","type":"product","link":"https:\/\/skrina.si\/en\/product\/modrooka\/","title":{"rendered":"Modrooka"},"content":{"rendered":"","protected":false},"excerpt":{"rendered":"<h5 style=\"text-align: justify;\"><em><strong>Zaspanka, Mi\u010dna gospodi\u010dna, Zlatolaska, Modrooka<\/strong>,<\/em> so podobe zasanjanih deklet, ki zrejo v nas iz dekorativnih in neponovljivih kerami\u010dnih plo\u0161\u010di\u010d <strong><em>Tatjane Gomboc Jerman<\/em>.<\/strong><br \/>\n\u017divijo v svojem pravlji\u010dnem svetu, sre\u010dne, nasmejane in obdane z lepimi stvarmi. Vsaka ima svoj edinstven slog in zabavno osebnost.<br \/>\nNekatere imajo rade toplo \u010dokolado in kavo, baletne copatke in ples v mese\u010dini, druge opevajo pole\u017eavanje na pla\u017ei in branje detektivskih romanov, tretjim je v\u0161e\u010d pletenje, igranje kitare in pe\u010denje mafinov.<br \/>\nPrav vse pa pravijo: ve\u010d bonbonov in ve\u010d prijaznosti.<br \/>\nZbirajte jih ali jih podarite prijatelju.<\/h5>\n<h6><em>Lastnosti:<\/em><\/h6>\n<ul>\n<li>\n<h6><em>Plo\u0161\u010dic v<\/em>elikost: 16 x 17 cm<\/h6>\n<\/li>\n<li>\n<h6><em>Material: keramika<\/em><\/h6>\n<\/li>\n<li>\n<h6><em>Embalirano v \u00a0darilni embala\u017ei<\/em><\/h6>\n<\/li>\n<li>\n<h6><em>Oblikovano z ljubeznijo do detajlov<\/em><\/h6>\n<\/li>\n<\/ul>\n<ul>\n<li>\n<h6><strong><em>Ro\u010dno barvano<\/em><\/strong><\/h6>\n<\/li>\n<\/ul>\n","protected":false},"featured_media":14224,"template":"","meta":{"_monsterinsights_skip_tracking":false,"_monsterinsights_sitenote_active":false,"_monsterinsights_sitenote_note":"","_monsterinsights_sitenote_category":0},"product_cat":[39,216],"product_tag":[],"aioseo_notices":[],"yoast_head":"<!-- This site is optimized with the Yoast SEO plugin v22.1 - https:\/\/yoast.com\/wordpress\/plugins\/seo\/ -->\n<title>Modrooka - Etnogalerija Skrina<\/title>\n<meta name=\"description\" content=\"Tatjana Jerman - kerami\u010dne plo\u0161\u010dice Mi\u010dne gospodi\u010dne. Podobe deklet \u017eivijo v svojem pravlji\u010dnem svetu, sre\u010dne, nasmejane in obdane z lepimi stvarmi.\" \/>\n<meta name=\"robots\" content=\"index, follow, max-snippet:-1, max-image-preview:large, max-video-preview:-1\" \/>\n<link rel=\"canonical\" href=\"https:\/\/skrina.si\/en\/product\/modrooka\/\" \/>\n<meta property=\"og:locale\" content=\"en_GB\" \/>\n<meta property=\"og:locale:alternate\" content=\"sl_SI\" \/>\n<meta property=\"og:type\" content=\"article\" \/>\n<meta property=\"og:title\" content=\"Modrooka\" \/>\n<meta property=\"og:description\" content=\"Tatjana Jerman - kerami\u010dne plo\u0161\u010dice Mi\u010dne gospodi\u010dne. Podobe deklet \u017eivijo v svojem pravlji\u010dnem svetu, sre\u010dne, nasmejane in obdane z lepimi stvarmi.\" \/>\n<meta property=\"og:url\" content=\"https:\/\/skrina.si\/en\/product\/modrooka\/\" \/>\n<meta property=\"og:site_name\" content=\"Etnogalerija Skrina\" \/>\n<meta property=\"article:modified_time\" content=\"2024-05-01T13:42:02+00:00\" \/>\n<meta property=\"og:image\" content=\"https:\/\/skrina.si\/wp-content\/uploads\/2024\/03\/Jerman-ploscice-obraz-in-kava.jpg\" \/>\n\t<meta property=\"og:image:width\" content=\"2000\" \/>\n\t<meta property=\"og:image:height\" content=\"1500\" \/>\n\t<meta property=\"og:image:type\" content=\"image\/jpeg\" \/>\n<meta name=\"twitter:card\" content=\"summary_large_image\" \/>\n<meta name=\"twitter:label1\" content=\"Estimated reading time\" \/>\n\t<meta name=\"twitter:data1\" content=\"1 minute\" \/>\n<script type=\"application\/ld+json\" class=\"yoast-schema-graph\">{\"@context\":\"https:\/\/schema.org\",\"@graph\":[{\"@type\":\"WebPage\",\"@id\":\"https:\/\/skrina.si\/en\/product\/modrooka\/\",\"url\":\"https:\/\/skrina.si\/en\/product\/modrooka\/\",\"name\":\"[:sl]Modrooka[:] - Etnogalerija Skrina\",\"isPartOf\":{\"@id\":\"https:\/\/skrina.si\/en\/#website\"},\"datePublished\":\"2024-03-21T22:40:16+00:00\",\"dateModified\":\"2024-05-01T13:42:02+00:00\",\"description\":\"Tatjana Jerman - kerami\u010dne plo\u0161\u010dice Mi\u010dne gospodi\u010dne. Podobe deklet \u017eivijo v svojem pravlji\u010dnem svetu, sre\u010dne, nasmejane in obdane z lepimi stvarmi.\",\"breadcrumb\":{\"@id\":\"https:\/\/skrina.si\/en\/product\/modrooka\/#breadcrumb\"},\"inLanguage\":\"en-GB\",\"potentialAction\":[{\"@type\":\"ReadAction\",\"target\":[\"https:\/\/skrina.si\/en\/product\/modrooka\/\"]}]},{\"@type\":\"BreadcrumbList\",\"@id\":\"https:\/\/skrina.si\/en\/product\/modrooka\/#breadcrumb\",\"itemListElement\":[{\"@type\":\"ListItem\",\"position\":1,\"name\":\"Home\",\"item\":\"https:\/\/skrina.si\/en\/\"},{\"@type\":\"ListItem\",\"position\":2,\"name\":\"Shop\",\"item\":\"https:\/\/skrina.si\/shop\/\"},{\"@type\":\"ListItem\",\"position\":3,\"name\":\"Modrooka\"}]},{\"@type\":\"WebSite\",\"@id\":\"https:\/\/skrina.si\/en\/#website\",\"url\":\"https:\/\/skrina.si\/en\/\",\"name\":\"Etnogalerija Skrina\",\"description\":\"Tradicija s posluhom\",\"potentialAction\":[{\"@type\":\"SearchAction\",\"target\":{\"@type\":\"EntryPoint\",\"urlTemplate\":\"https:\/\/skrina.si\/en\/?s={search_term_string}\"},\"query-input\":\"required name=search_term_string\"}],\"inLanguage\":\"en-GB\"}]}<\/script>\n<!-- \/ Yoast SEO plugin. -->","yoast_head_json":{"title":"Modrooka - Etnogalerija Skrina","description":"Tatjana Jerman - kerami\u010dne plo\u0161\u010dice Mi\u010dne gospodi\u010dne. Podobe deklet \u017eivijo v svojem pravlji\u010dnem svetu, sre\u010dne, nasmejane in obdane z lepimi stvarmi.","robots":{"index":"index","follow":"follow","max-snippet":"max-snippet:-1","max-image-preview":"max-image-preview:large","max-video-preview":"max-video-preview:-1"},"canonical":"https:\/\/skrina.si\/en\/product\/modrooka\/","og_locale":"en_GB","og_type":"article","og_title":"[:sl]Modrooka[:] - Etnogalerija Skrina","og_description":"Tatjana Jerman - kerami\u010dne plo\u0161\u010dice Mi\u010dne gospodi\u010dne. Podobe deklet \u017eivijo v svojem pravlji\u010dnem svetu, sre\u010dne, nasmejane in obdane z lepimi stvarmi.","og_url":"https:\/\/skrina.si\/en\/product\/modrooka\/","og_site_name":"Etnogalerija Skrina","article_modified_time":"2024-05-01T13:42:02+00:00","og_image":[{"width":2000,"height":1500,"url":"https:\/\/skrina.si\/wp-content\/uploads\/2024\/03\/Jerman-ploscice-obraz-in-kava.jpg","type":"image\/jpeg"}],"twitter_card":"summary_large_image","twitter_misc":{"Estimated reading time":"1 minute"},"schema":{"@context":"https:\/\/schema.org","@graph":[{"@type":"WebPage","@id":"https:\/\/skrina.si\/en\/product\/modrooka\/","url":"https:\/\/skrina.si\/en\/product\/modrooka\/","name":"[:sl]Modrooka[:] - Etnogalerija Skrina","isPartOf":{"@id":"https:\/\/skrina.si\/en\/#website"},"datePublished":"2024-03-21T22:40:16+00:00","dateModified":"2024-05-01T13:42:02+00:00","description":"Tatjana Jerman - kerami\u010dne plo\u0161\u010dice Mi\u010dne gospodi\u010dne. Podobe deklet \u017eivijo v svojem pravlji\u010dnem svetu, sre\u010dne, nasmejane in obdane z lepimi stvarmi.","breadcrumb":{"@id":"https:\/\/skrina.si\/en\/product\/modrooka\/#breadcrumb"},"inLanguage":"en-GB","potentialAction":[{"@type":"ReadAction","target":["https:\/\/skrina.si\/en\/product\/modrooka\/"]}]},{"@type":"BreadcrumbList","@id":"https:\/\/skrina.si\/en\/product\/modrooka\/#breadcrumb","itemListElement":[{"@type":"ListItem","position":1,"name":"Home","item":"https:\/\/skrina.si\/en\/"},{"@type":"ListItem","position":2,"name":"Shop","item":"https:\/\/skrina.si\/shop\/"},{"@type":"ListItem","position":3,"name":"Modrooka"}]},{"@type":"WebSite","@id":"https:\/\/skrina.si\/en\/#website","url":"https:\/\/skrina.si\/en\/","name":"Etnogalerija Skrina","description":"Tradicija s posluhom","potentialAction":[{"@type":"SearchAction","target":{"@type":"EntryPoint","urlTemplate":"https:\/\/skrina.si\/en\/?s={search_term_string}"},"query-input":"required name=search_term_string"}],"inLanguage":"en-GB"}]}},"_links":{"self":[{"href":"https:\/\/skrina.si\/en\/wp-json\/wp\/v2\/product\/14223"}],"collection":[{"href":"https:\/\/skrina.si\/en\/wp-json\/wp\/v2\/product"}],"about":[{"href":"https:\/\/skrina.si\/en\/wp-json\/wp\/v2\/types\/product"}],"wp:featuredmedia":[{"embeddable":true,"href":"https:\/\/skrina.si\/en\/wp-json\/wp\/v2\/media\/14224"}],"wp:attachment":[{"href":"https:\/\/skrina.si\/en\/wp-json\/wp\/v2\/media?parent=14223"}],"wp:term":[{"taxonomy":"product_cat","embeddable":true,"href":"https:\/\/skrina.si\/en\/wp-json\/wp\/v2\/product_cat?post=14223"},{"taxonomy":"product_tag","embeddable":true,"href":"https:\/\/skrina.si\/en\/wp-json\/wp\/v2\/product_tag?post=14223"}],"curies":[{"name":"wp","href":"https:\/\/api.w.org\/{rel}","templated":true}]}}