{"id":14163,"date":"2024-03-19T21:02:53","date_gmt":"2024-03-19T20:02:53","guid":{"rendered":"https:\/\/skrina.si\/?post_type=product&#038;p=14163"},"modified":"2024-03-19T21:11:53","modified_gmt":"2024-03-19T20:11:53","slug":"kozorog-2","status":"publish","type":"product","link":"https:\/\/skrina.si\/en\/product\/kozorog-2\/","title":{"rendered":"Kozorog"},"content":{"rendered":"<h5>S<\/h5>\n","protected":false},"excerpt":{"rendered":"<h5 style=\"text-align: justify;\"><strong>\u00bbPripovedka o Zlatorogu<\/strong>\u00ab izhaja iz sveta bajeslovnih \u017eivali.<br \/>\nV ospredju je beli gams, ki s svojimi <strong><em>zlatimi rogovi <\/em><\/strong>\u010duva triglavski zaklad &#8211; zel \u010dudovite zdravilne mo\u010di imenovan \u010dude\u017eni balzam ali <em><strong>Triglavska ro\u017ea<\/strong><\/em>. Pripovedka o Zlatorogu se je v slovenskem ljudskem izro\u010dilu ohranila prek stoletij kot odraz globoke povezanosti med \u010dlovekom in naravo in njune soodvisnosti.<\/h5>\n<h5 style=\"text-align: justify;\">Bronasto skulpturo bika je izdelal <strong><em>Bo\u0161tjan \u0160tine.<\/em><\/strong> Je umetnik, ki se svobodno prepu\u0161\u010da lastni ustvarjalni domi\u0161ljiji in ne podlega trenutnim modnim trendom.<\/h5>\n<h6><em>Podrobnosti:<\/em><\/h6>\n<ul>\n<li>\n<h6>Skulptura Kozorog<\/h6>\n<\/li>\n<li>\n<h6>Mere: 18 x 20 x 10 cm<\/h6>\n<\/li>\n<li>\n<h6>Embalirano v kartonski embala\u017ei<\/h6>\n<\/li>\n<li>\n<h6>Certifikat<\/h6>\n<\/li>\n<li>\n<h6>Material: kamen\/bron<\/h6>\n<\/li>\n<li>\n<h6><strong><em>Darilo vezano na slovensko ljudsko izro\u010dilo<\/em><\/strong><\/h6>\n<\/li>\n<\/ul>\n","protected":false},"featured_media":8619,"template":"","meta":{"_monsterinsights_skip_tracking":false,"_monsterinsights_sitenote_active":false,"_monsterinsights_sitenote_note":"","_monsterinsights_sitenote_category":0},"product_cat":[122,121],"product_tag":[],"aioseo_notices":[],"yoast_head":"<!-- This site is optimized with the Yoast SEO plugin v22.1 - https:\/\/yoast.com\/wordpress\/plugins\/seo\/ -->\n<title>Kozorog - Etnogalerija Skrina<\/title>\n<meta name=\"robots\" content=\"index, follow, max-snippet:-1, max-image-preview:large, max-video-preview:-1\" \/>\n<link rel=\"canonical\" href=\"https:\/\/skrina.si\/en\/product\/kozorog-2\/\" \/>\n<meta property=\"og:locale\" content=\"en_GB\" \/>\n<meta property=\"og:locale:alternate\" content=\"sl_SI\" \/>\n<meta property=\"og:type\" content=\"article\" \/>\n<meta property=\"og:title\" content=\"Kozorog - Etnogalerija Skrina\" \/>\n<meta property=\"og:description\" content=\"\u00bbPripovedka o Zlatorogu\u00ab izhaja iz sveta bajeslovnih \u017eivali. V ospredju je beli gams, ki s svojimi zlatimi rogovi \u010duva triglavski zaklad - zel \u010dudovite zdravilne mo\u010di imenovan \u010dude\u017eni balzam ali Triglavska ro\u017ea. Pripovedka o Zlatorogu se je v slovenskem ljudskem izro\u010dilu ohranila prek stoletij kot odraz globoke povezanosti med \u010dlovekom in naravo in njune soodvisnosti. Bronasto skulpturo bika je izdelal Bo\u0161tjan \u0160tine. Je umetnik, ki se svobodno prepu\u0161\u010da lastni ustvarjalni domi\u0161ljiji in ne podlega trenutnim modnim trendom. Podrobnosti:    Skulptura Kozorog    Mere: 18 x 20 x 10 cm    Embalirano v kartonski embala\u017ei    Certifikat    Material: kamen\/bron    Darilo vezano na slovensko ljudsko izro\u010dilo\" \/>\n<meta property=\"og:url\" content=\"https:\/\/skrina.si\/en\/product\/kozorog-2\/\" \/>\n<meta property=\"og:site_name\" content=\"Etnogalerija Skrina\" \/>\n<meta property=\"article:modified_time\" content=\"2024-03-19T20:11:53+00:00\" \/>\n<meta property=\"og:image\" content=\"https:\/\/skrina.si\/wp-content\/uploads\/2022\/03\/bostjan-stine-kozorog-skulptura-slovenski-umetnik-slovensko-darilo.jpg\" \/>\n\t<meta property=\"og:image:width\" content=\"2000\" \/>\n\t<meta property=\"og:image:height\" content=\"1500\" \/>\n\t<meta property=\"og:image:type\" content=\"image\/jpeg\" \/>\n<meta name=\"twitter:card\" content=\"summary_large_image\" \/>\n<meta name=\"twitter:label1\" content=\"Estimated reading time\" \/>\n\t<meta name=\"twitter:data1\" content=\"1 minute\" \/>\n<script type=\"application\/ld+json\" class=\"yoast-schema-graph\">{\"@context\":\"https:\/\/schema.org\",\"@graph\":[{\"@type\":\"WebPage\",\"@id\":\"https:\/\/skrina.si\/en\/product\/kozorog-2\/\",\"url\":\"https:\/\/skrina.si\/en\/product\/kozorog-2\/\",\"name\":\"Kozorog - Etnogalerija Skrina\",\"isPartOf\":{\"@id\":\"https:\/\/skrina.si\/en\/#website\"},\"datePublished\":\"2024-03-19T20:02:53+00:00\",\"dateModified\":\"2024-03-19T20:11:53+00:00\",\"breadcrumb\":{\"@id\":\"https:\/\/skrina.si\/en\/product\/kozorog-2\/#breadcrumb\"},\"inLanguage\":\"en-GB\",\"potentialAction\":[{\"@type\":\"ReadAction\",\"target\":[\"https:\/\/skrina.si\/en\/product\/kozorog-2\/\"]}]},{\"@type\":\"BreadcrumbList\",\"@id\":\"https:\/\/skrina.si\/en\/product\/kozorog-2\/#breadcrumb\",\"itemListElement\":[{\"@type\":\"ListItem\",\"position\":1,\"name\":\"Home\",\"item\":\"https:\/\/skrina.si\/en\/\"},{\"@type\":\"ListItem\",\"position\":2,\"name\":\"Shop\",\"item\":\"https:\/\/skrina.si\/shop\/\"},{\"@type\":\"ListItem\",\"position\":3,\"name\":\"Kozorog\"}]},{\"@type\":\"WebSite\",\"@id\":\"https:\/\/skrina.si\/en\/#website\",\"url\":\"https:\/\/skrina.si\/en\/\",\"name\":\"Etnogalerija Skrina\",\"description\":\"Tradicija s posluhom\",\"potentialAction\":[{\"@type\":\"SearchAction\",\"target\":{\"@type\":\"EntryPoint\",\"urlTemplate\":\"https:\/\/skrina.si\/en\/?s={search_term_string}\"},\"query-input\":\"required name=search_term_string\"}],\"inLanguage\":\"en-GB\"}]}<\/script>\n<!-- \/ Yoast SEO plugin. -->","yoast_head_json":{"title":"Kozorog - Etnogalerija Skrina","robots":{"index":"index","follow":"follow","max-snippet":"max-snippet:-1","max-image-preview":"max-image-preview:large","max-video-preview":"max-video-preview:-1"},"canonical":"https:\/\/skrina.si\/en\/product\/kozorog-2\/","og_locale":"en_GB","og_type":"article","og_title":"Kozorog - Etnogalerija Skrina","og_description":"\u00bbPripovedka o Zlatorogu\u00ab izhaja iz sveta bajeslovnih \u017eivali. V ospredju je beli gams, ki s svojimi zlatimi rogovi \u010duva triglavski zaklad - zel \u010dudovite zdravilne mo\u010di imenovan \u010dude\u017eni balzam ali Triglavska ro\u017ea. Pripovedka o Zlatorogu se je v slovenskem ljudskem izro\u010dilu ohranila prek stoletij kot odraz globoke povezanosti med \u010dlovekom in naravo in njune soodvisnosti. Bronasto skulpturo bika je izdelal Bo\u0161tjan \u0160tine. Je umetnik, ki se svobodno prepu\u0161\u010da lastni ustvarjalni domi\u0161ljiji in ne podlega trenutnim modnim trendom. Podrobnosti:    Skulptura Kozorog    Mere: 18 x 20 x 10 cm    Embalirano v kartonski embala\u017ei    Certifikat    Material: kamen\/bron    Darilo vezano na slovensko ljudsko izro\u010dilo","og_url":"https:\/\/skrina.si\/en\/product\/kozorog-2\/","og_site_name":"Etnogalerija Skrina","article_modified_time":"2024-03-19T20:11:53+00:00","og_image":[{"width":2000,"height":1500,"url":"https:\/\/skrina.si\/wp-content\/uploads\/2022\/03\/bostjan-stine-kozorog-skulptura-slovenski-umetnik-slovensko-darilo.jpg","type":"image\/jpeg"}],"twitter_card":"summary_large_image","twitter_misc":{"Estimated reading time":"1 minute"},"schema":{"@context":"https:\/\/schema.org","@graph":[{"@type":"WebPage","@id":"https:\/\/skrina.si\/en\/product\/kozorog-2\/","url":"https:\/\/skrina.si\/en\/product\/kozorog-2\/","name":"Kozorog - Etnogalerija Skrina","isPartOf":{"@id":"https:\/\/skrina.si\/en\/#website"},"datePublished":"2024-03-19T20:02:53+00:00","dateModified":"2024-03-19T20:11:53+00:00","breadcrumb":{"@id":"https:\/\/skrina.si\/en\/product\/kozorog-2\/#breadcrumb"},"inLanguage":"en-GB","potentialAction":[{"@type":"ReadAction","target":["https:\/\/skrina.si\/en\/product\/kozorog-2\/"]}]},{"@type":"BreadcrumbList","@id":"https:\/\/skrina.si\/en\/product\/kozorog-2\/#breadcrumb","itemListElement":[{"@type":"ListItem","position":1,"name":"Home","item":"https:\/\/skrina.si\/en\/"},{"@type":"ListItem","position":2,"name":"Shop","item":"https:\/\/skrina.si\/shop\/"},{"@type":"ListItem","position":3,"name":"Kozorog"}]},{"@type":"WebSite","@id":"https:\/\/skrina.si\/en\/#website","url":"https:\/\/skrina.si\/en\/","name":"Etnogalerija Skrina","description":"Tradicija s posluhom","potentialAction":[{"@type":"SearchAction","target":{"@type":"EntryPoint","urlTemplate":"https:\/\/skrina.si\/en\/?s={search_term_string}"},"query-input":"required name=search_term_string"}],"inLanguage":"en-GB"}]}},"_links":{"self":[{"href":"https:\/\/skrina.si\/en\/wp-json\/wp\/v2\/product\/14163"}],"collection":[{"href":"https:\/\/skrina.si\/en\/wp-json\/wp\/v2\/product"}],"about":[{"href":"https:\/\/skrina.si\/en\/wp-json\/wp\/v2\/types\/product"}],"wp:featuredmedia":[{"embeddable":true,"href":"https:\/\/skrina.si\/en\/wp-json\/wp\/v2\/media\/8619"}],"wp:attachment":[{"href":"https:\/\/skrina.si\/en\/wp-json\/wp\/v2\/media?parent=14163"}],"wp:term":[{"taxonomy":"product_cat","embeddable":true,"href":"https:\/\/skrina.si\/en\/wp-json\/wp\/v2\/product_cat?post=14163"},{"taxonomy":"product_tag","embeddable":true,"href":"https:\/\/skrina.si\/en\/wp-json\/wp\/v2\/product_tag?post=14163"}],"curies":[{"name":"wp","href":"https:\/\/api.w.org\/{rel}","templated":true}]}}