{"id":14103,"date":"2024-03-18T15:08:27","date_gmt":"2024-03-18T14:08:27","guid":{"rendered":"https:\/\/skrina.si\/?post_type=product&#038;p=14103"},"modified":"2024-04-09T18:58:57","modified_gmt":"2024-04-09T16:58:57","slug":"narodna-nosa-gorenjska","status":"publish","type":"product","link":"https:\/\/skrina.si\/en\/product\/narodna-nosa-gorenjska\/","title":{"rendered":"Narodna no\u0161a &#8211; Gorenjska"},"content":{"rendered":"","protected":false},"excerpt":{"rendered":"<h5 style=\"text-align: justify;\">Osnova za <strong><em>slovensko tradicionalno narodno no\u0161o<\/em><\/strong> je narodna no\u0161a iz <strong><em>Gorenjske.<\/em><\/strong> Velja za neke vrste \u00bbvseslovensko\u00ab, saj so jo prevzele mnoge folklorne skupine in narodno zabavni ansambli in jo najpogosteje upodabljajo kot turisti\u010dni spominek. \u010ceprav se Gorenjska no\u0161a razlikuje od vasi do vasi, so razli\u010dnim izvedbam skupne nekatere\u00a0 zna\u010dilnosti.<br \/>\n<strong><em>\u017denske imajo<\/em><\/strong> belo srajco s \u0161irokimi rokavi, veliko pisano ruto z resicami, nabrano krilo in predpasnik. Okoli bokov je <em>sklepanec<\/em> ali pisan trak s pentljo.<br \/>\nNa glavi je bogato okra\u0161ena <strong><em>\u00bbavba\u00ab.<\/em><\/strong><\/h5>\n<h6><em>Lastnosti:<\/em><\/h6>\n<ul>\n<li>\n<h6><em>Stenski kro\u017enik<\/em><\/h6>\n<\/li>\n<li>\n<h6><em>Premer 25 cm<\/em><\/h6>\n<\/li>\n<li>\n<h6><em>Material: keramika<\/em><\/h6>\n<\/li>\n<li>\n<h6><em>Embalirano v \u00a0darilni embala\u017ei<\/em><\/h6>\n<\/li>\n<li>\n<h6><em>Oblikovano z ljubeznijo do detajlov<\/em><\/h6>\n<\/li>\n<li>\n<h6><em>Idealno darilo za ljubitelje folklore in ljudskega izro\u010dila<\/em><\/h6>\n<\/li>\n<\/ul>\n<ul>\n<li>\n<h6><strong><em>Ro\u010dno barvano<\/em><\/strong><\/h6>\n<\/li>\n<\/ul>\n","protected":false},"featured_media":4031,"template":"","meta":{"_monsterinsights_skip_tracking":false,"_monsterinsights_sitenote_active":false,"_monsterinsights_sitenote_note":"","_monsterinsights_sitenote_category":0},"product_cat":[1623],"product_tag":[1542,726],"aioseo_notices":[],"yoast_head":"<!-- This site is optimized with the Yoast SEO plugin v22.1 - https:\/\/yoast.com\/wordpress\/plugins\/seo\/ -->\n<title>Narodna no\u0161a - Narodna no\u0161a - Gorenjska[:] - Etnogalerija Skrina<\/title>\n<meta name=\"description\" content=\"Rok zelenko - stenski kro\u017enik narodna no\u0161a. Slike zaznamuje barvitost in figuralika. Zna\u010dilno umirjenim ambientom dodaja pripovedni\u0161tvo figur.\" \/>\n<meta name=\"robots\" content=\"index, follow, max-snippet:-1, max-image-preview:large, max-video-preview:-1\" \/>\n<link rel=\"canonical\" href=\"https:\/\/skrina.si\/en\/product\/narodna-nosa-gorenjska\/\" \/>\n<meta property=\"og:locale\" content=\"en_GB\" \/>\n<meta property=\"og:locale:alternate\" content=\"sl_SI\" \/>\n<meta property=\"og:type\" content=\"article\" \/>\n<meta property=\"og:title\" content=\"Narodna no\u0161a - Gorenjska\" \/>\n<meta property=\"og:description\" content=\"Rok zelenko - stenski kro\u017enik narodna no\u0161a. Slike zaznamuje barvitost in figuralika. Zna\u010dilno umirjenim ambientom dodaja pripovedni\u0161tvo figur.\" \/>\n<meta property=\"og:url\" content=\"https:\/\/skrina.si\/en\/product\/narodna-nosa-gorenjska\/\" \/>\n<meta property=\"og:site_name\" content=\"Etnogalerija Skrina\" \/>\n<meta property=\"article:modified_time\" content=\"2024-04-09T16:58:57+00:00\" \/>\n<meta property=\"og:image\" content=\"https:\/\/skrina.si\/wp-content\/uploads\/2021\/08\/Rok-Zelenko-nosa-kroznik-2.jpg\" \/>\n\t<meta property=\"og:image:width\" content=\"2000\" \/>\n\t<meta property=\"og:image:height\" content=\"1500\" \/>\n\t<meta property=\"og:image:type\" content=\"image\/jpeg\" \/>\n<meta name=\"twitter:card\" content=\"summary_large_image\" \/>\n<meta name=\"twitter:label1\" content=\"Estimated reading time\" \/>\n\t<meta name=\"twitter:data1\" content=\"1 minute\" \/>\n<script type=\"application\/ld+json\" class=\"yoast-schema-graph\">{\"@context\":\"https:\/\/schema.org\",\"@graph\":[{\"@type\":\"WebPage\",\"@id\":\"https:\/\/skrina.si\/en\/product\/narodna-nosa-gorenjska\/\",\"url\":\"https:\/\/skrina.si\/en\/product\/narodna-nosa-gorenjska\/\",\"name\":\"[:en]Narodna no\u0161a - Gorenjska[:sl]Narodna no\u0161a - Gorenjska[:] - Etnogalerija Skrina\",\"isPartOf\":{\"@id\":\"https:\/\/skrina.si\/en\/#website\"},\"datePublished\":\"2024-03-18T14:08:27+00:00\",\"dateModified\":\"2024-04-09T16:58:57+00:00\",\"description\":\"Rok zelenko - stenski kro\u017enik narodna no\u0161a. Slike zaznamuje barvitost in figuralika. Zna\u010dilno umirjenim ambientom dodaja pripovedni\u0161tvo figur.\",\"breadcrumb\":{\"@id\":\"https:\/\/skrina.si\/en\/product\/narodna-nosa-gorenjska\/#breadcrumb\"},\"inLanguage\":\"en-GB\",\"potentialAction\":[{\"@type\":\"ReadAction\",\"target\":[\"https:\/\/skrina.si\/en\/product\/narodna-nosa-gorenjska\/\"]}]},{\"@type\":\"BreadcrumbList\",\"@id\":\"https:\/\/skrina.si\/en\/product\/narodna-nosa-gorenjska\/#breadcrumb\",\"itemListElement\":[{\"@type\":\"ListItem\",\"position\":1,\"name\":\"Home\",\"item\":\"https:\/\/skrina.si\/en\/\"},{\"@type\":\"ListItem\",\"position\":2,\"name\":\"Shop\",\"item\":\"https:\/\/skrina.si\/shop\/\"},{\"@type\":\"ListItem\",\"position\":3,\"name\":\"Narodna no\u0161a &#8211; Gorenjska\"}]},{\"@type\":\"WebSite\",\"@id\":\"https:\/\/skrina.si\/en\/#website\",\"url\":\"https:\/\/skrina.si\/en\/\",\"name\":\"Etnogalerija Skrina\",\"description\":\"Tradicija s posluhom\",\"potentialAction\":[{\"@type\":\"SearchAction\",\"target\":{\"@type\":\"EntryPoint\",\"urlTemplate\":\"https:\/\/skrina.si\/en\/?s={search_term_string}\"},\"query-input\":\"required name=search_term_string\"}],\"inLanguage\":\"en-GB\"}]}<\/script>\n<!-- \/ Yoast SEO plugin. -->","yoast_head_json":{"title":"Narodna no\u0161a - Narodna no\u0161a - Gorenjska[:] - Etnogalerija Skrina","description":"Rok zelenko - stenski kro\u017enik narodna no\u0161a. Slike zaznamuje barvitost in figuralika. Zna\u010dilno umirjenim ambientom dodaja pripovedni\u0161tvo figur.","robots":{"index":"index","follow":"follow","max-snippet":"max-snippet:-1","max-image-preview":"max-image-preview:large","max-video-preview":"max-video-preview:-1"},"canonical":"https:\/\/skrina.si\/en\/product\/narodna-nosa-gorenjska\/","og_locale":"en_GB","og_type":"article","og_title":"[:en]Narodna no\u0161a - Gorenjska[:sl]Narodna no\u0161a - Gorenjska[:] - Etnogalerija Skrina","og_description":"Rok zelenko - stenski kro\u017enik narodna no\u0161a. Slike zaznamuje barvitost in figuralika. Zna\u010dilno umirjenim ambientom dodaja pripovedni\u0161tvo figur.","og_url":"https:\/\/skrina.si\/en\/product\/narodna-nosa-gorenjska\/","og_site_name":"Etnogalerija Skrina","article_modified_time":"2024-04-09T16:58:57+00:00","og_image":[{"width":2000,"height":1500,"url":"https:\/\/skrina.si\/wp-content\/uploads\/2021\/08\/Rok-Zelenko-nosa-kroznik-2.jpg","type":"image\/jpeg"}],"twitter_card":"summary_large_image","twitter_misc":{"Estimated reading time":"1 minute"},"schema":{"@context":"https:\/\/schema.org","@graph":[{"@type":"WebPage","@id":"https:\/\/skrina.si\/en\/product\/narodna-nosa-gorenjska\/","url":"https:\/\/skrina.si\/en\/product\/narodna-nosa-gorenjska\/","name":"[:en]Narodna no\u0161a - Gorenjska[:sl]Narodna no\u0161a - Gorenjska[:] - Etnogalerija Skrina","isPartOf":{"@id":"https:\/\/skrina.si\/en\/#website"},"datePublished":"2024-03-18T14:08:27+00:00","dateModified":"2024-04-09T16:58:57+00:00","description":"Rok zelenko - stenski kro\u017enik narodna no\u0161a. Slike zaznamuje barvitost in figuralika. Zna\u010dilno umirjenim ambientom dodaja pripovedni\u0161tvo figur.","breadcrumb":{"@id":"https:\/\/skrina.si\/en\/product\/narodna-nosa-gorenjska\/#breadcrumb"},"inLanguage":"en-GB","potentialAction":[{"@type":"ReadAction","target":["https:\/\/skrina.si\/en\/product\/narodna-nosa-gorenjska\/"]}]},{"@type":"BreadcrumbList","@id":"https:\/\/skrina.si\/en\/product\/narodna-nosa-gorenjska\/#breadcrumb","itemListElement":[{"@type":"ListItem","position":1,"name":"Home","item":"https:\/\/skrina.si\/en\/"},{"@type":"ListItem","position":2,"name":"Shop","item":"https:\/\/skrina.si\/shop\/"},{"@type":"ListItem","position":3,"name":"Narodna no\u0161a &#8211; Gorenjska"}]},{"@type":"WebSite","@id":"https:\/\/skrina.si\/en\/#website","url":"https:\/\/skrina.si\/en\/","name":"Etnogalerija Skrina","description":"Tradicija s posluhom","potentialAction":[{"@type":"SearchAction","target":{"@type":"EntryPoint","urlTemplate":"https:\/\/skrina.si\/en\/?s={search_term_string}"},"query-input":"required name=search_term_string"}],"inLanguage":"en-GB"}]}},"_links":{"self":[{"href":"https:\/\/skrina.si\/en\/wp-json\/wp\/v2\/product\/14103"}],"collection":[{"href":"https:\/\/skrina.si\/en\/wp-json\/wp\/v2\/product"}],"about":[{"href":"https:\/\/skrina.si\/en\/wp-json\/wp\/v2\/types\/product"}],"wp:featuredmedia":[{"embeddable":true,"href":"https:\/\/skrina.si\/en\/wp-json\/wp\/v2\/media\/4031"}],"wp:attachment":[{"href":"https:\/\/skrina.si\/en\/wp-json\/wp\/v2\/media?parent=14103"}],"wp:term":[{"taxonomy":"product_cat","embeddable":true,"href":"https:\/\/skrina.si\/en\/wp-json\/wp\/v2\/product_cat?post=14103"},{"taxonomy":"product_tag","embeddable":true,"href":"https:\/\/skrina.si\/en\/wp-json\/wp\/v2\/product_tag?post=14103"}],"curies":[{"name":"wp","href":"https:\/\/api.w.org\/{rel}","templated":true}]}}