{"id":14022,"date":"2024-03-17T19:24:19","date_gmt":"2024-03-17T18:24:19","guid":{"rendered":"https:\/\/skrina.si\/?post_type=product&#038;p=14022"},"modified":"2024-05-05T16:07:07","modified_gmt":"2024-05-05T14:07:07","slug":"komplet-za-zganje-ljubljana","status":"publish","type":"product","link":"https:\/\/skrina.si\/en\/product\/komplet-za-zganje-ljubljana\/","title":{"rendered":"Komplet za \u017eganje Ljubljana"},"content":{"rendered":"","protected":false},"excerpt":{"rendered":"<h5>Umetnik\u00a0<strong>\u017deljko Vujec<\/strong>\u00a0je svoje \u017eivljenje posvetil keramiki. Nanjo s svojevrstno tehniko nana\u0161a motive starih mestnih jeder. \u0160e prav posebej ga navdu\u0161uje mediteransko okolje in \u2013 Ljubljana, zlasti njeni najbolj slikoviti predeli, kot so tromostovje, pisana tr\u017enica, zmajski most in ljubljanski grad.<\/h5>\n<h5>Kozarci, skodelice, majolike, pladnji in plo\u0161\u010dice s slikovitimi ljubljanskimi motivi naj vas vsak dan znova spominjajo na lepa do\u017eivetja v na\u0161em glavnem mestu.<\/h5>\n<h6><em>Podrobnosti:<\/em><\/h6>\n<ul>\n<li>\n<h6><em>Kro\u017enik: premer 17 cm<\/em><\/h6>\n<\/li>\n<li>\n<h6><em>Steklenica: 53 x 18 cm<\/em><\/h6>\n<\/li>\n<li>\n<h6><em>Prostornina: 0,8 l<\/em><\/h6>\n<\/li>\n<li>\n<h6>Kozarci: 6 x 3,5 cm<\/h6>\n<\/li>\n<li>\n<h6><em>Material: Keramika<\/em><\/h6>\n<\/li>\n<li>\n<h6><em>V darilni embala\u017ei<\/em><\/h6>\n<\/li>\n<li>\n<h6><em>Oblikovano z ljubeznijo do detajlov<\/em><\/h6>\n<\/li>\n<li>\n<h6><strong><em>RO\u010cNO DELO<\/em><\/strong><\/h6>\n<\/li>\n<\/ul>\n","protected":false},"featured_media":15785,"template":"","meta":{"_monsterinsights_skip_tracking":false,"_monsterinsights_sitenote_active":false,"_monsterinsights_sitenote_note":"","_monsterinsights_sitenote_category":0},"product_cat":[39,245],"product_tag":[],"aioseo_notices":[],"yoast_head":"<!-- This site is optimized with the Yoast SEO plugin v22.1 - https:\/\/yoast.com\/wordpress\/plugins\/seo\/ -->\n<title>Komplet za \u017eganje Ljubljana - Etnogalerija Skrina<\/title>\n<meta name=\"robots\" content=\"index, follow, max-snippet:-1, max-image-preview:large, max-video-preview:-1\" \/>\n<link rel=\"canonical\" href=\"https:\/\/skrina.si\/en\/product\/komplet-za-zganje-ljubljana\/\" \/>\n<meta property=\"og:locale\" content=\"en_GB\" \/>\n<meta property=\"og:locale:alternate\" content=\"sl_SI\" \/>\n<meta property=\"og:type\" content=\"article\" \/>\n<meta property=\"og:title\" content=\"Komplet za \u017eganje Ljubljana\" \/>\n<meta property=\"og:description\" content=\"Umetnik\u00a0\u017deljko Vujec\u00a0je svoje \u017eivljenje posvetil keramiki. Nanjo s svojevrstno tehniko nana\u0161a motive starih mestnih jeder. \u0160e prav posebej ga navdu\u0161uje mediteransko okolje in \u2013 Ljubljana, zlasti njeni najbolj slikoviti predeli, kot so tromostovje, pisana tr\u017enica, zmajski most in ljubljanski grad. Kozarci, skodelice, majolike, pladnji in plo\u0161\u010dice s slikovitimi ljubljanskimi motivi naj vas vsak dan znova spominjajo na lepa do\u017eivetja v na\u0161em glavnem mestu. Podrobnosti:    Kro\u017enik: premer 17 cm    Steklenica: 53 x 18 cm    Prostornina: 0,8 l    Kozarci: 6 x 3,5 cm    Material: Keramika    V darilni embala\u017ei    Oblikovano z ljubeznijo do detajlov    RO\u010cNO DELO\" \/>\n<meta property=\"og:url\" content=\"https:\/\/skrina.si\/en\/product\/komplet-za-zganje-ljubljana\/\" \/>\n<meta property=\"og:site_name\" content=\"Etnogalerija Skrina\" \/>\n<meta property=\"article:modified_time\" content=\"2024-05-05T14:07:07+00:00\" \/>\n<meta property=\"og:image\" content=\"https:\/\/skrina.si\/wp-content\/uploads\/2024\/03\/Vujec-set-za-zganje.jpg\" \/>\n\t<meta property=\"og:image:width\" content=\"2000\" \/>\n\t<meta property=\"og:image:height\" content=\"1500\" \/>\n\t<meta property=\"og:image:type\" content=\"image\/jpeg\" \/>\n<meta name=\"twitter:card\" content=\"summary_large_image\" \/>\n<script type=\"application\/ld+json\" class=\"yoast-schema-graph\">{\"@context\":\"https:\/\/schema.org\",\"@graph\":[{\"@type\":\"WebPage\",\"@id\":\"https:\/\/skrina.si\/en\/product\/komplet-za-zganje-ljubljana\/\",\"url\":\"https:\/\/skrina.si\/en\/product\/komplet-za-zganje-ljubljana\/\",\"name\":\"[:sl]Komplet za \u017eganje Ljubljana[:] - Etnogalerija Skrina\",\"isPartOf\":{\"@id\":\"https:\/\/skrina.si\/en\/#website\"},\"datePublished\":\"2024-03-17T18:24:19+00:00\",\"dateModified\":\"2024-05-05T14:07:07+00:00\",\"breadcrumb\":{\"@id\":\"https:\/\/skrina.si\/en\/product\/komplet-za-zganje-ljubljana\/#breadcrumb\"},\"inLanguage\":\"en-GB\",\"potentialAction\":[{\"@type\":\"ReadAction\",\"target\":[\"https:\/\/skrina.si\/en\/product\/komplet-za-zganje-ljubljana\/\"]}]},{\"@type\":\"BreadcrumbList\",\"@id\":\"https:\/\/skrina.si\/en\/product\/komplet-za-zganje-ljubljana\/#breadcrumb\",\"itemListElement\":[{\"@type\":\"ListItem\",\"position\":1,\"name\":\"Home\",\"item\":\"https:\/\/skrina.si\/en\/\"},{\"@type\":\"ListItem\",\"position\":2,\"name\":\"Shop\",\"item\":\"https:\/\/skrina.si\/shop\/\"},{\"@type\":\"ListItem\",\"position\":3,\"name\":\"Komplet za \u017eganje Ljubljana\"}]},{\"@type\":\"WebSite\",\"@id\":\"https:\/\/skrina.si\/en\/#website\",\"url\":\"https:\/\/skrina.si\/en\/\",\"name\":\"Etnogalerija Skrina\",\"description\":\"Tradicija s posluhom\",\"potentialAction\":[{\"@type\":\"SearchAction\",\"target\":{\"@type\":\"EntryPoint\",\"urlTemplate\":\"https:\/\/skrina.si\/en\/?s={search_term_string}\"},\"query-input\":\"required name=search_term_string\"}],\"inLanguage\":\"en-GB\"}]}<\/script>\n<!-- \/ Yoast SEO plugin. -->","yoast_head_json":{"title":"Komplet za \u017eganje Ljubljana - Etnogalerija Skrina","robots":{"index":"index","follow":"follow","max-snippet":"max-snippet:-1","max-image-preview":"max-image-preview:large","max-video-preview":"max-video-preview:-1"},"canonical":"https:\/\/skrina.si\/en\/product\/komplet-za-zganje-ljubljana\/","og_locale":"en_GB","og_type":"article","og_title":"[:sl]Komplet za \u017eganje Ljubljana[:] - Etnogalerija Skrina","og_description":"[:sl]Umetnik\u00a0\u017deljko Vujec\u00a0je svoje \u017eivljenje posvetil keramiki. Nanjo s svojevrstno tehniko nana\u0161a motive starih mestnih jeder. \u0160e prav posebej ga navdu\u0161uje mediteransko okolje in \u2013 Ljubljana, zlasti njeni najbolj slikoviti predeli, kot so tromostovje, pisana tr\u017enica, zmajski most in ljubljanski grad. Kozarci, skodelice, majolike, pladnji in plo\u0161\u010dice s slikovitimi ljubljanskimi motivi naj vas vsak dan znova spominjajo na lepa do\u017eivetja v na\u0161em glavnem mestu. Podrobnosti:    Kro\u017enik: premer 17 cm    Steklenica: 53 x 18 cm    Prostornina: 0,8 l    Kozarci: 6 x 3,5 cm    Material: Keramika    V darilni embala\u017ei    Oblikovano z ljubeznijo do detajlov    RO\u010cNO DELO  [:]","og_url":"https:\/\/skrina.si\/en\/product\/komplet-za-zganje-ljubljana\/","og_site_name":"Etnogalerija Skrina","article_modified_time":"2024-05-05T14:07:07+00:00","og_image":[{"width":2000,"height":1500,"url":"https:\/\/skrina.si\/wp-content\/uploads\/2024\/03\/Vujec-set-za-zganje.jpg","type":"image\/jpeg"}],"twitter_card":"summary_large_image","schema":{"@context":"https:\/\/schema.org","@graph":[{"@type":"WebPage","@id":"https:\/\/skrina.si\/en\/product\/komplet-za-zganje-ljubljana\/","url":"https:\/\/skrina.si\/en\/product\/komplet-za-zganje-ljubljana\/","name":"[:sl]Komplet za \u017eganje Ljubljana[:] - Etnogalerija Skrina","isPartOf":{"@id":"https:\/\/skrina.si\/en\/#website"},"datePublished":"2024-03-17T18:24:19+00:00","dateModified":"2024-05-05T14:07:07+00:00","breadcrumb":{"@id":"https:\/\/skrina.si\/en\/product\/komplet-za-zganje-ljubljana\/#breadcrumb"},"inLanguage":"en-GB","potentialAction":[{"@type":"ReadAction","target":["https:\/\/skrina.si\/en\/product\/komplet-za-zganje-ljubljana\/"]}]},{"@type":"BreadcrumbList","@id":"https:\/\/skrina.si\/en\/product\/komplet-za-zganje-ljubljana\/#breadcrumb","itemListElement":[{"@type":"ListItem","position":1,"name":"Home","item":"https:\/\/skrina.si\/en\/"},{"@type":"ListItem","position":2,"name":"Shop","item":"https:\/\/skrina.si\/shop\/"},{"@type":"ListItem","position":3,"name":"Komplet za \u017eganje Ljubljana"}]},{"@type":"WebSite","@id":"https:\/\/skrina.si\/en\/#website","url":"https:\/\/skrina.si\/en\/","name":"Etnogalerija Skrina","description":"Tradicija s posluhom","potentialAction":[{"@type":"SearchAction","target":{"@type":"EntryPoint","urlTemplate":"https:\/\/skrina.si\/en\/?s={search_term_string}"},"query-input":"required name=search_term_string"}],"inLanguage":"en-GB"}]}},"_links":{"self":[{"href":"https:\/\/skrina.si\/en\/wp-json\/wp\/v2\/product\/14022"}],"collection":[{"href":"https:\/\/skrina.si\/en\/wp-json\/wp\/v2\/product"}],"about":[{"href":"https:\/\/skrina.si\/en\/wp-json\/wp\/v2\/types\/product"}],"wp:featuredmedia":[{"embeddable":true,"href":"https:\/\/skrina.si\/en\/wp-json\/wp\/v2\/media\/15785"}],"wp:attachment":[{"href":"https:\/\/skrina.si\/en\/wp-json\/wp\/v2\/media?parent=14022"}],"wp:term":[{"taxonomy":"product_cat","embeddable":true,"href":"https:\/\/skrina.si\/en\/wp-json\/wp\/v2\/product_cat?post=14022"},{"taxonomy":"product_tag","embeddable":true,"href":"https:\/\/skrina.si\/en\/wp-json\/wp\/v2\/product_tag?post=14022"}],"curies":[{"name":"wp","href":"https:\/\/api.w.org\/{rel}","templated":true}]}}