{"id":13753,"date":"2024-02-24T14:09:14","date_gmt":"2024-02-24T14:09:14","guid":{"rendered":"https:\/\/skrina.si\/?post_type=product&#038;p=13753"},"modified":"2024-04-15T19:37:37","modified_gmt":"2024-04-15T17:37:37","slug":"prucka-zabji-kralj","status":"publish","type":"product","link":"https:\/\/skrina.si\/en\/product\/prucka-zabji-kralj\/","title":{"rendered":"Pru\u010dka &#8211; \u017dabji kralj"},"content":{"rendered":"<h5><em><strong>\u017dabji kralj (Brata Grimm)<\/strong><\/em><\/h5>\n<h5 style=\"text-align: justify;\">Neko\u010d, pred davnimi \u010dasi, je \u017eivel kralj, ki je imel same lepe h\u010derke, \u0161e posebej lepa pa je bila najmlaj\u0161a. Blizu kraljevega gradu je bil velik teman gozd\u00a0 in tam je pod staro lipo stal globok tolmun. Kralji\u010dna\u00a0 je pogosto hodila v gozd\u00a0 in se tam igrala z zlato \u017eogo.<br \/>\nPa se je neko\u010d zgodilo, da je zlata \u017eoga padla naravnost v tolmun, ki je bil tako globok, da se mu ni videlo dna. Za\u010dela je jokati, ko jo je nenadoma zmotil glas: \u00bbKaj se je zgodilo kralji\u010dna? Saj joka\u0161, da bi se te \u0161e kamen usmilil.\u00ab Ozrla se je, od kod prihaja glas in zagledala <strong><em>\u017eabca, <\/em><\/strong>ki je molel iz vode svojo debelo, grdo glavo. \u00bbAh,\u00ab mu je rekla kralji\u010dna, \u00bbjo\u010dem za svojo zlato \u017eogo.\u00ab \u00bbNi\u010d ne jokaj,\u00ab je rekel \u017eabec, \u00bblahko ti pomagam, toda, <strong><em>kaj mi da\u0161 v zameno<\/em><\/strong>?\u00ab \u00bbKar ho\u010de\u0161, ljubi \u017eabec,\u00ab je rekla kralji\u010dna. \u017dabec je odgovoril: \u00bb\u010ce me bo\u0161 ljubila in\u00a0 bom za mizo smel\u00a0 sedeti poleg tebe, jesti s tvojega zlatega kro\u017enika, piti s tvoje kupice in spati\u00a0 v tvoji posteljici, se potopim in ti prinesem zlato \u017eogo.\u00ab \u00bbSeveda,\u00ab je rekla kralji\u010dna, \u00bbobljubim ti vse, kar si \u017eeli\u0161.\u00ab Toda mislila si je: \u00bbLe kaj \u010dveka ta domi\u0161ljavi \u017eabec? Kako naj bo tak\u0161en\u00a0 \u017eabec moj prijatelj?\u00ab \u017dabec se je potopil v vodo, prinesel zlato \u017eogo in jo vrgel kraljevi h\u010derki. Kralji\u010dna vsa navdu\u0161ena je stekla domov, \u017eabec pa je za njo vpil, naj ga po\u010daka.<br \/>\nNaslednji dan, ko je bil ves kraljevi dvor ravno pri kosilu, je nekaj potrkalo na vrata in zavpilo: \u00bbNajmlaj\u0161a kralji\u010dna, odpri!\u00ab Kralji\u010dna je stekla k vratom, jih odprla in ko je videla, da je zunaj \u017eabec, jih je zaloputnila ter prestra\u0161ena sedla nazaj k obedu. Seveda je kralj to opazil in povpra\u0161al h\u010derko: \u00bb\u010cesa si se ustra\u0161ila? Je mar zunaj velikan?\u00ab\u00a0 \u00bbNe, ne,\u00ab je odvrnila h\u010derka, \u00bbsamo \u017eabec je,\u00ab in pojasnila kralju, kaj se ji je pripetilo prej\u0161nji dan. Kralj jo je poslu\u0161al, nekaj \u010dasa premi\u0161ljeval, nato pa rekel: \u00bbNi\u010d ne pomaga, <strong><em>obljubo mora\u0161 dr\u017eati<\/em><\/strong>. Spusti \u017eabca noter in ustrezi njegovim \u017eeljam.\u00ab<br \/>\nTako je kralji\u010dna \u017eabcu dovolila, da je sedel poleg nje na njenem stolu, jedel z njenega zlatega kro\u017enika in pil iz njene kupice. Toda, ko se je ulegel\u00a0 v njeno posteljo, med njene svilene rjuhe, je bilo kralji\u010dni vsega dovolj. Prijela je \u017eabca in ga vrgla ob steno. In glej, ko je \u017eabec padel na tla, se je \u010dude\u017eno spremenil v <strong><em>pre\u010dudovitega princa<\/em><\/strong>. S kraljevim privoljenjem je postal kralji\u010din mo\u017e in sre\u010dno sta \u017eivela do konca svojih dni.<\/h5>\n","protected":false},"excerpt":{"rendered":"<h5>Pru\u010dko z motivom japonske pravljice<strong><em> \u201d\u017dabji kralj, izpod peresa bratov Grimm,\u201d<\/em><\/strong>\u00a0smo v SKRINI naredili za Japonsko tr\u017ei\u0161\u010de.<br \/>\nPru\u010dka\u00a0<strong><em>\u00bbPobarvaj in sestavi<\/em>\u00ab<\/strong>\u00a0vzpodbuja kreativnost in razvija domi\u0161ljijo.<br \/>\nNa sedalu pru\u010dke so natisnjeni motivi priljubljenih pravljic, ki jih kupec sam pobarva s prilo\u017eenimi barvami.<br \/>\nJe kreativno darilo za otroke, lahko se uporablja tudi kot\u00a0<strong><em>rehabilitacijski pripomo\u010dek<\/em>.<\/strong><\/h5>\n<h6><em>\u00a0Podrobnosti:<\/em><\/h6>\n<ul>\n<li>\n<h6><em>Sestavljiva pru\u010dka \u2013 POBARVAJ SAM<\/em><\/h6>\n<\/li>\n<li>\n<h6><em>Mere izdelka: 400 x 200 x 200 mm<\/em><\/h6>\n<\/li>\n<li>\n<h6><em>Embalirano v kartonski \u0161katli: 410 x 230 x 50 mm<\/em><\/h6>\n<\/li>\n<li>\n<h6><em>Barva: modra<\/em><\/h6>\n<\/li>\n<li>\n<h6><em>Motiv: \u017dabji kralj<\/em><\/h6>\n<\/li>\n<li>\n<h6><em>Prilo\u017eene 4 osnovne barve (na vodni osnovi) in \u010dopi\u010d<\/em><\/h6>\n<\/li>\n<li>\n<h6><em>Material: MDF<\/em><\/h6>\n<\/li>\n<li>\n<h6><em>EN 71 CERTIFIKAT<\/em><\/h6>\n<\/li>\n<li>\n<h6><strong><em>Idealno darilo za celo dru\u017eina (ne glede na starost in spol)<\/em><\/strong><\/h6>\n<\/li>\n<li>\n<h6><em>enostavna za po\u0161iljanje po po\u0161ti<\/em><\/h6>\n<\/li>\n<\/ul>\n<p><em>\u00a0<\/em><\/p>\n","protected":false},"featured_media":3419,"template":"","meta":{"_monsterinsights_skip_tracking":false,"_monsterinsights_sitenote_active":false,"_monsterinsights_sitenote_note":"","_monsterinsights_sitenote_category":0},"product_cat":[1636,103],"product_tag":[1296,1234,1306],"aioseo_notices":[],"yoast_head":"<!-- This site is optimized with the Yoast SEO plugin v22.1 - https:\/\/yoast.com\/wordpress\/plugins\/seo\/ -->\n<title>Pru\u010dka - \u017dabji kralj[:] - Etnogalerija Skrina<\/title>\n<meta name=\"description\" content=\"Lesena pru\u010dka - \u017dabji kralj. Prikupno ter priro\u010dno darilo za otroke. Kupec sestavljivo pru\u010dko sam pobarva po prilo\u017eeni predlogi in s prilo\u017eenimi barvami.\" \/>\n<meta name=\"robots\" content=\"index, follow, max-snippet:-1, max-image-preview:large, max-video-preview:-1\" \/>\n<link rel=\"canonical\" href=\"https:\/\/skrina.si\/en\/product\/prucka-zabji-kralj\/\" \/>\n<meta property=\"og:locale\" content=\"en_GB\" \/>\n<meta property=\"og:locale:alternate\" content=\"sl_SI\" \/>\n<meta property=\"og:type\" content=\"article\" \/>\n<meta property=\"og:title\" content=\"Pru\u010dka - \u017dabji kralj\" \/>\n<meta property=\"og:description\" content=\"Lesena pru\u010dka - \u017dabji kralj. Prikupno ter priro\u010dno darilo za otroke. Kupec sestavljivo pru\u010dko sam pobarva po prilo\u017eeni predlogi in s prilo\u017eenimi barvami.\" \/>\n<meta property=\"og:url\" content=\"https:\/\/skrina.si\/en\/product\/prucka-zabji-kralj\/\" \/>\n<meta property=\"og:site_name\" content=\"Etnogalerija Skrina\" \/>\n<meta property=\"article:modified_time\" content=\"2024-04-15T17:37:37+00:00\" \/>\n<meta property=\"og:image\" content=\"https:\/\/skrina.si\/wp-content\/uploads\/2021\/07\/Prucka-sestavljena-Zabji-kralj-zaba-pravljica.jpg\" \/>\n\t<meta property=\"og:image:width\" content=\"2000\" \/>\n\t<meta property=\"og:image:height\" content=\"1500\" \/>\n\t<meta property=\"og:image:type\" content=\"image\/jpeg\" \/>\n<meta name=\"twitter:card\" content=\"summary_large_image\" \/>\n<meta name=\"twitter:label1\" content=\"Estimated reading time\" \/>\n\t<meta name=\"twitter:data1\" content=\"3 minutes\" \/>\n<script type=\"application\/ld+json\" class=\"yoast-schema-graph\">{\"@context\":\"https:\/\/schema.org\",\"@graph\":[{\"@type\":\"WebPage\",\"@id\":\"https:\/\/skrina.si\/en\/product\/prucka-zabji-kralj\/\",\"url\":\"https:\/\/skrina.si\/en\/product\/prucka-zabji-kralj\/\",\"name\":\"[:sl]Pru\u010dka - \u017dabji kralj[:] - Etnogalerija Skrina\",\"isPartOf\":{\"@id\":\"https:\/\/skrina.si\/en\/#website\"},\"datePublished\":\"2024-02-24T14:09:14+00:00\",\"dateModified\":\"2024-04-15T17:37:37+00:00\",\"description\":\"Lesena pru\u010dka - \u017dabji kralj. Prikupno ter priro\u010dno darilo za otroke. Kupec sestavljivo pru\u010dko sam pobarva po prilo\u017eeni predlogi in s prilo\u017eenimi barvami.\",\"breadcrumb\":{\"@id\":\"https:\/\/skrina.si\/en\/product\/prucka-zabji-kralj\/#breadcrumb\"},\"inLanguage\":\"en-GB\",\"potentialAction\":[{\"@type\":\"ReadAction\",\"target\":[\"https:\/\/skrina.si\/en\/product\/prucka-zabji-kralj\/\"]}]},{\"@type\":\"BreadcrumbList\",\"@id\":\"https:\/\/skrina.si\/en\/product\/prucka-zabji-kralj\/#breadcrumb\",\"itemListElement\":[{\"@type\":\"ListItem\",\"position\":1,\"name\":\"Home\",\"item\":\"https:\/\/skrina.si\/en\/\"},{\"@type\":\"ListItem\",\"position\":2,\"name\":\"Shop\",\"item\":\"https:\/\/skrina.si\/shop\/\"},{\"@type\":\"ListItem\",\"position\":3,\"name\":\"Pru\u010dka &#8211; \u017dabji kralj\"}]},{\"@type\":\"WebSite\",\"@id\":\"https:\/\/skrina.si\/en\/#website\",\"url\":\"https:\/\/skrina.si\/en\/\",\"name\":\"Etnogalerija Skrina\",\"description\":\"Tradicija s posluhom\",\"potentialAction\":[{\"@type\":\"SearchAction\",\"target\":{\"@type\":\"EntryPoint\",\"urlTemplate\":\"https:\/\/skrina.si\/en\/?s={search_term_string}\"},\"query-input\":\"required name=search_term_string\"}],\"inLanguage\":\"en-GB\"}]}<\/script>\n<!-- \/ Yoast SEO plugin. -->","yoast_head_json":{"title":"Pru\u010dka - \u017dabji kralj[:] - Etnogalerija Skrina","description":"Lesena pru\u010dka - \u017dabji kralj. Prikupno ter priro\u010dno darilo za otroke. Kupec sestavljivo pru\u010dko sam pobarva po prilo\u017eeni predlogi in s prilo\u017eenimi barvami.","robots":{"index":"index","follow":"follow","max-snippet":"max-snippet:-1","max-image-preview":"max-image-preview:large","max-video-preview":"max-video-preview:-1"},"canonical":"https:\/\/skrina.si\/en\/product\/prucka-zabji-kralj\/","og_locale":"en_GB","og_type":"article","og_title":"[:sl]Pru\u010dka - \u017dabji kralj[:] - Etnogalerija Skrina","og_description":"Lesena pru\u010dka - \u017dabji kralj. Prikupno ter priro\u010dno darilo za otroke. Kupec sestavljivo pru\u010dko sam pobarva po prilo\u017eeni predlogi in s prilo\u017eenimi barvami.","og_url":"https:\/\/skrina.si\/en\/product\/prucka-zabji-kralj\/","og_site_name":"Etnogalerija Skrina","article_modified_time":"2024-04-15T17:37:37+00:00","og_image":[{"width":2000,"height":1500,"url":"https:\/\/skrina.si\/wp-content\/uploads\/2021\/07\/Prucka-sestavljena-Zabji-kralj-zaba-pravljica.jpg","type":"image\/jpeg"}],"twitter_card":"summary_large_image","twitter_misc":{"Estimated reading time":"3 minutes"},"schema":{"@context":"https:\/\/schema.org","@graph":[{"@type":"WebPage","@id":"https:\/\/skrina.si\/en\/product\/prucka-zabji-kralj\/","url":"https:\/\/skrina.si\/en\/product\/prucka-zabji-kralj\/","name":"[:sl]Pru\u010dka - \u017dabji kralj[:] - Etnogalerija Skrina","isPartOf":{"@id":"https:\/\/skrina.si\/en\/#website"},"datePublished":"2024-02-24T14:09:14+00:00","dateModified":"2024-04-15T17:37:37+00:00","description":"Lesena pru\u010dka - \u017dabji kralj. Prikupno ter priro\u010dno darilo za otroke. Kupec sestavljivo pru\u010dko sam pobarva po prilo\u017eeni predlogi in s prilo\u017eenimi barvami.","breadcrumb":{"@id":"https:\/\/skrina.si\/en\/product\/prucka-zabji-kralj\/#breadcrumb"},"inLanguage":"en-GB","potentialAction":[{"@type":"ReadAction","target":["https:\/\/skrina.si\/en\/product\/prucka-zabji-kralj\/"]}]},{"@type":"BreadcrumbList","@id":"https:\/\/skrina.si\/en\/product\/prucka-zabji-kralj\/#breadcrumb","itemListElement":[{"@type":"ListItem","position":1,"name":"Home","item":"https:\/\/skrina.si\/en\/"},{"@type":"ListItem","position":2,"name":"Shop","item":"https:\/\/skrina.si\/shop\/"},{"@type":"ListItem","position":3,"name":"Pru\u010dka &#8211; \u017dabji kralj"}]},{"@type":"WebSite","@id":"https:\/\/skrina.si\/en\/#website","url":"https:\/\/skrina.si\/en\/","name":"Etnogalerija Skrina","description":"Tradicija s posluhom","potentialAction":[{"@type":"SearchAction","target":{"@type":"EntryPoint","urlTemplate":"https:\/\/skrina.si\/en\/?s={search_term_string}"},"query-input":"required name=search_term_string"}],"inLanguage":"en-GB"}]}},"_links":{"self":[{"href":"https:\/\/skrina.si\/en\/wp-json\/wp\/v2\/product\/13753"}],"collection":[{"href":"https:\/\/skrina.si\/en\/wp-json\/wp\/v2\/product"}],"about":[{"href":"https:\/\/skrina.si\/en\/wp-json\/wp\/v2\/types\/product"}],"wp:featuredmedia":[{"embeddable":true,"href":"https:\/\/skrina.si\/en\/wp-json\/wp\/v2\/media\/3419"}],"wp:attachment":[{"href":"https:\/\/skrina.si\/en\/wp-json\/wp\/v2\/media?parent=13753"}],"wp:term":[{"taxonomy":"product_cat","embeddable":true,"href":"https:\/\/skrina.si\/en\/wp-json\/wp\/v2\/product_cat?post=13753"},{"taxonomy":"product_tag","embeddable":true,"href":"https:\/\/skrina.si\/en\/wp-json\/wp\/v2\/product_tag?post=13753"}],"curies":[{"name":"wp","href":"https:\/\/api.w.org\/{rel}","templated":true}]}}