{"id":13517,"date":"2024-02-15T10:42:19","date_gmt":"2024-02-15T10:42:19","guid":{"rendered":"https:\/\/skrina.si\/?post_type=product&#038;p=13517"},"modified":"2024-02-20T14:26:52","modified_gmt":"2024-02-20T14:26:52","slug":"zibka-kopija","status":"publish","type":"product","link":"https:\/\/skrina.si\/en\/product\/zibka-kopija\/","title":{"rendered":"Zibka &#8211; bok"},"content":{"rendered":"","protected":false},"excerpt":{"rendered":"<h5>Vse do prve polovice 20. stoletja se je velika ve\u010dina novorojenih otrok na pode\u017eelju zazibala v \u017eivljenje v\u00a0<strong><em>zibkah<\/em><\/strong>, ki nam \u0161e danes predstavljajo nekak\u0161en simbol rojstva.<br \/>\nNa bo\u010dni strani zibke je poslikava z nabo\u017enimi, cvetli\u010dnimi in geometrijskimi motivi.<br \/>\nV Etnogaleriji SKRINA smo za vas razvili <strong><em>sestavljivo zibko<\/em><\/strong>, ki je enostavna za transport in primerna tudi za po\u0161iljanje po po\u0161ti.<\/h5>\n<h6><em>Podrobnosti:<\/em><\/h6>\n<ul>\n<li>\n<h6>Sestavljiva zibka<\/h6>\n<\/li>\n<li>\n<h6>Mere izdelka: 80 x 55 x 55cm<\/h6>\n<\/li>\n<li>\n<h6>Barva: zelena\/rjava<\/h6>\n<\/li>\n<li>\n<h6>Motiv: nagelj\/cvetje\/\u00bbtrutamora\u00ab<\/h6>\n<\/li>\n<li>\n<h6>Material: smreka<\/h6>\n<\/li>\n<li>\n<h6><strong><em>zaradi varovanja okolja uporabljamo le les, ki je namenjen za obvezni posek<\/em><\/strong><\/h6>\n<\/li>\n<li>\n<h6>RO\u010cNO BARVANO<\/h6>\n<\/li>\n<\/ul>\n","protected":false},"featured_media":11663,"template":"","meta":{"_monsterinsights_skip_tracking":false,"_monsterinsights_sitenote_active":false,"_monsterinsights_sitenote_note":"","_monsterinsights_sitenote_category":0},"product_cat":[103,1280],"product_tag":[80,95],"aioseo_notices":[],"yoast_head":"<!-- This site is optimized with the Yoast SEO plugin v22.1 - https:\/\/yoast.com\/wordpress\/plugins\/seo\/ -->\n<title>Zibka - bok - Etnogalerija Skrina<\/title>\n<meta name=\"robots\" content=\"index, follow, max-snippet:-1, max-image-preview:large, max-video-preview:-1\" \/>\n<link rel=\"canonical\" href=\"https:\/\/skrina.si\/en\/product\/zibka-kopija\/\" \/>\n<meta property=\"og:locale\" content=\"en_GB\" \/>\n<meta property=\"og:locale:alternate\" content=\"sl_SI\" \/>\n<meta property=\"og:type\" content=\"article\" \/>\n<meta property=\"og:title\" content=\"Zibka - bok - Etnogalerija Skrina\" \/>\n<meta property=\"og:description\" content=\"Vse do prve polovice 20. stoletja se je velika ve\u010dina novorojenih otrok na pode\u017eelju zazibala v \u017eivljenje v\u00a0zibkah, ki nam \u0161e danes predstavljajo nekak\u0161en simbol rojstva. Na bo\u010dni strani zibke je poslikava z nabo\u017enimi, cvetli\u010dnimi in geometrijskimi motivi. V Etnogaleriji SKRINA smo za vas razvili sestavljivo zibko, ki je enostavna za transport in primerna tudi za po\u0161iljanje po po\u0161ti. Podrobnosti:    Sestavljiva zibka    Mere izdelka: 80 x 55 x 55cm    Barva: zelena\/rjava    Motiv: nagelj\/cvetje\/\u00bbtrutamora\u00ab    Material: smreka    zaradi varovanja okolja uporabljamo le les, ki je namenjen za obvezni posek    RO\u010cNO BARVANO\" \/>\n<meta property=\"og:url\" content=\"https:\/\/skrina.si\/en\/product\/zibka-kopija\/\" \/>\n<meta property=\"og:site_name\" content=\"Etnogalerija Skrina\" \/>\n<meta property=\"article:modified_time\" content=\"2024-02-20T14:26:52+00:00\" \/>\n<meta property=\"og:image\" content=\"https:\/\/skrina.si\/wp-content\/uploads\/2021\/06\/2.etnogalerija-skrina-tradicija-s-posluhim-slovenska-zibka-sestavljiva.jpg\" \/>\n\t<meta property=\"og:image:width\" content=\"2000\" \/>\n\t<meta property=\"og:image:height\" content=\"1500\" \/>\n\t<meta property=\"og:image:type\" content=\"image\/jpeg\" \/>\n<meta name=\"twitter:card\" content=\"summary_large_image\" \/>\n<meta name=\"twitter:label1\" content=\"Estimated reading time\" \/>\n\t<meta name=\"twitter:data1\" content=\"1 minute\" \/>\n<script type=\"application\/ld+json\" class=\"yoast-schema-graph\">{\"@context\":\"https:\/\/schema.org\",\"@graph\":[{\"@type\":\"WebPage\",\"@id\":\"https:\/\/skrina.si\/en\/product\/zibka-kopija\/\",\"url\":\"https:\/\/skrina.si\/en\/product\/zibka-kopija\/\",\"name\":\"Zibka - bok - Etnogalerija Skrina\",\"isPartOf\":{\"@id\":\"https:\/\/skrina.si\/en\/#website\"},\"datePublished\":\"2024-02-15T10:42:19+00:00\",\"dateModified\":\"2024-02-20T14:26:52+00:00\",\"breadcrumb\":{\"@id\":\"https:\/\/skrina.si\/en\/product\/zibka-kopija\/#breadcrumb\"},\"inLanguage\":\"en-GB\",\"potentialAction\":[{\"@type\":\"ReadAction\",\"target\":[\"https:\/\/skrina.si\/en\/product\/zibka-kopija\/\"]}]},{\"@type\":\"BreadcrumbList\",\"@id\":\"https:\/\/skrina.si\/en\/product\/zibka-kopija\/#breadcrumb\",\"itemListElement\":[{\"@type\":\"ListItem\",\"position\":1,\"name\":\"Home\",\"item\":\"https:\/\/skrina.si\/en\/\"},{\"@type\":\"ListItem\",\"position\":2,\"name\":\"Shop\",\"item\":\"https:\/\/skrina.si\/shop\/\"},{\"@type\":\"ListItem\",\"position\":3,\"name\":\"Zibka &#8211; bok\"}]},{\"@type\":\"WebSite\",\"@id\":\"https:\/\/skrina.si\/en\/#website\",\"url\":\"https:\/\/skrina.si\/en\/\",\"name\":\"Etnogalerija Skrina\",\"description\":\"Tradicija s posluhom\",\"potentialAction\":[{\"@type\":\"SearchAction\",\"target\":{\"@type\":\"EntryPoint\",\"urlTemplate\":\"https:\/\/skrina.si\/en\/?s={search_term_string}\"},\"query-input\":\"required name=search_term_string\"}],\"inLanguage\":\"en-GB\"}]}<\/script>\n<!-- \/ Yoast SEO plugin. -->","yoast_head_json":{"title":"Zibka - bok - Etnogalerija Skrina","robots":{"index":"index","follow":"follow","max-snippet":"max-snippet:-1","max-image-preview":"max-image-preview:large","max-video-preview":"max-video-preview:-1"},"canonical":"https:\/\/skrina.si\/en\/product\/zibka-kopija\/","og_locale":"en_GB","og_type":"article","og_title":"Zibka - bok - Etnogalerija Skrina","og_description":"Vse do prve polovice 20. stoletja se je velika ve\u010dina novorojenih otrok na pode\u017eelju zazibala v \u017eivljenje v\u00a0zibkah, ki nam \u0161e danes predstavljajo nekak\u0161en simbol rojstva. Na bo\u010dni strani zibke je poslikava z nabo\u017enimi, cvetli\u010dnimi in geometrijskimi motivi. V Etnogaleriji SKRINA smo za vas razvili sestavljivo zibko, ki je enostavna za transport in primerna tudi za po\u0161iljanje po po\u0161ti. Podrobnosti:    Sestavljiva zibka    Mere izdelka: 80 x 55 x 55cm    Barva: zelena\/rjava    Motiv: nagelj\/cvetje\/\u00bbtrutamora\u00ab    Material: smreka    zaradi varovanja okolja uporabljamo le les, ki je namenjen za obvezni posek    RO\u010cNO BARVANO","og_url":"https:\/\/skrina.si\/en\/product\/zibka-kopija\/","og_site_name":"Etnogalerija Skrina","article_modified_time":"2024-02-20T14:26:52+00:00","og_image":[{"width":2000,"height":1500,"url":"https:\/\/skrina.si\/wp-content\/uploads\/2021\/06\/2.etnogalerija-skrina-tradicija-s-posluhim-slovenska-zibka-sestavljiva.jpg","type":"image\/jpeg"}],"twitter_card":"summary_large_image","twitter_misc":{"Estimated reading time":"1 minute"},"schema":{"@context":"https:\/\/schema.org","@graph":[{"@type":"WebPage","@id":"https:\/\/skrina.si\/en\/product\/zibka-kopija\/","url":"https:\/\/skrina.si\/en\/product\/zibka-kopija\/","name":"Zibka - bok - Etnogalerija Skrina","isPartOf":{"@id":"https:\/\/skrina.si\/en\/#website"},"datePublished":"2024-02-15T10:42:19+00:00","dateModified":"2024-02-20T14:26:52+00:00","breadcrumb":{"@id":"https:\/\/skrina.si\/en\/product\/zibka-kopija\/#breadcrumb"},"inLanguage":"en-GB","potentialAction":[{"@type":"ReadAction","target":["https:\/\/skrina.si\/en\/product\/zibka-kopija\/"]}]},{"@type":"BreadcrumbList","@id":"https:\/\/skrina.si\/en\/product\/zibka-kopija\/#breadcrumb","itemListElement":[{"@type":"ListItem","position":1,"name":"Home","item":"https:\/\/skrina.si\/en\/"},{"@type":"ListItem","position":2,"name":"Shop","item":"https:\/\/skrina.si\/shop\/"},{"@type":"ListItem","position":3,"name":"Zibka &#8211; bok"}]},{"@type":"WebSite","@id":"https:\/\/skrina.si\/en\/#website","url":"https:\/\/skrina.si\/en\/","name":"Etnogalerija Skrina","description":"Tradicija s posluhom","potentialAction":[{"@type":"SearchAction","target":{"@type":"EntryPoint","urlTemplate":"https:\/\/skrina.si\/en\/?s={search_term_string}"},"query-input":"required name=search_term_string"}],"inLanguage":"en-GB"}]}},"_links":{"self":[{"href":"https:\/\/skrina.si\/en\/wp-json\/wp\/v2\/product\/13517"}],"collection":[{"href":"https:\/\/skrina.si\/en\/wp-json\/wp\/v2\/product"}],"about":[{"href":"https:\/\/skrina.si\/en\/wp-json\/wp\/v2\/types\/product"}],"wp:featuredmedia":[{"embeddable":true,"href":"https:\/\/skrina.si\/en\/wp-json\/wp\/v2\/media\/11663"}],"wp:attachment":[{"href":"https:\/\/skrina.si\/en\/wp-json\/wp\/v2\/media?parent=13517"}],"wp:term":[{"taxonomy":"product_cat","embeddable":true,"href":"https:\/\/skrina.si\/en\/wp-json\/wp\/v2\/product_cat?post=13517"},{"taxonomy":"product_tag","embeddable":true,"href":"https:\/\/skrina.si\/en\/wp-json\/wp\/v2\/product_tag?post=13517"}],"curies":[{"name":"wp","href":"https:\/\/api.w.org\/{rel}","templated":true}]}}