{"id":13503,"date":"2024-02-14T10:26:44","date_gmt":"2024-02-14T10:26:44","guid":{"rendered":"https:\/\/skrina.si\/?post_type=product&#038;p=13503"},"modified":"2024-05-02T18:57:25","modified_gmt":"2024-05-02T16:57:25","slug":"motivi-iz-vaske-krcme","status":"publish","type":"product","link":"https:\/\/skrina.si\/en\/product\/motivi-iz-vaske-krcme\/","title":{"rendered":"Motivi iz va\u0161ke kr\u010dme"},"content":{"rendered":"","protected":false},"excerpt":{"rendered":"<h6><em>Oj, ti mrha grda, pijana,<br \/>\n<\/em><em>cel dan moram delat sama,<br \/>\n<\/em><em>ni\u010d poprej te ni domov,<br \/>\n<\/em><em>kot zve\u010der, da b&#8217; le\u017eat \u0161ov.<\/em><\/h6>\n<h5>Prizori iz <strong><em>va\u0161ke kr\u010dme,<\/em><\/strong> kjer so o\u010danci in gospodarji mo\u017eevali ob kozarcu dobrega vina, imajo v motiviki panjskih kon\u010dnic pomembno mesto.<br \/>\nSlikarji so risali <strong><em>prijetne<\/em><\/strong> urice popivanja in veselja\u010denja v gostilni, pa tudi <strong><em>manj prijetne<\/em><\/strong>, kot so:<br \/>\n<em>\u017deni vle\u010deta mo\u017ea od kartanja,<br \/>\nPride \u017eena po mo\u017ea,<br \/>\n<\/em><em>\u017dena vle\u010de mo\u017ea iz\u00a0 gostilne,<br \/>\n<\/em><em>Pivce brez denarja me\u010dejo iz gostilne,<br \/>\n<\/em><em>Fanta se pretepata zaradi dekleta.<\/em><strong><em><br \/>\n<\/em><\/strong>Tako poslikane panjske kon\u010dnice, polne \u0161egavih domislic in satire so <strong><em>zakladnica <\/em><\/strong>\u010dustvovanja, miselnosti, domi\u0161ljije in ustvarjalnosti.<\/h5>\n<p><em>Podrobnosti:<\/em><\/p>\n<ul>\n<li>Panjska kon\u010dnica<\/li>\n<li>Mere izdelka: 400 x 200 x 200 mm<\/li>\n<li>Embalirano v kartonski \u0161katli: 410 x 230 x 50 mm<\/li>\n<li>Motivi iz va\u0161ke kr\u010dme<\/li>\n<li>Material: smreka<\/li>\n<li><strong><em>RO\u010cNO SLIKANO<\/em><\/strong><\/li>\n<li>enostavna za po\u0161iljanje po po\u0161ti<\/li>\n<\/ul>\n","protected":false},"featured_media":13829,"template":"","meta":{"_monsterinsights_skip_tracking":false,"_monsterinsights_sitenote_active":false,"_monsterinsights_sitenote_note":"","_monsterinsights_sitenote_category":0},"product_cat":[93,1384],"product_tag":[95],"aioseo_notices":[],"yoast_head":"<!-- This site is optimized with the Yoast SEO plugin v22.1 - https:\/\/yoast.com\/wordpress\/plugins\/seo\/ -->\n<title>Motivi iz va\u0161ke kr\u010dme - Etnogalerija Skrina<\/title>\n<meta name=\"robots\" content=\"index, follow, max-snippet:-1, max-image-preview:large, max-video-preview:-1\" \/>\n<link rel=\"canonical\" href=\"https:\/\/skrina.si\/en\/product\/motivi-iz-vaske-krcme\/\" \/>\n<meta property=\"og:locale\" content=\"en_GB\" \/>\n<meta property=\"og:locale:alternate\" content=\"sl_SI\" \/>\n<meta property=\"og:type\" content=\"article\" \/>\n<meta property=\"og:title\" content=\"Motivi iz va\u0161ke kr\u010dme\" \/>\n<meta property=\"og:description\" content=\"Oj, ti mrha grda, pijana, cel dan moram delat sama, ni\u010d poprej te ni domov, kot zve\u010der, da b&#039; le\u017eat \u0161ov. Prizori iz va\u0161ke kr\u010dme, kjer so o\u010danci in gospodarji mo\u017eevali ob kozarcu dobrega vina, imajo v motiviki panjskih kon\u010dnic pomembno mesto. Slikarji so risali prijetne urice popivanja in veselja\u010denja v gostilni, pa tudi manj prijetne, kot so: \u017deni vle\u010deta mo\u017ea od kartanja, Pride \u017eena po mo\u017ea, \u017dena vle\u010de mo\u017ea iz\u00a0 gostilne, Pivce brez denarja me\u010dejo iz gostilne, Fanta se pretepata zaradi dekleta. Tako poslikane panjske kon\u010dnice, polne \u0161egavih domislic in satire so zakladnica \u010dustvovanja, miselnosti, domi\u0161ljije in ustvarjalnosti. Podrobnosti:   Panjska kon\u010dnica  Mere izdelka: 400 x 200 x 200 mm  Embalirano v kartonski \u0161katli: 410 x 230 x 50 mm  Motivi iz va\u0161ke kr\u010dme  Material: smreka  RO\u010cNO SLIKANO  enostavna za po\u0161iljanje po po\u0161ti\" \/>\n<meta property=\"og:url\" content=\"https:\/\/skrina.si\/en\/product\/motivi-iz-vaske-krcme\/\" \/>\n<meta property=\"og:site_name\" content=\"Etnogalerija Skrina\" \/>\n<meta property=\"article:modified_time\" content=\"2024-05-02T16:57:25+00:00\" \/>\n<meta property=\"og:image\" content=\"https:\/\/skrina.si\/wp-content\/uploads\/2024\/02\/Panjska-koncnica-Zena-vlece-moza-iz-gostilne-1.jpg\" \/>\n\t<meta property=\"og:image:width\" content=\"2000\" \/>\n\t<meta property=\"og:image:height\" content=\"1500\" \/>\n\t<meta property=\"og:image:type\" content=\"image\/jpeg\" \/>\n<meta name=\"twitter:card\" content=\"summary_large_image\" \/>\n<meta name=\"twitter:label1\" content=\"Estimated reading time\" \/>\n\t<meta name=\"twitter:data1\" content=\"1 minute\" \/>\n<script type=\"application\/ld+json\" class=\"yoast-schema-graph\">{\"@context\":\"https:\/\/schema.org\",\"@graph\":[{\"@type\":\"WebPage\",\"@id\":\"https:\/\/skrina.si\/en\/product\/motivi-iz-vaske-krcme\/\",\"url\":\"https:\/\/skrina.si\/en\/product\/motivi-iz-vaske-krcme\/\",\"name\":\"[:en]Motivi iz va\u0161ke kr\u010dme[:sl]Motivi iz va\u0161ke kr\u010dme[:] - Etnogalerija Skrina\",\"isPartOf\":{\"@id\":\"https:\/\/skrina.si\/en\/#website\"},\"datePublished\":\"2024-02-14T10:26:44+00:00\",\"dateModified\":\"2024-05-02T16:57:25+00:00\",\"breadcrumb\":{\"@id\":\"https:\/\/skrina.si\/en\/product\/motivi-iz-vaske-krcme\/#breadcrumb\"},\"inLanguage\":\"en-GB\",\"potentialAction\":[{\"@type\":\"ReadAction\",\"target\":[\"https:\/\/skrina.si\/en\/product\/motivi-iz-vaske-krcme\/\"]}]},{\"@type\":\"BreadcrumbList\",\"@id\":\"https:\/\/skrina.si\/en\/product\/motivi-iz-vaske-krcme\/#breadcrumb\",\"itemListElement\":[{\"@type\":\"ListItem\",\"position\":1,\"name\":\"Home\",\"item\":\"https:\/\/skrina.si\/en\/\"},{\"@type\":\"ListItem\",\"position\":2,\"name\":\"Shop\",\"item\":\"https:\/\/skrina.si\/shop\/\"},{\"@type\":\"ListItem\",\"position\":3,\"name\":\"Motivi iz va\u0161ke kr\u010dme\"}]},{\"@type\":\"WebSite\",\"@id\":\"https:\/\/skrina.si\/en\/#website\",\"url\":\"https:\/\/skrina.si\/en\/\",\"name\":\"Etnogalerija Skrina\",\"description\":\"Tradicija s posluhom\",\"potentialAction\":[{\"@type\":\"SearchAction\",\"target\":{\"@type\":\"EntryPoint\",\"urlTemplate\":\"https:\/\/skrina.si\/en\/?s={search_term_string}\"},\"query-input\":\"required name=search_term_string\"}],\"inLanguage\":\"en-GB\"}]}<\/script>\n<!-- \/ Yoast SEO plugin. -->","yoast_head_json":{"title":"Motivi iz va\u0161ke kr\u010dme - Etnogalerija Skrina","robots":{"index":"index","follow":"follow","max-snippet":"max-snippet:-1","max-image-preview":"max-image-preview:large","max-video-preview":"max-video-preview:-1"},"canonical":"https:\/\/skrina.si\/en\/product\/motivi-iz-vaske-krcme\/","og_locale":"en_GB","og_type":"article","og_title":"[:en]Motivi iz va\u0161ke kr\u010dme[:sl]Motivi iz va\u0161ke kr\u010dme[:] - Etnogalerija Skrina","og_description":"[:en]Oj, ti mrha grda, pijana, cel dan moram delat sama, ni\u010d poprej te ni domov, kot zve\u010der, da b' le\u017eat \u0161ov. Prizori iz va\u0161ke kr\u010dme, kjer so o\u010danci in gospodarji mo\u017eevali ob kozarcu dobrega vina, imajo v motiviki panjskih kon\u010dnic pomembno mesto. Slikarji so risali prijetne urice popivanja in veselja\u010denja v gostilni, pa tudi manj prijetne, kot so: \u017deni vle\u010deta mo\u017ea od kartanja, Pride \u017eena po mo\u017ea, \u017dena vle\u010de mo\u017ea iz\u00a0 gostilne, Pivce brez denarja me\u010dejo iz gostilne, Fanta se pretepata zaradi dekleta. Tako poslikane panjske kon\u010dnice, polne \u0161egavih domislic in satire so zakladnica \u010dustvovanja, miselnosti, domi\u0161ljije in ustvarjalnosti. Podrobnosti:   Panjska kon\u010dnica  Mere izdelka: 400 x 200 x 200 mm  Embalirano v kartonski \u0161katli: 410 x 230 x 50 mm  Motivi iz va\u0161ke kr\u010dme  Material: smreka  RO\u010cNO SLIKANO  enostavna za po\u0161iljanje po po\u0161ti [:sl]Oj, ti mrha grda, pijana, cel dan moram delat sama, ni\u010d poprej te ni domov, kot zve\u010der, da b' le\u017eat \u0161ov. Prizori iz va\u0161ke kr\u010dme, kjer so o\u010danci in gospodarji mo\u017eevali ob kozarcu dobrega vina, imajo v motiviki panjskih kon\u010dnic pomembno mesto. Slikarji so risali prijetne urice popivanja in veselja\u010denja v gostilni, pa tudi manj prijetne, kot so: \u017deni vle\u010deta mo\u017ea od kartanja, Pride \u017eena po mo\u017ea, \u017dena vle\u010de mo\u017ea iz\u00a0 gostilne, Pivce brez denarja me\u010dejo iz gostilne, Fanta se pretepata zaradi dekleta. Tako poslikane panjske kon\u010dnice, polne \u0161egavih domislic in satire so zakladnica \u010dustvovanja, miselnosti, domi\u0161ljije in ustvarjalnosti. Podrobnosti:   Panjska kon\u010dnica  Mere izdelka: 400 x 200 x 200 mm  Embalirano v kartonski \u0161katli: 410 x 230 x 50 mm  Motivi iz va\u0161ke kr\u010dme  Material: smreka  RO\u010cNO SLIKANO  enostavna za po\u0161iljanje po po\u0161ti [:]","og_url":"https:\/\/skrina.si\/en\/product\/motivi-iz-vaske-krcme\/","og_site_name":"Etnogalerija Skrina","article_modified_time":"2024-05-02T16:57:25+00:00","og_image":[{"width":2000,"height":1500,"url":"https:\/\/skrina.si\/wp-content\/uploads\/2024\/02\/Panjska-koncnica-Zena-vlece-moza-iz-gostilne-1.jpg","type":"image\/jpeg"}],"twitter_card":"summary_large_image","twitter_misc":{"Estimated reading time":"1 minute"},"schema":{"@context":"https:\/\/schema.org","@graph":[{"@type":"WebPage","@id":"https:\/\/skrina.si\/en\/product\/motivi-iz-vaske-krcme\/","url":"https:\/\/skrina.si\/en\/product\/motivi-iz-vaske-krcme\/","name":"[:en]Motivi iz va\u0161ke kr\u010dme[:sl]Motivi iz va\u0161ke kr\u010dme[:] - Etnogalerija Skrina","isPartOf":{"@id":"https:\/\/skrina.si\/en\/#website"},"datePublished":"2024-02-14T10:26:44+00:00","dateModified":"2024-05-02T16:57:25+00:00","breadcrumb":{"@id":"https:\/\/skrina.si\/en\/product\/motivi-iz-vaske-krcme\/#breadcrumb"},"inLanguage":"en-GB","potentialAction":[{"@type":"ReadAction","target":["https:\/\/skrina.si\/en\/product\/motivi-iz-vaske-krcme\/"]}]},{"@type":"BreadcrumbList","@id":"https:\/\/skrina.si\/en\/product\/motivi-iz-vaske-krcme\/#breadcrumb","itemListElement":[{"@type":"ListItem","position":1,"name":"Home","item":"https:\/\/skrina.si\/en\/"},{"@type":"ListItem","position":2,"name":"Shop","item":"https:\/\/skrina.si\/shop\/"},{"@type":"ListItem","position":3,"name":"Motivi iz va\u0161ke kr\u010dme"}]},{"@type":"WebSite","@id":"https:\/\/skrina.si\/en\/#website","url":"https:\/\/skrina.si\/en\/","name":"Etnogalerija Skrina","description":"Tradicija s posluhom","potentialAction":[{"@type":"SearchAction","target":{"@type":"EntryPoint","urlTemplate":"https:\/\/skrina.si\/en\/?s={search_term_string}"},"query-input":"required name=search_term_string"}],"inLanguage":"en-GB"}]}},"_links":{"self":[{"href":"https:\/\/skrina.si\/en\/wp-json\/wp\/v2\/product\/13503"}],"collection":[{"href":"https:\/\/skrina.si\/en\/wp-json\/wp\/v2\/product"}],"about":[{"href":"https:\/\/skrina.si\/en\/wp-json\/wp\/v2\/types\/product"}],"wp:featuredmedia":[{"embeddable":true,"href":"https:\/\/skrina.si\/en\/wp-json\/wp\/v2\/media\/13829"}],"wp:attachment":[{"href":"https:\/\/skrina.si\/en\/wp-json\/wp\/v2\/media?parent=13503"}],"wp:term":[{"taxonomy":"product_cat","embeddable":true,"href":"https:\/\/skrina.si\/en\/wp-json\/wp\/v2\/product_cat?post=13503"},{"taxonomy":"product_tag","embeddable":true,"href":"https:\/\/skrina.si\/en\/wp-json\/wp\/v2\/product_tag?post=13503"}],"curies":[{"name":"wp","href":"https:\/\/api.w.org\/{rel}","templated":true}]}}