{"id":13470,"date":"2024-02-13T14:07:37","date_gmt":"2024-02-13T14:07:37","guid":{"rendered":"https:\/\/skrina.si\/?post_type=product&#038;p=13470"},"modified":"2024-03-21T10:31:36","modified_gmt":"2024-03-21T09:31:36","slug":"godci-in-plesalca-pred-panjem","status":"publish","type":"product","link":"https:\/\/skrina.si\/en\/product\/godci-in-plesalca-pred-panjem\/","title":{"rendered":"Verska tematika"},"content":{"rendered":"","protected":false},"excerpt":{"rendered":"<h6><em>\u00bbGlejte, glejte, kaj je to, k<\/em><em>aj so to za eni mo\u017eje, k<\/em><em>i niso z na\u0161e de\u017eele!<br \/>\n<\/em><em>Trije kralji po cesti jezdijo; t<\/em><em>a pervi jezdi naprej, k<\/em><em>er za cesto dobro ve.<br \/>\n<\/em><em>Ta drugi jezdi za njim, t<\/em><em>retji je \u010dern, portast inu zlat\u00ab.<\/em><\/h6>\n<h5>Zelo pogosti motivi na panjskih kon\u010dnicah so prizori iz biblije, ki so bili pogosto povzeti po ilustriranih zgodbah iz svetega pisma in prikazujejo verske prizore, kot so <strong><em>Prihod treh kraljev, Adama in Evo, Spoved\u2026<\/em><\/strong><br \/>\nPriljubljeni so bili tudi svetniki, ki so jih slikarji kon\u010dnic poznali iz podobic, ki so kro\u017eile med ljudstvom.<br \/>\nPreprosti kmet je povsem prakti\u010dno gledal na svetnike; ta je dober za vreme, ta je za\u0161\u010ditnik pred ognjem, zopet drugi zavetnik poklicev\u2026<br \/>\n<em>Sveti Jurij, ki ubije zmaja,<\/em><br \/>\n<em>Sveti Florijan, za\u0161\u010ditnik pred ognjem,<\/em><br \/>\n<em>Sveta Barbara, zavetnica rudarjev.<\/em><br \/>\nMorda pa je najbolj pogost motiv <em><strong>Job na gnoju<\/strong><\/em>, saj je bil na na\u0161em ozemlju Job za\u0161\u010ditnik \u010debelarjev, zato ni bilo \u010debelnjaka, ki ne bi imel panja s tem motivom.<\/h5>\n<p><em>Podrobnosti:<\/em><\/p>\n<ul>\n<li>Panjska kon\u010dnica<\/li>\n<li>Mere izdelka: 400 x 200 x 200 mm<\/li>\n<li>Embalirano v kartonski \u0161katli: 410 x 230 x 50 mm<\/li>\n<li>Motivi: verska tematika<\/li>\n<li>Material: smreka<\/li>\n<li><strong><em>RO\u010cNO SLIKANO<\/em><\/strong><\/li>\n<li>enostavna za po\u0161iljanje po po\u0161ti<\/li>\n<\/ul>\n","protected":false},"featured_media":13481,"template":"","meta":{"_monsterinsights_skip_tracking":false,"_monsterinsights_sitenote_active":false,"_monsterinsights_sitenote_note":"","_monsterinsights_sitenote_category":0},"product_cat":[93,1384],"product_tag":[96,95],"aioseo_notices":[],"yoast_head":"<!-- This site is optimized with the Yoast SEO plugin v22.1 - https:\/\/yoast.com\/wordpress\/plugins\/seo\/ -->\n<title>Verska tematika - Etnogalerija Skrina<\/title>\n<meta name=\"robots\" content=\"index, follow, max-snippet:-1, max-image-preview:large, max-video-preview:-1\" \/>\n<link rel=\"canonical\" href=\"https:\/\/skrina.si\/en\/product\/godci-in-plesalca-pred-panjem\/\" \/>\n<meta property=\"og:locale\" content=\"en_GB\" \/>\n<meta property=\"og:locale:alternate\" content=\"sl_SI\" \/>\n<meta property=\"og:type\" content=\"article\" \/>\n<meta property=\"og:title\" content=\"Verska tematika - Etnogalerija Skrina\" \/>\n<meta property=\"og:description\" content=\"\u00bbGlejte, glejte, kaj je to, kaj so to za eni mo\u017eje, ki niso z na\u0161e de\u017eele! Trije kralji po cesti jezdijo; ta pervi jezdi naprej, ker za cesto dobro ve. Ta drugi jezdi za njim, tretji je \u010dern, portast inu zlat\u00ab. Zelo pogosti motivi na panjskih kon\u010dnicah so prizori iz biblije, ki so bili pogosto povzeti po ilustriranih zgodbah iz svetega pisma in prikazujejo verske prizore, kot so Prihod treh kraljev, Adama in Evo, Spoved\u2026 Priljubljeni so bili tudi svetniki, ki so jih slikarji kon\u010dnic poznali iz podobic, ki so kro\u017eile med ljudstvom. Preprosti kmet je povsem prakti\u010dno gledal na svetnike; ta je dober za vreme, ta je za\u0161\u010ditnik pred ognjem, zopet drugi zavetnik poklicev\u2026 Sveti Jurij, ki ubije zmaja, Sveti Florijan, za\u0161\u010ditnik pred ognjem, Sveta Barbara, zavetnica rudarjev. Morda pa je najbolj pogost motiv Job na gnoju, saj je bil na na\u0161em ozemlju Job za\u0161\u010ditnik \u010debelarjev, zato ni bilo \u010debelnjaka, ki ne bi imel panja s tem motivom. Podrobnosti:   Panjska kon\u010dnica  Mere izdelka: 400 x 200 x 200 mm  Embalirano v kartonski \u0161katli: 410 x 230 x 50 mm  Motivi: verska tematika  Material: smreka  RO\u010cNO SLIKANO  enostavna za po\u0161iljanje po po\u0161ti\" \/>\n<meta property=\"og:url\" content=\"https:\/\/skrina.si\/en\/product\/godci-in-plesalca-pred-panjem\/\" \/>\n<meta property=\"og:site_name\" content=\"Etnogalerija Skrina\" \/>\n<meta property=\"article:modified_time\" content=\"2024-03-21T09:31:36+00:00\" \/>\n<meta property=\"og:image\" content=\"https:\/\/skrina.si\/wp-content\/uploads\/2024\/02\/Panjska-koncnica-Pohod-Treh-kraljev.jpg\" \/>\n\t<meta property=\"og:image:width\" content=\"2000\" \/>\n\t<meta property=\"og:image:height\" content=\"1500\" \/>\n\t<meta property=\"og:image:type\" content=\"image\/jpeg\" \/>\n<meta name=\"twitter:card\" content=\"summary_large_image\" \/>\n<meta name=\"twitter:label1\" content=\"Estimated reading time\" \/>\n\t<meta name=\"twitter:data1\" content=\"1 minute\" \/>\n<script type=\"application\/ld+json\" class=\"yoast-schema-graph\">{\"@context\":\"https:\/\/schema.org\",\"@graph\":[{\"@type\":\"WebPage\",\"@id\":\"https:\/\/skrina.si\/en\/product\/godci-in-plesalca-pred-panjem\/\",\"url\":\"https:\/\/skrina.si\/en\/product\/godci-in-plesalca-pred-panjem\/\",\"name\":\"Verska tematika - Etnogalerija Skrina\",\"isPartOf\":{\"@id\":\"https:\/\/skrina.si\/en\/#website\"},\"datePublished\":\"2024-02-13T14:07:37+00:00\",\"dateModified\":\"2024-03-21T09:31:36+00:00\",\"breadcrumb\":{\"@id\":\"https:\/\/skrina.si\/en\/product\/godci-in-plesalca-pred-panjem\/#breadcrumb\"},\"inLanguage\":\"en-GB\",\"potentialAction\":[{\"@type\":\"ReadAction\",\"target\":[\"https:\/\/skrina.si\/en\/product\/godci-in-plesalca-pred-panjem\/\"]}]},{\"@type\":\"BreadcrumbList\",\"@id\":\"https:\/\/skrina.si\/en\/product\/godci-in-plesalca-pred-panjem\/#breadcrumb\",\"itemListElement\":[{\"@type\":\"ListItem\",\"position\":1,\"name\":\"Home\",\"item\":\"https:\/\/skrina.si\/en\/\"},{\"@type\":\"ListItem\",\"position\":2,\"name\":\"Shop\",\"item\":\"https:\/\/skrina.si\/shop\/\"},{\"@type\":\"ListItem\",\"position\":3,\"name\":\"Verska tematika\"}]},{\"@type\":\"WebSite\",\"@id\":\"https:\/\/skrina.si\/en\/#website\",\"url\":\"https:\/\/skrina.si\/en\/\",\"name\":\"Etnogalerija Skrina\",\"description\":\"Tradicija s posluhom\",\"potentialAction\":[{\"@type\":\"SearchAction\",\"target\":{\"@type\":\"EntryPoint\",\"urlTemplate\":\"https:\/\/skrina.si\/en\/?s={search_term_string}\"},\"query-input\":\"required name=search_term_string\"}],\"inLanguage\":\"en-GB\"}]}<\/script>\n<!-- \/ Yoast SEO plugin. -->","yoast_head_json":{"title":"Verska tematika - Etnogalerija Skrina","robots":{"index":"index","follow":"follow","max-snippet":"max-snippet:-1","max-image-preview":"max-image-preview:large","max-video-preview":"max-video-preview:-1"},"canonical":"https:\/\/skrina.si\/en\/product\/godci-in-plesalca-pred-panjem\/","og_locale":"en_GB","og_type":"article","og_title":"Verska tematika - Etnogalerija Skrina","og_description":"\u00bbGlejte, glejte, kaj je to, kaj so to za eni mo\u017eje, ki niso z na\u0161e de\u017eele! Trije kralji po cesti jezdijo; ta pervi jezdi naprej, ker za cesto dobro ve. Ta drugi jezdi za njim, tretji je \u010dern, portast inu zlat\u00ab. Zelo pogosti motivi na panjskih kon\u010dnicah so prizori iz biblije, ki so bili pogosto povzeti po ilustriranih zgodbah iz svetega pisma in prikazujejo verske prizore, kot so Prihod treh kraljev, Adama in Evo, Spoved\u2026 Priljubljeni so bili tudi svetniki, ki so jih slikarji kon\u010dnic poznali iz podobic, ki so kro\u017eile med ljudstvom. Preprosti kmet je povsem prakti\u010dno gledal na svetnike; ta je dober za vreme, ta je za\u0161\u010ditnik pred ognjem, zopet drugi zavetnik poklicev\u2026 Sveti Jurij, ki ubije zmaja, Sveti Florijan, za\u0161\u010ditnik pred ognjem, Sveta Barbara, zavetnica rudarjev. Morda pa je najbolj pogost motiv Job na gnoju, saj je bil na na\u0161em ozemlju Job za\u0161\u010ditnik \u010debelarjev, zato ni bilo \u010debelnjaka, ki ne bi imel panja s tem motivom. Podrobnosti:   Panjska kon\u010dnica  Mere izdelka: 400 x 200 x 200 mm  Embalirano v kartonski \u0161katli: 410 x 230 x 50 mm  Motivi: verska tematika  Material: smreka  RO\u010cNO SLIKANO  enostavna za po\u0161iljanje po po\u0161ti","og_url":"https:\/\/skrina.si\/en\/product\/godci-in-plesalca-pred-panjem\/","og_site_name":"Etnogalerija Skrina","article_modified_time":"2024-03-21T09:31:36+00:00","og_image":[{"width":2000,"height":1500,"url":"https:\/\/skrina.si\/wp-content\/uploads\/2024\/02\/Panjska-koncnica-Pohod-Treh-kraljev.jpg","type":"image\/jpeg"}],"twitter_card":"summary_large_image","twitter_misc":{"Estimated reading time":"1 minute"},"schema":{"@context":"https:\/\/schema.org","@graph":[{"@type":"WebPage","@id":"https:\/\/skrina.si\/en\/product\/godci-in-plesalca-pred-panjem\/","url":"https:\/\/skrina.si\/en\/product\/godci-in-plesalca-pred-panjem\/","name":"Verska tematika - Etnogalerija Skrina","isPartOf":{"@id":"https:\/\/skrina.si\/en\/#website"},"datePublished":"2024-02-13T14:07:37+00:00","dateModified":"2024-03-21T09:31:36+00:00","breadcrumb":{"@id":"https:\/\/skrina.si\/en\/product\/godci-in-plesalca-pred-panjem\/#breadcrumb"},"inLanguage":"en-GB","potentialAction":[{"@type":"ReadAction","target":["https:\/\/skrina.si\/en\/product\/godci-in-plesalca-pred-panjem\/"]}]},{"@type":"BreadcrumbList","@id":"https:\/\/skrina.si\/en\/product\/godci-in-plesalca-pred-panjem\/#breadcrumb","itemListElement":[{"@type":"ListItem","position":1,"name":"Home","item":"https:\/\/skrina.si\/en\/"},{"@type":"ListItem","position":2,"name":"Shop","item":"https:\/\/skrina.si\/shop\/"},{"@type":"ListItem","position":3,"name":"Verska tematika"}]},{"@type":"WebSite","@id":"https:\/\/skrina.si\/en\/#website","url":"https:\/\/skrina.si\/en\/","name":"Etnogalerija Skrina","description":"Tradicija s posluhom","potentialAction":[{"@type":"SearchAction","target":{"@type":"EntryPoint","urlTemplate":"https:\/\/skrina.si\/en\/?s={search_term_string}"},"query-input":"required name=search_term_string"}],"inLanguage":"en-GB"}]}},"_links":{"self":[{"href":"https:\/\/skrina.si\/en\/wp-json\/wp\/v2\/product\/13470"}],"collection":[{"href":"https:\/\/skrina.si\/en\/wp-json\/wp\/v2\/product"}],"about":[{"href":"https:\/\/skrina.si\/en\/wp-json\/wp\/v2\/types\/product"}],"wp:featuredmedia":[{"embeddable":true,"href":"https:\/\/skrina.si\/en\/wp-json\/wp\/v2\/media\/13481"}],"wp:attachment":[{"href":"https:\/\/skrina.si\/en\/wp-json\/wp\/v2\/media?parent=13470"}],"wp:term":[{"taxonomy":"product_cat","embeddable":true,"href":"https:\/\/skrina.si\/en\/wp-json\/wp\/v2\/product_cat?post=13470"},{"taxonomy":"product_tag","embeddable":true,"href":"https:\/\/skrina.si\/en\/wp-json\/wp\/v2\/product_tag?post=13470"}],"curies":[{"name":"wp","href":"https:\/\/api.w.org\/{rel}","templated":true}]}}