{"id":13434,"date":"2024-02-07T19:50:10","date_gmt":"2024-02-07T19:50:10","guid":{"rendered":"https:\/\/skrina.si\/?post_type=product&#038;p=13434"},"modified":"2024-02-17T15:27:57","modified_gmt":"2024-02-17T15:27:57","slug":"prucka-tiger-v-kovcku","status":"publish","type":"product","link":"https:\/\/skrina.si\/en\/product\/prucka-tiger-v-kovcku\/","title":{"rendered":"Pru\u010dka tiger v kov\u010dku"},"content":{"rendered":"","protected":false},"excerpt":{"rendered":"<h5>Z\u00a0 novimi barvami in vzorci smo v podjetju <strong>SKRINA<\/strong> dali novo podobo tradicionalni slovenski pru\u010dki, ki jo je v \u010dasu na\u0161ih babic imela (skoraj) <strong><em>vsaka hi\u0161a<\/em><\/strong>, uporabljali pa so jo tudi pastirji na planinski pa\u0161i.<\/h5>\n<h5>V majhnih ko\u010dah je bilo pomanjkanje prostora in tako je bila mala pru\u010dka primeren kos pohi\u0161tva za <strong><em>ve\u010dnamensko uporabo.<\/em><\/strong><\/h5>\n<h6><em>Podrobnosti:<\/em><\/h6>\n<ul>\n<li>\n<h6>Sestavljiva pru\u010dka<\/h6>\n<\/li>\n<li>\n<h6>Mere izdelka: 400 x 200 x 200 mm<\/h6>\n<\/li>\n<li>\n<h6>Embalirano v kartonski \u0161katli: 460 x 300 x 40 mm<\/h6>\n<\/li>\n<li>\n<h6>Barva: oran\u017e<\/h6>\n<\/li>\n<li>\n<h6>Motiv: tiger<\/h6>\n<\/li>\n<li>\n<h6>Material: smreka<\/h6>\n<\/li>\n<li>\n<h6><strong><em>Zaradi varovanja okolja uporabljamo le les, ki je namenjen za obvezni posek<\/em><\/strong><\/h6>\n<\/li>\n<\/ul>\n<ul>\n<li>\n<h6>EN 71 CERTIFIKAT<\/h6>\n<\/li>\n<li>\n<h6><strong><em>Idealno darilo za celo dru\u017eino (ne glede na starost in spol)<\/em><\/strong><\/h6>\n<\/li>\n<li>\n<h6>enostavna za po\u0161iljanje po po\u0161ti<\/h6>\n<\/li>\n<\/ul>\n","protected":false},"featured_media":13440,"template":"","meta":{"_monsterinsights_skip_tracking":false,"_monsterinsights_sitenote_active":false,"_monsterinsights_sitenote_note":"","_monsterinsights_sitenote_category":0},"product_cat":[103,778],"product_tag":[1232,1236,1234,1238],"aioseo_notices":[],"yoast_head":"<!-- This site is optimized with the Yoast SEO plugin v22.1 - https:\/\/yoast.com\/wordpress\/plugins\/seo\/ -->\n<title>Pru\u010dka tiger v kov\u010dku - Etnogalerija Skrina<\/title>\n<meta name=\"robots\" content=\"index, follow, max-snippet:-1, max-image-preview:large, max-video-preview:-1\" \/>\n<link rel=\"canonical\" href=\"https:\/\/skrina.si\/en\/product\/prucka-tiger-v-kovcku\/\" \/>\n<meta property=\"og:locale\" content=\"en_GB\" \/>\n<meta property=\"og:locale:alternate\" content=\"sl_SI\" \/>\n<meta property=\"og:type\" content=\"article\" \/>\n<meta property=\"og:title\" content=\"Pru\u010dka tiger v kov\u010dku - Etnogalerija Skrina\" \/>\n<meta property=\"og:description\" content=\"Z\u00a0 novimi barvami in vzorci smo v podjetju SKRINA dali novo podobo tradicionalni slovenski pru\u010dki, ki jo je v \u010dasu na\u0161ih babic imela (skoraj) vsaka hi\u0161a, uporabljali pa so jo tudi pastirji na planinski pa\u0161i. V majhnih ko\u010dah je bilo pomanjkanje prostora in tako je bila mala pru\u010dka primeren kos pohi\u0161tva za ve\u010dnamensko uporabo. Podrobnosti:    Sestavljiva pru\u010dka    Mere izdelka: 400 x 200 x 200 mm    Embalirano v kartonski \u0161katli: 460 x 300 x 40 mm    Barva: oran\u017e    Motiv: tiger    Material: smreka    Zaradi varovanja okolja uporabljamo le les, ki je namenjen za obvezni posek      EN 71 CERTIFIKAT    Idealno darilo za celo dru\u017eino (ne glede na starost in spol)    enostavna za po\u0161iljanje po po\u0161ti\" \/>\n<meta property=\"og:url\" content=\"https:\/\/skrina.si\/en\/product\/prucka-tiger-v-kovcku\/\" \/>\n<meta property=\"og:site_name\" content=\"Etnogalerija Skrina\" \/>\n<meta property=\"article:modified_time\" content=\"2024-02-17T15:27:57+00:00\" \/>\n<meta property=\"og:image\" content=\"https:\/\/skrina.si\/wp-content\/uploads\/2024\/02\/Prucka-tiger-v-kovcku.jpg\" \/>\n\t<meta property=\"og:image:width\" content=\"2000\" \/>\n\t<meta property=\"og:image:height\" content=\"1500\" \/>\n\t<meta property=\"og:image:type\" content=\"image\/jpeg\" \/>\n<meta name=\"twitter:card\" content=\"summary_large_image\" \/>\n<script type=\"application\/ld+json\" class=\"yoast-schema-graph\">{\"@context\":\"https:\/\/schema.org\",\"@graph\":[{\"@type\":\"WebPage\",\"@id\":\"https:\/\/skrina.si\/en\/product\/prucka-tiger-v-kovcku\/\",\"url\":\"https:\/\/skrina.si\/en\/product\/prucka-tiger-v-kovcku\/\",\"name\":\"Pru\u010dka tiger v kov\u010dku - Etnogalerija Skrina\",\"isPartOf\":{\"@id\":\"https:\/\/skrina.si\/en\/#website\"},\"datePublished\":\"2024-02-07T19:50:10+00:00\",\"dateModified\":\"2024-02-17T15:27:57+00:00\",\"breadcrumb\":{\"@id\":\"https:\/\/skrina.si\/en\/product\/prucka-tiger-v-kovcku\/#breadcrumb\"},\"inLanguage\":\"en-GB\",\"potentialAction\":[{\"@type\":\"ReadAction\",\"target\":[\"https:\/\/skrina.si\/en\/product\/prucka-tiger-v-kovcku\/\"]}]},{\"@type\":\"BreadcrumbList\",\"@id\":\"https:\/\/skrina.si\/en\/product\/prucka-tiger-v-kovcku\/#breadcrumb\",\"itemListElement\":[{\"@type\":\"ListItem\",\"position\":1,\"name\":\"Home\",\"item\":\"https:\/\/skrina.si\/en\/\"},{\"@type\":\"ListItem\",\"position\":2,\"name\":\"Shop\",\"item\":\"https:\/\/skrina.si\/shop\/\"},{\"@type\":\"ListItem\",\"position\":3,\"name\":\"Pru\u010dka tiger v kov\u010dku\"}]},{\"@type\":\"WebSite\",\"@id\":\"https:\/\/skrina.si\/en\/#website\",\"url\":\"https:\/\/skrina.si\/en\/\",\"name\":\"Etnogalerija Skrina\",\"description\":\"Tradicija s posluhom\",\"potentialAction\":[{\"@type\":\"SearchAction\",\"target\":{\"@type\":\"EntryPoint\",\"urlTemplate\":\"https:\/\/skrina.si\/en\/?s={search_term_string}\"},\"query-input\":\"required name=search_term_string\"}],\"inLanguage\":\"en-GB\"}]}<\/script>\n<!-- \/ Yoast SEO plugin. -->","yoast_head_json":{"title":"Pru\u010dka tiger v kov\u010dku - Etnogalerija Skrina","robots":{"index":"index","follow":"follow","max-snippet":"max-snippet:-1","max-image-preview":"max-image-preview:large","max-video-preview":"max-video-preview:-1"},"canonical":"https:\/\/skrina.si\/en\/product\/prucka-tiger-v-kovcku\/","og_locale":"en_GB","og_type":"article","og_title":"Pru\u010dka tiger v kov\u010dku - Etnogalerija Skrina","og_description":"Z\u00a0 novimi barvami in vzorci smo v podjetju SKRINA dali novo podobo tradicionalni slovenski pru\u010dki, ki jo je v \u010dasu na\u0161ih babic imela (skoraj) vsaka hi\u0161a, uporabljali pa so jo tudi pastirji na planinski pa\u0161i. V majhnih ko\u010dah je bilo pomanjkanje prostora in tako je bila mala pru\u010dka primeren kos pohi\u0161tva za ve\u010dnamensko uporabo. Podrobnosti:    Sestavljiva pru\u010dka    Mere izdelka: 400 x 200 x 200 mm    Embalirano v kartonski \u0161katli: 460 x 300 x 40 mm    Barva: oran\u017e    Motiv: tiger    Material: smreka    Zaradi varovanja okolja uporabljamo le les, ki je namenjen za obvezni posek      EN 71 CERTIFIKAT    Idealno darilo za celo dru\u017eino (ne glede na starost in spol)    enostavna za po\u0161iljanje po po\u0161ti","og_url":"https:\/\/skrina.si\/en\/product\/prucka-tiger-v-kovcku\/","og_site_name":"Etnogalerija Skrina","article_modified_time":"2024-02-17T15:27:57+00:00","og_image":[{"width":2000,"height":1500,"url":"https:\/\/skrina.si\/wp-content\/uploads\/2024\/02\/Prucka-tiger-v-kovcku.jpg","type":"image\/jpeg"}],"twitter_card":"summary_large_image","schema":{"@context":"https:\/\/schema.org","@graph":[{"@type":"WebPage","@id":"https:\/\/skrina.si\/en\/product\/prucka-tiger-v-kovcku\/","url":"https:\/\/skrina.si\/en\/product\/prucka-tiger-v-kovcku\/","name":"Pru\u010dka tiger v kov\u010dku - Etnogalerija Skrina","isPartOf":{"@id":"https:\/\/skrina.si\/en\/#website"},"datePublished":"2024-02-07T19:50:10+00:00","dateModified":"2024-02-17T15:27:57+00:00","breadcrumb":{"@id":"https:\/\/skrina.si\/en\/product\/prucka-tiger-v-kovcku\/#breadcrumb"},"inLanguage":"en-GB","potentialAction":[{"@type":"ReadAction","target":["https:\/\/skrina.si\/en\/product\/prucka-tiger-v-kovcku\/"]}]},{"@type":"BreadcrumbList","@id":"https:\/\/skrina.si\/en\/product\/prucka-tiger-v-kovcku\/#breadcrumb","itemListElement":[{"@type":"ListItem","position":1,"name":"Home","item":"https:\/\/skrina.si\/en\/"},{"@type":"ListItem","position":2,"name":"Shop","item":"https:\/\/skrina.si\/shop\/"},{"@type":"ListItem","position":3,"name":"Pru\u010dka tiger v kov\u010dku"}]},{"@type":"WebSite","@id":"https:\/\/skrina.si\/en\/#website","url":"https:\/\/skrina.si\/en\/","name":"Etnogalerija Skrina","description":"Tradicija s posluhom","potentialAction":[{"@type":"SearchAction","target":{"@type":"EntryPoint","urlTemplate":"https:\/\/skrina.si\/en\/?s={search_term_string}"},"query-input":"required name=search_term_string"}],"inLanguage":"en-GB"}]}},"_links":{"self":[{"href":"https:\/\/skrina.si\/en\/wp-json\/wp\/v2\/product\/13434"}],"collection":[{"href":"https:\/\/skrina.si\/en\/wp-json\/wp\/v2\/product"}],"about":[{"href":"https:\/\/skrina.si\/en\/wp-json\/wp\/v2\/types\/product"}],"wp:featuredmedia":[{"embeddable":true,"href":"https:\/\/skrina.si\/en\/wp-json\/wp\/v2\/media\/13440"}],"wp:attachment":[{"href":"https:\/\/skrina.si\/en\/wp-json\/wp\/v2\/media?parent=13434"}],"wp:term":[{"taxonomy":"product_cat","embeddable":true,"href":"https:\/\/skrina.si\/en\/wp-json\/wp\/v2\/product_cat?post=13434"},{"taxonomy":"product_tag","embeddable":true,"href":"https:\/\/skrina.si\/en\/wp-json\/wp\/v2\/product_tag?post=13434"}],"curies":[{"name":"wp","href":"https:\/\/api.w.org\/{rel}","templated":true}]}}