{"id":13399,"date":"2024-02-07T11:38:59","date_gmt":"2024-02-07T11:38:59","guid":{"rendered":"https:\/\/skrina.si\/?post_type=product&#038;p=13399"},"modified":"2024-04-09T21:21:05","modified_gmt":"2024-04-09T19:21:05","slug":"prucka-nagelj","status":"publish","type":"product","link":"https:\/\/skrina.si\/en\/product\/prucka-nagelj\/","title":{"rendered":"Pru\u010dka &#8211; nagelj"},"content":{"rendered":"","protected":false},"excerpt":{"rendered":"<h5 style=\"text-align: justify;\">V \u00a0Etnogaleriji Skrina\u00a0 smo\u00a0<strong><em>tradicionalno slovensko pru\u010dko<\/em><\/strong>\u00a0razstavili, jo zapakirali v kartonski kov\u010dek in ji s tem dodali novo\u00a0 tr\u017eno vrednost. Pru\u010dka je bila v \u010dasu na\u0161ih babic obvezen, ve\u010dnamenski kos pohi\u0161tva, ki ga je imela skoraj vsaka doma\u010dija. Uporabljali so jo tudi pastirji in mlekarice v majhnih planinskih ko\u010dah v \u010dasu poletne pa\u0161e.<br \/>\n<em><strong>Cvetli\u010dna motivika<\/strong><\/em> v likovni umetnosti je stara in ima pogosto v razli\u010dnih prostorih in \u010dasih razli\u010den simboli\u010den pomen. Zelo pogosto je upodobljen <strong><em>nagelj<\/em><\/strong>, saj je bil\u00a0 pri Slovencih povezan z ustreznim simboli\u010dnim pomenom. Tako je nagelj upodobljen vedno rde\u010d, ustreza naravnemu videzu in predstavlja ljubezen, zvestobo in lepoto.<br \/>\nPru\u010dko smo namenili za uporabo in v veselje <strong><em>cele dru\u017eine<\/em><\/strong>, opremljena z logotipom va\u0161ega podjetja pa je izvirno\u00a0<strong><em>poslovno darilo.<br \/>\n<\/em><\/strong>Je enostavna za transport in\u00a0<strong><em>po\u0161iljanje po po\u0161ti.<\/em><\/strong><\/h5>\n<h6><em>Podrobnosti:<\/em><\/h6>\n<ul>\n<li>\n<h6>Sestavljiva pru\u010dka<\/h6>\n<\/li>\n<li>\n<h6>Mere izdelka: 400 x 200 x 200 mm<\/h6>\n<\/li>\n<li>\n<h6>Embalirano v kartonskem kov\u010dku: 460 x 300 x 40mm<\/h6>\n<\/li>\n<li>\n<h6>Barva: zelena<\/h6>\n<\/li>\n<li>\n<h6>Motiv: nagelj<\/h6>\n<\/li>\n<li>\n<h6>Material: smreka<\/h6>\n<\/li>\n<li>\n<h6><strong><em>zaradi varovanja okolja uporabljamo le les, ki je namenjen za obvezni posek<\/em><\/strong><\/h6>\n<\/li>\n<li>\n<h6>EN 71 CERTIFIKAT<\/h6>\n<\/li>\n<li>\n<h6>RO\u010cNO BARVANO<\/h6>\n<\/li>\n<li>\n<h6><strong><em>Idealno darilo za celo dru\u017eino (ne glede na starost in spol)<\/em><\/strong><\/h6>\n<\/li>\n<\/ul>\n","protected":false},"featured_media":13400,"template":"","meta":{"_monsterinsights_skip_tracking":false,"_monsterinsights_sitenote_active":false,"_monsterinsights_sitenote_note":"","_monsterinsights_sitenote_category":0},"product_cat":[103,1161],"product_tag":[1232,46,1234,95],"aioseo_notices":[],"yoast_head":"<!-- This site is optimized with the Yoast SEO plugin v22.1 - https:\/\/yoast.com\/wordpress\/plugins\/seo\/ -->\n<title>Pru\u010dka - Pru\u010dka - nagelj[:] - Etnogalerija Skrina<\/title>\n<meta name=\"robots\" content=\"index, follow, max-snippet:-1, max-image-preview:large, max-video-preview:-1\" \/>\n<link rel=\"canonical\" href=\"https:\/\/skrina.si\/en\/product\/prucka-nagelj\/\" \/>\n<meta property=\"og:locale\" content=\"en_GB\" \/>\n<meta property=\"og:locale:alternate\" content=\"sl_SI\" \/>\n<meta property=\"og:type\" content=\"article\" \/>\n<meta property=\"og:title\" content=\"Pru\u010dka - nagelj\" \/>\n<meta property=\"og:description\" content=\"V \u00a0Etnogaleriji Skrina\u00a0 smo\u00a0tradicionalno slovensko pru\u010dko\u00a0razstavili, jo zapakirali v kartonski kov\u010dek in ji s tem dodali novo\u00a0 tr\u017eno vrednost. Pru\u010dka je bila v \u010dasu na\u0161ih babic obvezen, ve\u010dnamenski kos pohi\u0161tva, ki ga je imela skoraj vsaka doma\u010dija. Uporabljali so jo tudi pastirji in mlekarice v majhnih planinskih ko\u010dah v \u010dasu poletne pa\u0161e. Cvetli\u010dna motivika v likovni umetnosti je stara in ima pogosto v razli\u010dnih prostorih in \u010dasih razli\u010den simboli\u010den pomen. Zelo pogosto je upodobljen nagelj, saj je bil\u00a0 pri Slovencih povezan z ustreznim simboli\u010dnim pomenom. Tako je nagelj upodobljen vedno rde\u010d, ustreza naravnemu videzu in predstavlja ljubezen, zvestobo in lepoto. Pru\u010dko smo namenili za uporabo in v veselje cele dru\u017eine, opremljena z logotipom va\u0161ega podjetja pa je izvirno\u00a0poslovno darilo. Je enostavna za transport in\u00a0po\u0161iljanje po po\u0161ti. Podrobnosti:    Sestavljiva pru\u010dka    Mere izdelka: 400 x 200 x 200 mm    Embalirano v kartonskem kov\u010dku: 460 x 300 x 40mm    Barva: zelena    Motiv: nagelj    Material: smreka    zaradi varovanja okolja uporabljamo le les, ki je namenjen za obvezni posek    EN 71 CERTIFIKAT    RO\u010cNO BARVANO    Idealno darilo za celo dru\u017eino (ne glede na starost in spol)\" \/>\n<meta property=\"og:url\" content=\"https:\/\/skrina.si\/en\/product\/prucka-nagelj\/\" \/>\n<meta property=\"og:site_name\" content=\"Etnogalerija Skrina\" \/>\n<meta property=\"article:modified_time\" content=\"2024-04-09T19:21:05+00:00\" \/>\n<meta property=\"og:image\" content=\"https:\/\/skrina.si\/wp-content\/uploads\/2024\/02\/Prucka-nagelj.jpg\" \/>\n\t<meta property=\"og:image:width\" content=\"2000\" \/>\n\t<meta property=\"og:image:height\" content=\"1500\" \/>\n\t<meta property=\"og:image:type\" content=\"image\/jpeg\" \/>\n<meta name=\"twitter:card\" content=\"summary_large_image\" \/>\n<meta name=\"twitter:label1\" content=\"Estimated reading time\" \/>\n\t<meta name=\"twitter:data1\" content=\"1 minute\" \/>\n<script type=\"application\/ld+json\" class=\"yoast-schema-graph\">{\"@context\":\"https:\/\/schema.org\",\"@graph\":[{\"@type\":\"WebPage\",\"@id\":\"https:\/\/skrina.si\/en\/product\/prucka-nagelj\/\",\"url\":\"https:\/\/skrina.si\/en\/product\/prucka-nagelj\/\",\"name\":\"[:en]Pru\u010dka - nagelj[:sl]Pru\u010dka - nagelj[:] - Etnogalerija Skrina\",\"isPartOf\":{\"@id\":\"https:\/\/skrina.si\/en\/#website\"},\"datePublished\":\"2024-02-07T11:38:59+00:00\",\"dateModified\":\"2024-04-09T19:21:05+00:00\",\"breadcrumb\":{\"@id\":\"https:\/\/skrina.si\/en\/product\/prucka-nagelj\/#breadcrumb\"},\"inLanguage\":\"en-GB\",\"potentialAction\":[{\"@type\":\"ReadAction\",\"target\":[\"https:\/\/skrina.si\/en\/product\/prucka-nagelj\/\"]}]},{\"@type\":\"BreadcrumbList\",\"@id\":\"https:\/\/skrina.si\/en\/product\/prucka-nagelj\/#breadcrumb\",\"itemListElement\":[{\"@type\":\"ListItem\",\"position\":1,\"name\":\"Home\",\"item\":\"https:\/\/skrina.si\/en\/\"},{\"@type\":\"ListItem\",\"position\":2,\"name\":\"Shop\",\"item\":\"https:\/\/skrina.si\/shop\/\"},{\"@type\":\"ListItem\",\"position\":3,\"name\":\"Pru\u010dka &#8211; nagelj\"}]},{\"@type\":\"WebSite\",\"@id\":\"https:\/\/skrina.si\/en\/#website\",\"url\":\"https:\/\/skrina.si\/en\/\",\"name\":\"Etnogalerija Skrina\",\"description\":\"Tradicija s posluhom\",\"potentialAction\":[{\"@type\":\"SearchAction\",\"target\":{\"@type\":\"EntryPoint\",\"urlTemplate\":\"https:\/\/skrina.si\/en\/?s={search_term_string}\"},\"query-input\":\"required name=search_term_string\"}],\"inLanguage\":\"en-GB\"}]}<\/script>\n<!-- \/ Yoast SEO plugin. -->","yoast_head_json":{"title":"Pru\u010dka - Pru\u010dka - nagelj[:] - Etnogalerija Skrina","robots":{"index":"index","follow":"follow","max-snippet":"max-snippet:-1","max-image-preview":"max-image-preview:large","max-video-preview":"max-video-preview:-1"},"canonical":"https:\/\/skrina.si\/en\/product\/prucka-nagelj\/","og_locale":"en_GB","og_type":"article","og_title":"[:en]Pru\u010dka - nagelj[:sl]Pru\u010dka - nagelj[:] - Etnogalerija Skrina","og_description":"[:en]V \u00a0Etnogaleriji Skrina\u00a0 smo\u00a0tradicionalno slovensko pru\u010dko\u00a0razstavili, jo zapakirali v kartonski kov\u010dek in ji s tem dodali novo\u00a0 tr\u017eno vrednost. Pru\u010dka je bila v \u010dasu na\u0161ih babic obvezen, ve\u010dnamenski kos pohi\u0161tva, ki ga je imela skoraj vsaka doma\u010dija. Uporabljali so jo tudi pastirji in mlekarice v majhnih planinskih ko\u010dah v \u010dasu poletne pa\u0161e. Cvetli\u010dna motivika v likovni umetnosti je stara in ima pogosto v razli\u010dnih prostorih in \u010dasih razli\u010den simboli\u010den pomen. Zelo pogosto je upodobljen nagelj, saj je bil\u00a0 pri Slovencih povezan z ustreznim simboli\u010dnim pomenom. Tako je nagelj upodobljen vedno rde\u010d, ustreza naravnemu videzu in predstavlja ljubezen, zvestobo in lepoto. Pru\u010dko smo namenili za uporabo in v veselje cele dru\u017eine, opremljena z logotipom va\u0161ega podjetja pa je izvirno\u00a0poslovno darilo. Je enostavna za transport in\u00a0po\u0161iljanje po po\u0161ti. Podrobnosti:    Sestavljiva pru\u010dka    Mere izdelka: 400 x 200 x 200 mm    Embalirano v kartonskem kov\u010dku: 460 x 300 x 40mm    Barva: zelena    Motiv: nagelj    Material: smreka    zaradi varovanja okolja uporabljamo le les, ki je namenjen za obvezni posek    EN 71 CERTIFIKAT    RO\u010cNO BARVANO    Idealno darilo za celo dru\u017eino (ne glede na starost in spol)  [:sl]V \u00a0Etnogaleriji Skrina\u00a0 smo\u00a0tradicionalno slovensko pru\u010dko\u00a0razstavili, jo zapakirali v kartonski kov\u010dek in ji s tem dodali novo\u00a0 tr\u017eno vrednost. Pru\u010dka je bila v \u010dasu na\u0161ih babic obvezen, ve\u010dnamenski kos pohi\u0161tva, ki ga je imela skoraj vsaka doma\u010dija. Uporabljali so jo tudi pastirji in mlekarice v majhnih planinskih ko\u010dah v \u010dasu poletne pa\u0161e. Cvetli\u010dna motivika v likovni umetnosti je stara in ima pogosto v razli\u010dnih prostorih in \u010dasih razli\u010den simboli\u010den pomen. Zelo pogosto je upodobljen nagelj, saj je bil\u00a0 pri Slovencih povezan z ustreznim simboli\u010dnim pomenom. Tako je nagelj upodobljen vedno rde\u010d, ustreza naravnemu videzu in predstavlja ljubezen, zvestobo in lepoto. Pru\u010dko smo namenili za uporabo in v veselje cele dru\u017eine, opremljena z logotipom va\u0161ega podjetja pa je izvirno\u00a0poslovno darilo. Je enostavna za transport in\u00a0po\u0161iljanje po po\u0161ti.  Podrobnosti:    Sestavljiva pru\u010dka    Mere izdelka: 400 x 200 x 200 mm    Embalirano v kartonskem kov\u010dku: 460 x 300 x 40mm    Barva: zelena    Motiv: nagelj    Material: smreka    zaradi varovanja okolja uporabljamo le les, ki je namenjen za obvezni posek    EN 71 CERTIFIKAT    RO\u010cNO BARVANO    Idealno darilo za celo dru\u017eino (ne glede na starost in spol)  [:]","og_url":"https:\/\/skrina.si\/en\/product\/prucka-nagelj\/","og_site_name":"Etnogalerija Skrina","article_modified_time":"2024-04-09T19:21:05+00:00","og_image":[{"width":2000,"height":1500,"url":"https:\/\/skrina.si\/wp-content\/uploads\/2024\/02\/Prucka-nagelj.jpg","type":"image\/jpeg"}],"twitter_card":"summary_large_image","twitter_misc":{"Estimated reading time":"1 minute"},"schema":{"@context":"https:\/\/schema.org","@graph":[{"@type":"WebPage","@id":"https:\/\/skrina.si\/en\/product\/prucka-nagelj\/","url":"https:\/\/skrina.si\/en\/product\/prucka-nagelj\/","name":"[:en]Pru\u010dka - nagelj[:sl]Pru\u010dka - nagelj[:] - Etnogalerija Skrina","isPartOf":{"@id":"https:\/\/skrina.si\/en\/#website"},"datePublished":"2024-02-07T11:38:59+00:00","dateModified":"2024-04-09T19:21:05+00:00","breadcrumb":{"@id":"https:\/\/skrina.si\/en\/product\/prucka-nagelj\/#breadcrumb"},"inLanguage":"en-GB","potentialAction":[{"@type":"ReadAction","target":["https:\/\/skrina.si\/en\/product\/prucka-nagelj\/"]}]},{"@type":"BreadcrumbList","@id":"https:\/\/skrina.si\/en\/product\/prucka-nagelj\/#breadcrumb","itemListElement":[{"@type":"ListItem","position":1,"name":"Home","item":"https:\/\/skrina.si\/en\/"},{"@type":"ListItem","position":2,"name":"Shop","item":"https:\/\/skrina.si\/shop\/"},{"@type":"ListItem","position":3,"name":"Pru\u010dka &#8211; nagelj"}]},{"@type":"WebSite","@id":"https:\/\/skrina.si\/en\/#website","url":"https:\/\/skrina.si\/en\/","name":"Etnogalerija Skrina","description":"Tradicija s posluhom","potentialAction":[{"@type":"SearchAction","target":{"@type":"EntryPoint","urlTemplate":"https:\/\/skrina.si\/en\/?s={search_term_string}"},"query-input":"required name=search_term_string"}],"inLanguage":"en-GB"}]}},"_links":{"self":[{"href":"https:\/\/skrina.si\/en\/wp-json\/wp\/v2\/product\/13399"}],"collection":[{"href":"https:\/\/skrina.si\/en\/wp-json\/wp\/v2\/product"}],"about":[{"href":"https:\/\/skrina.si\/en\/wp-json\/wp\/v2\/types\/product"}],"wp:featuredmedia":[{"embeddable":true,"href":"https:\/\/skrina.si\/en\/wp-json\/wp\/v2\/media\/13400"}],"wp:attachment":[{"href":"https:\/\/skrina.si\/en\/wp-json\/wp\/v2\/media?parent=13399"}],"wp:term":[{"taxonomy":"product_cat","embeddable":true,"href":"https:\/\/skrina.si\/en\/wp-json\/wp\/v2\/product_cat?post=13399"},{"taxonomy":"product_tag","embeddable":true,"href":"https:\/\/skrina.si\/en\/wp-json\/wp\/v2\/product_tag?post=13399"}],"curies":[{"name":"wp","href":"https:\/\/api.w.org\/{rel}","templated":true}]}}