{"id":13268,"date":"2024-02-27T20:24:38","date_gmt":"2024-02-27T19:24:38","guid":{"rendered":"https:\/\/skrina.si\/?post_type=product&#038;p=13268"},"modified":"2024-09-21T15:06:15","modified_gmt":"2024-09-21T13:06:15","slug":"rose-preseren","status":"publish","type":"product","link":"https:\/\/skrina.si\/en\/product\/rose-preseren\/","title":{"rendered":"Rose &#8220;Pre\u0161eren&#8221;"},"content":{"rendered":"","protected":false},"excerpt":{"rendered":"<h5 style=\"text-align: justify;\">Growing <strong><em>roses<\/em><\/strong> is part of our garden culture, but roses with a Slovenian origin and a Slovenian name have only been available for the last two decades.<br \/>\nThe <strong><em>&#8216;Pre\u0161eren&#8217; rose<\/em><\/strong> is the first Slovenian rose to be registered as a variety, and with it, we Slovenes officially became rose breeders.<br \/>\nIt was bred by <strong><em>Dr Matja\u017e Kmecl<\/em><\/strong>, a well-known Slovenian literary historian, who in his spare time added to his love of roses by deliberate cross-breeding.<br \/>\nHe has done this professionally and sensitively, combining the good qualities of <strong><em>four existing varieties<\/em><\/strong>, creating the father and mother plants by crossing them himself.<br \/>\nPre\u0161eren is a shrubby pink rose with rather large flowers that can measure up to 12 cm across. Its sturdy buds with red-tinged leaf tips, which later turn pink, are something special in themselves.<br \/>\nThe roses were planted by the Municipality of Bled in the Spa Park, in the center of Bled, and at Pre\u0161eren&#8217;s birthplace in <strong><em>Vrba<\/em><\/strong>. They are certainly worthy of their name.<\/h5>\n<h6>Details:<\/h6>\n<ul>\n<li>\n<h6>Size: height 12\/13 cm, width 7\/8 cm<\/h6>\n<\/li>\n<li>\n<h6>Material: Ceramics<\/h6>\n<\/li>\n<li>\n<h6>In a gift bag with an attached certificate<\/h6>\n<\/li>\n<li>\n<h6>Designed with love for details<\/h6>\n<\/li>\n<li>\n<h6>An ideal gift for flower lovers and poppy fans<\/h6>\n<\/li>\n<\/ul>\n","protected":false},"featured_media":13264,"template":"","meta":{"_monsterinsights_skip_tracking":false,"_monsterinsights_sitenote_active":false,"_monsterinsights_sitenote_note":"","_monsterinsights_sitenote_category":0},"product_cat":[3247,1623,1045],"product_tag":[100,1416],"aioseo_notices":[],"yoast_head":"<!-- This site is optimized with the Yoast SEO plugin v22.1 - https:\/\/yoast.com\/wordpress\/plugins\/seo\/ -->\n<title>Rose &quot;Pre\u0161eren&quot; - Etnogalerija Skrina<\/title>\n<meta name=\"description\" content=\"Le do 30 centimetrov visok, vednozelen grmi\u010dek ima rumenkasto bele cvetove, ki na prvi pogled niso razko\u0161ni, pa so kljub temu vredni vsega ob\u010dudovanja.\" \/>\n<meta name=\"robots\" content=\"index, follow, max-snippet:-1, max-image-preview:large, max-video-preview:-1\" \/>\n<link rel=\"canonical\" href=\"https:\/\/skrina.si\/en\/product\/rose-preseren\/\" \/>\n<meta property=\"og:locale\" content=\"en_GB\" \/>\n<meta property=\"og:locale:alternate\" content=\"sl_SI\" \/>\n<meta property=\"og:type\" content=\"article\" \/>\n<meta property=\"og:title\" content=\"Rose &quot;Pre\u0161eren&quot;\" \/>\n<meta property=\"og:description\" content=\"Le do 30 centimetrov visok, vednozelen grmi\u010dek ima rumenkasto bele cvetove, ki na prvi pogled niso razko\u0161ni, pa so kljub temu vredni vsega ob\u010dudovanja.\" \/>\n<meta property=\"og:url\" content=\"https:\/\/skrina.si\/en\/product\/rose-preseren\/\" \/>\n<meta property=\"og:site_name\" content=\"Etnogalerija Skrina\" \/>\n<meta property=\"article:modified_time\" content=\"2024-09-21T13:06:15+00:00\" \/>\n<meta property=\"og:image\" content=\"https:\/\/skrina.si\/wp-content\/uploads\/2024\/01\/rozna-vila-preseren.jpg\" \/>\n\t<meta property=\"og:image:width\" content=\"1619\" \/>\n\t<meta property=\"og:image:height\" content=\"1213\" \/>\n\t<meta property=\"og:image:type\" content=\"image\/jpeg\" \/>\n<meta name=\"twitter:card\" content=\"summary_large_image\" \/>\n<meta name=\"twitter:label1\" content=\"Estimated reading time\" \/>\n\t<meta name=\"twitter:data1\" content=\"1 minute\" \/>\n<script type=\"application\/ld+json\" class=\"yoast-schema-graph\">{\"@context\":\"https:\/\/schema.org\",\"@graph\":[{\"@type\":\"WebPage\",\"@id\":\"https:\/\/skrina.si\/en\/product\/rose-preseren\/\",\"url\":\"https:\/\/skrina.si\/en\/product\/rose-preseren\/\",\"name\":\"[:en]Rose \\\"Pre\u0161eren\\\"[:sl]Rose \\\"Pre\u0161eren\\\"[:] - Etnogalerija Skrina\",\"isPartOf\":{\"@id\":\"https:\/\/skrina.si\/en\/#website\"},\"datePublished\":\"2024-02-27T19:24:38+00:00\",\"dateModified\":\"2024-09-21T13:06:15+00:00\",\"description\":\"Le do 30 centimetrov visok, vednozelen grmi\u010dek ima rumenkasto bele cvetove, ki na prvi pogled niso razko\u0161ni, pa so kljub temu vredni vsega ob\u010dudovanja.\",\"breadcrumb\":{\"@id\":\"https:\/\/skrina.si\/en\/product\/rose-preseren\/#breadcrumb\"},\"inLanguage\":\"en-GB\",\"potentialAction\":[{\"@type\":\"ReadAction\",\"target\":[\"https:\/\/skrina.si\/en\/product\/rose-preseren\/\"]}]},{\"@type\":\"BreadcrumbList\",\"@id\":\"https:\/\/skrina.si\/en\/product\/rose-preseren\/#breadcrumb\",\"itemListElement\":[{\"@type\":\"ListItem\",\"position\":1,\"name\":\"Home\",\"item\":\"https:\/\/skrina.si\/en\/\"},{\"@type\":\"ListItem\",\"position\":2,\"name\":\"Shop\",\"item\":\"https:\/\/skrina.si\/shop\/\"},{\"@type\":\"ListItem\",\"position\":3,\"name\":\"Rose &#8220;Pre\u0161eren&#8221;\"}]},{\"@type\":\"WebSite\",\"@id\":\"https:\/\/skrina.si\/en\/#website\",\"url\":\"https:\/\/skrina.si\/en\/\",\"name\":\"Etnogalerija Skrina\",\"description\":\"Tradicija s posluhom\",\"potentialAction\":[{\"@type\":\"SearchAction\",\"target\":{\"@type\":\"EntryPoint\",\"urlTemplate\":\"https:\/\/skrina.si\/en\/?s={search_term_string}\"},\"query-input\":\"required name=search_term_string\"}],\"inLanguage\":\"en-GB\"}]}<\/script>\n<!-- \/ Yoast SEO plugin. -->","yoast_head_json":{"title":"Rose \"Pre\u0161eren\" - Etnogalerija Skrina","description":"Le do 30 centimetrov visok, vednozelen grmi\u010dek ima rumenkasto bele cvetove, ki na prvi pogled niso razko\u0161ni, pa so kljub temu vredni vsega ob\u010dudovanja.","robots":{"index":"index","follow":"follow","max-snippet":"max-snippet:-1","max-image-preview":"max-image-preview:large","max-video-preview":"max-video-preview:-1"},"canonical":"https:\/\/skrina.si\/en\/product\/rose-preseren\/","og_locale":"en_GB","og_type":"article","og_title":"[:en]Rose \"Pre\u0161eren\"[:sl]Rose \"Pre\u0161eren\"[:] - Etnogalerija Skrina","og_description":"Le do 30 centimetrov visok, vednozelen grmi\u010dek ima rumenkasto bele cvetove, ki na prvi pogled niso razko\u0161ni, pa so kljub temu vredni vsega ob\u010dudovanja.","og_url":"https:\/\/skrina.si\/en\/product\/rose-preseren\/","og_site_name":"Etnogalerija Skrina","article_modified_time":"2024-09-21T13:06:15+00:00","og_image":[{"width":1619,"height":1213,"url":"https:\/\/skrina.si\/wp-content\/uploads\/2024\/01\/rozna-vila-preseren.jpg","type":"image\/jpeg"}],"twitter_card":"summary_large_image","twitter_misc":{"Estimated reading time":"1 minute"},"schema":{"@context":"https:\/\/schema.org","@graph":[{"@type":"WebPage","@id":"https:\/\/skrina.si\/en\/product\/rose-preseren\/","url":"https:\/\/skrina.si\/en\/product\/rose-preseren\/","name":"[:en]Rose \"Pre\u0161eren\"[:sl]Rose \"Pre\u0161eren\"[:] - Etnogalerija Skrina","isPartOf":{"@id":"https:\/\/skrina.si\/en\/#website"},"datePublished":"2024-02-27T19:24:38+00:00","dateModified":"2024-09-21T13:06:15+00:00","description":"Le do 30 centimetrov visok, vednozelen grmi\u010dek ima rumenkasto bele cvetove, ki na prvi pogled niso razko\u0161ni, pa so kljub temu vredni vsega ob\u010dudovanja.","breadcrumb":{"@id":"https:\/\/skrina.si\/en\/product\/rose-preseren\/#breadcrumb"},"inLanguage":"en-GB","potentialAction":[{"@type":"ReadAction","target":["https:\/\/skrina.si\/en\/product\/rose-preseren\/"]}]},{"@type":"BreadcrumbList","@id":"https:\/\/skrina.si\/en\/product\/rose-preseren\/#breadcrumb","itemListElement":[{"@type":"ListItem","position":1,"name":"Home","item":"https:\/\/skrina.si\/en\/"},{"@type":"ListItem","position":2,"name":"Shop","item":"https:\/\/skrina.si\/shop\/"},{"@type":"ListItem","position":3,"name":"Rose &#8220;Pre\u0161eren&#8221;"}]},{"@type":"WebSite","@id":"https:\/\/skrina.si\/en\/#website","url":"https:\/\/skrina.si\/en\/","name":"Etnogalerija Skrina","description":"Tradicija s posluhom","potentialAction":[{"@type":"SearchAction","target":{"@type":"EntryPoint","urlTemplate":"https:\/\/skrina.si\/en\/?s={search_term_string}"},"query-input":"required name=search_term_string"}],"inLanguage":"en-GB"}]}},"_links":{"self":[{"href":"https:\/\/skrina.si\/en\/wp-json\/wp\/v2\/product\/13268"}],"collection":[{"href":"https:\/\/skrina.si\/en\/wp-json\/wp\/v2\/product"}],"about":[{"href":"https:\/\/skrina.si\/en\/wp-json\/wp\/v2\/types\/product"}],"wp:featuredmedia":[{"embeddable":true,"href":"https:\/\/skrina.si\/en\/wp-json\/wp\/v2\/media\/13264"}],"wp:attachment":[{"href":"https:\/\/skrina.si\/en\/wp-json\/wp\/v2\/media?parent=13268"}],"wp:term":[{"taxonomy":"product_cat","embeddable":true,"href":"https:\/\/skrina.si\/en\/wp-json\/wp\/v2\/product_cat?post=13268"},{"taxonomy":"product_tag","embeddable":true,"href":"https:\/\/skrina.si\/en\/wp-json\/wp\/v2\/product_tag?post=13268"}],"curies":[{"name":"wp","href":"https:\/\/api.w.org\/{rel}","templated":true}]}}