{"id":13259,"date":"2024-01-29T17:08:36","date_gmt":"2024-01-29T17:08:36","guid":{"rendered":"https:\/\/skrina.si\/?post_type=product&#038;p=13259"},"modified":"2024-09-21T14:56:20","modified_gmt":"2024-09-21T12:56:20","slug":"vrtnica-preseren","status":"publish","type":"product","link":"https:\/\/skrina.si\/en\/product\/vrtnica-preseren\/","title":{"rendered":"Vrtnica &#8220;Pre\u0161eren&#8221;"},"content":{"rendered":"","protected":false},"excerpt":{"rendered":"<h5 style=\"text-align: justify;\">Gojenje vrtnic ali <em><strong>gartro\u017e,<\/strong><\/em> kot jim pravimo \u00bbpo doma\u010de\u00ab, je del na\u0161e vrtne kulture, vrtnice slovenskega porekla in slovenskega imena pa je na voljo \u0161ele zadnji dve desetletji. <em><strong>Vrtnica \u00bbPre\u0161eren\u00ab<\/strong><\/em> je prva slovenska vrtnica, ki je registrirana kot sorta in z njo smo Slovenci tudi uradno postali \u017elahtnitelji vrtnic. Vzgojil jo je <em><strong>dr. Matja\u017e Kmecl<\/strong><\/em>, znan slovenski literarni zgodovinar, ki je v prostem \u010dasu veselje do vrtnic nadgradil z na\u010drtnim kri\u017eanjem. Dela se je lotil strokovno in tenko\u010dutno in zdru\u017eil dobre lastnosti \u0161tirih obstoje\u010dih sort, pri \u010demer je \u017ee o\u010detovsko in materinsko rastlino s kri\u017eanjem ustvaril sam. Pre\u0161eren je grmasta vrtnica roza barve s precej velikimi cvetovi, ki v premeru lahko merijo tudi do 12 cm. Nekaj posebnega so \u017ee njeni \u010dvrsti popki z rde\u010de obarvanimi konicami listov, ki kasneje preidejo v roza barvo. Vrtnice je ob\u010dina Bled zasadila v Zdravili\u0161kem parku, v centru Bleda, posajene pa so tudi ob pesnikovi <em><strong>rojstni hi\u0161i v Vrbi.<\/strong><\/em> Vsekakor so vredne svojega imena.<\/h5>\n<h6><em>Podrobnosti:<\/em><\/h6>\n<ul>\n<li>\n<h6>Velikost: vi\u0161ina 12 cm, \u0161irina 8 cm<\/h6>\n<\/li>\n<li>\n<h6>Material: Keramika<\/h6>\n<\/li>\n<li>\n<h6>V darilni vre\u010dki s prilo\u017eenim certifikatom<\/h6>\n<\/li>\n<li>\n<h6>Oblikovano z ljubeznijo do detajlov<\/h6>\n<\/li>\n<li>\n<h6>Idealno darilo za ob\u010dudovalve vrtnic in ljubitelje na\u0161e dedi\u0161\u010dine<\/h6>\n<\/li>\n<\/ul>\n","protected":false},"featured_media":13264,"template":"","meta":{"_monsterinsights_skip_tracking":false,"_monsterinsights_sitenote_active":false,"_monsterinsights_sitenote_note":"","_monsterinsights_sitenote_category":0},"product_cat":[3243,103,686],"product_tag":[151,100,41],"aioseo_notices":[],"yoast_head":"<!-- This site is optimized with the Yoast SEO plugin v22.1 - https:\/\/yoast.com\/wordpress\/plugins\/seo\/ -->\n<title>Vrtnica &quot;Pre\u0161eren&quot; - Etnogalerija Skrina<\/title>\n<meta name=\"description\" content=\"Le do 30 centimetrov visok, vednozelen grmi\u010dek ima rumenkasto bele cvetove, ki na prvi pogled niso razko\u0161ni, pa so kljub temu vredni vsega ob\u010dudovanja.\" \/>\n<meta name=\"robots\" content=\"index, follow, max-snippet:-1, max-image-preview:large, max-video-preview:-1\" \/>\n<link rel=\"canonical\" href=\"https:\/\/skrina.si\/en\/product\/vrtnica-preseren\/\" \/>\n<meta property=\"og:locale\" content=\"en_GB\" \/>\n<meta property=\"og:locale:alternate\" content=\"sl_SI\" \/>\n<meta property=\"og:type\" content=\"article\" \/>\n<meta property=\"og:title\" content=\"Vrtnica &quot;Pre\u0161eren&quot;\" \/>\n<meta property=\"og:description\" content=\"Le do 30 centimetrov visok, vednozelen grmi\u010dek ima rumenkasto bele cvetove, ki na prvi pogled niso razko\u0161ni, pa so kljub temu vredni vsega ob\u010dudovanja.\" \/>\n<meta property=\"og:url\" content=\"https:\/\/skrina.si\/en\/product\/vrtnica-preseren\/\" \/>\n<meta property=\"og:site_name\" content=\"Etnogalerija Skrina\" \/>\n<meta property=\"article:modified_time\" content=\"2024-09-21T12:56:20+00:00\" \/>\n<meta property=\"og:image\" content=\"https:\/\/skrina.si\/wp-content\/uploads\/2024\/01\/rozna-vila-preseren.jpg\" \/>\n\t<meta property=\"og:image:width\" content=\"1619\" \/>\n\t<meta property=\"og:image:height\" content=\"1213\" \/>\n\t<meta property=\"og:image:type\" content=\"image\/jpeg\" \/>\n<meta name=\"twitter:card\" content=\"summary_large_image\" \/>\n<meta name=\"twitter:label1\" content=\"Estimated reading time\" \/>\n\t<meta name=\"twitter:data1\" content=\"1 minute\" \/>\n<script type=\"application\/ld+json\" class=\"yoast-schema-graph\">{\"@context\":\"https:\/\/schema.org\",\"@graph\":[{\"@type\":\"WebPage\",\"@id\":\"https:\/\/skrina.si\/en\/product\/vrtnica-preseren\/\",\"url\":\"https:\/\/skrina.si\/en\/product\/vrtnica-preseren\/\",\"name\":\"[:en]Vrtnica \\\"Pre\u0161eren\\\"[:sl]Vrtnica \\\"Pre\u0161eren\\\"[:] - Etnogalerija Skrina\",\"isPartOf\":{\"@id\":\"https:\/\/skrina.si\/en\/#website\"},\"datePublished\":\"2024-01-29T17:08:36+00:00\",\"dateModified\":\"2024-09-21T12:56:20+00:00\",\"description\":\"Le do 30 centimetrov visok, vednozelen grmi\u010dek ima rumenkasto bele cvetove, ki na prvi pogled niso razko\u0161ni, pa so kljub temu vredni vsega ob\u010dudovanja.\",\"breadcrumb\":{\"@id\":\"https:\/\/skrina.si\/en\/product\/vrtnica-preseren\/#breadcrumb\"},\"inLanguage\":\"en-GB\",\"potentialAction\":[{\"@type\":\"ReadAction\",\"target\":[\"https:\/\/skrina.si\/en\/product\/vrtnica-preseren\/\"]}]},{\"@type\":\"BreadcrumbList\",\"@id\":\"https:\/\/skrina.si\/en\/product\/vrtnica-preseren\/#breadcrumb\",\"itemListElement\":[{\"@type\":\"ListItem\",\"position\":1,\"name\":\"Home\",\"item\":\"https:\/\/skrina.si\/en\/\"},{\"@type\":\"ListItem\",\"position\":2,\"name\":\"Shop\",\"item\":\"https:\/\/skrina.si\/shop\/\"},{\"@type\":\"ListItem\",\"position\":3,\"name\":\"Vrtnica &#8220;Pre\u0161eren&#8221;\"}]},{\"@type\":\"WebSite\",\"@id\":\"https:\/\/skrina.si\/en\/#website\",\"url\":\"https:\/\/skrina.si\/en\/\",\"name\":\"Etnogalerija Skrina\",\"description\":\"Tradicija s posluhom\",\"potentialAction\":[{\"@type\":\"SearchAction\",\"target\":{\"@type\":\"EntryPoint\",\"urlTemplate\":\"https:\/\/skrina.si\/en\/?s={search_term_string}\"},\"query-input\":\"required name=search_term_string\"}],\"inLanguage\":\"en-GB\"}]}<\/script>\n<!-- \/ Yoast SEO plugin. -->","yoast_head_json":{"title":"Vrtnica \"Pre\u0161eren\" - Etnogalerija Skrina","description":"Le do 30 centimetrov visok, vednozelen grmi\u010dek ima rumenkasto bele cvetove, ki na prvi pogled niso razko\u0161ni, pa so kljub temu vredni vsega ob\u010dudovanja.","robots":{"index":"index","follow":"follow","max-snippet":"max-snippet:-1","max-image-preview":"max-image-preview:large","max-video-preview":"max-video-preview:-1"},"canonical":"https:\/\/skrina.si\/en\/product\/vrtnica-preseren\/","og_locale":"en_GB","og_type":"article","og_title":"[:en]Vrtnica \"Pre\u0161eren\"[:sl]Vrtnica \"Pre\u0161eren\"[:] - Etnogalerija Skrina","og_description":"Le do 30 centimetrov visok, vednozelen grmi\u010dek ima rumenkasto bele cvetove, ki na prvi pogled niso razko\u0161ni, pa so kljub temu vredni vsega ob\u010dudovanja.","og_url":"https:\/\/skrina.si\/en\/product\/vrtnica-preseren\/","og_site_name":"Etnogalerija Skrina","article_modified_time":"2024-09-21T12:56:20+00:00","og_image":[{"width":1619,"height":1213,"url":"https:\/\/skrina.si\/wp-content\/uploads\/2024\/01\/rozna-vila-preseren.jpg","type":"image\/jpeg"}],"twitter_card":"summary_large_image","twitter_misc":{"Estimated reading time":"1 minute"},"schema":{"@context":"https:\/\/schema.org","@graph":[{"@type":"WebPage","@id":"https:\/\/skrina.si\/en\/product\/vrtnica-preseren\/","url":"https:\/\/skrina.si\/en\/product\/vrtnica-preseren\/","name":"[:en]Vrtnica \"Pre\u0161eren\"[:sl]Vrtnica \"Pre\u0161eren\"[:] - Etnogalerija Skrina","isPartOf":{"@id":"https:\/\/skrina.si\/en\/#website"},"datePublished":"2024-01-29T17:08:36+00:00","dateModified":"2024-09-21T12:56:20+00:00","description":"Le do 30 centimetrov visok, vednozelen grmi\u010dek ima rumenkasto bele cvetove, ki na prvi pogled niso razko\u0161ni, pa so kljub temu vredni vsega ob\u010dudovanja.","breadcrumb":{"@id":"https:\/\/skrina.si\/en\/product\/vrtnica-preseren\/#breadcrumb"},"inLanguage":"en-GB","potentialAction":[{"@type":"ReadAction","target":["https:\/\/skrina.si\/en\/product\/vrtnica-preseren\/"]}]},{"@type":"BreadcrumbList","@id":"https:\/\/skrina.si\/en\/product\/vrtnica-preseren\/#breadcrumb","itemListElement":[{"@type":"ListItem","position":1,"name":"Home","item":"https:\/\/skrina.si\/en\/"},{"@type":"ListItem","position":2,"name":"Shop","item":"https:\/\/skrina.si\/shop\/"},{"@type":"ListItem","position":3,"name":"Vrtnica &#8220;Pre\u0161eren&#8221;"}]},{"@type":"WebSite","@id":"https:\/\/skrina.si\/en\/#website","url":"https:\/\/skrina.si\/en\/","name":"Etnogalerija Skrina","description":"Tradicija s posluhom","potentialAction":[{"@type":"SearchAction","target":{"@type":"EntryPoint","urlTemplate":"https:\/\/skrina.si\/en\/?s={search_term_string}"},"query-input":"required name=search_term_string"}],"inLanguage":"en-GB"}]}},"_links":{"self":[{"href":"https:\/\/skrina.si\/en\/wp-json\/wp\/v2\/product\/13259"}],"collection":[{"href":"https:\/\/skrina.si\/en\/wp-json\/wp\/v2\/product"}],"about":[{"href":"https:\/\/skrina.si\/en\/wp-json\/wp\/v2\/types\/product"}],"wp:featuredmedia":[{"embeddable":true,"href":"https:\/\/skrina.si\/en\/wp-json\/wp\/v2\/media\/13264"}],"wp:attachment":[{"href":"https:\/\/skrina.si\/en\/wp-json\/wp\/v2\/media?parent=13259"}],"wp:term":[{"taxonomy":"product_cat","embeddable":true,"href":"https:\/\/skrina.si\/en\/wp-json\/wp\/v2\/product_cat?post=13259"},{"taxonomy":"product_tag","embeddable":true,"href":"https:\/\/skrina.si\/en\/wp-json\/wp\/v2\/product_tag?post=13259"}],"curies":[{"name":"wp","href":"https:\/\/api.w.org\/{rel}","templated":true}]}}