{"id":13045,"date":"2023-12-18T08:13:26","date_gmt":"2023-12-18T08:13:26","guid":{"rendered":"https:\/\/skrina.si\/?post_type=product&#038;p=13045"},"modified":"2023-12-18T08:17:52","modified_gmt":"2023-12-18T08:17:52","slug":"ceramic-cats-inseparable-friends","status":"publish","type":"product","link":"https:\/\/skrina.si\/en\/product\/ceramic-cats-inseparable-friends\/","title":{"rendered":"Ceramic cats &#8211; Inseparable friends"},"content":{"rendered":"","protected":false},"excerpt":{"rendered":"<h5>Lorena and Gulio, Meneo and Alma and Melitina are inseparable friends, always in the mood for a game. With their beautiful pastel colors, they make their way onto the shelves of many collectors. In addition to the most common pure white and silver, the dominant colors of this series are gray and green in various shades. The contrast between blue and green is given by different shades of purple arranged in a meaningful whole.<\/h5>\n<h5>Details:<\/h5>\n<h5>Size: Lorena and Gulio 8.5 x 6 x 8 cm; Meneo and Alma 10.5 x 5 x 7 cm; Melitina 8 x 3.5 x 6 cm<\/h5>\n<h5>Material: High quality biscuit porcelain<\/h5>\n<h5>In gift packaging<\/h5>\n<h5>Designed with love for details<\/h5>\n<h5>An ideal gift for cat lovers<\/h5>\n","protected":false},"featured_media":8752,"template":"","meta":{"_monsterinsights_skip_tracking":false,"_monsterinsights_sitenote_active":false,"_monsterinsights_sitenote_note":"","_monsterinsights_sitenote_category":0},"product_cat":[1049,1077],"product_tag":[294,213,334],"aioseo_notices":[],"yoast_head":"<!-- This site is optimized with the Yoast SEO plugin v22.1 - https:\/\/yoast.com\/wordpress\/plugins\/seo\/ -->\n<title>Ceramic cats - Inseparable friends - Etnogalerija Skrina<\/title>\n<meta name=\"description\" content=\"Kerami\u010dni ma\u010dki so nerazdru\u017eljivi prijatelji, vedno razpolo\u017eeni za igro. S \u010dudovitimi pastelnimi barvami si utrejo pot na police \u0161tevilnih zbirateljev.\" \/>\n<meta name=\"robots\" content=\"index, follow, max-snippet:-1, max-image-preview:large, max-video-preview:-1\" \/>\n<link rel=\"canonical\" href=\"https:\/\/skrina.si\/en\/product\/ceramic-cats-inseparable-friends\/\" \/>\n<meta property=\"og:locale\" content=\"en_GB\" \/>\n<meta property=\"og:locale:alternate\" content=\"sl_SI\" \/>\n<meta property=\"og:type\" content=\"article\" \/>\n<meta property=\"og:title\" content=\"Ceramic cats - Inseparable friends - Etnogalerija Skrina\" \/>\n<meta property=\"og:description\" content=\"Kerami\u010dni ma\u010dki so nerazdru\u017eljivi prijatelji, vedno razpolo\u017eeni za igro. S \u010dudovitimi pastelnimi barvami si utrejo pot na police \u0161tevilnih zbirateljev.\" \/>\n<meta property=\"og:url\" content=\"https:\/\/skrina.si\/en\/product\/ceramic-cats-inseparable-friends\/\" \/>\n<meta property=\"og:site_name\" content=\"Etnogalerija Skrina\" \/>\n<meta property=\"article:modified_time\" content=\"2023-12-18T08:17:52+00:00\" \/>\n<meta property=\"og:image\" content=\"https:\/\/skrina.si\/wp-content\/uploads\/2021\/10\/Rosina-Wachmeister-Lorena-in-Gulio-keramicni-macki-Etno-galerija-Skrina.jpg\" \/>\n\t<meta property=\"og:image:width\" content=\"2000\" \/>\n\t<meta property=\"og:image:height\" content=\"1500\" \/>\n\t<meta property=\"og:image:type\" content=\"image\/jpeg\" \/>\n<meta name=\"twitter:card\" content=\"summary_large_image\" \/>\n<script type=\"application\/ld+json\" class=\"yoast-schema-graph\">{\"@context\":\"https:\/\/schema.org\",\"@graph\":[{\"@type\":\"WebPage\",\"@id\":\"https:\/\/skrina.si\/en\/product\/ceramic-cats-inseparable-friends\/\",\"url\":\"https:\/\/skrina.si\/en\/product\/ceramic-cats-inseparable-friends\/\",\"name\":\"Ceramic cats - Inseparable friends - Etnogalerija Skrina\",\"isPartOf\":{\"@id\":\"https:\/\/skrina.si\/en\/#website\"},\"datePublished\":\"2023-12-18T08:13:26+00:00\",\"dateModified\":\"2023-12-18T08:17:52+00:00\",\"description\":\"Kerami\u010dni ma\u010dki so nerazdru\u017eljivi prijatelji, vedno razpolo\u017eeni za igro. S \u010dudovitimi pastelnimi barvami si utrejo pot na police \u0161tevilnih zbirateljev.\",\"breadcrumb\":{\"@id\":\"https:\/\/skrina.si\/en\/product\/ceramic-cats-inseparable-friends\/#breadcrumb\"},\"inLanguage\":\"en-GB\",\"potentialAction\":[{\"@type\":\"ReadAction\",\"target\":[\"https:\/\/skrina.si\/en\/product\/ceramic-cats-inseparable-friends\/\"]}]},{\"@type\":\"BreadcrumbList\",\"@id\":\"https:\/\/skrina.si\/en\/product\/ceramic-cats-inseparable-friends\/#breadcrumb\",\"itemListElement\":[{\"@type\":\"ListItem\",\"position\":1,\"name\":\"Home\",\"item\":\"https:\/\/skrina.si\/en\/\"},{\"@type\":\"ListItem\",\"position\":2,\"name\":\"Shop\",\"item\":\"https:\/\/skrina.si\/shop\/\"},{\"@type\":\"ListItem\",\"position\":3,\"name\":\"Ceramic cats &#8211; Inseparable friends\"}]},{\"@type\":\"WebSite\",\"@id\":\"https:\/\/skrina.si\/en\/#website\",\"url\":\"https:\/\/skrina.si\/en\/\",\"name\":\"Etnogalerija Skrina\",\"description\":\"Tradicija s posluhom\",\"potentialAction\":[{\"@type\":\"SearchAction\",\"target\":{\"@type\":\"EntryPoint\",\"urlTemplate\":\"https:\/\/skrina.si\/en\/?s={search_term_string}\"},\"query-input\":\"required name=search_term_string\"}],\"inLanguage\":\"en-GB\"}]}<\/script>\n<!-- \/ Yoast SEO plugin. -->","yoast_head_json":{"title":"Ceramic cats - Inseparable friends - Etnogalerija Skrina","description":"Kerami\u010dni ma\u010dki so nerazdru\u017eljivi prijatelji, vedno razpolo\u017eeni za igro. S \u010dudovitimi pastelnimi barvami si utrejo pot na police \u0161tevilnih zbirateljev.","robots":{"index":"index","follow":"follow","max-snippet":"max-snippet:-1","max-image-preview":"max-image-preview:large","max-video-preview":"max-video-preview:-1"},"canonical":"https:\/\/skrina.si\/en\/product\/ceramic-cats-inseparable-friends\/","og_locale":"en_GB","og_type":"article","og_title":"Ceramic cats - Inseparable friends - Etnogalerija Skrina","og_description":"Kerami\u010dni ma\u010dki so nerazdru\u017eljivi prijatelji, vedno razpolo\u017eeni za igro. S \u010dudovitimi pastelnimi barvami si utrejo pot na police \u0161tevilnih zbirateljev.","og_url":"https:\/\/skrina.si\/en\/product\/ceramic-cats-inseparable-friends\/","og_site_name":"Etnogalerija Skrina","article_modified_time":"2023-12-18T08:17:52+00:00","og_image":[{"width":2000,"height":1500,"url":"https:\/\/skrina.si\/wp-content\/uploads\/2021\/10\/Rosina-Wachmeister-Lorena-in-Gulio-keramicni-macki-Etno-galerija-Skrina.jpg","type":"image\/jpeg"}],"twitter_card":"summary_large_image","schema":{"@context":"https:\/\/schema.org","@graph":[{"@type":"WebPage","@id":"https:\/\/skrina.si\/en\/product\/ceramic-cats-inseparable-friends\/","url":"https:\/\/skrina.si\/en\/product\/ceramic-cats-inseparable-friends\/","name":"Ceramic cats - Inseparable friends - Etnogalerija Skrina","isPartOf":{"@id":"https:\/\/skrina.si\/en\/#website"},"datePublished":"2023-12-18T08:13:26+00:00","dateModified":"2023-12-18T08:17:52+00:00","description":"Kerami\u010dni ma\u010dki so nerazdru\u017eljivi prijatelji, vedno razpolo\u017eeni za igro. S \u010dudovitimi pastelnimi barvami si utrejo pot na police \u0161tevilnih zbirateljev.","breadcrumb":{"@id":"https:\/\/skrina.si\/en\/product\/ceramic-cats-inseparable-friends\/#breadcrumb"},"inLanguage":"en-GB","potentialAction":[{"@type":"ReadAction","target":["https:\/\/skrina.si\/en\/product\/ceramic-cats-inseparable-friends\/"]}]},{"@type":"BreadcrumbList","@id":"https:\/\/skrina.si\/en\/product\/ceramic-cats-inseparable-friends\/#breadcrumb","itemListElement":[{"@type":"ListItem","position":1,"name":"Home","item":"https:\/\/skrina.si\/en\/"},{"@type":"ListItem","position":2,"name":"Shop","item":"https:\/\/skrina.si\/shop\/"},{"@type":"ListItem","position":3,"name":"Ceramic cats &#8211; Inseparable friends"}]},{"@type":"WebSite","@id":"https:\/\/skrina.si\/en\/#website","url":"https:\/\/skrina.si\/en\/","name":"Etnogalerija Skrina","description":"Tradicija s posluhom","potentialAction":[{"@type":"SearchAction","target":{"@type":"EntryPoint","urlTemplate":"https:\/\/skrina.si\/en\/?s={search_term_string}"},"query-input":"required name=search_term_string"}],"inLanguage":"en-GB"}]}},"_links":{"self":[{"href":"https:\/\/skrina.si\/en\/wp-json\/wp\/v2\/product\/13045"}],"collection":[{"href":"https:\/\/skrina.si\/en\/wp-json\/wp\/v2\/product"}],"about":[{"href":"https:\/\/skrina.si\/en\/wp-json\/wp\/v2\/types\/product"}],"wp:featuredmedia":[{"embeddable":true,"href":"https:\/\/skrina.si\/en\/wp-json\/wp\/v2\/media\/8752"}],"wp:attachment":[{"href":"https:\/\/skrina.si\/en\/wp-json\/wp\/v2\/media?parent=13045"}],"wp:term":[{"taxonomy":"product_cat","embeddable":true,"href":"https:\/\/skrina.si\/en\/wp-json\/wp\/v2\/product_cat?post=13045"},{"taxonomy":"product_tag","embeddable":true,"href":"https:\/\/skrina.si\/en\/wp-json\/wp\/v2\/product_tag?post=13045"}],"curies":[{"name":"wp","href":"https:\/\/api.w.org\/{rel}","templated":true}]}}