{"id":12977,"date":"2023-12-15T11:45:00","date_gmt":"2023-12-15T11:45:00","guid":{"rendered":"https:\/\/skrina.si\/?post_type=product&#038;p=12977"},"modified":"2024-05-02T17:41:19","modified_gmt":"2024-05-02T15:41:19","slug":"lady-with-a-hat-4","status":"publish","type":"product","link":"https:\/\/skrina.si\/en\/product\/lady-with-a-hat-4\/","title":{"rendered":"Lady with a hat"},"content":{"rendered":"","protected":false},"excerpt":{"rendered":"<h5 style=\"text-align: justify;\"><strong><em>Rok Zelenko<\/em><\/strong> is a painter, ceramist, and graphic artist. After graduating from the Academy of Fine Arts in Ljubljana, his home became the small Istrian village of <strong><em>Gro\u017enjan.<br \/>\n<\/em><\/strong>He is excited by the colorfulness with which he builds his paintings and breathes life into them.<\/h5>\n<h5 style=\"text-align: justify;\">Reality and imagination, heritage and modernity are intertwined in his characters. His line-color style comes to the fore in his ceramics, which mainly depict fantasy characters.<\/h5>\n<h6>Details:<\/h6>\n<ul>\n<li>\n<h6>Wall plate Istra<\/h6>\n<\/li>\n<li>\n<h6>Diameter 25 cm<\/h6>\n<\/li>\n<li>\n<h6>Material: Ceramic<\/h6>\n<\/li>\n<li>\n<h6>Packed in a gift box<\/h6>\n<\/li>\n<li>\n<h6>Designed with a love for detail<\/h6>\n<\/li>\n<li>\n<h6>The ideal gift for lovers of folklore and folk traditions<\/h6>\n<\/li>\n<li>\n<h6><strong><em>Hand-made<\/em><\/strong><\/h6>\n<\/li>\n<\/ul>\n","protected":false},"featured_media":4038,"template":"","meta":{"_monsterinsights_skip_tracking":false,"_monsterinsights_sitenote_active":false,"_monsterinsights_sitenote_note":"","_monsterinsights_sitenote_category":0},"product_cat":[1049,1069],"product_tag":[],"aioseo_notices":[],"yoast_head":"<!-- This site is optimized with the Yoast SEO plugin v22.1 - https:\/\/yoast.com\/wordpress\/plugins\/seo\/ -->\n<title>Lady with a hat - wall plate Istra[:] - Etnogalerija Skrina<\/title>\n<meta name=\"description\" content=\"Rok Zelenko - stenski kro\u017enik Istra. Gro\u017enjan je vir njegovih inspiracij, kjer s svojimi slikami bele\u017ei zgodovinsko-etnografsko dogajanje.\" \/>\n<meta name=\"robots\" content=\"index, follow, max-snippet:-1, max-image-preview:large, max-video-preview:-1\" \/>\n<link rel=\"canonical\" href=\"https:\/\/skrina.si\/en\/product\/lady-with-a-hat-4\/\" \/>\n<meta property=\"og:locale\" content=\"en_GB\" \/>\n<meta property=\"og:locale:alternate\" content=\"sl_SI\" \/>\n<meta property=\"og:type\" content=\"article\" \/>\n<meta property=\"og:title\" content=\"Lady with a hat\" \/>\n<meta property=\"og:description\" content=\"Rok Zelenko - stenski kro\u017enik Istra. Gro\u017enjan je vir njegovih inspiracij, kjer s svojimi slikami bele\u017ei zgodovinsko-etnografsko dogajanje.\" \/>\n<meta property=\"og:url\" content=\"https:\/\/skrina.si\/en\/product\/lady-with-a-hat-4\/\" \/>\n<meta property=\"og:site_name\" content=\"Etnogalerija Skrina\" \/>\n<meta property=\"article:modified_time\" content=\"2024-05-02T15:41:19+00:00\" \/>\n<meta property=\"og:image\" content=\"https:\/\/skrina.si\/wp-content\/uploads\/2021\/08\/Rok-Zelenko-kroznik-Istra.jpg\" \/>\n\t<meta property=\"og:image:width\" content=\"2000\" \/>\n\t<meta property=\"og:image:height\" content=\"1500\" \/>\n\t<meta property=\"og:image:type\" content=\"image\/jpeg\" \/>\n<meta name=\"twitter:card\" content=\"summary_large_image\" \/>\n<meta name=\"twitter:label1\" content=\"Estimated reading time\" \/>\n\t<meta name=\"twitter:data1\" content=\"1 minute\" \/>\n<script type=\"application\/ld+json\" class=\"yoast-schema-graph\">{\"@context\":\"https:\/\/schema.org\",\"@graph\":[{\"@type\":\"WebPage\",\"@id\":\"https:\/\/skrina.si\/en\/product\/lady-with-a-hat-4\/\",\"url\":\"https:\/\/skrina.si\/en\/product\/lady-with-a-hat-4\/\",\"name\":\"[:en]Lady with a hat[:sl]Rok Zelenko - wall plate Istra[:] - Etnogalerija Skrina\",\"isPartOf\":{\"@id\":\"https:\/\/skrina.si\/en\/#website\"},\"datePublished\":\"2023-12-15T11:45:00+00:00\",\"dateModified\":\"2024-05-02T15:41:19+00:00\",\"description\":\"Rok Zelenko - stenski kro\u017enik Istra. Gro\u017enjan je vir njegovih inspiracij, kjer s svojimi slikami bele\u017ei zgodovinsko-etnografsko dogajanje.\",\"breadcrumb\":{\"@id\":\"https:\/\/skrina.si\/en\/product\/lady-with-a-hat-4\/#breadcrumb\"},\"inLanguage\":\"en-GB\",\"potentialAction\":[{\"@type\":\"ReadAction\",\"target\":[\"https:\/\/skrina.si\/en\/product\/lady-with-a-hat-4\/\"]}]},{\"@type\":\"BreadcrumbList\",\"@id\":\"https:\/\/skrina.si\/en\/product\/lady-with-a-hat-4\/#breadcrumb\",\"itemListElement\":[{\"@type\":\"ListItem\",\"position\":1,\"name\":\"Home\",\"item\":\"https:\/\/skrina.si\/en\/\"},{\"@type\":\"ListItem\",\"position\":2,\"name\":\"Shop\",\"item\":\"https:\/\/skrina.si\/shop\/\"},{\"@type\":\"ListItem\",\"position\":3,\"name\":\"Lady with a hat\"}]},{\"@type\":\"WebSite\",\"@id\":\"https:\/\/skrina.si\/en\/#website\",\"url\":\"https:\/\/skrina.si\/en\/\",\"name\":\"Etnogalerija Skrina\",\"description\":\"Tradicija s posluhom\",\"potentialAction\":[{\"@type\":\"SearchAction\",\"target\":{\"@type\":\"EntryPoint\",\"urlTemplate\":\"https:\/\/skrina.si\/en\/?s={search_term_string}\"},\"query-input\":\"required name=search_term_string\"}],\"inLanguage\":\"en-GB\"}]}<\/script>\n<!-- \/ Yoast SEO plugin. -->","yoast_head_json":{"title":"Lady with a hat - wall plate Istra[:] - Etnogalerija Skrina","description":"Rok Zelenko - stenski kro\u017enik Istra. Gro\u017enjan je vir njegovih inspiracij, kjer s svojimi slikami bele\u017ei zgodovinsko-etnografsko dogajanje.","robots":{"index":"index","follow":"follow","max-snippet":"max-snippet:-1","max-image-preview":"max-image-preview:large","max-video-preview":"max-video-preview:-1"},"canonical":"https:\/\/skrina.si\/en\/product\/lady-with-a-hat-4\/","og_locale":"en_GB","og_type":"article","og_title":"[:en]Lady with a hat[:sl]Rok Zelenko - wall plate Istra[:] - Etnogalerija Skrina","og_description":"Rok Zelenko - stenski kro\u017enik Istra. Gro\u017enjan je vir njegovih inspiracij, kjer s svojimi slikami bele\u017ei zgodovinsko-etnografsko dogajanje.","og_url":"https:\/\/skrina.si\/en\/product\/lady-with-a-hat-4\/","og_site_name":"Etnogalerija Skrina","article_modified_time":"2024-05-02T15:41:19+00:00","og_image":[{"width":2000,"height":1500,"url":"https:\/\/skrina.si\/wp-content\/uploads\/2021\/08\/Rok-Zelenko-kroznik-Istra.jpg","type":"image\/jpeg"}],"twitter_card":"summary_large_image","twitter_misc":{"Estimated reading time":"1 minute"},"schema":{"@context":"https:\/\/schema.org","@graph":[{"@type":"WebPage","@id":"https:\/\/skrina.si\/en\/product\/lady-with-a-hat-4\/","url":"https:\/\/skrina.si\/en\/product\/lady-with-a-hat-4\/","name":"[:en]Lady with a hat[:sl]Rok Zelenko - wall plate Istra[:] - Etnogalerija Skrina","isPartOf":{"@id":"https:\/\/skrina.si\/en\/#website"},"datePublished":"2023-12-15T11:45:00+00:00","dateModified":"2024-05-02T15:41:19+00:00","description":"Rok Zelenko - stenski kro\u017enik Istra. Gro\u017enjan je vir njegovih inspiracij, kjer s svojimi slikami bele\u017ei zgodovinsko-etnografsko dogajanje.","breadcrumb":{"@id":"https:\/\/skrina.si\/en\/product\/lady-with-a-hat-4\/#breadcrumb"},"inLanguage":"en-GB","potentialAction":[{"@type":"ReadAction","target":["https:\/\/skrina.si\/en\/product\/lady-with-a-hat-4\/"]}]},{"@type":"BreadcrumbList","@id":"https:\/\/skrina.si\/en\/product\/lady-with-a-hat-4\/#breadcrumb","itemListElement":[{"@type":"ListItem","position":1,"name":"Home","item":"https:\/\/skrina.si\/en\/"},{"@type":"ListItem","position":2,"name":"Shop","item":"https:\/\/skrina.si\/shop\/"},{"@type":"ListItem","position":3,"name":"Lady with a hat"}]},{"@type":"WebSite","@id":"https:\/\/skrina.si\/en\/#website","url":"https:\/\/skrina.si\/en\/","name":"Etnogalerija Skrina","description":"Tradicija s posluhom","potentialAction":[{"@type":"SearchAction","target":{"@type":"EntryPoint","urlTemplate":"https:\/\/skrina.si\/en\/?s={search_term_string}"},"query-input":"required name=search_term_string"}],"inLanguage":"en-GB"}]}},"_links":{"self":[{"href":"https:\/\/skrina.si\/en\/wp-json\/wp\/v2\/product\/12977"}],"collection":[{"href":"https:\/\/skrina.si\/en\/wp-json\/wp\/v2\/product"}],"about":[{"href":"https:\/\/skrina.si\/en\/wp-json\/wp\/v2\/types\/product"}],"wp:featuredmedia":[{"embeddable":true,"href":"https:\/\/skrina.si\/en\/wp-json\/wp\/v2\/media\/4038"}],"wp:attachment":[{"href":"https:\/\/skrina.si\/en\/wp-json\/wp\/v2\/media?parent=12977"}],"wp:term":[{"taxonomy":"product_cat","embeddable":true,"href":"https:\/\/skrina.si\/en\/wp-json\/wp\/v2\/product_cat?post=12977"},{"taxonomy":"product_tag","embeddable":true,"href":"https:\/\/skrina.si\/en\/wp-json\/wp\/v2\/product_tag?post=12977"}],"curies":[{"name":"wp","href":"https:\/\/api.w.org\/{rel}","templated":true}]}}