{"id":12854,"date":"2023-12-13T11:39:31","date_gmt":"2023-12-13T11:39:31","guid":{"rendered":"https:\/\/skrina.si\/?post_type=product&#038;p=12854"},"modified":"2024-04-12T06:48:07","modified_gmt":"2024-04-12T04:48:07","slug":"stajerska-notional-costume","status":"publish","type":"product","link":"https:\/\/skrina.si\/en\/product\/stajerska-notional-costume\/","title":{"rendered":"\u0160tajerska notional costume"},"content":{"rendered":"","protected":false},"excerpt":{"rendered":"<h5 style=\"text-align: justify;\">In \u0160tajerska, some older elements of tailoring and clothing have been preserved among the people for quite a long time.<br \/>\nThe skirts of <em><strong>women&#8217;s<\/strong><\/em> national costumes were of different colors; green with red ribbon, blue with pink, brown with black, and white underskirt \u00bbuntara\u00ab. Regardless of the color of the skirt, however, the apron was almost always blue. The costume also consisted of white socks gathered at the ankle. It was desirable that they were as puckered as possible &#8211; it was believed that the more puckered the stockings, the wealthier the girl. Black shoes were often decorated with a buckle.<br \/>\nOn working days, <strong><em>men<\/em><\/strong> wore dark trousers made of woolen cloth and a waistcoat made of native linen. For days off, they put on a jacket over the vest made of industrial fabric and put on a hat.<br \/>\nAn alternative to knee-high boots was &#8220;half boots&#8221; that reached the ankles.<br \/>\n<em>These are just some of the characteristics of the \u0160tajerska costume<\/em><\/h5>\n<h6>Details:<\/h6>\n<ul>\n<li>\n<h6>Title of work: \u0160tajerska national costume<\/h6>\n<\/li>\n<li>\n<h6>Technique: Graphics<\/h6>\n<\/li>\n<li>\n<h6>External dimension: 35 x 48 cm; 19 by 23 cm<\/h6>\n<\/li>\n<li>\n<h6>All graphics are signed and numbered<\/h6>\n<\/li>\n<li>\n<h6>Limited edition of 126\/200<\/h6>\n<\/li>\n<\/ul>\n","protected":false},"featured_media":11256,"template":"","meta":{"_monsterinsights_skip_tracking":false,"_monsterinsights_sitenote_active":false,"_monsterinsights_sitenote_note":"","_monsterinsights_sitenote_category":0},"product_cat":[1623,1037],"product_tag":[1356],"aioseo_notices":[],"yoast_head":"<!-- This site is optimized with the Yoast SEO plugin v22.1 - https:\/\/yoast.com\/wordpress\/plugins\/seo\/ -->\n<title>\u0160tajerska notional costume - \u0160tajerska no\u0161a[:] - Etnogalerija Skrina<\/title>\n<meta name=\"robots\" content=\"index, follow, max-snippet:-1, max-image-preview:large, max-video-preview:-1\" \/>\n<link rel=\"canonical\" href=\"https:\/\/skrina.si\/en\/product\/stajerska-notional-costume\/\" \/>\n<meta property=\"og:locale\" content=\"en_GB\" \/>\n<meta property=\"og:locale:alternate\" content=\"sl_SI\" \/>\n<meta property=\"og:type\" content=\"article\" \/>\n<meta property=\"og:title\" content=\"\u0160tajerska notional costume\" \/>\n<meta property=\"og:description\" content=\"In \u0160tajerska, some older elements of tailoring and clothing have been preserved among the people for quite a long time. The skirts of women&#039;s national costumes were of different colors; green with red ribbon, blue with pink, brown with black, and white underskirt \u00bbuntara\u00ab. Regardless of the color of the skirt, however, the apron was almost always blue. The costume also consisted of white socks gathered at the ankle. It was desirable that they were as puckered as possible - it was believed that the more puckered the stockings, the wealthier the girl. Black shoes were often decorated with a buckle. On working days, men wore dark trousers made of woolen cloth and a waistcoat made of native linen. For days off, they put on a jacket over the vest made of industrial fabric and put on a hat. An alternative to knee-high boots was &quot;half boots&quot; that reached the ankles. These are just some of the characteristics of the \u0160tajerska costume Details:    Title of work: \u0160tajerska national costume    Technique: Graphics    External dimension: 35 x 48 cm; 19 by 23 cm    All graphics are signed and numbered    Limited edition of 126\/200\" \/>\n<meta property=\"og:url\" content=\"https:\/\/skrina.si\/en\/product\/stajerska-notional-costume\/\" \/>\n<meta property=\"og:site_name\" content=\"Etnogalerija Skrina\" \/>\n<meta property=\"article:modified_time\" content=\"2024-04-12T04:48:07+00:00\" \/>\n<meta property=\"og:image\" content=\"https:\/\/skrina.si\/wp-content\/uploads\/2022\/07\/Stajerska-Etno-galerija-skrina-Tradicija-s-posluhom-slovenska-ljudska-nosa.jpg\" \/>\n\t<meta property=\"og:image:width\" content=\"2000\" \/>\n\t<meta property=\"og:image:height\" content=\"1500\" \/>\n\t<meta property=\"og:image:type\" content=\"image\/jpeg\" \/>\n<meta name=\"twitter:card\" content=\"summary_large_image\" \/>\n<meta name=\"twitter:label1\" content=\"Estimated reading time\" \/>\n\t<meta name=\"twitter:data1\" content=\"1 minute\" \/>\n<script type=\"application\/ld+json\" class=\"yoast-schema-graph\">{\"@context\":\"https:\/\/schema.org\",\"@graph\":[{\"@type\":\"WebPage\",\"@id\":\"https:\/\/skrina.si\/en\/product\/stajerska-notional-costume\/\",\"url\":\"https:\/\/skrina.si\/en\/product\/stajerska-notional-costume\/\",\"name\":\"[:en]\u0160tajerska notional costume[:sl]Vida Zupan - \u0160tajerska no\u0161a[:] - Etnogalerija Skrina\",\"isPartOf\":{\"@id\":\"https:\/\/skrina.si\/en\/#website\"},\"datePublished\":\"2023-12-13T11:39:31+00:00\",\"dateModified\":\"2024-04-12T04:48:07+00:00\",\"breadcrumb\":{\"@id\":\"https:\/\/skrina.si\/en\/product\/stajerska-notional-costume\/#breadcrumb\"},\"inLanguage\":\"en-GB\",\"potentialAction\":[{\"@type\":\"ReadAction\",\"target\":[\"https:\/\/skrina.si\/en\/product\/stajerska-notional-costume\/\"]}]},{\"@type\":\"BreadcrumbList\",\"@id\":\"https:\/\/skrina.si\/en\/product\/stajerska-notional-costume\/#breadcrumb\",\"itemListElement\":[{\"@type\":\"ListItem\",\"position\":1,\"name\":\"Home\",\"item\":\"https:\/\/skrina.si\/en\/\"},{\"@type\":\"ListItem\",\"position\":2,\"name\":\"Shop\",\"item\":\"https:\/\/skrina.si\/shop\/\"},{\"@type\":\"ListItem\",\"position\":3,\"name\":\"\u0160tajerska notional costume\"}]},{\"@type\":\"WebSite\",\"@id\":\"https:\/\/skrina.si\/en\/#website\",\"url\":\"https:\/\/skrina.si\/en\/\",\"name\":\"Etnogalerija Skrina\",\"description\":\"Tradicija s posluhom\",\"potentialAction\":[{\"@type\":\"SearchAction\",\"target\":{\"@type\":\"EntryPoint\",\"urlTemplate\":\"https:\/\/skrina.si\/en\/?s={search_term_string}\"},\"query-input\":\"required name=search_term_string\"}],\"inLanguage\":\"en-GB\"}]}<\/script>\n<!-- \/ Yoast SEO plugin. -->","yoast_head_json":{"title":"\u0160tajerska notional costume - \u0160tajerska no\u0161a[:] - Etnogalerija Skrina","robots":{"index":"index","follow":"follow","max-snippet":"max-snippet:-1","max-image-preview":"max-image-preview:large","max-video-preview":"max-video-preview:-1"},"canonical":"https:\/\/skrina.si\/en\/product\/stajerska-notional-costume\/","og_locale":"en_GB","og_type":"article","og_title":"[:en]\u0160tajerska notional costume[:sl]Vida Zupan - \u0160tajerska no\u0161a[:] - Etnogalerija Skrina","og_description":"[:en]In \u0160tajerska, some older elements of tailoring and clothing have been preserved among the people for quite a long time. The skirts of women's national costumes were of different colors; green with red ribbon, blue with pink, brown with black, and white underskirt \u00bbuntara\u00ab. Regardless of the color of the skirt, however, the apron was almost always blue. The costume also consisted of white socks gathered at the ankle. It was desirable that they were as puckered as possible - it was believed that the more puckered the stockings, the wealthier the girl. Black shoes were often decorated with a buckle. On working days, men wore dark trousers made of woolen cloth and a waistcoat made of native linen. For days off, they put on a jacket over the vest made of industrial fabric and put on a hat. An alternative to knee-high boots was \"half boots\" that reached the ankles. These are just some of the characteristics of the \u0160tajerska costume Details:    Title of work: \u0160tajerska national costume    Technique: Graphics    External dimension: 35 x 48 cm; 19 by 23 cm    All graphics are signed and numbered    Limited edition of 126\/200  [:sl]In Styria, some older elements of tailoring and clothing have been preserved among the people for quite a long time. The skirts of women's national costumes were of different colors; green with red ribbon, blue with pink ribbon, brown with black ribbons and white untaro. Regardless of the color of the skirt, however, the apron was almost always blue. The costume also consisted of white socks gathered at the ankle. It was desirable that they were as puckered as possible - it was believed that the more puckered the stockings, the wealthier the girl. Black shoes were often decorated with a buckle. On working days, men wore dark trousers made of woolen cloth and a waistcoat made of native linen. For days off, they put on a jacket over the vest made of industrial fabric and put on a hat. An alternative to the knee high boots were the \"half boots\" which reached the ankles. Only some features of the Styrian costume are described. Features: Title of work: Styrian costume - Horses Technique: graphics External dimension: 35 x 48 cm; 19 by 23 cm All graphics are signed and numbered Limited edition of 126\/200[:]","og_url":"https:\/\/skrina.si\/en\/product\/stajerska-notional-costume\/","og_site_name":"Etnogalerija Skrina","article_modified_time":"2024-04-12T04:48:07+00:00","og_image":[{"width":2000,"height":1500,"url":"https:\/\/skrina.si\/wp-content\/uploads\/2022\/07\/Stajerska-Etno-galerija-skrina-Tradicija-s-posluhom-slovenska-ljudska-nosa.jpg","type":"image\/jpeg"}],"twitter_card":"summary_large_image","twitter_misc":{"Estimated reading time":"1 minute"},"schema":{"@context":"https:\/\/schema.org","@graph":[{"@type":"WebPage","@id":"https:\/\/skrina.si\/en\/product\/stajerska-notional-costume\/","url":"https:\/\/skrina.si\/en\/product\/stajerska-notional-costume\/","name":"[:en]\u0160tajerska notional costume[:sl]Vida Zupan - \u0160tajerska no\u0161a[:] - Etnogalerija Skrina","isPartOf":{"@id":"https:\/\/skrina.si\/en\/#website"},"datePublished":"2023-12-13T11:39:31+00:00","dateModified":"2024-04-12T04:48:07+00:00","breadcrumb":{"@id":"https:\/\/skrina.si\/en\/product\/stajerska-notional-costume\/#breadcrumb"},"inLanguage":"en-GB","potentialAction":[{"@type":"ReadAction","target":["https:\/\/skrina.si\/en\/product\/stajerska-notional-costume\/"]}]},{"@type":"BreadcrumbList","@id":"https:\/\/skrina.si\/en\/product\/stajerska-notional-costume\/#breadcrumb","itemListElement":[{"@type":"ListItem","position":1,"name":"Home","item":"https:\/\/skrina.si\/en\/"},{"@type":"ListItem","position":2,"name":"Shop","item":"https:\/\/skrina.si\/shop\/"},{"@type":"ListItem","position":3,"name":"\u0160tajerska notional costume"}]},{"@type":"WebSite","@id":"https:\/\/skrina.si\/en\/#website","url":"https:\/\/skrina.si\/en\/","name":"Etnogalerija Skrina","description":"Tradicija s posluhom","potentialAction":[{"@type":"SearchAction","target":{"@type":"EntryPoint","urlTemplate":"https:\/\/skrina.si\/en\/?s={search_term_string}"},"query-input":"required name=search_term_string"}],"inLanguage":"en-GB"}]}},"_links":{"self":[{"href":"https:\/\/skrina.si\/en\/wp-json\/wp\/v2\/product\/12854"}],"collection":[{"href":"https:\/\/skrina.si\/en\/wp-json\/wp\/v2\/product"}],"about":[{"href":"https:\/\/skrina.si\/en\/wp-json\/wp\/v2\/types\/product"}],"wp:featuredmedia":[{"embeddable":true,"href":"https:\/\/skrina.si\/en\/wp-json\/wp\/v2\/media\/11256"}],"wp:attachment":[{"href":"https:\/\/skrina.si\/en\/wp-json\/wp\/v2\/media?parent=12854"}],"wp:term":[{"taxonomy":"product_cat","embeddable":true,"href":"https:\/\/skrina.si\/en\/wp-json\/wp\/v2\/product_cat?post=12854"},{"taxonomy":"product_tag","embeddable":true,"href":"https:\/\/skrina.si\/en\/wp-json\/wp\/v2\/product_tag?post=12854"}],"curies":[{"name":"wp","href":"https:\/\/api.w.org\/{rel}","templated":true}]}}