{"id":12828,"date":"2023-12-13T10:32:54","date_gmt":"2023-12-13T10:32:54","guid":{"rendered":"https:\/\/skrina.si\/?post_type=product&#038;p=12828"},"modified":"2024-03-27T20:44:07","modified_gmt":"2024-03-27T19:44:07","slug":"wild-rose-eng","status":"publish","type":"product","link":"https:\/\/skrina.si\/en\/product\/wild-rose-eng\/","title":{"rendered":"Wild rose"},"content":{"rendered":"","protected":false},"excerpt":{"rendered":"<h5 style=\"text-align: justify;\"><strong><em>Wild roses<\/em><\/strong> are undeniably most beautiful when they are in bloom, but their beauty does not end when the petals fall off, but continues into the beauty of the fruit, called <strong><em>dog roses<\/em><\/strong>. <strong><em>Dog roses<\/em><\/strong> have been used for medicinal purposes since the Middle Ages. Its effects are not backed by medical research, but healers rely on folk tradition and experience. In <em><strong>ancient Rome,<\/strong><\/em> rosehip tea was offered to the gods, and it also played a key role during the <em><strong>Second World War<\/strong> <\/em>and in times of scarcity, as it is an important source of vitamin C. Even today, thanks to its incredible health benefits, rosehip is not only used for rosehip tea but also, together with rose petals, in jams, syrups, and various drinks. Rosehip berries are picked in October and November, mainly on forest paths, but also on riverbanks, meadows and groves. The dog roses have also found their place in aromatherapy, where the essence of the wild rose has a <em><strong>beneficial effect on mood.<\/strong><\/em><\/h5>\n<h6>Details:<\/h6>\n<ul>\n<li>\n<h6>Size: height 12 cm, width 7 cm<\/h6>\n<\/li>\n<li>\n<h6>Material: Ceramics<\/h6>\n<\/li>\n<li>\n<h6>In a gift bag with an attached certificate<\/h6>\n<\/li>\n<li>\n<h6>Designed with love for details<\/h6>\n<\/li>\n<li>\n<h6>An ideal gift for flower lovers and admirers of wild roses and rose hips<\/h6>\n<\/li>\n<\/ul>\n","protected":false},"featured_media":8178,"template":"","meta":{"_monsterinsights_skip_tracking":false,"_monsterinsights_sitenote_active":false,"_monsterinsights_sitenote_note":"","_monsterinsights_sitenote_category":0},"product_cat":[1623,1045],"product_tag":[1404,1406],"aioseo_notices":[],"yoast_head":"<!-- This site is optimized with the Yoast SEO plugin v22.1 - https:\/\/yoast.com\/wordpress\/plugins\/seo\/ -->\n<title>Wild rose - Etnogalerija Skrina<\/title>\n<meta name=\"description\" content=\"Divje vrtnice so nesporno najlep\u0161e, kadar cvetijo, vendar se njihova lepota nikakor ne kon\u010da potem, ko se jim usujejo cvetni listi\u010di\" \/>\n<meta name=\"robots\" content=\"index, follow, max-snippet:-1, max-image-preview:large, max-video-preview:-1\" \/>\n<link rel=\"canonical\" href=\"https:\/\/skrina.si\/en\/product\/wild-rose-eng\/\" \/>\n<meta property=\"og:locale\" content=\"en_GB\" \/>\n<meta property=\"og:locale:alternate\" content=\"sl_SI\" \/>\n<meta property=\"og:type\" content=\"article\" \/>\n<meta property=\"og:title\" content=\"Wild rose\" \/>\n<meta property=\"og:description\" content=\"Divje vrtnice so nesporno najlep\u0161e, kadar cvetijo, vendar se njihova lepota nikakor ne kon\u010da potem, ko se jim usujejo cvetni listi\u010di\" \/>\n<meta property=\"og:url\" content=\"https:\/\/skrina.si\/en\/product\/wild-rose-eng\/\" \/>\n<meta property=\"og:site_name\" content=\"Etnogalerija Skrina\" \/>\n<meta property=\"article:modified_time\" content=\"2024-03-27T19:44:07+00:00\" \/>\n<meta property=\"og:image\" content=\"https:\/\/skrina.si\/wp-content\/uploads\/2022\/03\/Rozne-vile-divja-vrtnica-sipek-dekor-Slovenske-cvetlice-roze-Tradicija-s-posluhom-Etno-galerija-Skrina.jpg\" \/>\n\t<meta property=\"og:image:width\" content=\"1619\" \/>\n\t<meta property=\"og:image:height\" content=\"1213\" \/>\n\t<meta property=\"og:image:type\" content=\"image\/jpeg\" \/>\n<meta name=\"twitter:card\" content=\"summary_large_image\" \/>\n<meta name=\"twitter:label1\" content=\"Estimated reading time\" \/>\n\t<meta name=\"twitter:data1\" content=\"1 minute\" \/>\n<script type=\"application\/ld+json\" class=\"yoast-schema-graph\">{\"@context\":\"https:\/\/schema.org\",\"@graph\":[{\"@type\":\"WebPage\",\"@id\":\"https:\/\/skrina.si\/en\/product\/wild-rose-eng\/\",\"url\":\"https:\/\/skrina.si\/en\/product\/wild-rose-eng\/\",\"name\":\"[:sl]Wild rose[:] - Etnogalerija Skrina\",\"isPartOf\":{\"@id\":\"https:\/\/skrina.si\/en\/#website\"},\"datePublished\":\"2023-12-13T10:32:54+00:00\",\"dateModified\":\"2024-03-27T19:44:07+00:00\",\"description\":\"Divje vrtnice so nesporno najlep\u0161e, kadar cvetijo, vendar se njihova lepota nikakor ne kon\u010da potem, ko se jim usujejo cvetni listi\u010di\",\"breadcrumb\":{\"@id\":\"https:\/\/skrina.si\/en\/product\/wild-rose-eng\/#breadcrumb\"},\"inLanguage\":\"en-GB\",\"potentialAction\":[{\"@type\":\"ReadAction\",\"target\":[\"https:\/\/skrina.si\/en\/product\/wild-rose-eng\/\"]}]},{\"@type\":\"BreadcrumbList\",\"@id\":\"https:\/\/skrina.si\/en\/product\/wild-rose-eng\/#breadcrumb\",\"itemListElement\":[{\"@type\":\"ListItem\",\"position\":1,\"name\":\"Home\",\"item\":\"https:\/\/skrina.si\/en\/\"},{\"@type\":\"ListItem\",\"position\":2,\"name\":\"Shop\",\"item\":\"https:\/\/skrina.si\/shop\/\"},{\"@type\":\"ListItem\",\"position\":3,\"name\":\"Wild rose\"}]},{\"@type\":\"WebSite\",\"@id\":\"https:\/\/skrina.si\/en\/#website\",\"url\":\"https:\/\/skrina.si\/en\/\",\"name\":\"Etnogalerija Skrina\",\"description\":\"Tradicija s posluhom\",\"potentialAction\":[{\"@type\":\"SearchAction\",\"target\":{\"@type\":\"EntryPoint\",\"urlTemplate\":\"https:\/\/skrina.si\/en\/?s={search_term_string}\"},\"query-input\":\"required name=search_term_string\"}],\"inLanguage\":\"en-GB\"}]}<\/script>\n<!-- \/ Yoast SEO plugin. -->","yoast_head_json":{"title":"Wild rose - Etnogalerija Skrina","description":"Divje vrtnice so nesporno najlep\u0161e, kadar cvetijo, vendar se njihova lepota nikakor ne kon\u010da potem, ko se jim usujejo cvetni listi\u010di","robots":{"index":"index","follow":"follow","max-snippet":"max-snippet:-1","max-image-preview":"max-image-preview:large","max-video-preview":"max-video-preview:-1"},"canonical":"https:\/\/skrina.si\/en\/product\/wild-rose-eng\/","og_locale":"en_GB","og_type":"article","og_title":"[:sl]Wild rose[:] - Etnogalerija Skrina","og_description":"Divje vrtnice so nesporno najlep\u0161e, kadar cvetijo, vendar se njihova lepota nikakor ne kon\u010da potem, ko se jim usujejo cvetni listi\u010di","og_url":"https:\/\/skrina.si\/en\/product\/wild-rose-eng\/","og_site_name":"Etnogalerija Skrina","article_modified_time":"2024-03-27T19:44:07+00:00","og_image":[{"width":1619,"height":1213,"url":"https:\/\/skrina.si\/wp-content\/uploads\/2022\/03\/Rozne-vile-divja-vrtnica-sipek-dekor-Slovenske-cvetlice-roze-Tradicija-s-posluhom-Etno-galerija-Skrina.jpg","type":"image\/jpeg"}],"twitter_card":"summary_large_image","twitter_misc":{"Estimated reading time":"1 minute"},"schema":{"@context":"https:\/\/schema.org","@graph":[{"@type":"WebPage","@id":"https:\/\/skrina.si\/en\/product\/wild-rose-eng\/","url":"https:\/\/skrina.si\/en\/product\/wild-rose-eng\/","name":"[:sl]Wild rose[:] - Etnogalerija Skrina","isPartOf":{"@id":"https:\/\/skrina.si\/en\/#website"},"datePublished":"2023-12-13T10:32:54+00:00","dateModified":"2024-03-27T19:44:07+00:00","description":"Divje vrtnice so nesporno najlep\u0161e, kadar cvetijo, vendar se njihova lepota nikakor ne kon\u010da potem, ko se jim usujejo cvetni listi\u010di","breadcrumb":{"@id":"https:\/\/skrina.si\/en\/product\/wild-rose-eng\/#breadcrumb"},"inLanguage":"en-GB","potentialAction":[{"@type":"ReadAction","target":["https:\/\/skrina.si\/en\/product\/wild-rose-eng\/"]}]},{"@type":"BreadcrumbList","@id":"https:\/\/skrina.si\/en\/product\/wild-rose-eng\/#breadcrumb","itemListElement":[{"@type":"ListItem","position":1,"name":"Home","item":"https:\/\/skrina.si\/en\/"},{"@type":"ListItem","position":2,"name":"Shop","item":"https:\/\/skrina.si\/shop\/"},{"@type":"ListItem","position":3,"name":"Wild rose"}]},{"@type":"WebSite","@id":"https:\/\/skrina.si\/en\/#website","url":"https:\/\/skrina.si\/en\/","name":"Etnogalerija Skrina","description":"Tradicija s posluhom","potentialAction":[{"@type":"SearchAction","target":{"@type":"EntryPoint","urlTemplate":"https:\/\/skrina.si\/en\/?s={search_term_string}"},"query-input":"required name=search_term_string"}],"inLanguage":"en-GB"}]}},"_links":{"self":[{"href":"https:\/\/skrina.si\/en\/wp-json\/wp\/v2\/product\/12828"}],"collection":[{"href":"https:\/\/skrina.si\/en\/wp-json\/wp\/v2\/product"}],"about":[{"href":"https:\/\/skrina.si\/en\/wp-json\/wp\/v2\/types\/product"}],"wp:featuredmedia":[{"embeddable":true,"href":"https:\/\/skrina.si\/en\/wp-json\/wp\/v2\/media\/8178"}],"wp:attachment":[{"href":"https:\/\/skrina.si\/en\/wp-json\/wp\/v2\/media?parent=12828"}],"wp:term":[{"taxonomy":"product_cat","embeddable":true,"href":"https:\/\/skrina.si\/en\/wp-json\/wp\/v2\/product_cat?post=12828"},{"taxonomy":"product_tag","embeddable":true,"href":"https:\/\/skrina.si\/en\/wp-json\/wp\/v2\/product_tag?post=12828"}],"curies":[{"name":"wp","href":"https:\/\/api.w.org\/{rel}","templated":true}]}}