{"id":12827,"date":"2024-01-26T10:32:51","date_gmt":"2024-01-26T09:32:51","guid":{"rendered":"https:\/\/skrina.si\/?post_type=product&#038;p=12827"},"modified":"2024-09-19T19:07:33","modified_gmt":"2024-09-19T17:07:33","slug":"cob-eng","status":"publish","type":"product","link":"https:\/\/skrina.si\/en\/product\/cob-eng\/","title":{"rendered":"Cob"},"content":{"rendered":"","protected":false},"excerpt":{"rendered":"<h5 style=\"text-align: justify;\"><strong><em>The spruce<\/em><\/strong>, an evergreen tree that never loses its life despite winter and cold, is the most abundant tree species in Slovenia. Our ancestors worshipped it as <strong><em>a symbol of eternity<\/em><\/strong> and decorated their dwellings with spruce, and to this day it retains a central role at Christmas time. Peeled and placed in the middle of the village, the spruce tree once stood for the honor and pride of the village community, the protection of the village, the man&#8217;s home, and his family. People still put up maypoles on important occasions, celebrations, and festivities, as it is <strong><em>a visible symbol of growth, health, prosperity, and fertility<\/em><\/strong>.<br \/>\nAlthough to the casual observer the spruce may look dull, with no beautiful spring flowers or colorful autumn leaves to be seen on its shoots, it has other attractive features &#8211; <strong><em>most notably its magnificent cones<\/em><\/strong>. The cones, which are initially green and hard-packed, turn brownish in autumn and are very decorative, so they can be a beautiful and inexpensive decoration for your home.<\/h5>\n<h6>Details:<\/h6>\n<ul>\n<li>\n<h6>Size: height 12 cm, width 5 cm<\/h6>\n<\/li>\n<li>\n<h6>Material: Ceramics<\/h6>\n<\/li>\n<li>\n<h6>In a gift bag with an attached certificate<\/h6>\n<\/li>\n<li>\n<h6>Designed with love for details<\/h6>\n<\/li>\n<li>\n<h6>An ideal gift for lovers of forests, spruces and cones<\/h6>\n<\/li>\n<\/ul>\n","protected":false},"featured_media":8140,"template":"","meta":{"_monsterinsights_skip_tracking":false,"_monsterinsights_sitenote_active":false,"_monsterinsights_sitenote_note":"","_monsterinsights_sitenote_category":0},"product_cat":[1623,1045],"product_tag":[1408],"aioseo_notices":[],"yoast_head":"<!-- This site is optimized with the Yoast SEO plugin v22.1 - https:\/\/yoast.com\/wordpress\/plugins\/seo\/ -->\n<title>Cob - Etnogalerija Skrina<\/title>\n<meta name=\"description\" content=\"Na\u0161i predniki so smreko \u010dastili kot simbol ve\u010dnosti in s smre\u010djem krasili svoja bivali\u0161\u010da in vse do danes ohranja osrednjo vlogo v bo\u017ei\u010dnem \u010dasu.\" \/>\n<meta name=\"robots\" content=\"index, follow, max-snippet:-1, max-image-preview:large, max-video-preview:-1\" \/>\n<link rel=\"canonical\" href=\"https:\/\/skrina.si\/en\/product\/cob-eng\/\" \/>\n<meta property=\"og:locale\" content=\"en_GB\" \/>\n<meta property=\"og:locale:alternate\" content=\"sl_SI\" \/>\n<meta property=\"og:type\" content=\"article\" \/>\n<meta property=\"og:title\" content=\"Cob\" \/>\n<meta property=\"og:description\" content=\"Na\u0161i predniki so smreko \u010dastili kot simbol ve\u010dnosti in s smre\u010djem krasili svoja bivali\u0161\u010da in vse do danes ohranja osrednjo vlogo v bo\u017ei\u010dnem \u010dasu.\" \/>\n<meta property=\"og:url\" content=\"https:\/\/skrina.si\/en\/product\/cob-eng\/\" \/>\n<meta property=\"og:site_name\" content=\"Etnogalerija Skrina\" \/>\n<meta property=\"article:modified_time\" content=\"2024-09-19T17:07:33+00:00\" \/>\n<meta property=\"og:image\" content=\"https:\/\/skrina.si\/wp-content\/uploads\/2022\/03\/Rozne-vile-storz-dekor-Slovenske-cvetlice-roze-Tradicija-s-posluhom-Etno-galerija-Skrina.jpg\" \/>\n\t<meta property=\"og:image:width\" content=\"1619\" \/>\n\t<meta property=\"og:image:height\" content=\"1213\" \/>\n\t<meta property=\"og:image:type\" content=\"image\/jpeg\" \/>\n<meta name=\"twitter:card\" content=\"summary_large_image\" \/>\n<meta name=\"twitter:label1\" content=\"Estimated reading time\" \/>\n\t<meta name=\"twitter:data1\" content=\"1 minute\" \/>\n<script type=\"application\/ld+json\" class=\"yoast-schema-graph\">{\"@context\":\"https:\/\/schema.org\",\"@graph\":[{\"@type\":\"WebPage\",\"@id\":\"https:\/\/skrina.si\/en\/product\/cob-eng\/\",\"url\":\"https:\/\/skrina.si\/en\/product\/cob-eng\/\",\"name\":\"[:en]Cob[:sl]Cob[:] - Etnogalerija Skrina\",\"isPartOf\":{\"@id\":\"https:\/\/skrina.si\/en\/#website\"},\"datePublished\":\"2024-01-26T09:32:51+00:00\",\"dateModified\":\"2024-09-19T17:07:33+00:00\",\"description\":\"Na\u0161i predniki so smreko \u010dastili kot simbol ve\u010dnosti in s smre\u010djem krasili svoja bivali\u0161\u010da in vse do danes ohranja osrednjo vlogo v bo\u017ei\u010dnem \u010dasu.\",\"breadcrumb\":{\"@id\":\"https:\/\/skrina.si\/en\/product\/cob-eng\/#breadcrumb\"},\"inLanguage\":\"en-GB\",\"potentialAction\":[{\"@type\":\"ReadAction\",\"target\":[\"https:\/\/skrina.si\/en\/product\/cob-eng\/\"]}]},{\"@type\":\"BreadcrumbList\",\"@id\":\"https:\/\/skrina.si\/en\/product\/cob-eng\/#breadcrumb\",\"itemListElement\":[{\"@type\":\"ListItem\",\"position\":1,\"name\":\"Home\",\"item\":\"https:\/\/skrina.si\/en\/\"},{\"@type\":\"ListItem\",\"position\":2,\"name\":\"Shop\",\"item\":\"https:\/\/skrina.si\/shop\/\"},{\"@type\":\"ListItem\",\"position\":3,\"name\":\"Cob\"}]},{\"@type\":\"WebSite\",\"@id\":\"https:\/\/skrina.si\/en\/#website\",\"url\":\"https:\/\/skrina.si\/en\/\",\"name\":\"Etnogalerija Skrina\",\"description\":\"Tradicija s posluhom\",\"potentialAction\":[{\"@type\":\"SearchAction\",\"target\":{\"@type\":\"EntryPoint\",\"urlTemplate\":\"https:\/\/skrina.si\/en\/?s={search_term_string}\"},\"query-input\":\"required name=search_term_string\"}],\"inLanguage\":\"en-GB\"}]}<\/script>\n<!-- \/ Yoast SEO plugin. -->","yoast_head_json":{"title":"Cob - Etnogalerija Skrina","description":"Na\u0161i predniki so smreko \u010dastili kot simbol ve\u010dnosti in s smre\u010djem krasili svoja bivali\u0161\u010da in vse do danes ohranja osrednjo vlogo v bo\u017ei\u010dnem \u010dasu.","robots":{"index":"index","follow":"follow","max-snippet":"max-snippet:-1","max-image-preview":"max-image-preview:large","max-video-preview":"max-video-preview:-1"},"canonical":"https:\/\/skrina.si\/en\/product\/cob-eng\/","og_locale":"en_GB","og_type":"article","og_title":"[:en]Cob[:sl]Cob[:] - Etnogalerija Skrina","og_description":"Na\u0161i predniki so smreko \u010dastili kot simbol ve\u010dnosti in s smre\u010djem krasili svoja bivali\u0161\u010da in vse do danes ohranja osrednjo vlogo v bo\u017ei\u010dnem \u010dasu.","og_url":"https:\/\/skrina.si\/en\/product\/cob-eng\/","og_site_name":"Etnogalerija Skrina","article_modified_time":"2024-09-19T17:07:33+00:00","og_image":[{"width":1619,"height":1213,"url":"https:\/\/skrina.si\/wp-content\/uploads\/2022\/03\/Rozne-vile-storz-dekor-Slovenske-cvetlice-roze-Tradicija-s-posluhom-Etno-galerija-Skrina.jpg","type":"image\/jpeg"}],"twitter_card":"summary_large_image","twitter_misc":{"Estimated reading time":"1 minute"},"schema":{"@context":"https:\/\/schema.org","@graph":[{"@type":"WebPage","@id":"https:\/\/skrina.si\/en\/product\/cob-eng\/","url":"https:\/\/skrina.si\/en\/product\/cob-eng\/","name":"[:en]Cob[:sl]Cob[:] - Etnogalerija Skrina","isPartOf":{"@id":"https:\/\/skrina.si\/en\/#website"},"datePublished":"2024-01-26T09:32:51+00:00","dateModified":"2024-09-19T17:07:33+00:00","description":"Na\u0161i predniki so smreko \u010dastili kot simbol ve\u010dnosti in s smre\u010djem krasili svoja bivali\u0161\u010da in vse do danes ohranja osrednjo vlogo v bo\u017ei\u010dnem \u010dasu.","breadcrumb":{"@id":"https:\/\/skrina.si\/en\/product\/cob-eng\/#breadcrumb"},"inLanguage":"en-GB","potentialAction":[{"@type":"ReadAction","target":["https:\/\/skrina.si\/en\/product\/cob-eng\/"]}]},{"@type":"BreadcrumbList","@id":"https:\/\/skrina.si\/en\/product\/cob-eng\/#breadcrumb","itemListElement":[{"@type":"ListItem","position":1,"name":"Home","item":"https:\/\/skrina.si\/en\/"},{"@type":"ListItem","position":2,"name":"Shop","item":"https:\/\/skrina.si\/shop\/"},{"@type":"ListItem","position":3,"name":"Cob"}]},{"@type":"WebSite","@id":"https:\/\/skrina.si\/en\/#website","url":"https:\/\/skrina.si\/en\/","name":"Etnogalerija Skrina","description":"Tradicija s posluhom","potentialAction":[{"@type":"SearchAction","target":{"@type":"EntryPoint","urlTemplate":"https:\/\/skrina.si\/en\/?s={search_term_string}"},"query-input":"required name=search_term_string"}],"inLanguage":"en-GB"}]}},"_links":{"self":[{"href":"https:\/\/skrina.si\/en\/wp-json\/wp\/v2\/product\/12827"}],"collection":[{"href":"https:\/\/skrina.si\/en\/wp-json\/wp\/v2\/product"}],"about":[{"href":"https:\/\/skrina.si\/en\/wp-json\/wp\/v2\/types\/product"}],"wp:featuredmedia":[{"embeddable":true,"href":"https:\/\/skrina.si\/en\/wp-json\/wp\/v2\/media\/8140"}],"wp:attachment":[{"href":"https:\/\/skrina.si\/en\/wp-json\/wp\/v2\/media?parent=12827"}],"wp:term":[{"taxonomy":"product_cat","embeddable":true,"href":"https:\/\/skrina.si\/en\/wp-json\/wp\/v2\/product_cat?post=12827"},{"taxonomy":"product_tag","embeddable":true,"href":"https:\/\/skrina.si\/en\/wp-json\/wp\/v2\/product_tag?post=12827"}],"curies":[{"name":"wp","href":"https:\/\/api.w.org\/{rel}","templated":true}]}}