{"id":12826,"date":"2024-01-28T10:32:49","date_gmt":"2024-01-28T09:32:49","guid":{"rendered":"https:\/\/skrina.si\/?post_type=product&#038;p=12826"},"modified":"2024-09-19T19:07:07","modified_gmt":"2024-09-19T17:07:07","slug":"blagays-wolfsbane","status":"publish","type":"product","link":"https:\/\/skrina.si\/en\/product\/blagays-wolfsbane\/","title":{"rendered":"Blagay\u2019s wolfsbane"},"content":{"rendered":"","protected":false},"excerpt":{"rendered":"<h5>In 1837, a farmer from Polhov Gradec brought a flowering twig from the mountain to <strong><em>Count Blagay<\/em><\/strong>, a nobleman and native of Kranj, Rihard Ursini.\u00a0 As the Count was not familiar with the plant, he sent it to botanists at the Regional Museum in Ljubljana for &#8220;identification&#8221;, where they confirmed that it was an unknown wolfsbane and named it <strong><em>Blaga&#8217;s wolfsbane<\/em><\/strong> (Daphne blagayana) after the finder. In Europe at the time, the new species was a botanical sensation and the following year (1838) <strong><em>King Frederick Augustus II<\/em><\/strong> of Saxony, a keen botanist, came to see it. To commemorate the royal visit and the discovery of the Blagay&#8217;s wolfsbane, Count Blagay built a monument at the foot of <strong><em>Mount Polhov Gradec<\/em><\/strong>, more than four meters high, which is an important part of our cultural heritage, and the Blagay&#8217;s wolfsbane has been nicknamed <strong><em>the King&#8217;s Flower<\/em><\/strong>. Only 30 centimeters tall, the evergreen shrub bears yellowish-white flowers that are not at first sight showy but are nevertheless worthy of admiration. In March and April, they also attract us with their pleasant scent.<\/h5>\n<h6>Details:<\/h6>\n<ul>\n<li>\n<h6>Size: height 11 cm, width 4 cm<\/h6>\n<\/li>\n<li>\n<h6>Material: Ceramics<\/h6>\n<\/li>\n<li>\n<h6>In a gift bag with an attached certificate<\/h6>\n<\/li>\n<li>\n<h6>Designed with love for details<\/h6>\n<\/li>\n<li>\n<h6>An ideal gift for lovers of forests and treasurers of Slovenian botanical attractions<\/h6>\n<\/li>\n<\/ul>\n","protected":false},"featured_media":9715,"template":"","meta":{"_monsterinsights_skip_tracking":false,"_monsterinsights_sitenote_active":false,"_monsterinsights_sitenote_note":"","_monsterinsights_sitenote_category":0},"product_cat":[1623,1045],"product_tag":[1418],"aioseo_notices":[],"yoast_head":"<!-- This site is optimized with the Yoast SEO plugin v22.1 - https:\/\/yoast.com\/wordpress\/plugins\/seo\/ -->\n<title>Blagay\u2019s wolfsbane - Etnogalerija Skrina<\/title>\n<meta name=\"description\" content=\"Le do 30 centimetrov visok, vednozelen grmi\u010dek ima rumenkasto bele cvetove, ki na prvi pogled niso razko\u0161ni, pa so kljub temu vredni vsega ob\u010dudovanja.\" \/>\n<meta name=\"robots\" content=\"index, follow, max-snippet:-1, max-image-preview:large, max-video-preview:-1\" \/>\n<link rel=\"canonical\" href=\"https:\/\/skrina.si\/en\/product\/blagays-wolfsbane\/\" \/>\n<meta property=\"og:locale\" content=\"en_GB\" \/>\n<meta property=\"og:locale:alternate\" content=\"sl_SI\" \/>\n<meta property=\"og:type\" content=\"article\" \/>\n<meta property=\"og:title\" content=\"Blagay\u2019s wolfsbane\" \/>\n<meta property=\"og:description\" content=\"Le do 30 centimetrov visok, vednozelen grmi\u010dek ima rumenkasto bele cvetove, ki na prvi pogled niso razko\u0161ni, pa so kljub temu vredni vsega ob\u010dudovanja.\" \/>\n<meta property=\"og:url\" content=\"https:\/\/skrina.si\/en\/product\/blagays-wolfsbane\/\" \/>\n<meta property=\"og:site_name\" content=\"Etnogalerija Skrina\" \/>\n<meta property=\"article:modified_time\" content=\"2024-09-19T17:07:07+00:00\" \/>\n<meta property=\"og:image\" content=\"https:\/\/skrina.si\/wp-content\/uploads\/2022\/03\/Rozne-vile-Blagajev-volcin-dekor-Slovenske-cvetlice-roze-Tradicija-s-pos....jpg\" \/>\n\t<meta property=\"og:image:width\" content=\"1619\" \/>\n\t<meta property=\"og:image:height\" content=\"1213\" \/>\n\t<meta property=\"og:image:type\" content=\"image\/jpeg\" \/>\n<meta name=\"twitter:card\" content=\"summary_large_image\" \/>\n<meta name=\"twitter:label1\" content=\"Estimated reading time\" \/>\n\t<meta name=\"twitter:data1\" content=\"1 minute\" \/>\n<script type=\"application\/ld+json\" class=\"yoast-schema-graph\">{\"@context\":\"https:\/\/schema.org\",\"@graph\":[{\"@type\":\"WebPage\",\"@id\":\"https:\/\/skrina.si\/en\/product\/blagays-wolfsbane\/\",\"url\":\"https:\/\/skrina.si\/en\/product\/blagays-wolfsbane\/\",\"name\":\"[:en]Blagay\u2019s wolfsbane[:sl]Blaga\u2019s wolfsbane[:] - Etnogalerija Skrina\",\"isPartOf\":{\"@id\":\"https:\/\/skrina.si\/en\/#website\"},\"datePublished\":\"2024-01-28T09:32:49+00:00\",\"dateModified\":\"2024-09-19T17:07:07+00:00\",\"description\":\"Le do 30 centimetrov visok, vednozelen grmi\u010dek ima rumenkasto bele cvetove, ki na prvi pogled niso razko\u0161ni, pa so kljub temu vredni vsega ob\u010dudovanja.\",\"breadcrumb\":{\"@id\":\"https:\/\/skrina.si\/en\/product\/blagays-wolfsbane\/#breadcrumb\"},\"inLanguage\":\"en-GB\",\"potentialAction\":[{\"@type\":\"ReadAction\",\"target\":[\"https:\/\/skrina.si\/en\/product\/blagays-wolfsbane\/\"]}]},{\"@type\":\"BreadcrumbList\",\"@id\":\"https:\/\/skrina.si\/en\/product\/blagays-wolfsbane\/#breadcrumb\",\"itemListElement\":[{\"@type\":\"ListItem\",\"position\":1,\"name\":\"Home\",\"item\":\"https:\/\/skrina.si\/en\/\"},{\"@type\":\"ListItem\",\"position\":2,\"name\":\"Shop\",\"item\":\"https:\/\/skrina.si\/shop\/\"},{\"@type\":\"ListItem\",\"position\":3,\"name\":\"Blagay\u2019s wolfsbane\"}]},{\"@type\":\"WebSite\",\"@id\":\"https:\/\/skrina.si\/en\/#website\",\"url\":\"https:\/\/skrina.si\/en\/\",\"name\":\"Etnogalerija Skrina\",\"description\":\"Tradicija s posluhom\",\"potentialAction\":[{\"@type\":\"SearchAction\",\"target\":{\"@type\":\"EntryPoint\",\"urlTemplate\":\"https:\/\/skrina.si\/en\/?s={search_term_string}\"},\"query-input\":\"required name=search_term_string\"}],\"inLanguage\":\"en-GB\"}]}<\/script>\n<!-- \/ Yoast SEO plugin. -->","yoast_head_json":{"title":"Blagay\u2019s wolfsbane - Etnogalerija Skrina","description":"Le do 30 centimetrov visok, vednozelen grmi\u010dek ima rumenkasto bele cvetove, ki na prvi pogled niso razko\u0161ni, pa so kljub temu vredni vsega ob\u010dudovanja.","robots":{"index":"index","follow":"follow","max-snippet":"max-snippet:-1","max-image-preview":"max-image-preview:large","max-video-preview":"max-video-preview:-1"},"canonical":"https:\/\/skrina.si\/en\/product\/blagays-wolfsbane\/","og_locale":"en_GB","og_type":"article","og_title":"[:en]Blagay\u2019s wolfsbane[:sl]Blaga\u2019s wolfsbane[:] - Etnogalerija Skrina","og_description":"Le do 30 centimetrov visok, vednozelen grmi\u010dek ima rumenkasto bele cvetove, ki na prvi pogled niso razko\u0161ni, pa so kljub temu vredni vsega ob\u010dudovanja.","og_url":"https:\/\/skrina.si\/en\/product\/blagays-wolfsbane\/","og_site_name":"Etnogalerija Skrina","article_modified_time":"2024-09-19T17:07:07+00:00","og_image":[{"width":1619,"height":1213,"url":"https:\/\/skrina.si\/wp-content\/uploads\/2022\/03\/Rozne-vile-Blagajev-volcin-dekor-Slovenske-cvetlice-roze-Tradicija-s-pos....jpg","type":"image\/jpeg"}],"twitter_card":"summary_large_image","twitter_misc":{"Estimated reading time":"1 minute"},"schema":{"@context":"https:\/\/schema.org","@graph":[{"@type":"WebPage","@id":"https:\/\/skrina.si\/en\/product\/blagays-wolfsbane\/","url":"https:\/\/skrina.si\/en\/product\/blagays-wolfsbane\/","name":"[:en]Blagay\u2019s wolfsbane[:sl]Blaga\u2019s wolfsbane[:] - Etnogalerija Skrina","isPartOf":{"@id":"https:\/\/skrina.si\/en\/#website"},"datePublished":"2024-01-28T09:32:49+00:00","dateModified":"2024-09-19T17:07:07+00:00","description":"Le do 30 centimetrov visok, vednozelen grmi\u010dek ima rumenkasto bele cvetove, ki na prvi pogled niso razko\u0161ni, pa so kljub temu vredni vsega ob\u010dudovanja.","breadcrumb":{"@id":"https:\/\/skrina.si\/en\/product\/blagays-wolfsbane\/#breadcrumb"},"inLanguage":"en-GB","potentialAction":[{"@type":"ReadAction","target":["https:\/\/skrina.si\/en\/product\/blagays-wolfsbane\/"]}]},{"@type":"BreadcrumbList","@id":"https:\/\/skrina.si\/en\/product\/blagays-wolfsbane\/#breadcrumb","itemListElement":[{"@type":"ListItem","position":1,"name":"Home","item":"https:\/\/skrina.si\/en\/"},{"@type":"ListItem","position":2,"name":"Shop","item":"https:\/\/skrina.si\/shop\/"},{"@type":"ListItem","position":3,"name":"Blagay\u2019s wolfsbane"}]},{"@type":"WebSite","@id":"https:\/\/skrina.si\/en\/#website","url":"https:\/\/skrina.si\/en\/","name":"Etnogalerija Skrina","description":"Tradicija s posluhom","potentialAction":[{"@type":"SearchAction","target":{"@type":"EntryPoint","urlTemplate":"https:\/\/skrina.si\/en\/?s={search_term_string}"},"query-input":"required name=search_term_string"}],"inLanguage":"en-GB"}]}},"_links":{"self":[{"href":"https:\/\/skrina.si\/en\/wp-json\/wp\/v2\/product\/12826"}],"collection":[{"href":"https:\/\/skrina.si\/en\/wp-json\/wp\/v2\/product"}],"about":[{"href":"https:\/\/skrina.si\/en\/wp-json\/wp\/v2\/types\/product"}],"wp:featuredmedia":[{"embeddable":true,"href":"https:\/\/skrina.si\/en\/wp-json\/wp\/v2\/media\/9715"}],"wp:attachment":[{"href":"https:\/\/skrina.si\/en\/wp-json\/wp\/v2\/media?parent=12826"}],"wp:term":[{"taxonomy":"product_cat","embeddable":true,"href":"https:\/\/skrina.si\/en\/wp-json\/wp\/v2\/product_cat?post=12826"},{"taxonomy":"product_tag","embeddable":true,"href":"https:\/\/skrina.si\/en\/wp-json\/wp\/v2\/product_tag?post=12826"}],"curies":[{"name":"wp","href":"https:\/\/api.w.org\/{rel}","templated":true}]}}