{"id":12825,"date":"2024-01-29T10:32:48","date_gmt":"2024-01-29T09:32:48","guid":{"rendered":"https:\/\/skrina.si\/?post_type=product&#038;p=12825"},"modified":"2024-09-19T19:06:37","modified_gmt":"2024-09-19T17:06:37","slug":"strawberry-eng","status":"publish","type":"product","link":"https:\/\/skrina.si\/en\/product\/strawberry-eng\/","title":{"rendered":"Strawberry"},"content":{"rendered":"","protected":false},"excerpt":{"rendered":"<h5 style=\"text-align: justify;\">In <em><strong>ancient Rome<\/strong><\/em>, people knew that <strong><em>strawberries<\/em><\/strong> were not only delicious but also medicinal. They were believed to <em>help with<\/em> melancholy, fainting, and all kinds of inflammations, as well as blood and liver diseases. In ancient times, strawberries were also believed to have mystical powers, and young girls in particular would dream of strawberries as it meant they would have many healthy children. In Slovenia, as well as garden strawberries, we also have <strong><em>wild strawberries<\/em><\/strong>, which grow on forest paths, clearings, and along forest edges up to a height of 2 200 m, which means that they can also be found in the mountains.\u00a0 They flower from April to June, and the flowers are soon followed by the extremely tasty red fruits, which are only a fingernail&#8217;s breadth in size and have many medicinal properties.<br \/>\nIn addition to the fruit, the leaves, and the roots are also medicinal, which is why we call the wild strawberry a true tiny healer and classify it as a <strong><em>medicinal plant<\/em><\/strong>.<\/h5>\n<h6>Details:<\/h6>\n<ul>\n<li>\n<h6>Size: height 11 cm, width 6 cm<\/h6>\n<\/li>\n<li>\n<h6>Material: Ceramics<\/h6>\n<\/li>\n<li>\n<h6>In a gift bag with an attached certificate<\/h6>\n<\/li>\n<li>\n<h6>Designed with love for details<\/h6>\n<\/li>\n<li>\n<h6>An ideal gift for lovers of forests and wild berries<\/h6>\n<\/li>\n<\/ul>\n","protected":false},"featured_media":8138,"template":"","meta":{"_monsterinsights_skip_tracking":false,"_monsterinsights_sitenote_active":false,"_monsterinsights_sitenote_note":"","_monsterinsights_sitenote_category":0},"product_cat":[1623,1045],"product_tag":[1474],"aioseo_notices":[],"yoast_head":"<!-- This site is optimized with the Yoast SEO plugin v22.1 - https:\/\/yoast.com\/wordpress\/plugins\/seo\/ -->\n<title>Strawberry - Etnogalerija Skrina<\/title>\n<meta name=\"description\" content=\"V starih \u010dasih so verjeli, da imajo jagode misti\u010dno mo\u010d in predvsem mlada dekleta so si \u017eelela sanjati o jagodah, saj naj bi to pomenilo, da bodo imele veliko zdravih otrok.\" \/>\n<meta name=\"robots\" content=\"index, follow, max-snippet:-1, max-image-preview:large, max-video-preview:-1\" \/>\n<link rel=\"canonical\" href=\"https:\/\/skrina.si\/en\/product\/strawberry-eng\/\" \/>\n<meta property=\"og:locale\" content=\"en_GB\" \/>\n<meta property=\"og:locale:alternate\" content=\"sl_SI\" \/>\n<meta property=\"og:type\" content=\"article\" \/>\n<meta property=\"og:title\" content=\"Strawberry\" \/>\n<meta property=\"og:description\" content=\"V starih \u010dasih so verjeli, da imajo jagode misti\u010dno mo\u010d in predvsem mlada dekleta so si \u017eelela sanjati o jagodah, saj naj bi to pomenilo, da bodo imele veliko zdravih otrok.\" \/>\n<meta property=\"og:url\" content=\"https:\/\/skrina.si\/en\/product\/strawberry-eng\/\" \/>\n<meta property=\"og:site_name\" content=\"Etnogalerija Skrina\" \/>\n<meta property=\"article:modified_time\" content=\"2024-09-19T17:06:37+00:00\" \/>\n<meta property=\"og:image\" content=\"https:\/\/skrina.si\/wp-content\/uploads\/2021\/07\/Rozne-vile-jagoda-dekor-Slovenske-cvetlice-roze-Tradicija-s-posluhom-Etno-galerija-Skrina.jpg\" \/>\n\t<meta property=\"og:image:width\" content=\"1619\" \/>\n\t<meta property=\"og:image:height\" content=\"1213\" \/>\n\t<meta property=\"og:image:type\" content=\"image\/jpeg\" \/>\n<meta name=\"twitter:card\" content=\"summary_large_image\" \/>\n<meta name=\"twitter:label1\" content=\"Estimated reading time\" \/>\n\t<meta name=\"twitter:data1\" content=\"1 minute\" \/>\n<script type=\"application\/ld+json\" class=\"yoast-schema-graph\">{\"@context\":\"https:\/\/schema.org\",\"@graph\":[{\"@type\":\"WebPage\",\"@id\":\"https:\/\/skrina.si\/en\/product\/strawberry-eng\/\",\"url\":\"https:\/\/skrina.si\/en\/product\/strawberry-eng\/\",\"name\":\"[:en]Strawberry[:sl]Strawberry[:] - Etnogalerija Skrina\",\"isPartOf\":{\"@id\":\"https:\/\/skrina.si\/en\/#website\"},\"datePublished\":\"2024-01-29T09:32:48+00:00\",\"dateModified\":\"2024-09-19T17:06:37+00:00\",\"description\":\"V starih \u010dasih so verjeli, da imajo jagode misti\u010dno mo\u010d in predvsem mlada dekleta so si \u017eelela sanjati o jagodah, saj naj bi to pomenilo, da bodo imele veliko zdravih otrok.\",\"breadcrumb\":{\"@id\":\"https:\/\/skrina.si\/en\/product\/strawberry-eng\/#breadcrumb\"},\"inLanguage\":\"en-GB\",\"potentialAction\":[{\"@type\":\"ReadAction\",\"target\":[\"https:\/\/skrina.si\/en\/product\/strawberry-eng\/\"]}]},{\"@type\":\"BreadcrumbList\",\"@id\":\"https:\/\/skrina.si\/en\/product\/strawberry-eng\/#breadcrumb\",\"itemListElement\":[{\"@type\":\"ListItem\",\"position\":1,\"name\":\"Home\",\"item\":\"https:\/\/skrina.si\/en\/\"},{\"@type\":\"ListItem\",\"position\":2,\"name\":\"Shop\",\"item\":\"https:\/\/skrina.si\/shop\/\"},{\"@type\":\"ListItem\",\"position\":3,\"name\":\"Strawberry\"}]},{\"@type\":\"WebSite\",\"@id\":\"https:\/\/skrina.si\/en\/#website\",\"url\":\"https:\/\/skrina.si\/en\/\",\"name\":\"Etnogalerija Skrina\",\"description\":\"Tradicija s posluhom\",\"potentialAction\":[{\"@type\":\"SearchAction\",\"target\":{\"@type\":\"EntryPoint\",\"urlTemplate\":\"https:\/\/skrina.si\/en\/?s={search_term_string}\"},\"query-input\":\"required name=search_term_string\"}],\"inLanguage\":\"en-GB\"}]}<\/script>\n<!-- \/ Yoast SEO plugin. -->","yoast_head_json":{"title":"Strawberry - Etnogalerija Skrina","description":"V starih \u010dasih so verjeli, da imajo jagode misti\u010dno mo\u010d in predvsem mlada dekleta so si \u017eelela sanjati o jagodah, saj naj bi to pomenilo, da bodo imele veliko zdravih otrok.","robots":{"index":"index","follow":"follow","max-snippet":"max-snippet:-1","max-image-preview":"max-image-preview:large","max-video-preview":"max-video-preview:-1"},"canonical":"https:\/\/skrina.si\/en\/product\/strawberry-eng\/","og_locale":"en_GB","og_type":"article","og_title":"[:en]Strawberry[:sl]Strawberry[:] - Etnogalerija Skrina","og_description":"V starih \u010dasih so verjeli, da imajo jagode misti\u010dno mo\u010d in predvsem mlada dekleta so si \u017eelela sanjati o jagodah, saj naj bi to pomenilo, da bodo imele veliko zdravih otrok.","og_url":"https:\/\/skrina.si\/en\/product\/strawberry-eng\/","og_site_name":"Etnogalerija Skrina","article_modified_time":"2024-09-19T17:06:37+00:00","og_image":[{"width":1619,"height":1213,"url":"https:\/\/skrina.si\/wp-content\/uploads\/2021\/07\/Rozne-vile-jagoda-dekor-Slovenske-cvetlice-roze-Tradicija-s-posluhom-Etno-galerija-Skrina.jpg","type":"image\/jpeg"}],"twitter_card":"summary_large_image","twitter_misc":{"Estimated reading time":"1 minute"},"schema":{"@context":"https:\/\/schema.org","@graph":[{"@type":"WebPage","@id":"https:\/\/skrina.si\/en\/product\/strawberry-eng\/","url":"https:\/\/skrina.si\/en\/product\/strawberry-eng\/","name":"[:en]Strawberry[:sl]Strawberry[:] - Etnogalerija Skrina","isPartOf":{"@id":"https:\/\/skrina.si\/en\/#website"},"datePublished":"2024-01-29T09:32:48+00:00","dateModified":"2024-09-19T17:06:37+00:00","description":"V starih \u010dasih so verjeli, da imajo jagode misti\u010dno mo\u010d in predvsem mlada dekleta so si \u017eelela sanjati o jagodah, saj naj bi to pomenilo, da bodo imele veliko zdravih otrok.","breadcrumb":{"@id":"https:\/\/skrina.si\/en\/product\/strawberry-eng\/#breadcrumb"},"inLanguage":"en-GB","potentialAction":[{"@type":"ReadAction","target":["https:\/\/skrina.si\/en\/product\/strawberry-eng\/"]}]},{"@type":"BreadcrumbList","@id":"https:\/\/skrina.si\/en\/product\/strawberry-eng\/#breadcrumb","itemListElement":[{"@type":"ListItem","position":1,"name":"Home","item":"https:\/\/skrina.si\/en\/"},{"@type":"ListItem","position":2,"name":"Shop","item":"https:\/\/skrina.si\/shop\/"},{"@type":"ListItem","position":3,"name":"Strawberry"}]},{"@type":"WebSite","@id":"https:\/\/skrina.si\/en\/#website","url":"https:\/\/skrina.si\/en\/","name":"Etnogalerija Skrina","description":"Tradicija s posluhom","potentialAction":[{"@type":"SearchAction","target":{"@type":"EntryPoint","urlTemplate":"https:\/\/skrina.si\/en\/?s={search_term_string}"},"query-input":"required name=search_term_string"}],"inLanguage":"en-GB"}]}},"_links":{"self":[{"href":"https:\/\/skrina.si\/en\/wp-json\/wp\/v2\/product\/12825"}],"collection":[{"href":"https:\/\/skrina.si\/en\/wp-json\/wp\/v2\/product"}],"about":[{"href":"https:\/\/skrina.si\/en\/wp-json\/wp\/v2\/types\/product"}],"wp:featuredmedia":[{"embeddable":true,"href":"https:\/\/skrina.si\/en\/wp-json\/wp\/v2\/media\/8138"}],"wp:attachment":[{"href":"https:\/\/skrina.si\/en\/wp-json\/wp\/v2\/media?parent=12825"}],"wp:term":[{"taxonomy":"product_cat","embeddable":true,"href":"https:\/\/skrina.si\/en\/wp-json\/wp\/v2\/product_cat?post=12825"},{"taxonomy":"product_tag","embeddable":true,"href":"https:\/\/skrina.si\/en\/wp-json\/wp\/v2\/product_tag?post=12825"}],"curies":[{"name":"wp","href":"https:\/\/api.w.org\/{rel}","templated":true}]}}