{"id":12823,"date":"2024-02-02T10:32:44","date_gmt":"2024-02-02T09:32:44","guid":{"rendered":"https:\/\/skrina.si\/?post_type=product&#038;p=12823"},"modified":"2024-09-19T19:04:51","modified_gmt":"2024-09-19T17:04:51","slug":"garden-pansy","status":"publish","type":"product","link":"https:\/\/skrina.si\/en\/product\/garden-pansy\/","title":{"rendered":"Garden pansy"},"content":{"rendered":"","protected":false},"excerpt":{"rendered":"<h5 style=\"text-align: justify;\">If you judged a flower in a velvet dress by its name alone, you were mistaken. In the language of flowers, the<strong><em> garden pansy<\/em><\/strong> is a symbol of loyalty and free thinking. She does not care what others say about her humbler kin and bravely turns her cheeks to the sun even when she can barely manage to raise her head above the snow. They are popular precisely for their defiance of winter and for flowering before most harbingers of spring and the colorful velvet clouds in May, when catkins bloom most profusely. There is almost no limit to the colors: from the simple white flowers to the pink, orange, and blue ones, to the larger multicolored flower heads with a white-yellow-purple drawing in the middle &#8211; there is a variety of this unpretentious, velvety flower to suit all tastes. The garden pansies, the ornamental flowers of the violet family, have been immensely popular since <strong><em>the<\/em><\/strong> <strong><em>time of our grandmothers<\/em><\/strong> and have been sung about by Shakespeare in Hamlet and &#8220;<em><strong>A Midsummer Night&#8217;s Dream&#8221;.<\/strong><\/em><\/h5>\n<h6>Details:<\/h6>\n<ul>\n<li>\n<h6>Size: height 13 cm, width 7 cm<\/h6>\n<\/li>\n<li>\n<h6>Material: Ceramics<\/h6>\n<\/li>\n<li>\n<h6>In a gift bag with an attached certificate<\/h6>\n<\/li>\n<li>\n<h6>Designed with love for details<\/h6>\n<\/li>\n<li>\n<h6>An ideal gift for flower lovers and fans of pansies<\/h6>\n<\/li>\n<\/ul>\n","protected":false},"featured_media":8134,"template":"","meta":{"_monsterinsights_skip_tracking":false,"_monsterinsights_sitenote_active":false,"_monsterinsights_sitenote_note":"","_monsterinsights_sitenote_category":0},"product_cat":[1623,1045],"product_tag":[1424],"aioseo_notices":[],"yoast_head":"<!-- This site is optimized with the Yoast SEO plugin v22.1 - https:\/\/yoast.com\/wordpress\/plugins\/seo\/ -->\n<title>Garden pansy - Etnogalerija Skrina<\/title>\n<meta name=\"description\" content=\"Priljubljene so prav zaradi upiranja zimi in cvetenja pred ve\u010dino znanilk pomladi in barvitih \u017eametnih oblakov v maju, ko ma\u010dehe najbolj obilno cvetijo.\" \/>\n<meta name=\"robots\" content=\"index, follow, max-snippet:-1, max-image-preview:large, max-video-preview:-1\" \/>\n<link rel=\"canonical\" href=\"https:\/\/skrina.si\/en\/product\/garden-pansy\/\" \/>\n<meta property=\"og:locale\" content=\"en_GB\" \/>\n<meta property=\"og:locale:alternate\" content=\"sl_SI\" \/>\n<meta property=\"og:type\" content=\"article\" \/>\n<meta property=\"og:title\" content=\"Garden pansy\" \/>\n<meta property=\"og:description\" content=\"Priljubljene so prav zaradi upiranja zimi in cvetenja pred ve\u010dino znanilk pomladi in barvitih \u017eametnih oblakov v maju, ko ma\u010dehe najbolj obilno cvetijo.\" \/>\n<meta property=\"og:url\" content=\"https:\/\/skrina.si\/en\/product\/garden-pansy\/\" \/>\n<meta property=\"og:site_name\" content=\"Etnogalerija Skrina\" \/>\n<meta property=\"article:modified_time\" content=\"2024-09-19T17:04:51+00:00\" \/>\n<meta property=\"og:image\" content=\"https:\/\/skrina.si\/wp-content\/uploads\/2022\/03\/Rozne-vile-maceha-dekor-Slovenske-cvetlice-roze-Tradicija-s-posluhom-Etno-galerija-Skrina.jpg\" \/>\n\t<meta property=\"og:image:width\" content=\"1619\" \/>\n\t<meta property=\"og:image:height\" content=\"1213\" \/>\n\t<meta property=\"og:image:type\" content=\"image\/jpeg\" \/>\n<meta name=\"twitter:card\" content=\"summary_large_image\" \/>\n<meta name=\"twitter:label1\" content=\"Estimated reading time\" \/>\n\t<meta name=\"twitter:data1\" content=\"1 minute\" \/>\n<script type=\"application\/ld+json\" class=\"yoast-schema-graph\">{\"@context\":\"https:\/\/schema.org\",\"@graph\":[{\"@type\":\"WebPage\",\"@id\":\"https:\/\/skrina.si\/en\/product\/garden-pansy\/\",\"url\":\"https:\/\/skrina.si\/en\/product\/garden-pansy\/\",\"name\":\"[:en]Garden pansy[:sl]Garden pansy[:] - Etnogalerija Skrina\",\"isPartOf\":{\"@id\":\"https:\/\/skrina.si\/en\/#website\"},\"datePublished\":\"2024-02-02T09:32:44+00:00\",\"dateModified\":\"2024-09-19T17:04:51+00:00\",\"description\":\"Priljubljene so prav zaradi upiranja zimi in cvetenja pred ve\u010dino znanilk pomladi in barvitih \u017eametnih oblakov v maju, ko ma\u010dehe najbolj obilno cvetijo.\",\"breadcrumb\":{\"@id\":\"https:\/\/skrina.si\/en\/product\/garden-pansy\/#breadcrumb\"},\"inLanguage\":\"en-GB\",\"potentialAction\":[{\"@type\":\"ReadAction\",\"target\":[\"https:\/\/skrina.si\/en\/product\/garden-pansy\/\"]}]},{\"@type\":\"BreadcrumbList\",\"@id\":\"https:\/\/skrina.si\/en\/product\/garden-pansy\/#breadcrumb\",\"itemListElement\":[{\"@type\":\"ListItem\",\"position\":1,\"name\":\"Home\",\"item\":\"https:\/\/skrina.si\/en\/\"},{\"@type\":\"ListItem\",\"position\":2,\"name\":\"Shop\",\"item\":\"https:\/\/skrina.si\/shop\/\"},{\"@type\":\"ListItem\",\"position\":3,\"name\":\"Garden pansy\"}]},{\"@type\":\"WebSite\",\"@id\":\"https:\/\/skrina.si\/en\/#website\",\"url\":\"https:\/\/skrina.si\/en\/\",\"name\":\"Etnogalerija Skrina\",\"description\":\"Tradicija s posluhom\",\"potentialAction\":[{\"@type\":\"SearchAction\",\"target\":{\"@type\":\"EntryPoint\",\"urlTemplate\":\"https:\/\/skrina.si\/en\/?s={search_term_string}\"},\"query-input\":\"required name=search_term_string\"}],\"inLanguage\":\"en-GB\"}]}<\/script>\n<!-- \/ Yoast SEO plugin. -->","yoast_head_json":{"title":"Garden pansy - Etnogalerija Skrina","description":"Priljubljene so prav zaradi upiranja zimi in cvetenja pred ve\u010dino znanilk pomladi in barvitih \u017eametnih oblakov v maju, ko ma\u010dehe najbolj obilno cvetijo.","robots":{"index":"index","follow":"follow","max-snippet":"max-snippet:-1","max-image-preview":"max-image-preview:large","max-video-preview":"max-video-preview:-1"},"canonical":"https:\/\/skrina.si\/en\/product\/garden-pansy\/","og_locale":"en_GB","og_type":"article","og_title":"[:en]Garden pansy[:sl]Garden pansy[:] - Etnogalerija Skrina","og_description":"Priljubljene so prav zaradi upiranja zimi in cvetenja pred ve\u010dino znanilk pomladi in barvitih \u017eametnih oblakov v maju, ko ma\u010dehe najbolj obilno cvetijo.","og_url":"https:\/\/skrina.si\/en\/product\/garden-pansy\/","og_site_name":"Etnogalerija Skrina","article_modified_time":"2024-09-19T17:04:51+00:00","og_image":[{"width":1619,"height":1213,"url":"https:\/\/skrina.si\/wp-content\/uploads\/2022\/03\/Rozne-vile-maceha-dekor-Slovenske-cvetlice-roze-Tradicija-s-posluhom-Etno-galerija-Skrina.jpg","type":"image\/jpeg"}],"twitter_card":"summary_large_image","twitter_misc":{"Estimated reading time":"1 minute"},"schema":{"@context":"https:\/\/schema.org","@graph":[{"@type":"WebPage","@id":"https:\/\/skrina.si\/en\/product\/garden-pansy\/","url":"https:\/\/skrina.si\/en\/product\/garden-pansy\/","name":"[:en]Garden pansy[:sl]Garden pansy[:] - Etnogalerija Skrina","isPartOf":{"@id":"https:\/\/skrina.si\/en\/#website"},"datePublished":"2024-02-02T09:32:44+00:00","dateModified":"2024-09-19T17:04:51+00:00","description":"Priljubljene so prav zaradi upiranja zimi in cvetenja pred ve\u010dino znanilk pomladi in barvitih \u017eametnih oblakov v maju, ko ma\u010dehe najbolj obilno cvetijo.","breadcrumb":{"@id":"https:\/\/skrina.si\/en\/product\/garden-pansy\/#breadcrumb"},"inLanguage":"en-GB","potentialAction":[{"@type":"ReadAction","target":["https:\/\/skrina.si\/en\/product\/garden-pansy\/"]}]},{"@type":"BreadcrumbList","@id":"https:\/\/skrina.si\/en\/product\/garden-pansy\/#breadcrumb","itemListElement":[{"@type":"ListItem","position":1,"name":"Home","item":"https:\/\/skrina.si\/en\/"},{"@type":"ListItem","position":2,"name":"Shop","item":"https:\/\/skrina.si\/shop\/"},{"@type":"ListItem","position":3,"name":"Garden pansy"}]},{"@type":"WebSite","@id":"https:\/\/skrina.si\/en\/#website","url":"https:\/\/skrina.si\/en\/","name":"Etnogalerija Skrina","description":"Tradicija s posluhom","potentialAction":[{"@type":"SearchAction","target":{"@type":"EntryPoint","urlTemplate":"https:\/\/skrina.si\/en\/?s={search_term_string}"},"query-input":"required name=search_term_string"}],"inLanguage":"en-GB"}]}},"_links":{"self":[{"href":"https:\/\/skrina.si\/en\/wp-json\/wp\/v2\/product\/12823"}],"collection":[{"href":"https:\/\/skrina.si\/en\/wp-json\/wp\/v2\/product"}],"about":[{"href":"https:\/\/skrina.si\/en\/wp-json\/wp\/v2\/types\/product"}],"wp:featuredmedia":[{"embeddable":true,"href":"https:\/\/skrina.si\/en\/wp-json\/wp\/v2\/media\/8134"}],"wp:attachment":[{"href":"https:\/\/skrina.si\/en\/wp-json\/wp\/v2\/media?parent=12823"}],"wp:term":[{"taxonomy":"product_cat","embeddable":true,"href":"https:\/\/skrina.si\/en\/wp-json\/wp\/v2\/product_cat?post=12823"},{"taxonomy":"product_tag","embeddable":true,"href":"https:\/\/skrina.si\/en\/wp-json\/wp\/v2\/product_tag?post=12823"}],"curies":[{"name":"wp","href":"https:\/\/api.w.org\/{rel}","templated":true}]}}