{"id":12812,"date":"2024-02-06T09:31:41","date_gmt":"2024-02-06T08:31:41","guid":{"rendered":"https:\/\/skrina.si\/?post_type=product&#038;p=12812"},"modified":"2024-09-19T19:01:55","modified_gmt":"2024-09-19T17:01:55","slug":"sivka-eng","status":"publish","type":"product","link":"https:\/\/skrina.si\/en\/product\/sivka-eng\/","title":{"rendered":"Lavender"},"content":{"rendered":"","protected":false},"excerpt":{"rendered":"<h5 style=\"text-align: justify;\">Violet-blue <strong><em>lavender<\/em><\/strong> is an intoxicating herb that will bring good mood, positive energy, calm, and relaxation into your home. In many countries it is called <strong><em>lavender<\/em><\/strong>, which is a derivative of the Latin verb lavare, meaning to wash. This is certainly no coincidence, as it was used by the ancient Greeks and Romans to perfume baths and rooms. In our country, it is mainly known for its medieval monastic medicine, but its calming and pain-relieving properties have also led to its use in <strong><em>folk medicine<\/em><\/strong>. It is still a good idea to have a cup of lavender tea after a hard day&#8217;s work and hang a bouquet of fresh lavender in your bedroom, bathroom, and wherever you want to create an atmosphere of love and tranquility. In June and July, lavender festivals are held in Slovenia in the <strong><em>Karst and Styria regions<\/em><\/strong>. There you can learn about how lavender is grown, learn about the different types of lavender, try your hand at harvesting with sickle and scissors, and make wreaths or bouquets.<\/h5>\n<h6>Details:<\/h6>\n<ul>\n<li>\n<h6>Size: height 13 cm, width 7 cm<\/h6>\n<\/li>\n<li>\n<h6>Material: Ceramics<\/h6>\n<\/li>\n<li>\n<h6>In a gift bag with an attached certificate<\/h6>\n<\/li>\n<li>\n<h6>Designed with love for details<\/h6>\n<\/li>\n<li>\n<h6>An ideal gift for flower lovers and lavender fans<\/h6>\n<\/li>\n<\/ul>\n","protected":false},"featured_media":8128,"template":"","meta":{"_monsterinsights_skip_tracking":false,"_monsterinsights_sitenote_active":false,"_monsterinsights_sitenote_note":"","_monsterinsights_sitenote_category":0},"product_cat":[1623,1045],"product_tag":[1410,1412],"aioseo_notices":[],"yoast_head":"<!-- This site is optimized with the Yoast SEO plugin v22.1 - https:\/\/yoast.com\/wordpress\/plugins\/seo\/ -->\n<title>Lavender - Etnogalerija Skrina<\/title>\n<meta name=\"description\" content=\"Vijoli\u010dasto-modra sivka je opojna rastlina, ki bo v va\u0161 dom vnesla dobro razpolo\u017eenje, pozitivno energijo, spokojnost in spro\u0161\u010denost.\" \/>\n<meta name=\"robots\" content=\"index, follow, max-snippet:-1, max-image-preview:large, max-video-preview:-1\" \/>\n<link rel=\"canonical\" href=\"https:\/\/skrina.si\/en\/product\/sivka-eng\/\" \/>\n<meta property=\"og:locale\" content=\"en_GB\" \/>\n<meta property=\"og:locale:alternate\" content=\"sl_SI\" \/>\n<meta property=\"og:type\" content=\"article\" \/>\n<meta property=\"og:title\" content=\"Lavender\" \/>\n<meta property=\"og:description\" content=\"Vijoli\u010dasto-modra sivka je opojna rastlina, ki bo v va\u0161 dom vnesla dobro razpolo\u017eenje, pozitivno energijo, spokojnost in spro\u0161\u010denost.\" \/>\n<meta property=\"og:url\" content=\"https:\/\/skrina.si\/en\/product\/sivka-eng\/\" \/>\n<meta property=\"og:site_name\" content=\"Etnogalerija Skrina\" \/>\n<meta property=\"article:modified_time\" content=\"2024-09-19T17:01:55+00:00\" \/>\n<meta property=\"og:image\" content=\"https:\/\/skrina.si\/wp-content\/uploads\/2021\/09\/Rozne-vile-sivka-dekor-Slovenske-cvetlice-roze-Tradicija-s-posluhom-Etno-galerija-Skrina.jpg\" \/>\n\t<meta property=\"og:image:width\" content=\"1619\" \/>\n\t<meta property=\"og:image:height\" content=\"1213\" \/>\n\t<meta property=\"og:image:type\" content=\"image\/jpeg\" \/>\n<meta name=\"twitter:card\" content=\"summary_large_image\" \/>\n<meta name=\"twitter:label1\" content=\"Estimated reading time\" \/>\n\t<meta name=\"twitter:data1\" content=\"1 minute\" \/>\n<script type=\"application\/ld+json\" class=\"yoast-schema-graph\">{\"@context\":\"https:\/\/schema.org\",\"@graph\":[{\"@type\":\"WebPage\",\"@id\":\"https:\/\/skrina.si\/en\/product\/sivka-eng\/\",\"url\":\"https:\/\/skrina.si\/en\/product\/sivka-eng\/\",\"name\":\"[:en]Lavender[:sl]Lavender[:] - Etnogalerija Skrina\",\"isPartOf\":{\"@id\":\"https:\/\/skrina.si\/en\/#website\"},\"datePublished\":\"2024-02-06T08:31:41+00:00\",\"dateModified\":\"2024-09-19T17:01:55+00:00\",\"description\":\"Vijoli\u010dasto-modra sivka je opojna rastlina, ki bo v va\u0161 dom vnesla dobro razpolo\u017eenje, pozitivno energijo, spokojnost in spro\u0161\u010denost.\",\"breadcrumb\":{\"@id\":\"https:\/\/skrina.si\/en\/product\/sivka-eng\/#breadcrumb\"},\"inLanguage\":\"en-GB\",\"potentialAction\":[{\"@type\":\"ReadAction\",\"target\":[\"https:\/\/skrina.si\/en\/product\/sivka-eng\/\"]}]},{\"@type\":\"BreadcrumbList\",\"@id\":\"https:\/\/skrina.si\/en\/product\/sivka-eng\/#breadcrumb\",\"itemListElement\":[{\"@type\":\"ListItem\",\"position\":1,\"name\":\"Home\",\"item\":\"https:\/\/skrina.si\/en\/\"},{\"@type\":\"ListItem\",\"position\":2,\"name\":\"Shop\",\"item\":\"https:\/\/skrina.si\/shop\/\"},{\"@type\":\"ListItem\",\"position\":3,\"name\":\"Lavender\"}]},{\"@type\":\"WebSite\",\"@id\":\"https:\/\/skrina.si\/en\/#website\",\"url\":\"https:\/\/skrina.si\/en\/\",\"name\":\"Etnogalerija Skrina\",\"description\":\"Tradicija s posluhom\",\"potentialAction\":[{\"@type\":\"SearchAction\",\"target\":{\"@type\":\"EntryPoint\",\"urlTemplate\":\"https:\/\/skrina.si\/en\/?s={search_term_string}\"},\"query-input\":\"required name=search_term_string\"}],\"inLanguage\":\"en-GB\"}]}<\/script>\n<!-- \/ Yoast SEO plugin. -->","yoast_head_json":{"title":"Lavender - Etnogalerija Skrina","description":"Vijoli\u010dasto-modra sivka je opojna rastlina, ki bo v va\u0161 dom vnesla dobro razpolo\u017eenje, pozitivno energijo, spokojnost in spro\u0161\u010denost.","robots":{"index":"index","follow":"follow","max-snippet":"max-snippet:-1","max-image-preview":"max-image-preview:large","max-video-preview":"max-video-preview:-1"},"canonical":"https:\/\/skrina.si\/en\/product\/sivka-eng\/","og_locale":"en_GB","og_type":"article","og_title":"[:en]Lavender[:sl]Lavender[:] - Etnogalerija Skrina","og_description":"Vijoli\u010dasto-modra sivka je opojna rastlina, ki bo v va\u0161 dom vnesla dobro razpolo\u017eenje, pozitivno energijo, spokojnost in spro\u0161\u010denost.","og_url":"https:\/\/skrina.si\/en\/product\/sivka-eng\/","og_site_name":"Etnogalerija Skrina","article_modified_time":"2024-09-19T17:01:55+00:00","og_image":[{"width":1619,"height":1213,"url":"https:\/\/skrina.si\/wp-content\/uploads\/2021\/09\/Rozne-vile-sivka-dekor-Slovenske-cvetlice-roze-Tradicija-s-posluhom-Etno-galerija-Skrina.jpg","type":"image\/jpeg"}],"twitter_card":"summary_large_image","twitter_misc":{"Estimated reading time":"1 minute"},"schema":{"@context":"https:\/\/schema.org","@graph":[{"@type":"WebPage","@id":"https:\/\/skrina.si\/en\/product\/sivka-eng\/","url":"https:\/\/skrina.si\/en\/product\/sivka-eng\/","name":"[:en]Lavender[:sl]Lavender[:] - Etnogalerija Skrina","isPartOf":{"@id":"https:\/\/skrina.si\/en\/#website"},"datePublished":"2024-02-06T08:31:41+00:00","dateModified":"2024-09-19T17:01:55+00:00","description":"Vijoli\u010dasto-modra sivka je opojna rastlina, ki bo v va\u0161 dom vnesla dobro razpolo\u017eenje, pozitivno energijo, spokojnost in spro\u0161\u010denost.","breadcrumb":{"@id":"https:\/\/skrina.si\/en\/product\/sivka-eng\/#breadcrumb"},"inLanguage":"en-GB","potentialAction":[{"@type":"ReadAction","target":["https:\/\/skrina.si\/en\/product\/sivka-eng\/"]}]},{"@type":"BreadcrumbList","@id":"https:\/\/skrina.si\/en\/product\/sivka-eng\/#breadcrumb","itemListElement":[{"@type":"ListItem","position":1,"name":"Home","item":"https:\/\/skrina.si\/en\/"},{"@type":"ListItem","position":2,"name":"Shop","item":"https:\/\/skrina.si\/shop\/"},{"@type":"ListItem","position":3,"name":"Lavender"}]},{"@type":"WebSite","@id":"https:\/\/skrina.si\/en\/#website","url":"https:\/\/skrina.si\/en\/","name":"Etnogalerija Skrina","description":"Tradicija s posluhom","potentialAction":[{"@type":"SearchAction","target":{"@type":"EntryPoint","urlTemplate":"https:\/\/skrina.si\/en\/?s={search_term_string}"},"query-input":"required name=search_term_string"}],"inLanguage":"en-GB"}]}},"_links":{"self":[{"href":"https:\/\/skrina.si\/en\/wp-json\/wp\/v2\/product\/12812"}],"collection":[{"href":"https:\/\/skrina.si\/en\/wp-json\/wp\/v2\/product"}],"about":[{"href":"https:\/\/skrina.si\/en\/wp-json\/wp\/v2\/types\/product"}],"wp:featuredmedia":[{"embeddable":true,"href":"https:\/\/skrina.si\/en\/wp-json\/wp\/v2\/media\/8128"}],"wp:attachment":[{"href":"https:\/\/skrina.si\/en\/wp-json\/wp\/v2\/media?parent=12812"}],"wp:term":[{"taxonomy":"product_cat","embeddable":true,"href":"https:\/\/skrina.si\/en\/wp-json\/wp\/v2\/product_cat?post=12812"},{"taxonomy":"product_tag","embeddable":true,"href":"https:\/\/skrina.si\/en\/wp-json\/wp\/v2\/product_tag?post=12812"}],"curies":[{"name":"wp","href":"https:\/\/api.w.org\/{rel}","templated":true}]}}