{"id":12810,"date":"2024-02-08T09:31:36","date_gmt":"2024-02-08T08:31:36","guid":{"rendered":"https:\/\/skrina.si\/?post_type=product&#038;p=12810"},"modified":"2024-09-19T19:00:19","modified_gmt":"2024-09-19T17:00:19","slug":"magnolija-eng","status":"publish","type":"product","link":"https:\/\/skrina.si\/en\/product\/magnolija-eng\/","title":{"rendered":"Magnolia"},"content":{"rendered":"","protected":false},"excerpt":{"rendered":"<h5><strong><em>The magnolia<\/em><\/strong> came to Europe from <em><strong>China<\/strong><\/em>. Legend has it that in ancient times, only <em><strong>the Emperor<\/strong><\/em> had the right to see the magnolia in bloom. He could also give the exuberant pink sprig as a gift, but only to his most loyal servant.<br \/>\nIn addition, some claim that the first tree grew on the grave of the ancient sage <strong><em>Confucius<\/em><\/strong>, but even this is only conjecture. Later, as the magnolia became popular, the magnolia symbolises perseverance and stubbornness and conveys the message, <strong><em>&#8220;You will be with me anyway.&#8221;<\/em><\/strong> This interpretation also comes from the mysterious East, where a small pale purple magnolia sprig says everything about the emotions of the giver. Because of this metaphor, the magnolia is often used in bridal bouquets, as the flower is also considered a symbol of feminine beauty, tenderness, and innocence.<\/h5>\n<h6 style=\"text-align: justify;\">Details:<\/h6>\n<ul>\n<li>\n<h6>Size: height 12 cm, width 6 cm<\/h6>\n<\/li>\n<li>\n<h6>Material: Ceramics<\/h6>\n<\/li>\n<li>\n<h6>In a gift bag with an attached certificate<\/h6>\n<\/li>\n<li>\n<h6>Designed with love for details<\/h6>\n<\/li>\n<li>\n<h6>An ideal gift for lovers of flowering fruit trees and apples<\/h6>\n<\/li>\n<\/ul>\n","protected":false},"featured_media":8125,"template":"","meta":{"_monsterinsights_skip_tracking":false,"_monsterinsights_sitenote_active":false,"_monsterinsights_sitenote_note":"","_monsterinsights_sitenote_category":0},"product_cat":[1623,1045],"product_tag":[1426],"aioseo_notices":[],"yoast_head":"<!-- This site is optimized with the Yoast SEO plugin v22.1 - https:\/\/yoast.com\/wordpress\/plugins\/seo\/ -->\n<title>Magnolia - Etnogalerija Skrina<\/title>\n<meta name=\"description\" content=\"Zaradi te prispodobe se magnolija pogosto uporablja pri pripravi poro\u010dnih \u0161opkov, saj cvet velja tudi za simbol \u017eenske lepote, ne\u017enosti in nedol\u017enosti.\" \/>\n<meta name=\"robots\" content=\"index, follow, max-snippet:-1, max-image-preview:large, max-video-preview:-1\" \/>\n<link rel=\"canonical\" href=\"https:\/\/skrina.si\/en\/product\/magnolija-eng\/\" \/>\n<meta property=\"og:locale\" content=\"en_GB\" \/>\n<meta property=\"og:locale:alternate\" content=\"sl_SI\" \/>\n<meta property=\"og:type\" content=\"article\" \/>\n<meta property=\"og:title\" content=\"Magnolia\" \/>\n<meta property=\"og:description\" content=\"Zaradi te prispodobe se magnolija pogosto uporablja pri pripravi poro\u010dnih \u0161opkov, saj cvet velja tudi za simbol \u017eenske lepote, ne\u017enosti in nedol\u017enosti.\" \/>\n<meta property=\"og:url\" content=\"https:\/\/skrina.si\/en\/product\/magnolija-eng\/\" \/>\n<meta property=\"og:site_name\" content=\"Etnogalerija Skrina\" \/>\n<meta property=\"article:modified_time\" content=\"2024-09-19T17:00:19+00:00\" \/>\n<meta property=\"og:image\" content=\"https:\/\/skrina.si\/wp-content\/uploads\/2021\/07\/Rozne-vile-magnolija-dekor-Slovenske-cvetlice-roze-Tradicija-s-posluhom-Etno-galerija-Skrina.jpg\" \/>\n\t<meta property=\"og:image:width\" content=\"1619\" \/>\n\t<meta property=\"og:image:height\" content=\"1213\" \/>\n\t<meta property=\"og:image:type\" content=\"image\/jpeg\" \/>\n<meta name=\"twitter:card\" content=\"summary_large_image\" \/>\n<meta name=\"twitter:label1\" content=\"Estimated reading time\" \/>\n\t<meta name=\"twitter:data1\" content=\"1 minute\" \/>\n<script type=\"application\/ld+json\" class=\"yoast-schema-graph\">{\"@context\":\"https:\/\/schema.org\",\"@graph\":[{\"@type\":\"WebPage\",\"@id\":\"https:\/\/skrina.si\/en\/product\/magnolija-eng\/\",\"url\":\"https:\/\/skrina.si\/en\/product\/magnolija-eng\/\",\"name\":\"[:en]Magnolia[:sl]Magnolia[:] - Etnogalerija Skrina\",\"isPartOf\":{\"@id\":\"https:\/\/skrina.si\/en\/#website\"},\"datePublished\":\"2024-02-08T08:31:36+00:00\",\"dateModified\":\"2024-09-19T17:00:19+00:00\",\"description\":\"Zaradi te prispodobe se magnolija pogosto uporablja pri pripravi poro\u010dnih \u0161opkov, saj cvet velja tudi za simbol \u017eenske lepote, ne\u017enosti in nedol\u017enosti.\",\"breadcrumb\":{\"@id\":\"https:\/\/skrina.si\/en\/product\/magnolija-eng\/#breadcrumb\"},\"inLanguage\":\"en-GB\",\"potentialAction\":[{\"@type\":\"ReadAction\",\"target\":[\"https:\/\/skrina.si\/en\/product\/magnolija-eng\/\"]}]},{\"@type\":\"BreadcrumbList\",\"@id\":\"https:\/\/skrina.si\/en\/product\/magnolija-eng\/#breadcrumb\",\"itemListElement\":[{\"@type\":\"ListItem\",\"position\":1,\"name\":\"Home\",\"item\":\"https:\/\/skrina.si\/en\/\"},{\"@type\":\"ListItem\",\"position\":2,\"name\":\"Shop\",\"item\":\"https:\/\/skrina.si\/shop\/\"},{\"@type\":\"ListItem\",\"position\":3,\"name\":\"Magnolia\"}]},{\"@type\":\"WebSite\",\"@id\":\"https:\/\/skrina.si\/en\/#website\",\"url\":\"https:\/\/skrina.si\/en\/\",\"name\":\"Etnogalerija Skrina\",\"description\":\"Tradicija s posluhom\",\"potentialAction\":[{\"@type\":\"SearchAction\",\"target\":{\"@type\":\"EntryPoint\",\"urlTemplate\":\"https:\/\/skrina.si\/en\/?s={search_term_string}\"},\"query-input\":\"required name=search_term_string\"}],\"inLanguage\":\"en-GB\"}]}<\/script>\n<!-- \/ Yoast SEO plugin. -->","yoast_head_json":{"title":"Magnolia - Etnogalerija Skrina","description":"Zaradi te prispodobe se magnolija pogosto uporablja pri pripravi poro\u010dnih \u0161opkov, saj cvet velja tudi za simbol \u017eenske lepote, ne\u017enosti in nedol\u017enosti.","robots":{"index":"index","follow":"follow","max-snippet":"max-snippet:-1","max-image-preview":"max-image-preview:large","max-video-preview":"max-video-preview:-1"},"canonical":"https:\/\/skrina.si\/en\/product\/magnolija-eng\/","og_locale":"en_GB","og_type":"article","og_title":"[:en]Magnolia[:sl]Magnolia[:] - Etnogalerija Skrina","og_description":"Zaradi te prispodobe se magnolija pogosto uporablja pri pripravi poro\u010dnih \u0161opkov, saj cvet velja tudi za simbol \u017eenske lepote, ne\u017enosti in nedol\u017enosti.","og_url":"https:\/\/skrina.si\/en\/product\/magnolija-eng\/","og_site_name":"Etnogalerija Skrina","article_modified_time":"2024-09-19T17:00:19+00:00","og_image":[{"width":1619,"height":1213,"url":"https:\/\/skrina.si\/wp-content\/uploads\/2021\/07\/Rozne-vile-magnolija-dekor-Slovenske-cvetlice-roze-Tradicija-s-posluhom-Etno-galerija-Skrina.jpg","type":"image\/jpeg"}],"twitter_card":"summary_large_image","twitter_misc":{"Estimated reading time":"1 minute"},"schema":{"@context":"https:\/\/schema.org","@graph":[{"@type":"WebPage","@id":"https:\/\/skrina.si\/en\/product\/magnolija-eng\/","url":"https:\/\/skrina.si\/en\/product\/magnolija-eng\/","name":"[:en]Magnolia[:sl]Magnolia[:] - Etnogalerija Skrina","isPartOf":{"@id":"https:\/\/skrina.si\/en\/#website"},"datePublished":"2024-02-08T08:31:36+00:00","dateModified":"2024-09-19T17:00:19+00:00","description":"Zaradi te prispodobe se magnolija pogosto uporablja pri pripravi poro\u010dnih \u0161opkov, saj cvet velja tudi za simbol \u017eenske lepote, ne\u017enosti in nedol\u017enosti.","breadcrumb":{"@id":"https:\/\/skrina.si\/en\/product\/magnolija-eng\/#breadcrumb"},"inLanguage":"en-GB","potentialAction":[{"@type":"ReadAction","target":["https:\/\/skrina.si\/en\/product\/magnolija-eng\/"]}]},{"@type":"BreadcrumbList","@id":"https:\/\/skrina.si\/en\/product\/magnolija-eng\/#breadcrumb","itemListElement":[{"@type":"ListItem","position":1,"name":"Home","item":"https:\/\/skrina.si\/en\/"},{"@type":"ListItem","position":2,"name":"Shop","item":"https:\/\/skrina.si\/shop\/"},{"@type":"ListItem","position":3,"name":"Magnolia"}]},{"@type":"WebSite","@id":"https:\/\/skrina.si\/en\/#website","url":"https:\/\/skrina.si\/en\/","name":"Etnogalerija Skrina","description":"Tradicija s posluhom","potentialAction":[{"@type":"SearchAction","target":{"@type":"EntryPoint","urlTemplate":"https:\/\/skrina.si\/en\/?s={search_term_string}"},"query-input":"required name=search_term_string"}],"inLanguage":"en-GB"}]}},"_links":{"self":[{"href":"https:\/\/skrina.si\/en\/wp-json\/wp\/v2\/product\/12810"}],"collection":[{"href":"https:\/\/skrina.si\/en\/wp-json\/wp\/v2\/product"}],"about":[{"href":"https:\/\/skrina.si\/en\/wp-json\/wp\/v2\/types\/product"}],"wp:featuredmedia":[{"embeddable":true,"href":"https:\/\/skrina.si\/en\/wp-json\/wp\/v2\/media\/8125"}],"wp:attachment":[{"href":"https:\/\/skrina.si\/en\/wp-json\/wp\/v2\/media?parent=12810"}],"wp:term":[{"taxonomy":"product_cat","embeddable":true,"href":"https:\/\/skrina.si\/en\/wp-json\/wp\/v2\/product_cat?post=12810"},{"taxonomy":"product_tag","embeddable":true,"href":"https:\/\/skrina.si\/en\/wp-json\/wp\/v2\/product_tag?post=12810"}],"curies":[{"name":"wp","href":"https:\/\/api.w.org\/{rel}","templated":true}]}}