{"id":12808,"date":"2024-02-10T09:31:26","date_gmt":"2024-02-10T08:31:26","guid":{"rendered":"https:\/\/skrina.si\/?post_type=product&#038;p=12808"},"modified":"2024-09-19T18:58:16","modified_gmt":"2024-09-19T16:58:16","slug":"spanski-bezeg-eng","status":"publish","type":"product","link":"https:\/\/skrina.si\/en\/product\/spanski-bezeg-eng\/","title":{"rendered":"Lilac"},"content":{"rendered":"","protected":false},"excerpt":{"rendered":"<h5 style=\"text-align: justify;\"><strong><em>The lilac<\/em><\/strong> is a beautiful ornamental shrub, which enchants us in May with its lush, stunningly fragrant flowers, which is why it is also known as \u2032<strong><em>majnica<\/em><\/strong>\u2035, \u2032<strong><em>lipovka<\/em><\/strong>\u2035 or \u2032<strong><em>jorgovan<\/em><\/strong>\u2035 for its heart-shaped leaves. Once upon a time, there was not a house or yard, urban or rural, or park, without at least one lilac bush, so it seems that it has always been with us. But, in fact, it comes from China, from where it was first brought to Turkey, and from there, in <strong><em>1554<\/em><\/strong>, a seedling of the lilac was brought by an envoy of the then King Ferdinand I of Hungary and planted in <strong><em>Vienna<\/em><\/strong>. The plant was admired, and it was only a matter of time before it spread to Slovenia.<br \/>\nThe color of the blossoms can be white, pink, purple, blue-violet or scarlet red. The scent of the lilac depends on the color, which is so pronounced when it is in bloom that it can be detected from a distance even before the shrub is seen. Somehow, however, the darker the flowers, the more distinct the scent.<\/h5>\n<h6>Details:<\/h6>\n<ul>\n<li>\n<h6>Size: height 12\/13 cm, width 7 cm<\/h6>\n<\/li>\n<li>\n<h6>Material: Ceramics<\/h6>\n<\/li>\n<li>\n<h6>In a gift bag with an attached certificate<\/h6>\n<\/li>\n<li>\n<h6>Designed with love for details<\/h6>\n<\/li>\n<li>\n<h6>An ideal gift for flower lovers and Spanish elderflower fans<\/h6>\n<\/li>\n<\/ul>\n","protected":false},"featured_media":8106,"template":"","meta":{"_monsterinsights_skip_tracking":false,"_monsterinsights_sitenote_active":false,"_monsterinsights_sitenote_note":"","_monsterinsights_sitenote_category":0},"product_cat":[1623,1045],"product_tag":[1434,1436],"aioseo_notices":[],"yoast_head":"<!-- This site is optimized with the Yoast SEO plugin v22.1 - https:\/\/yoast.com\/wordpress\/plugins\/seo\/ -->\n<title>Lilac - Etnogalerija Skrina<\/title>\n<meta name=\"description\" content=\"\u0160panski bezeg je pre\u010dudovit okrasni grm, ki nas z bujnimi, omamno di\u0161e\u010dimi cvetovi o\u010dara v mesecu maju, zato ga imenujemo tudi majnica.\" \/>\n<meta name=\"robots\" content=\"index, follow, max-snippet:-1, max-image-preview:large, max-video-preview:-1\" \/>\n<link rel=\"canonical\" href=\"https:\/\/skrina.si\/en\/product\/spanski-bezeg-eng\/\" \/>\n<meta property=\"og:locale\" content=\"en_GB\" \/>\n<meta property=\"og:locale:alternate\" content=\"sl_SI\" \/>\n<meta property=\"og:type\" content=\"article\" \/>\n<meta property=\"og:title\" content=\"Lilac\" \/>\n<meta property=\"og:description\" content=\"\u0160panski bezeg je pre\u010dudovit okrasni grm, ki nas z bujnimi, omamno di\u0161e\u010dimi cvetovi o\u010dara v mesecu maju, zato ga imenujemo tudi majnica.\" \/>\n<meta property=\"og:url\" content=\"https:\/\/skrina.si\/en\/product\/spanski-bezeg-eng\/\" \/>\n<meta property=\"og:site_name\" content=\"Etnogalerija Skrina\" \/>\n<meta property=\"article:modified_time\" content=\"2024-09-19T16:58:16+00:00\" \/>\n<meta property=\"og:image\" content=\"https:\/\/skrina.si\/wp-content\/uploads\/2021\/09\/Rozne-vile-spanski-bezeg-vijola-dekor-Slovenske-cvetlice-roze-Tradicija-s-posluhom-Etno-galerija-Skrina.jpg\" \/>\n\t<meta property=\"og:image:width\" content=\"1619\" \/>\n\t<meta property=\"og:image:height\" content=\"1213\" \/>\n\t<meta property=\"og:image:type\" content=\"image\/jpeg\" \/>\n<meta name=\"twitter:card\" content=\"summary_large_image\" \/>\n<meta name=\"twitter:label1\" content=\"Estimated reading time\" \/>\n\t<meta name=\"twitter:data1\" content=\"1 minute\" \/>\n<script type=\"application\/ld+json\" class=\"yoast-schema-graph\">{\"@context\":\"https:\/\/schema.org\",\"@graph\":[{\"@type\":\"WebPage\",\"@id\":\"https:\/\/skrina.si\/en\/product\/spanski-bezeg-eng\/\",\"url\":\"https:\/\/skrina.si\/en\/product\/spanski-bezeg-eng\/\",\"name\":\"[:en]Lilac[:sl]Lilac[:] - Etnogalerija Skrina\",\"isPartOf\":{\"@id\":\"https:\/\/skrina.si\/en\/#website\"},\"datePublished\":\"2024-02-10T08:31:26+00:00\",\"dateModified\":\"2024-09-19T16:58:16+00:00\",\"description\":\"\u0160panski bezeg je pre\u010dudovit okrasni grm, ki nas z bujnimi, omamno di\u0161e\u010dimi cvetovi o\u010dara v mesecu maju, zato ga imenujemo tudi majnica.\",\"breadcrumb\":{\"@id\":\"https:\/\/skrina.si\/en\/product\/spanski-bezeg-eng\/#breadcrumb\"},\"inLanguage\":\"en-GB\",\"potentialAction\":[{\"@type\":\"ReadAction\",\"target\":[\"https:\/\/skrina.si\/en\/product\/spanski-bezeg-eng\/\"]}]},{\"@type\":\"BreadcrumbList\",\"@id\":\"https:\/\/skrina.si\/en\/product\/spanski-bezeg-eng\/#breadcrumb\",\"itemListElement\":[{\"@type\":\"ListItem\",\"position\":1,\"name\":\"Home\",\"item\":\"https:\/\/skrina.si\/en\/\"},{\"@type\":\"ListItem\",\"position\":2,\"name\":\"Shop\",\"item\":\"https:\/\/skrina.si\/shop\/\"},{\"@type\":\"ListItem\",\"position\":3,\"name\":\"Lilac\"}]},{\"@type\":\"WebSite\",\"@id\":\"https:\/\/skrina.si\/en\/#website\",\"url\":\"https:\/\/skrina.si\/en\/\",\"name\":\"Etnogalerija Skrina\",\"description\":\"Tradicija s posluhom\",\"potentialAction\":[{\"@type\":\"SearchAction\",\"target\":{\"@type\":\"EntryPoint\",\"urlTemplate\":\"https:\/\/skrina.si\/en\/?s={search_term_string}\"},\"query-input\":\"required name=search_term_string\"}],\"inLanguage\":\"en-GB\"}]}<\/script>\n<!-- \/ Yoast SEO plugin. -->","yoast_head_json":{"title":"Lilac - Etnogalerija Skrina","description":"\u0160panski bezeg je pre\u010dudovit okrasni grm, ki nas z bujnimi, omamno di\u0161e\u010dimi cvetovi o\u010dara v mesecu maju, zato ga imenujemo tudi majnica.","robots":{"index":"index","follow":"follow","max-snippet":"max-snippet:-1","max-image-preview":"max-image-preview:large","max-video-preview":"max-video-preview:-1"},"canonical":"https:\/\/skrina.si\/en\/product\/spanski-bezeg-eng\/","og_locale":"en_GB","og_type":"article","og_title":"[:en]Lilac[:sl]Lilac[:] - Etnogalerija Skrina","og_description":"\u0160panski bezeg je pre\u010dudovit okrasni grm, ki nas z bujnimi, omamno di\u0161e\u010dimi cvetovi o\u010dara v mesecu maju, zato ga imenujemo tudi majnica.","og_url":"https:\/\/skrina.si\/en\/product\/spanski-bezeg-eng\/","og_site_name":"Etnogalerija Skrina","article_modified_time":"2024-09-19T16:58:16+00:00","og_image":[{"width":1619,"height":1213,"url":"https:\/\/skrina.si\/wp-content\/uploads\/2021\/09\/Rozne-vile-spanski-bezeg-vijola-dekor-Slovenske-cvetlice-roze-Tradicija-s-posluhom-Etno-galerija-Skrina.jpg","type":"image\/jpeg"}],"twitter_card":"summary_large_image","twitter_misc":{"Estimated reading time":"1 minute"},"schema":{"@context":"https:\/\/schema.org","@graph":[{"@type":"WebPage","@id":"https:\/\/skrina.si\/en\/product\/spanski-bezeg-eng\/","url":"https:\/\/skrina.si\/en\/product\/spanski-bezeg-eng\/","name":"[:en]Lilac[:sl]Lilac[:] - Etnogalerija Skrina","isPartOf":{"@id":"https:\/\/skrina.si\/en\/#website"},"datePublished":"2024-02-10T08:31:26+00:00","dateModified":"2024-09-19T16:58:16+00:00","description":"\u0160panski bezeg je pre\u010dudovit okrasni grm, ki nas z bujnimi, omamno di\u0161e\u010dimi cvetovi o\u010dara v mesecu maju, zato ga imenujemo tudi majnica.","breadcrumb":{"@id":"https:\/\/skrina.si\/en\/product\/spanski-bezeg-eng\/#breadcrumb"},"inLanguage":"en-GB","potentialAction":[{"@type":"ReadAction","target":["https:\/\/skrina.si\/en\/product\/spanski-bezeg-eng\/"]}]},{"@type":"BreadcrumbList","@id":"https:\/\/skrina.si\/en\/product\/spanski-bezeg-eng\/#breadcrumb","itemListElement":[{"@type":"ListItem","position":1,"name":"Home","item":"https:\/\/skrina.si\/en\/"},{"@type":"ListItem","position":2,"name":"Shop","item":"https:\/\/skrina.si\/shop\/"},{"@type":"ListItem","position":3,"name":"Lilac"}]},{"@type":"WebSite","@id":"https:\/\/skrina.si\/en\/#website","url":"https:\/\/skrina.si\/en\/","name":"Etnogalerija Skrina","description":"Tradicija s posluhom","potentialAction":[{"@type":"SearchAction","target":{"@type":"EntryPoint","urlTemplate":"https:\/\/skrina.si\/en\/?s={search_term_string}"},"query-input":"required name=search_term_string"}],"inLanguage":"en-GB"}]}},"_links":{"self":[{"href":"https:\/\/skrina.si\/en\/wp-json\/wp\/v2\/product\/12808"}],"collection":[{"href":"https:\/\/skrina.si\/en\/wp-json\/wp\/v2\/product"}],"about":[{"href":"https:\/\/skrina.si\/en\/wp-json\/wp\/v2\/types\/product"}],"wp:featuredmedia":[{"embeddable":true,"href":"https:\/\/skrina.si\/en\/wp-json\/wp\/v2\/media\/8106"}],"wp:attachment":[{"href":"https:\/\/skrina.si\/en\/wp-json\/wp\/v2\/media?parent=12808"}],"wp:term":[{"taxonomy":"product_cat","embeddable":true,"href":"https:\/\/skrina.si\/en\/wp-json\/wp\/v2\/product_cat?post=12808"},{"taxonomy":"product_tag","embeddable":true,"href":"https:\/\/skrina.si\/en\/wp-json\/wp\/v2\/product_tag?post=12808"}],"curies":[{"name":"wp","href":"https:\/\/api.w.org\/{rel}","templated":true}]}}