{"id":12805,"date":"2024-02-13T09:31:17","date_gmt":"2024-02-13T08:31:17","guid":{"rendered":"https:\/\/skrina.si\/?post_type=product&#038;p=12805"},"modified":"2024-09-19T18:52:11","modified_gmt":"2024-09-19T16:52:11","slug":"snowdrops-and-spring-snowflakes","status":"publish","type":"product","link":"https:\/\/skrina.si\/en\/product\/snowdrops-and-spring-snowflakes\/","title":{"rendered":"Snowdrops and spring snowflakes"},"content":{"rendered":"","protected":false},"excerpt":{"rendered":"<h5 style=\"text-align: justify;\">In many parts of Slovenia, <strong><em>snowdrops and spring snowflakes<\/em><\/strong> are the first to bloom in spring, coloring the barely awakened meadows. The snowdrops, also known as <strong><em>the flowers of cold and sunshine<\/em><\/strong>, are the tiny white beauties that usually surprise the seaside as early as mid-December. Even though night temperatures are still below freezing, so the snowdrops freeze and become frosty, the warm rays of the sun give them back their strength and energy to bloom. But if the temperature rises above 10 degrees Celsius, they wither quickly, which is why the snowdrops in the vases in the middle of our dining table do not last more than a day or two. For those who are truly fond of these seemingly delicate flowers, their beauty is especially admired in the wild, as the snowdrop is <em><strong>a protected natural species and must not be picked<\/strong><\/em>. Like other spring flowers, the snowdrop and the spring snowflake carry messages of love and, with their whiteness, symbolize the<em><strong> purity of love and tender longing.<\/strong><\/em><\/h5>\n<ul>\n<li>\n<h6>Size: height 12\/13 cm, width 7\/8 cm<\/h6>\n<\/li>\n<li>\n<h6>Material: Ceramics<\/h6>\n<\/li>\n<li>\n<h6>In a gift bag with an attached certificate<\/h6>\n<\/li>\n<li>\n<h6>Designed with love for details<\/h6>\n<\/li>\n<li>\n<h6>An ideal gift for flower lovers and poppy fans<\/h6>\n<\/li>\n<\/ul>\n","protected":false},"featured_media":8101,"template":"","meta":{"_monsterinsights_skip_tracking":false,"_monsterinsights_sitenote_active":false,"_monsterinsights_sitenote_note":"","_monsterinsights_sitenote_category":0},"product_cat":[1623,1045],"product_tag":[1440],"aioseo_notices":[],"yoast_head":"<!-- This site is optimized with the Yoast SEO plugin v22.1 - https:\/\/yoast.com\/wordpress\/plugins\/seo\/ -->\n<title>Snowdrops and spring snowflakes - Etnogalerija Skrina<\/title>\n<meta name=\"description\" content=\"Tako kot ostale pomladanske cvetlice, sta tudi zvon\u010dek in kronca nosilca ljubezenskih sporo\u010dil in s svojo belino simbolizirata \u010distost ljubezni in ne\u017eno hrepenenje.\" \/>\n<meta name=\"robots\" content=\"index, follow, max-snippet:-1, max-image-preview:large, max-video-preview:-1\" \/>\n<link rel=\"canonical\" href=\"https:\/\/skrina.si\/en\/product\/snowdrops-and-spring-snowflakes\/\" \/>\n<meta property=\"og:locale\" content=\"en_GB\" \/>\n<meta property=\"og:locale:alternate\" content=\"sl_SI\" \/>\n<meta property=\"og:type\" content=\"article\" \/>\n<meta property=\"og:title\" content=\"Snowdrops and spring snowflakes\" \/>\n<meta property=\"og:description\" content=\"Tako kot ostale pomladanske cvetlice, sta tudi zvon\u010dek in kronca nosilca ljubezenskih sporo\u010dil in s svojo belino simbolizirata \u010distost ljubezni in ne\u017eno hrepenenje.\" \/>\n<meta property=\"og:url\" content=\"https:\/\/skrina.si\/en\/product\/snowdrops-and-spring-snowflakes\/\" \/>\n<meta property=\"og:site_name\" content=\"Etnogalerija Skrina\" \/>\n<meta property=\"article:modified_time\" content=\"2024-09-19T16:52:11+00:00\" \/>\n<meta property=\"og:image\" content=\"https:\/\/skrina.si\/wp-content\/uploads\/2021\/09\/Rozne-vile-zvoncek-dekor-Slovenske-cvetlice-roze-Tradicija-s-posluhom-Etno-galerija-Skrina.jpg\" \/>\n\t<meta property=\"og:image:width\" content=\"1619\" \/>\n\t<meta property=\"og:image:height\" content=\"1213\" \/>\n\t<meta property=\"og:image:type\" content=\"image\/jpeg\" \/>\n<meta name=\"twitter:card\" content=\"summary_large_image\" \/>\n<meta name=\"twitter:label1\" content=\"Estimated reading time\" \/>\n\t<meta name=\"twitter:data1\" content=\"1 minute\" \/>\n<script type=\"application\/ld+json\" class=\"yoast-schema-graph\">{\"@context\":\"https:\/\/schema.org\",\"@graph\":[{\"@type\":\"WebPage\",\"@id\":\"https:\/\/skrina.si\/en\/product\/snowdrops-and-spring-snowflakes\/\",\"url\":\"https:\/\/skrina.si\/en\/product\/snowdrops-and-spring-snowflakes\/\",\"name\":\"[:en]Snowdrops and spring snowflakes[:sl]Snowdrops and spring snowflakes[:] - Etnogalerija Skrina\",\"isPartOf\":{\"@id\":\"https:\/\/skrina.si\/en\/#website\"},\"datePublished\":\"2024-02-13T08:31:17+00:00\",\"dateModified\":\"2024-09-19T16:52:11+00:00\",\"description\":\"Tako kot ostale pomladanske cvetlice, sta tudi zvon\u010dek in kronca nosilca ljubezenskih sporo\u010dil in s svojo belino simbolizirata \u010distost ljubezni in ne\u017eno hrepenenje.\",\"breadcrumb\":{\"@id\":\"https:\/\/skrina.si\/en\/product\/snowdrops-and-spring-snowflakes\/#breadcrumb\"},\"inLanguage\":\"en-GB\",\"potentialAction\":[{\"@type\":\"ReadAction\",\"target\":[\"https:\/\/skrina.si\/en\/product\/snowdrops-and-spring-snowflakes\/\"]}]},{\"@type\":\"BreadcrumbList\",\"@id\":\"https:\/\/skrina.si\/en\/product\/snowdrops-and-spring-snowflakes\/#breadcrumb\",\"itemListElement\":[{\"@type\":\"ListItem\",\"position\":1,\"name\":\"Home\",\"item\":\"https:\/\/skrina.si\/en\/\"},{\"@type\":\"ListItem\",\"position\":2,\"name\":\"Shop\",\"item\":\"https:\/\/skrina.si\/shop\/\"},{\"@type\":\"ListItem\",\"position\":3,\"name\":\"Snowdrops and spring snowflakes\"}]},{\"@type\":\"WebSite\",\"@id\":\"https:\/\/skrina.si\/en\/#website\",\"url\":\"https:\/\/skrina.si\/en\/\",\"name\":\"Etnogalerija Skrina\",\"description\":\"Tradicija s posluhom\",\"potentialAction\":[{\"@type\":\"SearchAction\",\"target\":{\"@type\":\"EntryPoint\",\"urlTemplate\":\"https:\/\/skrina.si\/en\/?s={search_term_string}\"},\"query-input\":\"required name=search_term_string\"}],\"inLanguage\":\"en-GB\"}]}<\/script>\n<!-- \/ Yoast SEO plugin. -->","yoast_head_json":{"title":"Snowdrops and spring snowflakes - Etnogalerija Skrina","description":"Tako kot ostale pomladanske cvetlice, sta tudi zvon\u010dek in kronca nosilca ljubezenskih sporo\u010dil in s svojo belino simbolizirata \u010distost ljubezni in ne\u017eno hrepenenje.","robots":{"index":"index","follow":"follow","max-snippet":"max-snippet:-1","max-image-preview":"max-image-preview:large","max-video-preview":"max-video-preview:-1"},"canonical":"https:\/\/skrina.si\/en\/product\/snowdrops-and-spring-snowflakes\/","og_locale":"en_GB","og_type":"article","og_title":"[:en]Snowdrops and spring snowflakes[:sl]Snowdrops and spring snowflakes[:] - Etnogalerija Skrina","og_description":"Tako kot ostale pomladanske cvetlice, sta tudi zvon\u010dek in kronca nosilca ljubezenskih sporo\u010dil in s svojo belino simbolizirata \u010distost ljubezni in ne\u017eno hrepenenje.","og_url":"https:\/\/skrina.si\/en\/product\/snowdrops-and-spring-snowflakes\/","og_site_name":"Etnogalerija Skrina","article_modified_time":"2024-09-19T16:52:11+00:00","og_image":[{"width":1619,"height":1213,"url":"https:\/\/skrina.si\/wp-content\/uploads\/2021\/09\/Rozne-vile-zvoncek-dekor-Slovenske-cvetlice-roze-Tradicija-s-posluhom-Etno-galerija-Skrina.jpg","type":"image\/jpeg"}],"twitter_card":"summary_large_image","twitter_misc":{"Estimated reading time":"1 minute"},"schema":{"@context":"https:\/\/schema.org","@graph":[{"@type":"WebPage","@id":"https:\/\/skrina.si\/en\/product\/snowdrops-and-spring-snowflakes\/","url":"https:\/\/skrina.si\/en\/product\/snowdrops-and-spring-snowflakes\/","name":"[:en]Snowdrops and spring snowflakes[:sl]Snowdrops and spring snowflakes[:] - Etnogalerija Skrina","isPartOf":{"@id":"https:\/\/skrina.si\/en\/#website"},"datePublished":"2024-02-13T08:31:17+00:00","dateModified":"2024-09-19T16:52:11+00:00","description":"Tako kot ostale pomladanske cvetlice, sta tudi zvon\u010dek in kronca nosilca ljubezenskih sporo\u010dil in s svojo belino simbolizirata \u010distost ljubezni in ne\u017eno hrepenenje.","breadcrumb":{"@id":"https:\/\/skrina.si\/en\/product\/snowdrops-and-spring-snowflakes\/#breadcrumb"},"inLanguage":"en-GB","potentialAction":[{"@type":"ReadAction","target":["https:\/\/skrina.si\/en\/product\/snowdrops-and-spring-snowflakes\/"]}]},{"@type":"BreadcrumbList","@id":"https:\/\/skrina.si\/en\/product\/snowdrops-and-spring-snowflakes\/#breadcrumb","itemListElement":[{"@type":"ListItem","position":1,"name":"Home","item":"https:\/\/skrina.si\/en\/"},{"@type":"ListItem","position":2,"name":"Shop","item":"https:\/\/skrina.si\/shop\/"},{"@type":"ListItem","position":3,"name":"Snowdrops and spring snowflakes"}]},{"@type":"WebSite","@id":"https:\/\/skrina.si\/en\/#website","url":"https:\/\/skrina.si\/en\/","name":"Etnogalerija Skrina","description":"Tradicija s posluhom","potentialAction":[{"@type":"SearchAction","target":{"@type":"EntryPoint","urlTemplate":"https:\/\/skrina.si\/en\/?s={search_term_string}"},"query-input":"required name=search_term_string"}],"inLanguage":"en-GB"}]}},"_links":{"self":[{"href":"https:\/\/skrina.si\/en\/wp-json\/wp\/v2\/product\/12805"}],"collection":[{"href":"https:\/\/skrina.si\/en\/wp-json\/wp\/v2\/product"}],"about":[{"href":"https:\/\/skrina.si\/en\/wp-json\/wp\/v2\/types\/product"}],"wp:featuredmedia":[{"embeddable":true,"href":"https:\/\/skrina.si\/en\/wp-json\/wp\/v2\/media\/8101"}],"wp:attachment":[{"href":"https:\/\/skrina.si\/en\/wp-json\/wp\/v2\/media?parent=12805"}],"wp:term":[{"taxonomy":"product_cat","embeddable":true,"href":"https:\/\/skrina.si\/en\/wp-json\/wp\/v2\/product_cat?post=12805"},{"taxonomy":"product_tag","embeddable":true,"href":"https:\/\/skrina.si\/en\/wp-json\/wp\/v2\/product_tag?post=12805"}],"curies":[{"name":"wp","href":"https:\/\/api.w.org\/{rel}","templated":true}]}}