{"id":12803,"date":"2024-02-15T09:31:10","date_gmt":"2024-02-15T08:31:10","guid":{"rendered":"https:\/\/skrina.si\/?post_type=product&#038;p=12803"},"modified":"2024-09-19T18:49:51","modified_gmt":"2024-09-19T16:49:51","slug":"tulipan-eng","status":"publish","type":"product","link":"https:\/\/skrina.si\/en\/product\/tulipan-eng\/","title":{"rendered":"Tulip"},"content":{"rendered":"","protected":false},"excerpt":{"rendered":"<h5 style=\"text-align: justify;\">Many people believe that <strong><em>tulips<\/em><\/strong> originated in the Netherlands, but in fact, they were brought to Holland in the early 16th century <strong><em>from central Asia<\/em><\/strong>. Its arrival was a triumph; overnight it became a symbol of beauty, luxury, and fabulous wealth among avid flower lovers, but also of luxury, vanity, and nothingness. Flower enthusiasts were prepared to weigh the bulbs of rare species in gold; we know from trade records that collectors paid as much for a few bulbs as for a townhouse or a medium-sized sailing ship. There are more than 3000 different tulips. Red tulips represent love, white tulips symbolize forgiveness and apology, and purple tulips represent blue blood. There are no black tulips in nature, but breeders have crossed them to create tulips of a deep purple color that look almost black.<br \/>\nThe variety has been called <strong><em>&#8216;Queen of the Night&#8217;<\/em><\/strong> and is extremely popular.<\/h5>\n<h6>Details:<\/h6>\n<ul>\n<li>\n<h6>Size: height 12\/13 cm, width 7\/8 cm<\/h6>\n<\/li>\n<li>\n<h6>Material: Ceramics<\/h6>\n<\/li>\n<li>\n<h6>In a gift bag with an attached certificate<\/h6>\n<\/li>\n<li>\n<h6>Designed with love for details<\/h6>\n<\/li>\n<li>\n<h6>An ideal gift for flower lovers and poppy fans<\/h6>\n<\/li>\n<\/ul>\n","protected":false},"featured_media":8098,"template":"","meta":{"_monsterinsights_skip_tracking":false,"_monsterinsights_sitenote_active":false,"_monsterinsights_sitenote_note":"","_monsterinsights_sitenote_category":0},"product_cat":[1623,1045],"product_tag":[1442],"aioseo_notices":[],"yoast_head":"<!-- This site is optimized with the Yoast SEO plugin v22.1 - https:\/\/yoast.com\/wordpress\/plugins\/seo\/ -->\n<title>Tulip - Etnogalerija Skrina<\/title>\n<meta name=\"description\" content=\"Obstaja ve\u010d kot 3000 razli\u010dnih tulipanov. Rde\u010di tulipani pomenijo ljubezen, beli simbolizirajo odpu\u0161\u010danje in opravi\u010dilo, vijoli\u010dasti pa modro kri.\" \/>\n<meta name=\"robots\" content=\"index, follow, max-snippet:-1, max-image-preview:large, max-video-preview:-1\" \/>\n<link rel=\"canonical\" href=\"https:\/\/skrina.si\/en\/product\/tulipan-eng\/\" \/>\n<meta property=\"og:locale\" content=\"en_GB\" \/>\n<meta property=\"og:locale:alternate\" content=\"sl_SI\" \/>\n<meta property=\"og:type\" content=\"article\" \/>\n<meta property=\"og:title\" content=\"Tulip\" \/>\n<meta property=\"og:description\" content=\"Obstaja ve\u010d kot 3000 razli\u010dnih tulipanov. Rde\u010di tulipani pomenijo ljubezen, beli simbolizirajo odpu\u0161\u010danje in opravi\u010dilo, vijoli\u010dasti pa modro kri.\" \/>\n<meta property=\"og:url\" content=\"https:\/\/skrina.si\/en\/product\/tulipan-eng\/\" \/>\n<meta property=\"og:site_name\" content=\"Etnogalerija Skrina\" \/>\n<meta property=\"article:modified_time\" content=\"2024-09-19T16:49:51+00:00\" \/>\n<meta property=\"og:image\" content=\"https:\/\/skrina.si\/wp-content\/uploads\/2021\/07\/Rozne-vile-tulipan-roza-dekor-Slovenske-cvetlice-roze-Tradicija-s-posluhom-Etno-galerija-Skrina.jpg\" \/>\n\t<meta property=\"og:image:width\" content=\"1619\" \/>\n\t<meta property=\"og:image:height\" content=\"1213\" \/>\n\t<meta property=\"og:image:type\" content=\"image\/jpeg\" \/>\n<meta name=\"twitter:card\" content=\"summary_large_image\" \/>\n<meta name=\"twitter:label1\" content=\"Estimated reading time\" \/>\n\t<meta name=\"twitter:data1\" content=\"1 minute\" \/>\n<script type=\"application\/ld+json\" class=\"yoast-schema-graph\">{\"@context\":\"https:\/\/schema.org\",\"@graph\":[{\"@type\":\"WebPage\",\"@id\":\"https:\/\/skrina.si\/en\/product\/tulipan-eng\/\",\"url\":\"https:\/\/skrina.si\/en\/product\/tulipan-eng\/\",\"name\":\"[:en]Tulip[:sl]Tulip[:] - Etnogalerija Skrina\",\"isPartOf\":{\"@id\":\"https:\/\/skrina.si\/en\/#website\"},\"datePublished\":\"2024-02-15T08:31:10+00:00\",\"dateModified\":\"2024-09-19T16:49:51+00:00\",\"description\":\"Obstaja ve\u010d kot 3000 razli\u010dnih tulipanov. Rde\u010di tulipani pomenijo ljubezen, beli simbolizirajo odpu\u0161\u010danje in opravi\u010dilo, vijoli\u010dasti pa modro kri.\",\"breadcrumb\":{\"@id\":\"https:\/\/skrina.si\/en\/product\/tulipan-eng\/#breadcrumb\"},\"inLanguage\":\"en-GB\",\"potentialAction\":[{\"@type\":\"ReadAction\",\"target\":[\"https:\/\/skrina.si\/en\/product\/tulipan-eng\/\"]}]},{\"@type\":\"BreadcrumbList\",\"@id\":\"https:\/\/skrina.si\/en\/product\/tulipan-eng\/#breadcrumb\",\"itemListElement\":[{\"@type\":\"ListItem\",\"position\":1,\"name\":\"Home\",\"item\":\"https:\/\/skrina.si\/en\/\"},{\"@type\":\"ListItem\",\"position\":2,\"name\":\"Shop\",\"item\":\"https:\/\/skrina.si\/shop\/\"},{\"@type\":\"ListItem\",\"position\":3,\"name\":\"Tulip\"}]},{\"@type\":\"WebSite\",\"@id\":\"https:\/\/skrina.si\/en\/#website\",\"url\":\"https:\/\/skrina.si\/en\/\",\"name\":\"Etnogalerija Skrina\",\"description\":\"Tradicija s posluhom\",\"potentialAction\":[{\"@type\":\"SearchAction\",\"target\":{\"@type\":\"EntryPoint\",\"urlTemplate\":\"https:\/\/skrina.si\/en\/?s={search_term_string}\"},\"query-input\":\"required name=search_term_string\"}],\"inLanguage\":\"en-GB\"}]}<\/script>\n<!-- \/ Yoast SEO plugin. -->","yoast_head_json":{"title":"Tulip - Etnogalerija Skrina","description":"Obstaja ve\u010d kot 3000 razli\u010dnih tulipanov. Rde\u010di tulipani pomenijo ljubezen, beli simbolizirajo odpu\u0161\u010danje in opravi\u010dilo, vijoli\u010dasti pa modro kri.","robots":{"index":"index","follow":"follow","max-snippet":"max-snippet:-1","max-image-preview":"max-image-preview:large","max-video-preview":"max-video-preview:-1"},"canonical":"https:\/\/skrina.si\/en\/product\/tulipan-eng\/","og_locale":"en_GB","og_type":"article","og_title":"[:en]Tulip[:sl]Tulip[:] - Etnogalerija Skrina","og_description":"Obstaja ve\u010d kot 3000 razli\u010dnih tulipanov. Rde\u010di tulipani pomenijo ljubezen, beli simbolizirajo odpu\u0161\u010danje in opravi\u010dilo, vijoli\u010dasti pa modro kri.","og_url":"https:\/\/skrina.si\/en\/product\/tulipan-eng\/","og_site_name":"Etnogalerija Skrina","article_modified_time":"2024-09-19T16:49:51+00:00","og_image":[{"width":1619,"height":1213,"url":"https:\/\/skrina.si\/wp-content\/uploads\/2021\/07\/Rozne-vile-tulipan-roza-dekor-Slovenske-cvetlice-roze-Tradicija-s-posluhom-Etno-galerija-Skrina.jpg","type":"image\/jpeg"}],"twitter_card":"summary_large_image","twitter_misc":{"Estimated reading time":"1 minute"},"schema":{"@context":"https:\/\/schema.org","@graph":[{"@type":"WebPage","@id":"https:\/\/skrina.si\/en\/product\/tulipan-eng\/","url":"https:\/\/skrina.si\/en\/product\/tulipan-eng\/","name":"[:en]Tulip[:sl]Tulip[:] - Etnogalerija Skrina","isPartOf":{"@id":"https:\/\/skrina.si\/en\/#website"},"datePublished":"2024-02-15T08:31:10+00:00","dateModified":"2024-09-19T16:49:51+00:00","description":"Obstaja ve\u010d kot 3000 razli\u010dnih tulipanov. Rde\u010di tulipani pomenijo ljubezen, beli simbolizirajo odpu\u0161\u010danje in opravi\u010dilo, vijoli\u010dasti pa modro kri.","breadcrumb":{"@id":"https:\/\/skrina.si\/en\/product\/tulipan-eng\/#breadcrumb"},"inLanguage":"en-GB","potentialAction":[{"@type":"ReadAction","target":["https:\/\/skrina.si\/en\/product\/tulipan-eng\/"]}]},{"@type":"BreadcrumbList","@id":"https:\/\/skrina.si\/en\/product\/tulipan-eng\/#breadcrumb","itemListElement":[{"@type":"ListItem","position":1,"name":"Home","item":"https:\/\/skrina.si\/en\/"},{"@type":"ListItem","position":2,"name":"Shop","item":"https:\/\/skrina.si\/shop\/"},{"@type":"ListItem","position":3,"name":"Tulip"}]},{"@type":"WebSite","@id":"https:\/\/skrina.si\/en\/#website","url":"https:\/\/skrina.si\/en\/","name":"Etnogalerija Skrina","description":"Tradicija s posluhom","potentialAction":[{"@type":"SearchAction","target":{"@type":"EntryPoint","urlTemplate":"https:\/\/skrina.si\/en\/?s={search_term_string}"},"query-input":"required name=search_term_string"}],"inLanguage":"en-GB"}]}},"_links":{"self":[{"href":"https:\/\/skrina.si\/en\/wp-json\/wp\/v2\/product\/12803"}],"collection":[{"href":"https:\/\/skrina.si\/en\/wp-json\/wp\/v2\/product"}],"about":[{"href":"https:\/\/skrina.si\/en\/wp-json\/wp\/v2\/types\/product"}],"wp:featuredmedia":[{"embeddable":true,"href":"https:\/\/skrina.si\/en\/wp-json\/wp\/v2\/media\/8098"}],"wp:attachment":[{"href":"https:\/\/skrina.si\/en\/wp-json\/wp\/v2\/media?parent=12803"}],"wp:term":[{"taxonomy":"product_cat","embeddable":true,"href":"https:\/\/skrina.si\/en\/wp-json\/wp\/v2\/product_cat?post=12803"},{"taxonomy":"product_tag","embeddable":true,"href":"https:\/\/skrina.si\/en\/wp-json\/wp\/v2\/product_tag?post=12803"}],"curies":[{"name":"wp","href":"https:\/\/api.w.org\/{rel}","templated":true}]}}